{"id":1432364,"date":"2026-01-07T23:29:30","date_gmt":"2026-01-07T20:29:30","guid":{"rendered":"https:\/\/kruze.ee\/product\/gear-x-rcs-taaskasutatud-alumiiniumist-korgtasemeline-autolamp\/"},"modified":"2026-03-17T00:55:15","modified_gmt":"2026-03-16T21:55:15","slug":"gear-x-rcs-taaskasutatud-alumiiniumist-korgtasemeline-autolamp","status":"publish","type":"product","link":"https:\/\/kruze.ee\/et\/toode\/gear-x-rcs-taaskasutatud-alumiiniumist-korgtasemeline-autolamp\/","title":{"rendered":"Gear X RCS taaskasutatud alumiiniumist k\u00f5rgtasemeline autolamp"},"content":{"rendered":"<p>Raskeveokite klassi autoohutuse t\u00f6\u00f6riist, valmistatud RCS-sertifitseeritud taaskasutatud alumiiniumist ja ABS-plastist, mille taaskasutatud materjali osakaal on 59% kogu toote kaalust. RCS-sertifikaat tagab taaskasutatud materjalide t\u00e4ielikult sertifitseeritud ja j\u00e4lgitava tarneahela. T\u00f6\u00f6riist kasutab laetavat A-klassi 2000 mAh liitiumakut, mist\u00f5ttu ei ole vaja patareisid vahetada; laadimine toimub mugavalt USB-pesa kaudu. V\u00f5imas 500-luumenine taskulamp loob valgusvihu kuni 100 meetrini ning pakub 4 valgusre\u017eiimi: 100%, 50%, 30% ja vilkuv. Lisaks on olemas punane h\u00e4daolukorra LED, millel on 3 re\u017eiimi: kiire vilkumine, aeglane vilkumine ja SOS. T\u00f6\u00f6riistal on integreeritud turvav\u00f6\u00f6 l\u00f5ikur ja aknapurusti, samuti magnet kinnitamiseks metallpindadele. T\u00f6\u00f6aeg \u00fche laadimisega on kuni 2 tundi. Toode on IPX4 veekindel, sobides kasutamiseks ka halbades ilmastikutingimustes.<\/p>\n","protected":false},"excerpt":{"rendered":"<p>Raskeveokite klassi autoohutuse t\u00f6\u00f6riist, valmistatud RCS-sertifitseeritud taaskasutatud alumiiniumist ja ABS-plastist, mille taaskasutatud materjali osakaal&#8230;<\/p>\n","protected":false},"featured_media":0,"template":"","meta":[],"product_brand":[],"product_cat":[5449],"product_tag":[],"class_list":{"0":"post-1432364","1":"product","2":"type-product","3":"status-publish","5":"product_cat-taskulambid","6":"pa_gender-uniseks","7":"pa_gender-unisex","11":"first","12":"instock","13":"purchasable","14":"product-type-simple"},"acf":[],"yoast_head":"<!-- This site is optimized with the Yoast SEO plugin v26.0 - https:\/\/yoast.com\/wordpress\/plugins\/seo\/ -->\n<title>Gear X RCS taaskasutatud alumiiniumist k\u00f5rgtasemeline autolamp - Kruze.ee<\/title>\n<meta name=\"robots\" content=\"index, follow, max-snippet:-1, max-image-preview:large, max-video-preview:-1\" \/>\n<link rel=\"canonical\" href=\"https:\/\/kruze.ee\/et\/toode\/gear-x-rcs-taaskasutatud-alumiiniumist-korgtasemeline-autolamp\/\" \/>\n<meta property=\"og:locale\" content=\"et_EE\" \/>\n<meta property=\"og:type\" content=\"article\" \/>\n<meta property=\"og:title\" content=\"Gear X RCS taaskasutatud alumiiniumist k\u00f5rgtasemeline autolamp - Kruze.ee\" \/>\n<meta property=\"og:description\" content=\"Raskeveokite klassi autoohutuse t\u00f6\u00f6riist, valmistatud RCS-sertifitseeritud taaskasutatud alumiiniumist ja ABS-plastist, mille taaskasutatud materjali osakaal...\" \/>\n<meta property=\"og:url\" content=\"https:\/\/kruze.ee\/et\/toode\/gear-x-rcs-taaskasutatud-alumiiniumist-korgtasemeline-autolamp\/\" \/>\n<meta property=\"og:site_name\" content=\"Kruze.ee\" \/>\n<meta property=\"article:modified_time\" content=\"2026-03-16T21:55:15+00:00\" \/>\n<meta name=\"twitter:card\" content=\"summary_large_image\" \/>\n<meta name=\"twitter:label1\" content=\"Est. reading time\" \/>\n\t<meta name=\"twitter:data1\" content=\"1 minut\" \/>\n<script type=\"application\/ld+json\" class=\"yoast-schema-graph\">{\"@context\":\"https:\/\/schema.org\",\"@graph\":[{\"@type\":\"WebPage\",\"@id\":\"https:\/\/kruze.ee\/et\/toode\/gear-x-rcs-taaskasutatud-alumiiniumist-korgtasemeline-autolamp\/\",\"url\":\"https:\/\/kruze.ee\/et\/toode\/gear-x-rcs-taaskasutatud-alumiiniumist-korgtasemeline-autolamp\/\",\"name\":\"Gear X RCS taaskasutatud alumiiniumist k\u00f5rgtasemeline autolamp - Kruze.ee\",\"isPartOf\":{\"@id\":\"https:\/\/kruze.ee\/et\/#website\"},\"datePublished\":\"2026-01-07T20:29:30+00:00\",\"dateModified\":\"2026-03-16T21:55:15+00:00\",\"breadcrumb\":{\"@id\":\"https:\/\/kruze.ee\/et\/toode\/gear-x-rcs-taaskasutatud-alumiiniumist-korgtasemeline-autolamp\/#breadcrumb\"},\"inLanguage\":\"et\",\"potentialAction\":[{\"@type\":\"ReadAction\",\"target\":[\"https:\/\/kruze.ee\/et\/toode\/gear-x-rcs-taaskasutatud-alumiiniumist-korgtasemeline-autolamp\/\"]}]},{\"@type\":\"BreadcrumbList\",\"@id\":\"https:\/\/kruze.ee\/et\/toode\/gear-x-rcs-taaskasutatud-alumiiniumist-korgtasemeline-autolamp\/#breadcrumb\",\"itemListElement\":[{\"@type\":\"ListItem\",\"position\":1,\"name\":\"Home\",\"item\":\"https:\/\/kruze.ee\/et\/\"},{\"@type\":\"ListItem\",\"position\":2,\"name\":\"Tooted\",\"item\":\"https:\/\/kruze.ee\/et\/tooted\/\"},{\"@type\":\"ListItem\",\"position\":3,\"name\":\"Gear X RCS taaskasutatud alumiiniumist k\u00f5rgtasemeline autolamp\"}]},{\"@type\":\"WebSite\",\"@id\":\"https:\/\/kruze.ee\/et\/#website\",\"url\":\"https:\/\/kruze.ee\/et\/\",\"name\":\"Kruze.ee\",\"description\":\"Reklaamkingitused, tr&uuml;kiga T-s&auml;rgid, fliisid, dressipluused, tekstiil, joped ja paljud teised logoga meened, &Auml;rikingitused sinu partnerile! Telli juba t&auml;na.\",\"potentialAction\":[{\"@type\":\"SearchAction\",\"target\":{\"@type\":\"EntryPoint\",\"urlTemplate\":\"https:\/\/kruze.ee\/et\/?s={search_term_string}\"},\"query-input\":{\"@type\":\"PropertyValueSpecification\",\"valueRequired\":true,\"valueName\":\"search_term_string\"}}],\"inLanguage\":\"et\"}]}<\/script>\n<!-- \/ Yoast SEO plugin. -->","yoast_head_json":{"title":"Gear X RCS taaskasutatud alumiiniumist k\u00f5rgtasemeline autolamp - Kruze.ee","robots":{"index":"index","follow":"follow","max-snippet":"max-snippet:-1","max-image-preview":"max-image-preview:large","max-video-preview":"max-video-preview:-1"},"canonical":"https:\/\/kruze.ee\/et\/toode\/gear-x-rcs-taaskasutatud-alumiiniumist-korgtasemeline-autolamp\/","og_locale":"et_EE","og_type":"article","og_title":"Gear X RCS taaskasutatud alumiiniumist k\u00f5rgtasemeline autolamp - Kruze.ee","og_description":"Raskeveokite klassi autoohutuse t\u00f6\u00f6riist, valmistatud RCS-sertifitseeritud taaskasutatud alumiiniumist ja ABS-plastist, mille taaskasutatud materjali osakaal...","og_url":"https:\/\/kruze.ee\/et\/toode\/gear-x-rcs-taaskasutatud-alumiiniumist-korgtasemeline-autolamp\/","og_site_name":"Kruze.ee","article_modified_time":"2026-03-16T21:55:15+00:00","twitter_card":"summary_large_image","twitter_misc":{"Est. reading time":"1 minut"},"schema":{"@context":"https:\/\/schema.org","@graph":[{"@type":"WebPage","@id":"https:\/\/kruze.ee\/et\/toode\/gear-x-rcs-taaskasutatud-alumiiniumist-korgtasemeline-autolamp\/","url":"https:\/\/kruze.ee\/et\/toode\/gear-x-rcs-taaskasutatud-alumiiniumist-korgtasemeline-autolamp\/","name":"Gear X RCS taaskasutatud alumiiniumist k\u00f5rgtasemeline autolamp - Kruze.ee","isPartOf":{"@id":"https:\/\/kruze.ee\/et\/#website"},"datePublished":"2026-01-07T20:29:30+00:00","dateModified":"2026-03-16T21:55:15+00:00","breadcrumb":{"@id":"https:\/\/kruze.ee\/et\/toode\/gear-x-rcs-taaskasutatud-alumiiniumist-korgtasemeline-autolamp\/#breadcrumb"},"inLanguage":"et","potentialAction":[{"@type":"ReadAction","target":["https:\/\/kruze.ee\/et\/toode\/gear-x-rcs-taaskasutatud-alumiiniumist-korgtasemeline-autolamp\/"]}]},{"@type":"BreadcrumbList","@id":"https:\/\/kruze.ee\/et\/toode\/gear-x-rcs-taaskasutatud-alumiiniumist-korgtasemeline-autolamp\/#breadcrumb","itemListElement":[{"@type":"ListItem","position":1,"name":"Home","item":"https:\/\/kruze.ee\/et\/"},{"@type":"ListItem","position":2,"name":"Tooted","item":"https:\/\/kruze.ee\/et\/tooted\/"},{"@type":"ListItem","position":3,"name":"Gear X RCS taaskasutatud alumiiniumist k\u00f5rgtasemeline autolamp"}]},{"@type":"WebSite","@id":"https:\/\/kruze.ee\/et\/#website","url":"https:\/\/kruze.ee\/et\/","name":"Kruze.ee","description":"Reklaamkingitused, tr&uuml;kiga T-s&auml;rgid, fliisid, dressipluused, tekstiil, joped ja paljud teised logoga meened, &Auml;rikingitused sinu partnerile! Telli juba t&auml;na.","potentialAction":[{"@type":"SearchAction","target":{"@type":"EntryPoint","urlTemplate":"https:\/\/kruze.ee\/et\/?s={search_term_string}"},"query-input":{"@type":"PropertyValueSpecification","valueRequired":true,"valueName":"search_term_string"}}],"inLanguage":"et"}]}},"_links":{"self":[{"href":"https:\/\/kruze.ee\/et\/wp-json\/wp\/v2\/product\/1432364","targetHints":{"allow":["GET"]}}],"collection":[{"href":"https:\/\/kruze.ee\/et\/wp-json\/wp\/v2\/product"}],"about":[{"href":"https:\/\/kruze.ee\/et\/wp-json\/wp\/v2\/types\/product"}],"wp:attachment":[{"href":"https:\/\/kruze.ee\/et\/wp-json\/wp\/v2\/media?parent=1432364"}],"wp:term":[{"taxonomy":"product_brand","embeddable":true,"href":"https:\/\/kruze.ee\/et\/wp-json\/wp\/v2\/product_brand?post=1432364"},{"taxonomy":"product_cat","embeddable":true,"href":"https:\/\/kruze.ee\/et\/wp-json\/wp\/v2\/product_cat?post=1432364"},{"taxonomy":"product_tag","embeddable":true,"href":"https:\/\/kruze.ee\/et\/wp-json\/wp\/v2\/product_tag?post=1432364"}],"curies":[{"name":"wp","href":"https:\/\/api.w.org\/{rel}","templated":true}]}}