{"id":1432358,"date":"2026-01-07T22:18:38","date_gmt":"2026-01-07T19:18:38","guid":{"rendered":"https:\/\/kruze.ee\/product\/vino-rcs-certified-recycled-stainless-steel-wine-bucket\/"},"modified":"2026-03-17T01:07:53","modified_gmt":"2026-03-16T22:07:53","slug":"vino-rcs-certified-recycled-stainless-steel-wine-bucket","status":"publish","type":"product","link":"https:\/\/kruze.ee\/et\/toode\/vino-rcs-certified-recycled-stainless-steel-wine-bucket\/","title":{"rendered":"Vino RCS sertifitseeritud taaskasutatud roostevabast terasest veinijahuti"},"content":{"rendered":"<p>V\u00f5\u00f5rusta stiilselt Vino taaskasutatud roostevabast terasest veinijahutiga. See pilkup\u00fc\u00fcdev aksessuaar sobib ideaalselt laua keskpunktiks, kui pakud k\u00fclalistele jooke ja naudid head vestlust, hoides veini elegantselt jahedana. Valmistatud RCS-sertifitseeritud taaskasutatud roostevabast terasest. Taaskasutatud materjali osakaal on 91% toote kogukaalu p\u00f5hjal. Pakendatud FSC\u00ae-sertifitseeritud kraftpakendisse.<\/p>\n","protected":false},"excerpt":{"rendered":"<p>V\u00f5\u00f5rusta stiilselt Vino taaskasutatud roostevabast terasest veinijahutiga. See pilkup\u00fc\u00fcdev aksessuaar sobib ideaalselt laua keskpunktiks, kui pakud k\u00fclalistele&#8230;<\/p>\n","protected":false},"featured_media":0,"template":"","meta":[],"product_brand":[],"product_cat":[5437],"product_tag":[],"class_list":{"0":"post-1432358","1":"product","2":"type-product","3":"status-publish","5":"product_cat-veinitarbed","6":"pa_brand-xd-collection","7":"pa_color-hobe","8":"pa_color-black-2","9":"pa_gender-uniseks","10":"pa_gender-unisex","13":"pa_material-recycled-stainless-steel","15":"first","16":"instock","17":"taxable","18":"shipping-taxable","19":"purchasable","20":"product-type-variable"},"acf":[],"yoast_head":"<!-- This site is optimized with the Yoast SEO plugin v26.0 - https:\/\/yoast.com\/wordpress\/plugins\/seo\/ -->\n<title>Vino RCS sertifitseeritud taaskasutatud roostevabast terasest veinijahuti - Kruze.ee<\/title>\n<meta name=\"robots\" content=\"index, follow, max-snippet:-1, max-image-preview:large, max-video-preview:-1\" \/>\n<link rel=\"canonical\" href=\"https:\/\/kruze.ee\/et\/toode\/vino-rcs-certified-recycled-stainless-steel-wine-bucket\/\" \/>\n<meta property=\"og:locale\" content=\"et_EE\" \/>\n<meta property=\"og:type\" content=\"article\" \/>\n<meta property=\"og:title\" content=\"Vino RCS sertifitseeritud taaskasutatud roostevabast terasest veinijahuti - Kruze.ee\" \/>\n<meta property=\"og:description\" content=\"V\u00f5\u00f5rusta stiilselt Vino taaskasutatud roostevabast terasest veinijahutiga. See pilkup\u00fc\u00fcdev aksessuaar sobib ideaalselt laua keskpunktiks, kui pakud k\u00fclalistele...\" \/>\n<meta property=\"og:url\" content=\"https:\/\/kruze.ee\/et\/toode\/vino-rcs-certified-recycled-stainless-steel-wine-bucket\/\" \/>\n<meta property=\"og:site_name\" content=\"Kruze.ee\" \/>\n<meta property=\"article:modified_time\" content=\"2026-03-16T22:07:53+00:00\" \/>\n<meta name=\"twitter:card\" content=\"summary_large_image\" \/>\n<script type=\"application\/ld+json\" class=\"yoast-schema-graph\">{\"@context\":\"https:\/\/schema.org\",\"@graph\":[{\"@type\":\"WebPage\",\"@id\":\"https:\/\/kruze.ee\/et\/toode\/vino-rcs-certified-recycled-stainless-steel-wine-bucket\/\",\"url\":\"https:\/\/kruze.ee\/et\/toode\/vino-rcs-certified-recycled-stainless-steel-wine-bucket\/\",\"name\":\"Vino RCS sertifitseeritud taaskasutatud roostevabast terasest veinijahuti - Kruze.ee\",\"isPartOf\":{\"@id\":\"https:\/\/kruze.ee\/et\/#website\"},\"datePublished\":\"2026-01-07T19:18:38+00:00\",\"dateModified\":\"2026-03-16T22:07:53+00:00\",\"breadcrumb\":{\"@id\":\"https:\/\/kruze.ee\/et\/toode\/vino-rcs-certified-recycled-stainless-steel-wine-bucket\/#breadcrumb\"},\"inLanguage\":\"et\",\"potentialAction\":[{\"@type\":\"ReadAction\",\"target\":[\"https:\/\/kruze.ee\/et\/toode\/vino-rcs-certified-recycled-stainless-steel-wine-bucket\/\"]}]},{\"@type\":\"BreadcrumbList\",\"@id\":\"https:\/\/kruze.ee\/et\/toode\/vino-rcs-certified-recycled-stainless-steel-wine-bucket\/#breadcrumb\",\"itemListElement\":[{\"@type\":\"ListItem\",\"position\":1,\"name\":\"Home\",\"item\":\"https:\/\/kruze.ee\/et\/\"},{\"@type\":\"ListItem\",\"position\":2,\"name\":\"Tooted\",\"item\":\"https:\/\/kruze.ee\/et\/tooted\/\"},{\"@type\":\"ListItem\",\"position\":3,\"name\":\"Vino RCS sertifitseeritud taaskasutatud roostevabast terasest veinijahuti\"}]},{\"@type\":\"WebSite\",\"@id\":\"https:\/\/kruze.ee\/et\/#website\",\"url\":\"https:\/\/kruze.ee\/et\/\",\"name\":\"Kruze.ee\",\"description\":\"Reklaamkingitused, tr&uuml;kiga T-s&auml;rgid, fliisid, dressipluused, tekstiil, joped ja paljud teised logoga meened, &Auml;rikingitused sinu partnerile! Telli juba t&auml;na.\",\"potentialAction\":[{\"@type\":\"SearchAction\",\"target\":{\"@type\":\"EntryPoint\",\"urlTemplate\":\"https:\/\/kruze.ee\/et\/?s={search_term_string}\"},\"query-input\":{\"@type\":\"PropertyValueSpecification\",\"valueRequired\":true,\"valueName\":\"search_term_string\"}}],\"inLanguage\":\"et\"}]}<\/script>\n<!-- \/ Yoast SEO plugin. -->","yoast_head_json":{"title":"Vino RCS sertifitseeritud taaskasutatud roostevabast terasest veinijahuti - Kruze.ee","robots":{"index":"index","follow":"follow","max-snippet":"max-snippet:-1","max-image-preview":"max-image-preview:large","max-video-preview":"max-video-preview:-1"},"canonical":"https:\/\/kruze.ee\/et\/toode\/vino-rcs-certified-recycled-stainless-steel-wine-bucket\/","og_locale":"et_EE","og_type":"article","og_title":"Vino RCS sertifitseeritud taaskasutatud roostevabast terasest veinijahuti - Kruze.ee","og_description":"V\u00f5\u00f5rusta stiilselt Vino taaskasutatud roostevabast terasest veinijahutiga. See pilkup\u00fc\u00fcdev aksessuaar sobib ideaalselt laua keskpunktiks, kui pakud k\u00fclalistele...","og_url":"https:\/\/kruze.ee\/et\/toode\/vino-rcs-certified-recycled-stainless-steel-wine-bucket\/","og_site_name":"Kruze.ee","article_modified_time":"2026-03-16T22:07:53+00:00","twitter_card":"summary_large_image","schema":{"@context":"https:\/\/schema.org","@graph":[{"@type":"WebPage","@id":"https:\/\/kruze.ee\/et\/toode\/vino-rcs-certified-recycled-stainless-steel-wine-bucket\/","url":"https:\/\/kruze.ee\/et\/toode\/vino-rcs-certified-recycled-stainless-steel-wine-bucket\/","name":"Vino RCS sertifitseeritud taaskasutatud roostevabast terasest veinijahuti - Kruze.ee","isPartOf":{"@id":"https:\/\/kruze.ee\/et\/#website"},"datePublished":"2026-01-07T19:18:38+00:00","dateModified":"2026-03-16T22:07:53+00:00","breadcrumb":{"@id":"https:\/\/kruze.ee\/et\/toode\/vino-rcs-certified-recycled-stainless-steel-wine-bucket\/#breadcrumb"},"inLanguage":"et","potentialAction":[{"@type":"ReadAction","target":["https:\/\/kruze.ee\/et\/toode\/vino-rcs-certified-recycled-stainless-steel-wine-bucket\/"]}]},{"@type":"BreadcrumbList","@id":"https:\/\/kruze.ee\/et\/toode\/vino-rcs-certified-recycled-stainless-steel-wine-bucket\/#breadcrumb","itemListElement":[{"@type":"ListItem","position":1,"name":"Home","item":"https:\/\/kruze.ee\/et\/"},{"@type":"ListItem","position":2,"name":"Tooted","item":"https:\/\/kruze.ee\/et\/tooted\/"},{"@type":"ListItem","position":3,"name":"Vino RCS sertifitseeritud taaskasutatud roostevabast terasest veinijahuti"}]},{"@type":"WebSite","@id":"https:\/\/kruze.ee\/et\/#website","url":"https:\/\/kruze.ee\/et\/","name":"Kruze.ee","description":"Reklaamkingitused, tr&uuml;kiga T-s&auml;rgid, fliisid, dressipluused, tekstiil, joped ja paljud teised logoga meened, &Auml;rikingitused sinu partnerile! Telli juba t&auml;na.","potentialAction":[{"@type":"SearchAction","target":{"@type":"EntryPoint","urlTemplate":"https:\/\/kruze.ee\/et\/?s={search_term_string}"},"query-input":{"@type":"PropertyValueSpecification","valueRequired":true,"valueName":"search_term_string"}}],"inLanguage":"et"}]}},"_links":{"self":[{"href":"https:\/\/kruze.ee\/et\/wp-json\/wp\/v2\/product\/1432358","targetHints":{"allow":["GET"]}}],"collection":[{"href":"https:\/\/kruze.ee\/et\/wp-json\/wp\/v2\/product"}],"about":[{"href":"https:\/\/kruze.ee\/et\/wp-json\/wp\/v2\/types\/product"}],"wp:attachment":[{"href":"https:\/\/kruze.ee\/et\/wp-json\/wp\/v2\/media?parent=1432358"}],"wp:term":[{"taxonomy":"product_brand","embeddable":true,"href":"https:\/\/kruze.ee\/et\/wp-json\/wp\/v2\/product_brand?post=1432358"},{"taxonomy":"product_cat","embeddable":true,"href":"https:\/\/kruze.ee\/et\/wp-json\/wp\/v2\/product_cat?post=1432358"},{"taxonomy":"product_tag","embeddable":true,"href":"https:\/\/kruze.ee\/et\/wp-json\/wp\/v2\/product_tag?post=1432358"}],"curies":[{"name":"wp","href":"https:\/\/api.w.org\/{rel}","templated":true}]}}