{"id":1432352,"date":"2026-01-07T22:18:31","date_gmt":"2026-01-07T19:18:31","guid":{"rendered":"https:\/\/kruze.ee\/product\/vino-aware-rpet-wine-cooler-sleeve\/"},"modified":"2026-03-17T01:07:51","modified_gmt":"2026-03-16T22:07:51","slug":"vino-aware-rpet-wine-cooler-sleeve","status":"publish","type":"product","link":"https:\/\/kruze.ee\/et\/toode\/vino-aware-rpet-wine-cooler-sleeve\/","title":{"rendered":"Vino AWARE\u2122 RPET veini jahuti"},"content":{"rendered":"<p>Klassikaline Vino AWARE\u2122 RPET veinijahutush\u00fclss hoiab standardm\u00f5\u00f5dus veinipudelid tundideks ideaalselt jahedana. Aseta h\u00fclss enne kasutamist v\u00e4hemalt 4 tunniks s\u00fcgavk\u00fclma ning naudi alati perfektselt jahutatud veini. Valmistatud taaskasutatud pol\u00fcestrist, millesse on integreeritud AWARE\u2122 j\u00e4lgimistehnoloogia, mis kinnitab taaskasutatud materjalide ehtsat kasutust. Pakendatud FSC\u00ae-sertifitseeritud kraftpakendisse. 2% iga m\u00fc\u00fcdud Impact toote tulust annetatakse organisatsioonile Water.org.<\/p>\n","protected":false},"excerpt":{"rendered":"<p>Klassikaline Vino AWARE\u2122 RPET veinijahutush\u00fclss hoiab standardm\u00f5\u00f5dus veinipudelid tundideks ideaalselt jahedana. Aseta h\u00fclss enne kasutamist v\u00e4hemalt 4 tunniks&#8230;<\/p>\n","protected":false},"featured_media":0,"template":"","meta":[],"product_brand":[],"product_cat":[5437],"product_tag":[],"class_list":{"0":"post-1432352","1":"product","2":"type-product","3":"status-publish","5":"product_cat-veinitarbed","6":"pa_brand-xd-collection","7":"pa_color-hall","8":"pa_color-black-2","9":"pa_color-blue-2","10":"pa_gender-uniseks","11":"pa_gender-unisex","14":"pa_material-rpet","16":"first","17":"instock","18":"taxable","19":"shipping-taxable","20":"purchasable","21":"product-type-variable"},"acf":[],"yoast_head":"<!-- This site is optimized with the Yoast SEO plugin v26.0 - https:\/\/yoast.com\/wordpress\/plugins\/seo\/ -->\n<title>Vino AWARE\u2122 RPET veini jahuti - Kruze.ee<\/title>\n<meta name=\"robots\" content=\"index, follow, max-snippet:-1, max-image-preview:large, max-video-preview:-1\" \/>\n<link rel=\"canonical\" href=\"https:\/\/kruze.ee\/et\/toode\/vino-aware-rpet-wine-cooler-sleeve\/\" \/>\n<meta property=\"og:locale\" content=\"et_EE\" \/>\n<meta property=\"og:type\" content=\"article\" \/>\n<meta property=\"og:title\" content=\"Vino AWARE\u2122 RPET veini jahuti - Kruze.ee\" \/>\n<meta property=\"og:description\" content=\"Klassikaline Vino AWARE\u2122 RPET veinijahutush\u00fclss hoiab standardm\u00f5\u00f5dus veinipudelid tundideks ideaalselt jahedana. Aseta h\u00fclss enne kasutamist v\u00e4hemalt 4 tunniks...\" \/>\n<meta property=\"og:url\" content=\"https:\/\/kruze.ee\/et\/toode\/vino-aware-rpet-wine-cooler-sleeve\/\" \/>\n<meta property=\"og:site_name\" content=\"Kruze.ee\" \/>\n<meta property=\"article:modified_time\" content=\"2026-03-16T22:07:51+00:00\" \/>\n<meta name=\"twitter:card\" content=\"summary_large_image\" \/>\n<script type=\"application\/ld+json\" class=\"yoast-schema-graph\">{\"@context\":\"https:\/\/schema.org\",\"@graph\":[{\"@type\":\"WebPage\",\"@id\":\"https:\/\/kruze.ee\/et\/toode\/vino-aware-rpet-wine-cooler-sleeve\/\",\"url\":\"https:\/\/kruze.ee\/et\/toode\/vino-aware-rpet-wine-cooler-sleeve\/\",\"name\":\"Vino AWARE\u2122 RPET veini jahuti - Kruze.ee\",\"isPartOf\":{\"@id\":\"https:\/\/kruze.ee\/et\/#website\"},\"datePublished\":\"2026-01-07T19:18:31+00:00\",\"dateModified\":\"2026-03-16T22:07:51+00:00\",\"breadcrumb\":{\"@id\":\"https:\/\/kruze.ee\/et\/toode\/vino-aware-rpet-wine-cooler-sleeve\/#breadcrumb\"},\"inLanguage\":\"et\",\"potentialAction\":[{\"@type\":\"ReadAction\",\"target\":[\"https:\/\/kruze.ee\/et\/toode\/vino-aware-rpet-wine-cooler-sleeve\/\"]}]},{\"@type\":\"BreadcrumbList\",\"@id\":\"https:\/\/kruze.ee\/et\/toode\/vino-aware-rpet-wine-cooler-sleeve\/#breadcrumb\",\"itemListElement\":[{\"@type\":\"ListItem\",\"position\":1,\"name\":\"Home\",\"item\":\"https:\/\/kruze.ee\/et\/\"},{\"@type\":\"ListItem\",\"position\":2,\"name\":\"Tooted\",\"item\":\"https:\/\/kruze.ee\/et\/tooted\/\"},{\"@type\":\"ListItem\",\"position\":3,\"name\":\"Vino AWARE\u2122 RPET veini jahuti\"}]},{\"@type\":\"WebSite\",\"@id\":\"https:\/\/kruze.ee\/et\/#website\",\"url\":\"https:\/\/kruze.ee\/et\/\",\"name\":\"Kruze.ee\",\"description\":\"Reklaamkingitused, tr&uuml;kiga T-s&auml;rgid, fliisid, dressipluused, tekstiil, joped ja paljud teised logoga meened, &Auml;rikingitused sinu partnerile! Telli juba t&auml;na.\",\"potentialAction\":[{\"@type\":\"SearchAction\",\"target\":{\"@type\":\"EntryPoint\",\"urlTemplate\":\"https:\/\/kruze.ee\/et\/?s={search_term_string}\"},\"query-input\":{\"@type\":\"PropertyValueSpecification\",\"valueRequired\":true,\"valueName\":\"search_term_string\"}}],\"inLanguage\":\"et\"}]}<\/script>\n<!-- \/ Yoast SEO plugin. -->","yoast_head_json":{"title":"Vino AWARE\u2122 RPET veini jahuti - Kruze.ee","robots":{"index":"index","follow":"follow","max-snippet":"max-snippet:-1","max-image-preview":"max-image-preview:large","max-video-preview":"max-video-preview:-1"},"canonical":"https:\/\/kruze.ee\/et\/toode\/vino-aware-rpet-wine-cooler-sleeve\/","og_locale":"et_EE","og_type":"article","og_title":"Vino AWARE\u2122 RPET veini jahuti - Kruze.ee","og_description":"Klassikaline Vino AWARE\u2122 RPET veinijahutush\u00fclss hoiab standardm\u00f5\u00f5dus veinipudelid tundideks ideaalselt jahedana. Aseta h\u00fclss enne kasutamist v\u00e4hemalt 4 tunniks...","og_url":"https:\/\/kruze.ee\/et\/toode\/vino-aware-rpet-wine-cooler-sleeve\/","og_site_name":"Kruze.ee","article_modified_time":"2026-03-16T22:07:51+00:00","twitter_card":"summary_large_image","schema":{"@context":"https:\/\/schema.org","@graph":[{"@type":"WebPage","@id":"https:\/\/kruze.ee\/et\/toode\/vino-aware-rpet-wine-cooler-sleeve\/","url":"https:\/\/kruze.ee\/et\/toode\/vino-aware-rpet-wine-cooler-sleeve\/","name":"Vino AWARE\u2122 RPET veini jahuti - Kruze.ee","isPartOf":{"@id":"https:\/\/kruze.ee\/et\/#website"},"datePublished":"2026-01-07T19:18:31+00:00","dateModified":"2026-03-16T22:07:51+00:00","breadcrumb":{"@id":"https:\/\/kruze.ee\/et\/toode\/vino-aware-rpet-wine-cooler-sleeve\/#breadcrumb"},"inLanguage":"et","potentialAction":[{"@type":"ReadAction","target":["https:\/\/kruze.ee\/et\/toode\/vino-aware-rpet-wine-cooler-sleeve\/"]}]},{"@type":"BreadcrumbList","@id":"https:\/\/kruze.ee\/et\/toode\/vino-aware-rpet-wine-cooler-sleeve\/#breadcrumb","itemListElement":[{"@type":"ListItem","position":1,"name":"Home","item":"https:\/\/kruze.ee\/et\/"},{"@type":"ListItem","position":2,"name":"Tooted","item":"https:\/\/kruze.ee\/et\/tooted\/"},{"@type":"ListItem","position":3,"name":"Vino AWARE\u2122 RPET veini jahuti"}]},{"@type":"WebSite","@id":"https:\/\/kruze.ee\/et\/#website","url":"https:\/\/kruze.ee\/et\/","name":"Kruze.ee","description":"Reklaamkingitused, tr&uuml;kiga T-s&auml;rgid, fliisid, dressipluused, tekstiil, joped ja paljud teised logoga meened, &Auml;rikingitused sinu partnerile! Telli juba t&auml;na.","potentialAction":[{"@type":"SearchAction","target":{"@type":"EntryPoint","urlTemplate":"https:\/\/kruze.ee\/et\/?s={search_term_string}"},"query-input":{"@type":"PropertyValueSpecification","valueRequired":true,"valueName":"search_term_string"}}],"inLanguage":"et"}]}},"_links":{"self":[{"href":"https:\/\/kruze.ee\/et\/wp-json\/wp\/v2\/product\/1432352","targetHints":{"allow":["GET"]}}],"collection":[{"href":"https:\/\/kruze.ee\/et\/wp-json\/wp\/v2\/product"}],"about":[{"href":"https:\/\/kruze.ee\/et\/wp-json\/wp\/v2\/types\/product"}],"wp:attachment":[{"href":"https:\/\/kruze.ee\/et\/wp-json\/wp\/v2\/media?parent=1432352"}],"wp:term":[{"taxonomy":"product_brand","embeddable":true,"href":"https:\/\/kruze.ee\/et\/wp-json\/wp\/v2\/product_brand?post=1432352"},{"taxonomy":"product_cat","embeddable":true,"href":"https:\/\/kruze.ee\/et\/wp-json\/wp\/v2\/product_cat?post=1432352"},{"taxonomy":"product_tag","embeddable":true,"href":"https:\/\/kruze.ee\/et\/wp-json\/wp\/v2\/product_tag?post=1432352"}],"curies":[{"name":"wp","href":"https:\/\/api.w.org\/{rel}","templated":true}]}}