{"id":1432350,"date":"2026-01-07T22:18:23","date_gmt":"2026-01-07T19:18:23","guid":{"rendered":"https:\/\/kruze.ee\/product\/eon-2-astmeline-korgitser\/"},"modified":"2026-03-17T01:07:50","modified_gmt":"2026-03-16T22:07:50","slug":"eon-2-astmeline-korgitser","status":"publish","type":"product","link":"https:\/\/kruze.ee\/et\/toode\/eon-2-astmeline-korgitser\/","title":{"rendered":"Eon 2-astmeline korgitser"},"content":{"rendered":"<p>Eon on t\u00f6\u00f6riist igale baarmenile. See on stiilne, kompaktne ja lihtsasti kasutatav 2-astmeline korgitser. Integreeritud fooliumil\u00f5ikur aitab eemaldada kapsli ning hoovamehhanismi abil avad pudeli vaid kolme lihtsa liigutusega: alla, \u00fcles ja \u00fcles. Naudi oma veini. Registreeritud disain\u00ae.<\/p>\n","protected":false},"excerpt":{"rendered":"<p>Eon on t\u00f6\u00f6riist igale baarmenile. See on stiilne, kompaktne ja lihtsasti kasutatav 2-astmeline korgitser. Integreeritud fooliumil\u00f5ikur aitab eemaldada kapsli&#8230;<\/p>\n","protected":false},"featured_media":0,"template":"","meta":[],"product_brand":[],"product_cat":[5437],"product_tag":[],"class_list":{"0":"post-1432350","1":"product","2":"type-product","3":"status-publish","5":"product_cat-veinitarbed","6":"pa_gender-uniseks","9":"first","10":"instock","11":"purchasable","12":"product-type-simple"},"acf":[],"yoast_head":"<!-- This site is optimized with the Yoast SEO plugin v26.0 - https:\/\/yoast.com\/wordpress\/plugins\/seo\/ -->\n<title>Eon 2-astmeline korgitser - Kruze.ee<\/title>\n<meta name=\"robots\" content=\"index, follow, max-snippet:-1, max-image-preview:large, max-video-preview:-1\" \/>\n<link rel=\"canonical\" href=\"https:\/\/kruze.ee\/et\/toode\/eon-2-astmeline-korgitser\/\" \/>\n<meta property=\"og:locale\" content=\"et_EE\" \/>\n<meta property=\"og:type\" content=\"article\" \/>\n<meta property=\"og:title\" content=\"Eon 2-astmeline korgitser - Kruze.ee\" \/>\n<meta property=\"og:description\" content=\"Eon on t\u00f6\u00f6riist igale baarmenile. See on stiilne, kompaktne ja lihtsasti kasutatav 2-astmeline korgitser. Integreeritud fooliumil\u00f5ikur aitab eemaldada kapsli...\" \/>\n<meta property=\"og:url\" content=\"https:\/\/kruze.ee\/et\/toode\/eon-2-astmeline-korgitser\/\" \/>\n<meta property=\"og:site_name\" content=\"Kruze.ee\" \/>\n<meta property=\"article:modified_time\" content=\"2026-03-16T22:07:50+00:00\" \/>\n<meta name=\"twitter:card\" content=\"summary_large_image\" \/>\n<script type=\"application\/ld+json\" class=\"yoast-schema-graph\">{\"@context\":\"https:\/\/schema.org\",\"@graph\":[{\"@type\":\"WebPage\",\"@id\":\"https:\/\/kruze.ee\/et\/toode\/eon-2-astmeline-korgitser\/\",\"url\":\"https:\/\/kruze.ee\/et\/toode\/eon-2-astmeline-korgitser\/\",\"name\":\"Eon 2-astmeline korgitser - Kruze.ee\",\"isPartOf\":{\"@id\":\"https:\/\/kruze.ee\/et\/#website\"},\"datePublished\":\"2026-01-07T19:18:23+00:00\",\"dateModified\":\"2026-03-16T22:07:50+00:00\",\"breadcrumb\":{\"@id\":\"https:\/\/kruze.ee\/et\/toode\/eon-2-astmeline-korgitser\/#breadcrumb\"},\"inLanguage\":\"et\",\"potentialAction\":[{\"@type\":\"ReadAction\",\"target\":[\"https:\/\/kruze.ee\/et\/toode\/eon-2-astmeline-korgitser\/\"]}]},{\"@type\":\"BreadcrumbList\",\"@id\":\"https:\/\/kruze.ee\/et\/toode\/eon-2-astmeline-korgitser\/#breadcrumb\",\"itemListElement\":[{\"@type\":\"ListItem\",\"position\":1,\"name\":\"Home\",\"item\":\"https:\/\/kruze.ee\/et\/\"},{\"@type\":\"ListItem\",\"position\":2,\"name\":\"Tooted\",\"item\":\"https:\/\/kruze.ee\/et\/tooted\/\"},{\"@type\":\"ListItem\",\"position\":3,\"name\":\"Eon 2-astmeline korgitser\"}]},{\"@type\":\"WebSite\",\"@id\":\"https:\/\/kruze.ee\/et\/#website\",\"url\":\"https:\/\/kruze.ee\/et\/\",\"name\":\"Kruze.ee\",\"description\":\"Reklaamkingitused, tr&uuml;kiga T-s&auml;rgid, fliisid, dressipluused, tekstiil, joped ja paljud teised logoga meened, &Auml;rikingitused sinu partnerile! Telli juba t&auml;na.\",\"potentialAction\":[{\"@type\":\"SearchAction\",\"target\":{\"@type\":\"EntryPoint\",\"urlTemplate\":\"https:\/\/kruze.ee\/et\/?s={search_term_string}\"},\"query-input\":{\"@type\":\"PropertyValueSpecification\",\"valueRequired\":true,\"valueName\":\"search_term_string\"}}],\"inLanguage\":\"et\"}]}<\/script>\n<!-- \/ Yoast SEO plugin. -->","yoast_head_json":{"title":"Eon 2-astmeline korgitser - Kruze.ee","robots":{"index":"index","follow":"follow","max-snippet":"max-snippet:-1","max-image-preview":"max-image-preview:large","max-video-preview":"max-video-preview:-1"},"canonical":"https:\/\/kruze.ee\/et\/toode\/eon-2-astmeline-korgitser\/","og_locale":"et_EE","og_type":"article","og_title":"Eon 2-astmeline korgitser - Kruze.ee","og_description":"Eon on t\u00f6\u00f6riist igale baarmenile. See on stiilne, kompaktne ja lihtsasti kasutatav 2-astmeline korgitser. Integreeritud fooliumil\u00f5ikur aitab eemaldada kapsli...","og_url":"https:\/\/kruze.ee\/et\/toode\/eon-2-astmeline-korgitser\/","og_site_name":"Kruze.ee","article_modified_time":"2026-03-16T22:07:50+00:00","twitter_card":"summary_large_image","schema":{"@context":"https:\/\/schema.org","@graph":[{"@type":"WebPage","@id":"https:\/\/kruze.ee\/et\/toode\/eon-2-astmeline-korgitser\/","url":"https:\/\/kruze.ee\/et\/toode\/eon-2-astmeline-korgitser\/","name":"Eon 2-astmeline korgitser - Kruze.ee","isPartOf":{"@id":"https:\/\/kruze.ee\/et\/#website"},"datePublished":"2026-01-07T19:18:23+00:00","dateModified":"2026-03-16T22:07:50+00:00","breadcrumb":{"@id":"https:\/\/kruze.ee\/et\/toode\/eon-2-astmeline-korgitser\/#breadcrumb"},"inLanguage":"et","potentialAction":[{"@type":"ReadAction","target":["https:\/\/kruze.ee\/et\/toode\/eon-2-astmeline-korgitser\/"]}]},{"@type":"BreadcrumbList","@id":"https:\/\/kruze.ee\/et\/toode\/eon-2-astmeline-korgitser\/#breadcrumb","itemListElement":[{"@type":"ListItem","position":1,"name":"Home","item":"https:\/\/kruze.ee\/et\/"},{"@type":"ListItem","position":2,"name":"Tooted","item":"https:\/\/kruze.ee\/et\/tooted\/"},{"@type":"ListItem","position":3,"name":"Eon 2-astmeline korgitser"}]},{"@type":"WebSite","@id":"https:\/\/kruze.ee\/et\/#website","url":"https:\/\/kruze.ee\/et\/","name":"Kruze.ee","description":"Reklaamkingitused, tr&uuml;kiga T-s&auml;rgid, fliisid, dressipluused, tekstiil, joped ja paljud teised logoga meened, &Auml;rikingitused sinu partnerile! Telli juba t&auml;na.","potentialAction":[{"@type":"SearchAction","target":{"@type":"EntryPoint","urlTemplate":"https:\/\/kruze.ee\/et\/?s={search_term_string}"},"query-input":{"@type":"PropertyValueSpecification","valueRequired":true,"valueName":"search_term_string"}}],"inLanguage":"et"}]}},"_links":{"self":[{"href":"https:\/\/kruze.ee\/et\/wp-json\/wp\/v2\/product\/1432350","targetHints":{"allow":["GET"]}}],"collection":[{"href":"https:\/\/kruze.ee\/et\/wp-json\/wp\/v2\/product"}],"about":[{"href":"https:\/\/kruze.ee\/et\/wp-json\/wp\/v2\/types\/product"}],"wp:attachment":[{"href":"https:\/\/kruze.ee\/et\/wp-json\/wp\/v2\/media?parent=1432350"}],"wp:term":[{"taxonomy":"product_brand","embeddable":true,"href":"https:\/\/kruze.ee\/et\/wp-json\/wp\/v2\/product_brand?post=1432350"},{"taxonomy":"product_cat","embeddable":true,"href":"https:\/\/kruze.ee\/et\/wp-json\/wp\/v2\/product_cat?post=1432350"},{"taxonomy":"product_tag","embeddable":true,"href":"https:\/\/kruze.ee\/et\/wp-json\/wp\/v2\/product_tag?post=1432350"}],"curies":[{"name":"wp","href":"https:\/\/api.w.org\/{rel}","templated":true}]}}