{"id":1432340,"date":"2026-01-07T22:18:03","date_gmt":"2026-01-07T19:18:03","guid":{"rendered":"https:\/\/kruze.ee\/product\/vino-veinijahutuspulk\/"},"modified":"2026-03-17T01:07:47","modified_gmt":"2026-03-16T22:07:47","slug":"vino-veinijahutuspulk","status":"publish","type":"product","link":"https:\/\/kruze.ee\/et\/toode\/vino-veinijahutuspulk\/","title":{"rendered":"Vino veinijahutuspulk"},"content":{"rendered":"<p>This wine chiller stick keeps your pre-cooled wine at optimum drinking temperature. You and your guests will enjoy wine at the ideal temperature, never drink warm See veinijahuti pulk hoiab eelnevalt jahutatud veini ideaalsel serveerimistemperatuuril. Sina ja su k\u00fclalised saate nautida veini alati \u00f5igel temperatuuril \u2013 enam ei pea kunagi sooja veini jooma. Jahuti jahutab veini seestpoolt, samal ajal kui tilgavaba valaja koos sisseehitatud aeraatoriga tagab \u00fchtlase voolu ilma tilkumiseta ning laseb veinil t\u00e4iuslikult hingata. Lai funktsionaalsus ja elegantne disain teevad sellest veinitarviku, mis on iga veinis\u00f5bra jaoks asendamatu. Pakendatud luksuslikku kinkekarpi.<\/p>\n","protected":false},"excerpt":{"rendered":"<p>This wine chiller stick keeps your pre-cooled wine at optimum drinking temperature. You and your guests will enjoy wine at the ideal temperature, never drink&#8230;<\/p>\n","protected":false},"featured_media":0,"template":"","meta":[],"product_brand":[],"product_cat":[5437],"product_tag":[],"class_list":{"0":"post-1432340","1":"product","2":"type-product","3":"status-publish","5":"product_cat-veinitarbed","6":"pa_gender-uniseks","9":"first","10":"instock","11":"purchasable","12":"product-type-simple"},"acf":[],"yoast_head":"<!-- This site is optimized with the Yoast SEO plugin v26.0 - https:\/\/yoast.com\/wordpress\/plugins\/seo\/ -->\n<title>Vino veinijahutuspulk - Kruze.ee<\/title>\n<meta name=\"robots\" content=\"index, follow, max-snippet:-1, max-image-preview:large, max-video-preview:-1\" \/>\n<link rel=\"canonical\" href=\"https:\/\/kruze.ee\/et\/toode\/vino-veinijahutuspulk\/\" \/>\n<meta property=\"og:locale\" content=\"et_EE\" \/>\n<meta property=\"og:type\" content=\"article\" \/>\n<meta property=\"og:title\" content=\"Vino veinijahutuspulk - Kruze.ee\" \/>\n<meta property=\"og:description\" content=\"This wine chiller stick keeps your pre-cooled wine at optimum drinking temperature. You and your guests will enjoy wine at the ideal temperature, never drink...\" \/>\n<meta property=\"og:url\" content=\"https:\/\/kruze.ee\/et\/toode\/vino-veinijahutuspulk\/\" \/>\n<meta property=\"og:site_name\" content=\"Kruze.ee\" \/>\n<meta property=\"article:modified_time\" content=\"2026-03-16T22:07:47+00:00\" \/>\n<meta name=\"twitter:card\" content=\"summary_large_image\" \/>\n<script type=\"application\/ld+json\" class=\"yoast-schema-graph\">{\"@context\":\"https:\/\/schema.org\",\"@graph\":[{\"@type\":\"WebPage\",\"@id\":\"https:\/\/kruze.ee\/et\/toode\/vino-veinijahutuspulk\/\",\"url\":\"https:\/\/kruze.ee\/et\/toode\/vino-veinijahutuspulk\/\",\"name\":\"Vino veinijahutuspulk - Kruze.ee\",\"isPartOf\":{\"@id\":\"https:\/\/kruze.ee\/et\/#website\"},\"datePublished\":\"2026-01-07T19:18:03+00:00\",\"dateModified\":\"2026-03-16T22:07:47+00:00\",\"breadcrumb\":{\"@id\":\"https:\/\/kruze.ee\/et\/toode\/vino-veinijahutuspulk\/#breadcrumb\"},\"inLanguage\":\"et\",\"potentialAction\":[{\"@type\":\"ReadAction\",\"target\":[\"https:\/\/kruze.ee\/et\/toode\/vino-veinijahutuspulk\/\"]}]},{\"@type\":\"BreadcrumbList\",\"@id\":\"https:\/\/kruze.ee\/et\/toode\/vino-veinijahutuspulk\/#breadcrumb\",\"itemListElement\":[{\"@type\":\"ListItem\",\"position\":1,\"name\":\"Home\",\"item\":\"https:\/\/kruze.ee\/et\/\"},{\"@type\":\"ListItem\",\"position\":2,\"name\":\"Tooted\",\"item\":\"https:\/\/kruze.ee\/et\/tooted\/\"},{\"@type\":\"ListItem\",\"position\":3,\"name\":\"Vino veinijahutuspulk\"}]},{\"@type\":\"WebSite\",\"@id\":\"https:\/\/kruze.ee\/et\/#website\",\"url\":\"https:\/\/kruze.ee\/et\/\",\"name\":\"Kruze.ee\",\"description\":\"Reklaamkingitused, tr&uuml;kiga T-s&auml;rgid, fliisid, dressipluused, tekstiil, joped ja paljud teised logoga meened, &Auml;rikingitused sinu partnerile! Telli juba t&auml;na.\",\"potentialAction\":[{\"@type\":\"SearchAction\",\"target\":{\"@type\":\"EntryPoint\",\"urlTemplate\":\"https:\/\/kruze.ee\/et\/?s={search_term_string}\"},\"query-input\":{\"@type\":\"PropertyValueSpecification\",\"valueRequired\":true,\"valueName\":\"search_term_string\"}}],\"inLanguage\":\"et\"}]}<\/script>\n<!-- \/ Yoast SEO plugin. -->","yoast_head_json":{"title":"Vino veinijahutuspulk - Kruze.ee","robots":{"index":"index","follow":"follow","max-snippet":"max-snippet:-1","max-image-preview":"max-image-preview:large","max-video-preview":"max-video-preview:-1"},"canonical":"https:\/\/kruze.ee\/et\/toode\/vino-veinijahutuspulk\/","og_locale":"et_EE","og_type":"article","og_title":"Vino veinijahutuspulk - Kruze.ee","og_description":"This wine chiller stick keeps your pre-cooled wine at optimum drinking temperature. You and your guests will enjoy wine at the ideal temperature, never drink...","og_url":"https:\/\/kruze.ee\/et\/toode\/vino-veinijahutuspulk\/","og_site_name":"Kruze.ee","article_modified_time":"2026-03-16T22:07:47+00:00","twitter_card":"summary_large_image","schema":{"@context":"https:\/\/schema.org","@graph":[{"@type":"WebPage","@id":"https:\/\/kruze.ee\/et\/toode\/vino-veinijahutuspulk\/","url":"https:\/\/kruze.ee\/et\/toode\/vino-veinijahutuspulk\/","name":"Vino veinijahutuspulk - Kruze.ee","isPartOf":{"@id":"https:\/\/kruze.ee\/et\/#website"},"datePublished":"2026-01-07T19:18:03+00:00","dateModified":"2026-03-16T22:07:47+00:00","breadcrumb":{"@id":"https:\/\/kruze.ee\/et\/toode\/vino-veinijahutuspulk\/#breadcrumb"},"inLanguage":"et","potentialAction":[{"@type":"ReadAction","target":["https:\/\/kruze.ee\/et\/toode\/vino-veinijahutuspulk\/"]}]},{"@type":"BreadcrumbList","@id":"https:\/\/kruze.ee\/et\/toode\/vino-veinijahutuspulk\/#breadcrumb","itemListElement":[{"@type":"ListItem","position":1,"name":"Home","item":"https:\/\/kruze.ee\/et\/"},{"@type":"ListItem","position":2,"name":"Tooted","item":"https:\/\/kruze.ee\/et\/tooted\/"},{"@type":"ListItem","position":3,"name":"Vino veinijahutuspulk"}]},{"@type":"WebSite","@id":"https:\/\/kruze.ee\/et\/#website","url":"https:\/\/kruze.ee\/et\/","name":"Kruze.ee","description":"Reklaamkingitused, tr&uuml;kiga T-s&auml;rgid, fliisid, dressipluused, tekstiil, joped ja paljud teised logoga meened, &Auml;rikingitused sinu partnerile! Telli juba t&auml;na.","potentialAction":[{"@type":"SearchAction","target":{"@type":"EntryPoint","urlTemplate":"https:\/\/kruze.ee\/et\/?s={search_term_string}"},"query-input":{"@type":"PropertyValueSpecification","valueRequired":true,"valueName":"search_term_string"}}],"inLanguage":"et"}]}},"_links":{"self":[{"href":"https:\/\/kruze.ee\/et\/wp-json\/wp\/v2\/product\/1432340","targetHints":{"allow":["GET"]}}],"collection":[{"href":"https:\/\/kruze.ee\/et\/wp-json\/wp\/v2\/product"}],"about":[{"href":"https:\/\/kruze.ee\/et\/wp-json\/wp\/v2\/types\/product"}],"wp:attachment":[{"href":"https:\/\/kruze.ee\/et\/wp-json\/wp\/v2\/media?parent=1432340"}],"wp:term":[{"taxonomy":"product_brand","embeddable":true,"href":"https:\/\/kruze.ee\/et\/wp-json\/wp\/v2\/product_brand?post=1432340"},{"taxonomy":"product_cat","embeddable":true,"href":"https:\/\/kruze.ee\/et\/wp-json\/wp\/v2\/product_cat?post=1432340"},{"taxonomy":"product_tag","embeddable":true,"href":"https:\/\/kruze.ee\/et\/wp-json\/wp\/v2\/product_tag?post=1432340"}],"curies":[{"name":"wp","href":"https:\/\/api.w.org\/{rel}","templated":true}]}}