{"id":1432338,"date":"2026-01-07T22:17:58","date_gmt":"2026-01-07T19:17:58","guid":{"rendered":"https:\/\/kruze.ee\/product\/vino-kelnerikorgitser\/"},"modified":"2026-03-17T01:07:46","modified_gmt":"2026-03-16T22:07:46","slug":"vino-kelnerikorgitser","status":"publish","type":"product","link":"https:\/\/kruze.ee\/et\/toode\/vino-kelnerikorgitser\/","title":{"rendered":"Vino kelnerikorgitser"},"content":{"rendered":"<p>See kelneri korgitser on klassikalise disainiga veiniavaja, mis \u00fchendab endas fooliumil\u00f5ikuri tera, kaheastmelise korgi t\u00f5stemehhanismi ning pudeliavaja. Praktiline ja vastupidav t\u00f6\u00f6riist, mis sobib nii professionaalseks kasutamiseks kui ka igap\u00e4evaseks veininautimiseks. Pakendatud kinkekarpi.<\/p>\n","protected":false},"excerpt":{"rendered":"<p>See kelneri korgitser on klassikalise disainiga veiniavaja, mis \u00fchendab endas fooliumil\u00f5ikuri tera, kaheastmelise korgi t\u00f5stemehhanismi ning pudeliavaja&#8230;.<\/p>\n","protected":false},"featured_media":0,"template":"","meta":[],"product_brand":[],"product_cat":[5437],"product_tag":[],"class_list":{"0":"post-1432338","1":"product","2":"type-product","3":"status-publish","5":"product_cat-veinitarbed","6":"pa_gender-uniseks","9":"first","10":"instock","11":"purchasable","12":"product-type-simple"},"acf":[],"yoast_head":"<!-- This site is optimized with the Yoast SEO plugin v26.0 - https:\/\/yoast.com\/wordpress\/plugins\/seo\/ -->\n<title>Vino kelnerikorgitser - Kruze.ee<\/title>\n<meta name=\"robots\" content=\"index, follow, max-snippet:-1, max-image-preview:large, max-video-preview:-1\" \/>\n<link rel=\"canonical\" href=\"https:\/\/kruze.ee\/et\/toode\/vino-kelnerikorgitser\/\" \/>\n<meta property=\"og:locale\" content=\"et_EE\" \/>\n<meta property=\"og:type\" content=\"article\" \/>\n<meta property=\"og:title\" content=\"Vino kelnerikorgitser - Kruze.ee\" \/>\n<meta property=\"og:description\" content=\"See kelneri korgitser on klassikalise disainiga veiniavaja, mis \u00fchendab endas fooliumil\u00f5ikuri tera, kaheastmelise korgi t\u00f5stemehhanismi ning pudeliavaja....\" \/>\n<meta property=\"og:url\" content=\"https:\/\/kruze.ee\/et\/toode\/vino-kelnerikorgitser\/\" \/>\n<meta property=\"og:site_name\" content=\"Kruze.ee\" \/>\n<meta property=\"article:modified_time\" content=\"2026-03-16T22:07:46+00:00\" \/>\n<meta name=\"twitter:card\" content=\"summary_large_image\" \/>\n<script type=\"application\/ld+json\" class=\"yoast-schema-graph\">{\"@context\":\"https:\/\/schema.org\",\"@graph\":[{\"@type\":\"WebPage\",\"@id\":\"https:\/\/kruze.ee\/et\/toode\/vino-kelnerikorgitser\/\",\"url\":\"https:\/\/kruze.ee\/et\/toode\/vino-kelnerikorgitser\/\",\"name\":\"Vino kelnerikorgitser - Kruze.ee\",\"isPartOf\":{\"@id\":\"https:\/\/kruze.ee\/et\/#website\"},\"datePublished\":\"2026-01-07T19:17:58+00:00\",\"dateModified\":\"2026-03-16T22:07:46+00:00\",\"breadcrumb\":{\"@id\":\"https:\/\/kruze.ee\/et\/toode\/vino-kelnerikorgitser\/#breadcrumb\"},\"inLanguage\":\"et\",\"potentialAction\":[{\"@type\":\"ReadAction\",\"target\":[\"https:\/\/kruze.ee\/et\/toode\/vino-kelnerikorgitser\/\"]}]},{\"@type\":\"BreadcrumbList\",\"@id\":\"https:\/\/kruze.ee\/et\/toode\/vino-kelnerikorgitser\/#breadcrumb\",\"itemListElement\":[{\"@type\":\"ListItem\",\"position\":1,\"name\":\"Home\",\"item\":\"https:\/\/kruze.ee\/et\/\"},{\"@type\":\"ListItem\",\"position\":2,\"name\":\"Tooted\",\"item\":\"https:\/\/kruze.ee\/et\/tooted\/\"},{\"@type\":\"ListItem\",\"position\":3,\"name\":\"Vino kelnerikorgitser\"}]},{\"@type\":\"WebSite\",\"@id\":\"https:\/\/kruze.ee\/et\/#website\",\"url\":\"https:\/\/kruze.ee\/et\/\",\"name\":\"Kruze.ee\",\"description\":\"Reklaamkingitused, tr&uuml;kiga T-s&auml;rgid, fliisid, dressipluused, tekstiil, joped ja paljud teised logoga meened, &Auml;rikingitused sinu partnerile! Telli juba t&auml;na.\",\"potentialAction\":[{\"@type\":\"SearchAction\",\"target\":{\"@type\":\"EntryPoint\",\"urlTemplate\":\"https:\/\/kruze.ee\/et\/?s={search_term_string}\"},\"query-input\":{\"@type\":\"PropertyValueSpecification\",\"valueRequired\":true,\"valueName\":\"search_term_string\"}}],\"inLanguage\":\"et\"}]}<\/script>\n<!-- \/ Yoast SEO plugin. -->","yoast_head_json":{"title":"Vino kelnerikorgitser - Kruze.ee","robots":{"index":"index","follow":"follow","max-snippet":"max-snippet:-1","max-image-preview":"max-image-preview:large","max-video-preview":"max-video-preview:-1"},"canonical":"https:\/\/kruze.ee\/et\/toode\/vino-kelnerikorgitser\/","og_locale":"et_EE","og_type":"article","og_title":"Vino kelnerikorgitser - Kruze.ee","og_description":"See kelneri korgitser on klassikalise disainiga veiniavaja, mis \u00fchendab endas fooliumil\u00f5ikuri tera, kaheastmelise korgi t\u00f5stemehhanismi ning pudeliavaja....","og_url":"https:\/\/kruze.ee\/et\/toode\/vino-kelnerikorgitser\/","og_site_name":"Kruze.ee","article_modified_time":"2026-03-16T22:07:46+00:00","twitter_card":"summary_large_image","schema":{"@context":"https:\/\/schema.org","@graph":[{"@type":"WebPage","@id":"https:\/\/kruze.ee\/et\/toode\/vino-kelnerikorgitser\/","url":"https:\/\/kruze.ee\/et\/toode\/vino-kelnerikorgitser\/","name":"Vino kelnerikorgitser - Kruze.ee","isPartOf":{"@id":"https:\/\/kruze.ee\/et\/#website"},"datePublished":"2026-01-07T19:17:58+00:00","dateModified":"2026-03-16T22:07:46+00:00","breadcrumb":{"@id":"https:\/\/kruze.ee\/et\/toode\/vino-kelnerikorgitser\/#breadcrumb"},"inLanguage":"et","potentialAction":[{"@type":"ReadAction","target":["https:\/\/kruze.ee\/et\/toode\/vino-kelnerikorgitser\/"]}]},{"@type":"BreadcrumbList","@id":"https:\/\/kruze.ee\/et\/toode\/vino-kelnerikorgitser\/#breadcrumb","itemListElement":[{"@type":"ListItem","position":1,"name":"Home","item":"https:\/\/kruze.ee\/et\/"},{"@type":"ListItem","position":2,"name":"Tooted","item":"https:\/\/kruze.ee\/et\/tooted\/"},{"@type":"ListItem","position":3,"name":"Vino kelnerikorgitser"}]},{"@type":"WebSite","@id":"https:\/\/kruze.ee\/et\/#website","url":"https:\/\/kruze.ee\/et\/","name":"Kruze.ee","description":"Reklaamkingitused, tr&uuml;kiga T-s&auml;rgid, fliisid, dressipluused, tekstiil, joped ja paljud teised logoga meened, &Auml;rikingitused sinu partnerile! Telli juba t&auml;na.","potentialAction":[{"@type":"SearchAction","target":{"@type":"EntryPoint","urlTemplate":"https:\/\/kruze.ee\/et\/?s={search_term_string}"},"query-input":{"@type":"PropertyValueSpecification","valueRequired":true,"valueName":"search_term_string"}}],"inLanguage":"et"}]}},"_links":{"self":[{"href":"https:\/\/kruze.ee\/et\/wp-json\/wp\/v2\/product\/1432338","targetHints":{"allow":["GET"]}}],"collection":[{"href":"https:\/\/kruze.ee\/et\/wp-json\/wp\/v2\/product"}],"about":[{"href":"https:\/\/kruze.ee\/et\/wp-json\/wp\/v2\/types\/product"}],"wp:attachment":[{"href":"https:\/\/kruze.ee\/et\/wp-json\/wp\/v2\/media?parent=1432338"}],"wp:term":[{"taxonomy":"product_brand","embeddable":true,"href":"https:\/\/kruze.ee\/et\/wp-json\/wp\/v2\/product_brand?post=1432338"},{"taxonomy":"product_cat","embeddable":true,"href":"https:\/\/kruze.ee\/et\/wp-json\/wp\/v2\/product_cat?post=1432338"},{"taxonomy":"product_tag","embeddable":true,"href":"https:\/\/kruze.ee\/et\/wp-json\/wp\/v2\/product_tag?post=1432338"}],"curies":[{"name":"wp","href":"https:\/\/api.w.org\/{rel}","templated":true}]}}