{"id":1432322,"date":"2026-01-07T21:59:20","date_gmt":"2026-01-07T18:59:20","guid":{"rendered":"https:\/\/kruze.ee\/product\/xd-collection-impact-aware-285gsm-ostukott\/"},"modified":"2026-03-17T00:57:30","modified_gmt":"2026-03-16T21:57:30","slug":"xd-collection-impact-aware-285gsm-ostukott","status":"publish","type":"product","link":"https:\/\/kruze.ee\/et\/toode\/xd-collection-impact-aware-285gsm-ostukott\/","title":{"rendered":"XD Collection Impact AWARE\u2122 285gsm ostukott"},"content":{"rendered":"<p>Impact AWARE\u2122 285 g\/m\u00b2 taaskasutatud v\u00e4rvimata kangast kandekott on ideaalne kaaslane igap\u00e4evaste vajalike asjade kaasaskandmiseks. Taaskasutatud kangas on v\u00e4rvimata ja kasutatud oma loomulikul kujul, ilma v\u00e4rvimise v\u00f5i pleegitamise k\u00e4igus lisanduvate kemikaalideta. AWARE\u2122 j\u00e4lgimistehnoloogia kinnitab taaskasutatud materjalide ehtsat kasutust kogu tarneahelas. 2% iga m\u00fc\u00fcdud Impact toote tulust annetatakse organisatsioonile Water.org. Koostis: 70% taaskasutatud puuvill ja 30% taaskasutatud pol\u00fcester.<\/p>\n","protected":false},"excerpt":{"rendered":"<p>Impact AWARE\u2122 285 g\/m\u00b2 taaskasutatud v\u00e4rvimata kangast kandekott on ideaalne kaaslane igap\u00e4evaste vajalike asjade kaasaskandmiseks. Taaskasutatud kangas on&#8230;<\/p>\n","protected":false},"featured_media":0,"template":"","meta":[],"product_brand":[],"product_cat":[5391],"product_tag":[],"class_list":{"0":"post-1432322","1":"product","2":"type-product","3":"status-publish","5":"product_cat-poekotid-kotid","6":"pa_brand-xd-collection","7":"pa_color-antratsiit","8":"pa_color-hall","9":"pa_color-off-white-2","10":"pa_color-black-2","11":"pa_color-brown-2","12":"pa_color-roheline","13":"pa_color-tumesinine","14":"pa_color-valge","15":"pa_gender-uniseks","16":"pa_gender-unisex","19":"pa_material-recycled-canvas","21":"first","22":"instock","23":"taxable","24":"shipping-taxable","25":"purchasable","26":"product-type-variable"},"acf":[],"yoast_head":"<!-- This site is optimized with the Yoast SEO plugin v26.0 - https:\/\/yoast.com\/wordpress\/plugins\/seo\/ -->\n<title>XD Collection Impact AWARE\u2122 285gsm ostukott - Kruze.ee<\/title>\n<meta name=\"robots\" content=\"index, follow, max-snippet:-1, max-image-preview:large, max-video-preview:-1\" \/>\n<link rel=\"canonical\" href=\"https:\/\/kruze.ee\/et\/toode\/xd-collection-impact-aware-285gsm-ostukott\/\" \/>\n<meta property=\"og:locale\" content=\"et_EE\" \/>\n<meta property=\"og:type\" content=\"article\" \/>\n<meta property=\"og:title\" content=\"XD Collection Impact AWARE\u2122 285gsm ostukott - Kruze.ee\" \/>\n<meta property=\"og:description\" content=\"Impact AWARE\u2122 285 g\/m\u00b2 taaskasutatud v\u00e4rvimata kangast kandekott on ideaalne kaaslane igap\u00e4evaste vajalike asjade kaasaskandmiseks. Taaskasutatud kangas on...\" \/>\n<meta property=\"og:url\" content=\"https:\/\/kruze.ee\/et\/toode\/xd-collection-impact-aware-285gsm-ostukott\/\" \/>\n<meta property=\"og:site_name\" content=\"Kruze.ee\" \/>\n<meta property=\"article:modified_time\" content=\"2026-03-16T21:57:30+00:00\" \/>\n<meta name=\"twitter:card\" content=\"summary_large_image\" \/>\n<script type=\"application\/ld+json\" class=\"yoast-schema-graph\">{\"@context\":\"https:\/\/schema.org\",\"@graph\":[{\"@type\":\"WebPage\",\"@id\":\"https:\/\/kruze.ee\/et\/toode\/xd-collection-impact-aware-285gsm-ostukott\/\",\"url\":\"https:\/\/kruze.ee\/et\/toode\/xd-collection-impact-aware-285gsm-ostukott\/\",\"name\":\"XD Collection Impact AWARE\u2122 285gsm ostukott - Kruze.ee\",\"isPartOf\":{\"@id\":\"https:\/\/kruze.ee\/et\/#website\"},\"datePublished\":\"2026-01-07T18:59:20+00:00\",\"dateModified\":\"2026-03-16T21:57:30+00:00\",\"breadcrumb\":{\"@id\":\"https:\/\/kruze.ee\/et\/toode\/xd-collection-impact-aware-285gsm-ostukott\/#breadcrumb\"},\"inLanguage\":\"et\",\"potentialAction\":[{\"@type\":\"ReadAction\",\"target\":[\"https:\/\/kruze.ee\/et\/toode\/xd-collection-impact-aware-285gsm-ostukott\/\"]}]},{\"@type\":\"BreadcrumbList\",\"@id\":\"https:\/\/kruze.ee\/et\/toode\/xd-collection-impact-aware-285gsm-ostukott\/#breadcrumb\",\"itemListElement\":[{\"@type\":\"ListItem\",\"position\":1,\"name\":\"Home\",\"item\":\"https:\/\/kruze.ee\/et\/\"},{\"@type\":\"ListItem\",\"position\":2,\"name\":\"Tooted\",\"item\":\"https:\/\/kruze.ee\/et\/tooted\/\"},{\"@type\":\"ListItem\",\"position\":3,\"name\":\"XD Collection Impact AWARE\u2122 285gsm ostukott\"}]},{\"@type\":\"WebSite\",\"@id\":\"https:\/\/kruze.ee\/et\/#website\",\"url\":\"https:\/\/kruze.ee\/et\/\",\"name\":\"Kruze.ee\",\"description\":\"Reklaamkingitused, tr&uuml;kiga T-s&auml;rgid, fliisid, dressipluused, tekstiil, joped ja paljud teised logoga meened, &Auml;rikingitused sinu partnerile! Telli juba t&auml;na.\",\"potentialAction\":[{\"@type\":\"SearchAction\",\"target\":{\"@type\":\"EntryPoint\",\"urlTemplate\":\"https:\/\/kruze.ee\/et\/?s={search_term_string}\"},\"query-input\":{\"@type\":\"PropertyValueSpecification\",\"valueRequired\":true,\"valueName\":\"search_term_string\"}}],\"inLanguage\":\"et\"}]}<\/script>\n<!-- \/ Yoast SEO plugin. -->","yoast_head_json":{"title":"XD Collection Impact AWARE\u2122 285gsm ostukott - Kruze.ee","robots":{"index":"index","follow":"follow","max-snippet":"max-snippet:-1","max-image-preview":"max-image-preview:large","max-video-preview":"max-video-preview:-1"},"canonical":"https:\/\/kruze.ee\/et\/toode\/xd-collection-impact-aware-285gsm-ostukott\/","og_locale":"et_EE","og_type":"article","og_title":"XD Collection Impact AWARE\u2122 285gsm ostukott - Kruze.ee","og_description":"Impact AWARE\u2122 285 g\/m\u00b2 taaskasutatud v\u00e4rvimata kangast kandekott on ideaalne kaaslane igap\u00e4evaste vajalike asjade kaasaskandmiseks. Taaskasutatud kangas on...","og_url":"https:\/\/kruze.ee\/et\/toode\/xd-collection-impact-aware-285gsm-ostukott\/","og_site_name":"Kruze.ee","article_modified_time":"2026-03-16T21:57:30+00:00","twitter_card":"summary_large_image","schema":{"@context":"https:\/\/schema.org","@graph":[{"@type":"WebPage","@id":"https:\/\/kruze.ee\/et\/toode\/xd-collection-impact-aware-285gsm-ostukott\/","url":"https:\/\/kruze.ee\/et\/toode\/xd-collection-impact-aware-285gsm-ostukott\/","name":"XD Collection Impact AWARE\u2122 285gsm ostukott - Kruze.ee","isPartOf":{"@id":"https:\/\/kruze.ee\/et\/#website"},"datePublished":"2026-01-07T18:59:20+00:00","dateModified":"2026-03-16T21:57:30+00:00","breadcrumb":{"@id":"https:\/\/kruze.ee\/et\/toode\/xd-collection-impact-aware-285gsm-ostukott\/#breadcrumb"},"inLanguage":"et","potentialAction":[{"@type":"ReadAction","target":["https:\/\/kruze.ee\/et\/toode\/xd-collection-impact-aware-285gsm-ostukott\/"]}]},{"@type":"BreadcrumbList","@id":"https:\/\/kruze.ee\/et\/toode\/xd-collection-impact-aware-285gsm-ostukott\/#breadcrumb","itemListElement":[{"@type":"ListItem","position":1,"name":"Home","item":"https:\/\/kruze.ee\/et\/"},{"@type":"ListItem","position":2,"name":"Tooted","item":"https:\/\/kruze.ee\/et\/tooted\/"},{"@type":"ListItem","position":3,"name":"XD Collection Impact AWARE\u2122 285gsm ostukott"}]},{"@type":"WebSite","@id":"https:\/\/kruze.ee\/et\/#website","url":"https:\/\/kruze.ee\/et\/","name":"Kruze.ee","description":"Reklaamkingitused, tr&uuml;kiga T-s&auml;rgid, fliisid, dressipluused, tekstiil, joped ja paljud teised logoga meened, &Auml;rikingitused sinu partnerile! Telli juba t&auml;na.","potentialAction":[{"@type":"SearchAction","target":{"@type":"EntryPoint","urlTemplate":"https:\/\/kruze.ee\/et\/?s={search_term_string}"},"query-input":{"@type":"PropertyValueSpecification","valueRequired":true,"valueName":"search_term_string"}}],"inLanguage":"et"}]}},"_links":{"self":[{"href":"https:\/\/kruze.ee\/et\/wp-json\/wp\/v2\/product\/1432322","targetHints":{"allow":["GET"]}}],"collection":[{"href":"https:\/\/kruze.ee\/et\/wp-json\/wp\/v2\/product"}],"about":[{"href":"https:\/\/kruze.ee\/et\/wp-json\/wp\/v2\/types\/product"}],"wp:attachment":[{"href":"https:\/\/kruze.ee\/et\/wp-json\/wp\/v2\/media?parent=1432322"}],"wp:term":[{"taxonomy":"product_brand","embeddable":true,"href":"https:\/\/kruze.ee\/et\/wp-json\/wp\/v2\/product_brand?post=1432322"},{"taxonomy":"product_cat","embeddable":true,"href":"https:\/\/kruze.ee\/et\/wp-json\/wp\/v2\/product_cat?post=1432322"},{"taxonomy":"product_tag","embeddable":true,"href":"https:\/\/kruze.ee\/et\/wp-json\/wp\/v2\/product_tag?post=1432322"}],"curies":[{"name":"wp","href":"https:\/\/api.w.org\/{rel}","templated":true}]}}