{"id":1432314,"date":"2026-01-07T21:42:36","date_gmt":"2026-01-07T18:42:36","guid":{"rendered":"https:\/\/kruze.ee\/product\/vinga-baltimore-grs-sertifitseeritud-paber-ja-pu-markmik\/"},"modified":"2026-03-17T01:00:26","modified_gmt":"2026-03-16T22:00:26","slug":"vinga-baltimore-grs-sertifitseeritud-paber-ja-pu-markmik","status":"publish","type":"product","link":"https:\/\/kruze.ee\/et\/toode\/vinga-baltimore-grs-sertifitseeritud-paber-ja-pu-markmik\/","title":{"rendered":"VINGA Baltimore GRS-sertifitseeritud paber- ja PU-m\u00e4rkmik"},"content":{"rendered":"<p>Elegantne A5 formaadis m\u00e4rkmik pehme ja siidise pinnaviimistlusega. Kaas on valmistatud 30% ulatuses taaskasutatud mati PU-materjalist ning varustatud magnetkinnituse ja integreeritud pliiatsihoidjaga. M\u00e4rkmiku sees on 80 lehte \/ 160 lehek\u00fclge joonelist 70 g\/m\u00b2 taaskasutatud paberit, mis sobib igap\u00e4evaste m\u00e4rkmete tegemiseks. Vahetatav paberisisu v\u00f5imaldab m\u00e4rkmikku kasutada pikema aja v\u00e4ltel. Toode on GRS (Global Recycled Standard) sertifitseeritud, mis tagab, et kasutatud taaskasutatud materjalide p\u00e4ritolu ja tarneahel on kontrollitud ja vastavad GRS standardile.<\/p>\n","protected":false},"excerpt":{"rendered":"<p>Elegantne A5 formaadis m\u00e4rkmik pehme ja siidise pinnaviimistlusega. Kaas on valmistatud 30% ulatuses taaskasutatud mati PU-materjalist ning varustatud&#8230;<\/p>\n","protected":false},"featured_media":0,"template":"","meta":[],"product_brand":[],"product_cat":[5406],"product_tag":[],"class_list":{"0":"post-1432314","1":"product","2":"type-product","3":"status-publish","5":"product_cat-markmikud","6":"pa_brand-vinga-2","7":"pa_color-hallikasbeez","8":"pa_color-black-2","9":"pa_color-roheline","10":"pa_color-tumesinine","11":"pa_gender-uniseks","12":"pa_gender-unisex","15":"pa_material-polyesterpaper","17":"first","18":"instock","19":"taxable","20":"shipping-taxable","21":"purchasable","22":"product-type-variable"},"acf":[],"yoast_head":"<!-- This site is optimized with the Yoast SEO plugin v26.0 - https:\/\/yoast.com\/wordpress\/plugins\/seo\/ -->\n<title>VINGA Baltimore GRS-sertifitseeritud paber- ja PU-m\u00e4rkmik - Kruze.ee<\/title>\n<meta name=\"robots\" content=\"index, follow, max-snippet:-1, max-image-preview:large, max-video-preview:-1\" \/>\n<link rel=\"canonical\" href=\"https:\/\/kruze.ee\/et\/toode\/vinga-baltimore-grs-sertifitseeritud-paber-ja-pu-markmik\/\" \/>\n<meta property=\"og:locale\" content=\"et_EE\" \/>\n<meta property=\"og:type\" content=\"article\" \/>\n<meta property=\"og:title\" content=\"VINGA Baltimore GRS-sertifitseeritud paber- ja PU-m\u00e4rkmik - Kruze.ee\" \/>\n<meta property=\"og:description\" content=\"Elegantne A5 formaadis m\u00e4rkmik pehme ja siidise pinnaviimistlusega. Kaas on valmistatud 30% ulatuses taaskasutatud mati PU-materjalist ning varustatud...\" \/>\n<meta property=\"og:url\" content=\"https:\/\/kruze.ee\/et\/toode\/vinga-baltimore-grs-sertifitseeritud-paber-ja-pu-markmik\/\" \/>\n<meta property=\"og:site_name\" content=\"Kruze.ee\" \/>\n<meta property=\"article:modified_time\" content=\"2026-03-16T22:00:26+00:00\" \/>\n<meta name=\"twitter:card\" content=\"summary_large_image\" \/>\n<script type=\"application\/ld+json\" class=\"yoast-schema-graph\">{\"@context\":\"https:\/\/schema.org\",\"@graph\":[{\"@type\":\"WebPage\",\"@id\":\"https:\/\/kruze.ee\/et\/toode\/vinga-baltimore-grs-sertifitseeritud-paber-ja-pu-markmik\/\",\"url\":\"https:\/\/kruze.ee\/et\/toode\/vinga-baltimore-grs-sertifitseeritud-paber-ja-pu-markmik\/\",\"name\":\"VINGA Baltimore GRS-sertifitseeritud paber- ja PU-m\u00e4rkmik - Kruze.ee\",\"isPartOf\":{\"@id\":\"https:\/\/kruze.ee\/et\/#website\"},\"datePublished\":\"2026-01-07T18:42:36+00:00\",\"dateModified\":\"2026-03-16T22:00:26+00:00\",\"breadcrumb\":{\"@id\":\"https:\/\/kruze.ee\/et\/toode\/vinga-baltimore-grs-sertifitseeritud-paber-ja-pu-markmik\/#breadcrumb\"},\"inLanguage\":\"et\",\"potentialAction\":[{\"@type\":\"ReadAction\",\"target\":[\"https:\/\/kruze.ee\/et\/toode\/vinga-baltimore-grs-sertifitseeritud-paber-ja-pu-markmik\/\"]}]},{\"@type\":\"BreadcrumbList\",\"@id\":\"https:\/\/kruze.ee\/et\/toode\/vinga-baltimore-grs-sertifitseeritud-paber-ja-pu-markmik\/#breadcrumb\",\"itemListElement\":[{\"@type\":\"ListItem\",\"position\":1,\"name\":\"Home\",\"item\":\"https:\/\/kruze.ee\/et\/\"},{\"@type\":\"ListItem\",\"position\":2,\"name\":\"Tooted\",\"item\":\"https:\/\/kruze.ee\/et\/tooted\/\"},{\"@type\":\"ListItem\",\"position\":3,\"name\":\"VINGA Baltimore GRS-sertifitseeritud paber- ja PU-m\u00e4rkmik\"}]},{\"@type\":\"WebSite\",\"@id\":\"https:\/\/kruze.ee\/et\/#website\",\"url\":\"https:\/\/kruze.ee\/et\/\",\"name\":\"Kruze.ee\",\"description\":\"Reklaamkingitused, tr&uuml;kiga T-s&auml;rgid, fliisid, dressipluused, tekstiil, joped ja paljud teised logoga meened, &Auml;rikingitused sinu partnerile! Telli juba t&auml;na.\",\"potentialAction\":[{\"@type\":\"SearchAction\",\"target\":{\"@type\":\"EntryPoint\",\"urlTemplate\":\"https:\/\/kruze.ee\/et\/?s={search_term_string}\"},\"query-input\":{\"@type\":\"PropertyValueSpecification\",\"valueRequired\":true,\"valueName\":\"search_term_string\"}}],\"inLanguage\":\"et\"}]}<\/script>\n<!-- \/ Yoast SEO plugin. -->","yoast_head_json":{"title":"VINGA Baltimore GRS-sertifitseeritud paber- ja PU-m\u00e4rkmik - Kruze.ee","robots":{"index":"index","follow":"follow","max-snippet":"max-snippet:-1","max-image-preview":"max-image-preview:large","max-video-preview":"max-video-preview:-1"},"canonical":"https:\/\/kruze.ee\/et\/toode\/vinga-baltimore-grs-sertifitseeritud-paber-ja-pu-markmik\/","og_locale":"et_EE","og_type":"article","og_title":"VINGA Baltimore GRS-sertifitseeritud paber- ja PU-m\u00e4rkmik - Kruze.ee","og_description":"Elegantne A5 formaadis m\u00e4rkmik pehme ja siidise pinnaviimistlusega. Kaas on valmistatud 30% ulatuses taaskasutatud mati PU-materjalist ning varustatud...","og_url":"https:\/\/kruze.ee\/et\/toode\/vinga-baltimore-grs-sertifitseeritud-paber-ja-pu-markmik\/","og_site_name":"Kruze.ee","article_modified_time":"2026-03-16T22:00:26+00:00","twitter_card":"summary_large_image","schema":{"@context":"https:\/\/schema.org","@graph":[{"@type":"WebPage","@id":"https:\/\/kruze.ee\/et\/toode\/vinga-baltimore-grs-sertifitseeritud-paber-ja-pu-markmik\/","url":"https:\/\/kruze.ee\/et\/toode\/vinga-baltimore-grs-sertifitseeritud-paber-ja-pu-markmik\/","name":"VINGA Baltimore GRS-sertifitseeritud paber- ja PU-m\u00e4rkmik - Kruze.ee","isPartOf":{"@id":"https:\/\/kruze.ee\/et\/#website"},"datePublished":"2026-01-07T18:42:36+00:00","dateModified":"2026-03-16T22:00:26+00:00","breadcrumb":{"@id":"https:\/\/kruze.ee\/et\/toode\/vinga-baltimore-grs-sertifitseeritud-paber-ja-pu-markmik\/#breadcrumb"},"inLanguage":"et","potentialAction":[{"@type":"ReadAction","target":["https:\/\/kruze.ee\/et\/toode\/vinga-baltimore-grs-sertifitseeritud-paber-ja-pu-markmik\/"]}]},{"@type":"BreadcrumbList","@id":"https:\/\/kruze.ee\/et\/toode\/vinga-baltimore-grs-sertifitseeritud-paber-ja-pu-markmik\/#breadcrumb","itemListElement":[{"@type":"ListItem","position":1,"name":"Home","item":"https:\/\/kruze.ee\/et\/"},{"@type":"ListItem","position":2,"name":"Tooted","item":"https:\/\/kruze.ee\/et\/tooted\/"},{"@type":"ListItem","position":3,"name":"VINGA Baltimore GRS-sertifitseeritud paber- ja PU-m\u00e4rkmik"}]},{"@type":"WebSite","@id":"https:\/\/kruze.ee\/et\/#website","url":"https:\/\/kruze.ee\/et\/","name":"Kruze.ee","description":"Reklaamkingitused, tr&uuml;kiga T-s&auml;rgid, fliisid, dressipluused, tekstiil, joped ja paljud teised logoga meened, &Auml;rikingitused sinu partnerile! Telli juba t&auml;na.","potentialAction":[{"@type":"SearchAction","target":{"@type":"EntryPoint","urlTemplate":"https:\/\/kruze.ee\/et\/?s={search_term_string}"},"query-input":{"@type":"PropertyValueSpecification","valueRequired":true,"valueName":"search_term_string"}}],"inLanguage":"et"}]}},"_links":{"self":[{"href":"https:\/\/kruze.ee\/et\/wp-json\/wp\/v2\/product\/1432314","targetHints":{"allow":["GET"]}}],"collection":[{"href":"https:\/\/kruze.ee\/et\/wp-json\/wp\/v2\/product"}],"about":[{"href":"https:\/\/kruze.ee\/et\/wp-json\/wp\/v2\/types\/product"}],"wp:attachment":[{"href":"https:\/\/kruze.ee\/et\/wp-json\/wp\/v2\/media?parent=1432314"}],"wp:term":[{"taxonomy":"product_brand","embeddable":true,"href":"https:\/\/kruze.ee\/et\/wp-json\/wp\/v2\/product_brand?post=1432314"},{"taxonomy":"product_cat","embeddable":true,"href":"https:\/\/kruze.ee\/et\/wp-json\/wp\/v2\/product_cat?post=1432314"},{"taxonomy":"product_tag","embeddable":true,"href":"https:\/\/kruze.ee\/et\/wp-json\/wp\/v2\/product_tag?post=1432314"}],"curies":[{"name":"wp","href":"https:\/\/api.w.org\/{rel}","templated":true}]}}