{"id":1432312,"date":"2026-01-07T21:42:31","date_gmt":"2026-01-07T18:42:31","guid":{"rendered":"https:\/\/kruze.ee\/product\/vinga-marlow-grs-markmik\/"},"modified":"2026-03-17T01:00:25","modified_gmt":"2026-03-16T22:00:25","slug":"vinga-marlow-grs-markmik","status":"publish","type":"product","link":"https:\/\/kruze.ee\/et\/toode\/vinga-marlow-grs-markmik\/","title":{"rendered":"VINGA Marlow GRS m\u00e4rkmik"},"content":{"rendered":"<p>Stiilne A5 formaadis m\u00e4rkmik, mis sisaldab 160 joonelist lehek\u00fclge (80 lehte). Ideaalne kaaslane koosolekutele, hoides sinu m\u00e4rkmed korrastatult ja esinduslikult \u00fches kohas. Marlow m\u00e4rkmik \u00fchendab ajatu disaini taaskasutatud kunstnaha, PU-detailide ja taaskasutatud paberiga. M\u00e4rkmik on varustatud praktilise ja elegantse magnetkinnitusega. Toode on GRS (Global Recycled Standard) sertifitseeritud, mis tagab, et kasutatud taaskasutatud materjalide kogu tarneahel on kontrollitud ja sertifitseeritud vastavalt GRS standardile.<\/p>\n","protected":false},"excerpt":{"rendered":"<p>Stiilne A5 formaadis m\u00e4rkmik, mis sisaldab 160 joonelist lehek\u00fclge (80 lehte). Ideaalne kaaslane koosolekutele, hoides sinu m\u00e4rkmed korrastatult ja&#8230;<\/p>\n","protected":false},"featured_media":0,"template":"","meta":[],"product_brand":[],"product_cat":[5406],"product_tag":[],"class_list":{"0":"post-1432312","1":"product","2":"type-product","3":"status-publish","5":"product_cat-markmikud","6":"pa_gender-uniseks","7":"pa_gender-unisex","11":"first","12":"instock","13":"purchasable","14":"product-type-simple"},"acf":[],"yoast_head":"<!-- This site is optimized with the Yoast SEO plugin v26.0 - https:\/\/yoast.com\/wordpress\/plugins\/seo\/ -->\n<title>VINGA Marlow GRS m\u00e4rkmik - Kruze.ee<\/title>\n<meta name=\"robots\" content=\"index, follow, max-snippet:-1, max-image-preview:large, max-video-preview:-1\" \/>\n<link rel=\"canonical\" href=\"https:\/\/kruze.ee\/et\/toode\/vinga-marlow-grs-markmik\/\" \/>\n<meta property=\"og:locale\" content=\"et_EE\" \/>\n<meta property=\"og:type\" content=\"article\" \/>\n<meta property=\"og:title\" content=\"VINGA Marlow GRS m\u00e4rkmik - Kruze.ee\" \/>\n<meta property=\"og:description\" content=\"Stiilne A5 formaadis m\u00e4rkmik, mis sisaldab 160 joonelist lehek\u00fclge (80 lehte). Ideaalne kaaslane koosolekutele, hoides sinu m\u00e4rkmed korrastatult ja...\" \/>\n<meta property=\"og:url\" content=\"https:\/\/kruze.ee\/et\/toode\/vinga-marlow-grs-markmik\/\" \/>\n<meta property=\"og:site_name\" content=\"Kruze.ee\" \/>\n<meta property=\"article:modified_time\" content=\"2026-03-16T22:00:25+00:00\" \/>\n<meta name=\"twitter:card\" content=\"summary_large_image\" \/>\n<script type=\"application\/ld+json\" class=\"yoast-schema-graph\">{\"@context\":\"https:\/\/schema.org\",\"@graph\":[{\"@type\":\"WebPage\",\"@id\":\"https:\/\/kruze.ee\/et\/toode\/vinga-marlow-grs-markmik\/\",\"url\":\"https:\/\/kruze.ee\/et\/toode\/vinga-marlow-grs-markmik\/\",\"name\":\"VINGA Marlow GRS m\u00e4rkmik - Kruze.ee\",\"isPartOf\":{\"@id\":\"https:\/\/kruze.ee\/et\/#website\"},\"datePublished\":\"2026-01-07T18:42:31+00:00\",\"dateModified\":\"2026-03-16T22:00:25+00:00\",\"breadcrumb\":{\"@id\":\"https:\/\/kruze.ee\/et\/toode\/vinga-marlow-grs-markmik\/#breadcrumb\"},\"inLanguage\":\"et\",\"potentialAction\":[{\"@type\":\"ReadAction\",\"target\":[\"https:\/\/kruze.ee\/et\/toode\/vinga-marlow-grs-markmik\/\"]}]},{\"@type\":\"BreadcrumbList\",\"@id\":\"https:\/\/kruze.ee\/et\/toode\/vinga-marlow-grs-markmik\/#breadcrumb\",\"itemListElement\":[{\"@type\":\"ListItem\",\"position\":1,\"name\":\"Home\",\"item\":\"https:\/\/kruze.ee\/et\/\"},{\"@type\":\"ListItem\",\"position\":2,\"name\":\"Tooted\",\"item\":\"https:\/\/kruze.ee\/et\/tooted\/\"},{\"@type\":\"ListItem\",\"position\":3,\"name\":\"VINGA Marlow GRS m\u00e4rkmik\"}]},{\"@type\":\"WebSite\",\"@id\":\"https:\/\/kruze.ee\/et\/#website\",\"url\":\"https:\/\/kruze.ee\/et\/\",\"name\":\"Kruze.ee\",\"description\":\"Reklaamkingitused, tr&uuml;kiga T-s&auml;rgid, fliisid, dressipluused, tekstiil, joped ja paljud teised logoga meened, &Auml;rikingitused sinu partnerile! Telli juba t&auml;na.\",\"potentialAction\":[{\"@type\":\"SearchAction\",\"target\":{\"@type\":\"EntryPoint\",\"urlTemplate\":\"https:\/\/kruze.ee\/et\/?s={search_term_string}\"},\"query-input\":{\"@type\":\"PropertyValueSpecification\",\"valueRequired\":true,\"valueName\":\"search_term_string\"}}],\"inLanguage\":\"et\"}]}<\/script>\n<!-- \/ Yoast SEO plugin. -->","yoast_head_json":{"title":"VINGA Marlow GRS m\u00e4rkmik - Kruze.ee","robots":{"index":"index","follow":"follow","max-snippet":"max-snippet:-1","max-image-preview":"max-image-preview:large","max-video-preview":"max-video-preview:-1"},"canonical":"https:\/\/kruze.ee\/et\/toode\/vinga-marlow-grs-markmik\/","og_locale":"et_EE","og_type":"article","og_title":"VINGA Marlow GRS m\u00e4rkmik - Kruze.ee","og_description":"Stiilne A5 formaadis m\u00e4rkmik, mis sisaldab 160 joonelist lehek\u00fclge (80 lehte). Ideaalne kaaslane koosolekutele, hoides sinu m\u00e4rkmed korrastatult ja...","og_url":"https:\/\/kruze.ee\/et\/toode\/vinga-marlow-grs-markmik\/","og_site_name":"Kruze.ee","article_modified_time":"2026-03-16T22:00:25+00:00","twitter_card":"summary_large_image","schema":{"@context":"https:\/\/schema.org","@graph":[{"@type":"WebPage","@id":"https:\/\/kruze.ee\/et\/toode\/vinga-marlow-grs-markmik\/","url":"https:\/\/kruze.ee\/et\/toode\/vinga-marlow-grs-markmik\/","name":"VINGA Marlow GRS m\u00e4rkmik - Kruze.ee","isPartOf":{"@id":"https:\/\/kruze.ee\/et\/#website"},"datePublished":"2026-01-07T18:42:31+00:00","dateModified":"2026-03-16T22:00:25+00:00","breadcrumb":{"@id":"https:\/\/kruze.ee\/et\/toode\/vinga-marlow-grs-markmik\/#breadcrumb"},"inLanguage":"et","potentialAction":[{"@type":"ReadAction","target":["https:\/\/kruze.ee\/et\/toode\/vinga-marlow-grs-markmik\/"]}]},{"@type":"BreadcrumbList","@id":"https:\/\/kruze.ee\/et\/toode\/vinga-marlow-grs-markmik\/#breadcrumb","itemListElement":[{"@type":"ListItem","position":1,"name":"Home","item":"https:\/\/kruze.ee\/et\/"},{"@type":"ListItem","position":2,"name":"Tooted","item":"https:\/\/kruze.ee\/et\/tooted\/"},{"@type":"ListItem","position":3,"name":"VINGA Marlow GRS m\u00e4rkmik"}]},{"@type":"WebSite","@id":"https:\/\/kruze.ee\/et\/#website","url":"https:\/\/kruze.ee\/et\/","name":"Kruze.ee","description":"Reklaamkingitused, tr&uuml;kiga T-s&auml;rgid, fliisid, dressipluused, tekstiil, joped ja paljud teised logoga meened, &Auml;rikingitused sinu partnerile! Telli juba t&auml;na.","potentialAction":[{"@type":"SearchAction","target":{"@type":"EntryPoint","urlTemplate":"https:\/\/kruze.ee\/et\/?s={search_term_string}"},"query-input":{"@type":"PropertyValueSpecification","valueRequired":true,"valueName":"search_term_string"}}],"inLanguage":"et"}]}},"_links":{"self":[{"href":"https:\/\/kruze.ee\/et\/wp-json\/wp\/v2\/product\/1432312","targetHints":{"allow":["GET"]}}],"collection":[{"href":"https:\/\/kruze.ee\/et\/wp-json\/wp\/v2\/product"}],"about":[{"href":"https:\/\/kruze.ee\/et\/wp-json\/wp\/v2\/types\/product"}],"wp:attachment":[{"href":"https:\/\/kruze.ee\/et\/wp-json\/wp\/v2\/media?parent=1432312"}],"wp:term":[{"taxonomy":"product_brand","embeddable":true,"href":"https:\/\/kruze.ee\/et\/wp-json\/wp\/v2\/product_brand?post=1432312"},{"taxonomy":"product_cat","embeddable":true,"href":"https:\/\/kruze.ee\/et\/wp-json\/wp\/v2\/product_cat?post=1432312"},{"taxonomy":"product_tag","embeddable":true,"href":"https:\/\/kruze.ee\/et\/wp-json\/wp\/v2\/product_tag?post=1432312"}],"curies":[{"name":"wp","href":"https:\/\/api.w.org\/{rel}","templated":true}]}}