{"id":1432308,"date":"2026-01-07T21:42:24","date_gmt":"2026-01-07T18:42:24","guid":{"rendered":"https:\/\/kruze.ee\/product\/vinga-thankfulness-grs-recycled-paper-journal\/"},"modified":"2026-03-17T01:00:24","modified_gmt":"2026-03-16T22:00:24","slug":"vinga-thankfulness-grs-recycled-paper-journal","status":"publish","type":"product","link":"https:\/\/kruze.ee\/et\/toode\/vinga-thankfulness-grs-recycled-paper-journal\/","title":{"rendered":"VINGA Thankfulness GRS recycled paper journal"},"content":{"rendered":"<p>Alusta oma teekonda juba t\u00e4na Thankfulness p\u00e4evikuga ja m\u00e4rka, kuidas sinu m\u00f5tteviis aja jooksul j\u00e4rk-j\u00e4rgult muutub. Igap\u00e4evaste kogemuste ja m\u00f5tiskluste j\u00e4\u00e4dvustamine aitab m\u00e4rgata elu v\u00e4ikseid, kuid olulisi hetki. Eelkujundatud A5 formaadis lehed konkreetsete k\u00fcsimuste ja t\u00e4itmisv\u00e4ljadega pakuvad lihtsat ja mugavat viisi oma m\u00f5tete kirjapanekuks. Ajatu ja elegantne disain sobitub sujuvalt igasse interj\u00f6\u00f6ri. P\u00e4evik on varustatud paelaga j\u00e4rjehoidjaga ja \u2026<\/p>\n","protected":false},"excerpt":{"rendered":"<p>Alusta oma teekonda juba t\u00e4na Thankfulness p\u00e4evikuga ja m\u00e4rka, kuidas sinu m\u00f5tteviis aja jooksul j\u00e4rk-j\u00e4rgult muutub. Igap\u00e4evaste kogemuste ja m\u00f5tiskluste&#8230;<\/p>\n","protected":false},"featured_media":0,"template":"","meta":[],"product_brand":[],"product_cat":[5406],"product_tag":[],"class_list":{"0":"post-1432308","1":"product","2":"type-product","3":"status-publish","5":"product_cat-markmikud","6":"pa_gender-uniseks","7":"pa_gender-unisex","11":"first","12":"instock","13":"purchasable","14":"product-type-simple"},"acf":[],"yoast_head":"<!-- This site is optimized with the Yoast SEO plugin v26.0 - https:\/\/yoast.com\/wordpress\/plugins\/seo\/ -->\n<title>VINGA Thankfulness GRS recycled paper journal - Kruze.ee<\/title>\n<meta name=\"robots\" content=\"index, follow, max-snippet:-1, max-image-preview:large, max-video-preview:-1\" \/>\n<link rel=\"canonical\" href=\"https:\/\/kruze.ee\/et\/toode\/vinga-thankfulness-grs-recycled-paper-journal\/\" \/>\n<meta property=\"og:locale\" content=\"et_EE\" \/>\n<meta property=\"og:type\" content=\"article\" \/>\n<meta property=\"og:title\" content=\"VINGA Thankfulness GRS recycled paper journal - Kruze.ee\" \/>\n<meta property=\"og:description\" content=\"Alusta oma teekonda juba t\u00e4na Thankfulness p\u00e4evikuga ja m\u00e4rka, kuidas sinu m\u00f5tteviis aja jooksul j\u00e4rk-j\u00e4rgult muutub. Igap\u00e4evaste kogemuste ja m\u00f5tiskluste...\" \/>\n<meta property=\"og:url\" content=\"https:\/\/kruze.ee\/et\/toode\/vinga-thankfulness-grs-recycled-paper-journal\/\" \/>\n<meta property=\"og:site_name\" content=\"Kruze.ee\" \/>\n<meta property=\"article:modified_time\" content=\"2026-03-16T22:00:24+00:00\" \/>\n<meta name=\"twitter:card\" content=\"summary_large_image\" \/>\n<script type=\"application\/ld+json\" class=\"yoast-schema-graph\">{\"@context\":\"https:\/\/schema.org\",\"@graph\":[{\"@type\":\"WebPage\",\"@id\":\"https:\/\/kruze.ee\/et\/toode\/vinga-thankfulness-grs-recycled-paper-journal\/\",\"url\":\"https:\/\/kruze.ee\/et\/toode\/vinga-thankfulness-grs-recycled-paper-journal\/\",\"name\":\"VINGA Thankfulness GRS recycled paper journal - Kruze.ee\",\"isPartOf\":{\"@id\":\"https:\/\/kruze.ee\/et\/#website\"},\"datePublished\":\"2026-01-07T18:42:24+00:00\",\"dateModified\":\"2026-03-16T22:00:24+00:00\",\"breadcrumb\":{\"@id\":\"https:\/\/kruze.ee\/et\/toode\/vinga-thankfulness-grs-recycled-paper-journal\/#breadcrumb\"},\"inLanguage\":\"et\",\"potentialAction\":[{\"@type\":\"ReadAction\",\"target\":[\"https:\/\/kruze.ee\/et\/toode\/vinga-thankfulness-grs-recycled-paper-journal\/\"]}]},{\"@type\":\"BreadcrumbList\",\"@id\":\"https:\/\/kruze.ee\/et\/toode\/vinga-thankfulness-grs-recycled-paper-journal\/#breadcrumb\",\"itemListElement\":[{\"@type\":\"ListItem\",\"position\":1,\"name\":\"Home\",\"item\":\"https:\/\/kruze.ee\/et\/\"},{\"@type\":\"ListItem\",\"position\":2,\"name\":\"Tooted\",\"item\":\"https:\/\/kruze.ee\/et\/tooted\/\"},{\"@type\":\"ListItem\",\"position\":3,\"name\":\"VINGA Thankfulness GRS recycled paper journal\"}]},{\"@type\":\"WebSite\",\"@id\":\"https:\/\/kruze.ee\/et\/#website\",\"url\":\"https:\/\/kruze.ee\/et\/\",\"name\":\"Kruze.ee\",\"description\":\"Reklaamkingitused, tr&uuml;kiga T-s&auml;rgid, fliisid, dressipluused, tekstiil, joped ja paljud teised logoga meened, &Auml;rikingitused sinu partnerile! Telli juba t&auml;na.\",\"potentialAction\":[{\"@type\":\"SearchAction\",\"target\":{\"@type\":\"EntryPoint\",\"urlTemplate\":\"https:\/\/kruze.ee\/et\/?s={search_term_string}\"},\"query-input\":{\"@type\":\"PropertyValueSpecification\",\"valueRequired\":true,\"valueName\":\"search_term_string\"}}],\"inLanguage\":\"et\"}]}<\/script>\n<!-- \/ Yoast SEO plugin. -->","yoast_head_json":{"title":"VINGA Thankfulness GRS recycled paper journal - Kruze.ee","robots":{"index":"index","follow":"follow","max-snippet":"max-snippet:-1","max-image-preview":"max-image-preview:large","max-video-preview":"max-video-preview:-1"},"canonical":"https:\/\/kruze.ee\/et\/toode\/vinga-thankfulness-grs-recycled-paper-journal\/","og_locale":"et_EE","og_type":"article","og_title":"VINGA Thankfulness GRS recycled paper journal - Kruze.ee","og_description":"Alusta oma teekonda juba t\u00e4na Thankfulness p\u00e4evikuga ja m\u00e4rka, kuidas sinu m\u00f5tteviis aja jooksul j\u00e4rk-j\u00e4rgult muutub. Igap\u00e4evaste kogemuste ja m\u00f5tiskluste...","og_url":"https:\/\/kruze.ee\/et\/toode\/vinga-thankfulness-grs-recycled-paper-journal\/","og_site_name":"Kruze.ee","article_modified_time":"2026-03-16T22:00:24+00:00","twitter_card":"summary_large_image","schema":{"@context":"https:\/\/schema.org","@graph":[{"@type":"WebPage","@id":"https:\/\/kruze.ee\/et\/toode\/vinga-thankfulness-grs-recycled-paper-journal\/","url":"https:\/\/kruze.ee\/et\/toode\/vinga-thankfulness-grs-recycled-paper-journal\/","name":"VINGA Thankfulness GRS recycled paper journal - Kruze.ee","isPartOf":{"@id":"https:\/\/kruze.ee\/et\/#website"},"datePublished":"2026-01-07T18:42:24+00:00","dateModified":"2026-03-16T22:00:24+00:00","breadcrumb":{"@id":"https:\/\/kruze.ee\/et\/toode\/vinga-thankfulness-grs-recycled-paper-journal\/#breadcrumb"},"inLanguage":"et","potentialAction":[{"@type":"ReadAction","target":["https:\/\/kruze.ee\/et\/toode\/vinga-thankfulness-grs-recycled-paper-journal\/"]}]},{"@type":"BreadcrumbList","@id":"https:\/\/kruze.ee\/et\/toode\/vinga-thankfulness-grs-recycled-paper-journal\/#breadcrumb","itemListElement":[{"@type":"ListItem","position":1,"name":"Home","item":"https:\/\/kruze.ee\/et\/"},{"@type":"ListItem","position":2,"name":"Tooted","item":"https:\/\/kruze.ee\/et\/tooted\/"},{"@type":"ListItem","position":3,"name":"VINGA Thankfulness GRS recycled paper journal"}]},{"@type":"WebSite","@id":"https:\/\/kruze.ee\/et\/#website","url":"https:\/\/kruze.ee\/et\/","name":"Kruze.ee","description":"Reklaamkingitused, tr&uuml;kiga T-s&auml;rgid, fliisid, dressipluused, tekstiil, joped ja paljud teised logoga meened, &Auml;rikingitused sinu partnerile! Telli juba t&auml;na.","potentialAction":[{"@type":"SearchAction","target":{"@type":"EntryPoint","urlTemplate":"https:\/\/kruze.ee\/et\/?s={search_term_string}"},"query-input":{"@type":"PropertyValueSpecification","valueRequired":true,"valueName":"search_term_string"}}],"inLanguage":"et"}]}},"_links":{"self":[{"href":"https:\/\/kruze.ee\/et\/wp-json\/wp\/v2\/product\/1432308","targetHints":{"allow":["GET"]}}],"collection":[{"href":"https:\/\/kruze.ee\/et\/wp-json\/wp\/v2\/product"}],"about":[{"href":"https:\/\/kruze.ee\/et\/wp-json\/wp\/v2\/types\/product"}],"wp:attachment":[{"href":"https:\/\/kruze.ee\/et\/wp-json\/wp\/v2\/media?parent=1432308"}],"wp:term":[{"taxonomy":"product_brand","embeddable":true,"href":"https:\/\/kruze.ee\/et\/wp-json\/wp\/v2\/product_brand?post=1432308"},{"taxonomy":"product_cat","embeddable":true,"href":"https:\/\/kruze.ee\/et\/wp-json\/wp\/v2\/product_cat?post=1432308"},{"taxonomy":"product_tag","embeddable":true,"href":"https:\/\/kruze.ee\/et\/wp-json\/wp\/v2\/product_tag?post=1432308"}],"curies":[{"name":"wp","href":"https:\/\/api.w.org\/{rel}","templated":true}]}}