{"id":1432306,"date":"2026-01-07T21:42:20","date_gmt":"2026-01-07T18:42:20","guid":{"rendered":"https:\/\/kruze.ee\/product\/vinga-one-memory-a-day-grs-taaskasutatud-paberist-paevik-markmik\/"},"modified":"2026-03-17T01:00:23","modified_gmt":"2026-03-16T22:00:23","slug":"vinga-one-memory-a-day-grs-taaskasutatud-paberist-paevik-markmik","status":"publish","type":"product","link":"https:\/\/kruze.ee\/et\/toode\/vinga-one-memory-a-day-grs-taaskasutatud-paberist-paevik-markmik\/","title":{"rendered":"VINGA One Memory a Day GRS-taaskasutatud paberist p\u00e4evik-m\u00e4rkmik"},"content":{"rendered":"<p>Alusta oma eneseavastuse teekonda juba t\u00e4na One Memory a Day p\u00e4evikuga, mis on valmistatud GRS-sertifitseeritud paberist. See ainulaadne A5 formaadis p\u00e4evik v\u00f5imaldab talletada igap\u00e4evaseid m\u00f5tteid ja kogemusi kolme aasta jooksul \u2013 igal lehel on kolm joonelist veergu ja kuup\u00e4evam\u00e4rgistus. Kirjuta \u00fcles oma m\u00f5tted, t\u00e4helepanekud ja meeldej\u00e4\u00e4vad hetked ning muuda iga lause v\u00e4\u00e4rtuslikuks m\u00e4lestuseks, mida hiljem taas lugeda. Paelaga j\u00e4rjehoidja ja riidest kaanega p\u00e4evik on \u00fchtaegu praktiline ja elegantne ning sobib suurep\u00e4raselt nii t\u00f6\u00f6lauale kui ka \u00f6\u00f6kapile. Toode on GRS (Global Recycled Standard) sertifitseeritud, mis tagab, et taaskasutatud materjalide kogu tarneahel on sertifitseeritud. Taaskasutatud materjali osakaal on arvestatud toote kogukaalu p\u00f5hjal ning see p\u00e4evik sisaldab 83% GRS-sertifitseeritud taaskasutatud paberit.<\/p>\n","protected":false},"excerpt":{"rendered":"<p>Alusta oma eneseavastuse teekonda juba t\u00e4na One Memory a Day p\u00e4evikuga, mis on valmistatud GRS-sertifitseeritud paberist. See ainulaadne A5 formaadis p\u00e4evik&#8230;<\/p>\n","protected":false},"featured_media":0,"template":"","meta":[],"product_brand":[],"product_cat":[5406],"product_tag":[],"class_list":{"0":"post-1432306","1":"product","2":"type-product","3":"status-publish","5":"product_cat-markmikud","6":"pa_gender-uniseks","7":"pa_gender-unisex","11":"first","12":"instock","13":"purchasable","14":"product-type-simple"},"acf":[],"yoast_head":"<!-- This site is optimized with the Yoast SEO plugin v26.0 - https:\/\/yoast.com\/wordpress\/plugins\/seo\/ -->\n<title>VINGA One Memory a Day GRS-taaskasutatud paberist p\u00e4evik-m\u00e4rkmik - Kruze.ee<\/title>\n<meta name=\"robots\" content=\"index, follow, max-snippet:-1, max-image-preview:large, max-video-preview:-1\" \/>\n<link rel=\"canonical\" href=\"https:\/\/kruze.ee\/et\/toode\/vinga-one-memory-a-day-grs-taaskasutatud-paberist-paevik-markmik\/\" \/>\n<meta property=\"og:locale\" content=\"et_EE\" \/>\n<meta property=\"og:type\" content=\"article\" \/>\n<meta property=\"og:title\" content=\"VINGA One Memory a Day GRS-taaskasutatud paberist p\u00e4evik-m\u00e4rkmik - Kruze.ee\" \/>\n<meta property=\"og:description\" content=\"Alusta oma eneseavastuse teekonda juba t\u00e4na One Memory a Day p\u00e4evikuga, mis on valmistatud GRS-sertifitseeritud paberist. See ainulaadne A5 formaadis p\u00e4evik...\" \/>\n<meta property=\"og:url\" content=\"https:\/\/kruze.ee\/et\/toode\/vinga-one-memory-a-day-grs-taaskasutatud-paberist-paevik-markmik\/\" \/>\n<meta property=\"og:site_name\" content=\"Kruze.ee\" \/>\n<meta property=\"article:modified_time\" content=\"2026-03-16T22:00:23+00:00\" \/>\n<meta name=\"twitter:card\" content=\"summary_large_image\" \/>\n<meta name=\"twitter:label1\" content=\"Est. reading time\" \/>\n\t<meta name=\"twitter:data1\" content=\"1 minut\" \/>\n<script type=\"application\/ld+json\" class=\"yoast-schema-graph\">{\"@context\":\"https:\/\/schema.org\",\"@graph\":[{\"@type\":\"WebPage\",\"@id\":\"https:\/\/kruze.ee\/et\/toode\/vinga-one-memory-a-day-grs-taaskasutatud-paberist-paevik-markmik\/\",\"url\":\"https:\/\/kruze.ee\/et\/toode\/vinga-one-memory-a-day-grs-taaskasutatud-paberist-paevik-markmik\/\",\"name\":\"VINGA One Memory a Day GRS-taaskasutatud paberist p\u00e4evik-m\u00e4rkmik - Kruze.ee\",\"isPartOf\":{\"@id\":\"https:\/\/kruze.ee\/et\/#website\"},\"datePublished\":\"2026-01-07T18:42:20+00:00\",\"dateModified\":\"2026-03-16T22:00:23+00:00\",\"breadcrumb\":{\"@id\":\"https:\/\/kruze.ee\/et\/toode\/vinga-one-memory-a-day-grs-taaskasutatud-paberist-paevik-markmik\/#breadcrumb\"},\"inLanguage\":\"et\",\"potentialAction\":[{\"@type\":\"ReadAction\",\"target\":[\"https:\/\/kruze.ee\/et\/toode\/vinga-one-memory-a-day-grs-taaskasutatud-paberist-paevik-markmik\/\"]}]},{\"@type\":\"BreadcrumbList\",\"@id\":\"https:\/\/kruze.ee\/et\/toode\/vinga-one-memory-a-day-grs-taaskasutatud-paberist-paevik-markmik\/#breadcrumb\",\"itemListElement\":[{\"@type\":\"ListItem\",\"position\":1,\"name\":\"Home\",\"item\":\"https:\/\/kruze.ee\/et\/\"},{\"@type\":\"ListItem\",\"position\":2,\"name\":\"Tooted\",\"item\":\"https:\/\/kruze.ee\/et\/tooted\/\"},{\"@type\":\"ListItem\",\"position\":3,\"name\":\"VINGA One Memory a Day GRS-taaskasutatud paberist p\u00e4evik-m\u00e4rkmik\"}]},{\"@type\":\"WebSite\",\"@id\":\"https:\/\/kruze.ee\/et\/#website\",\"url\":\"https:\/\/kruze.ee\/et\/\",\"name\":\"Kruze.ee\",\"description\":\"Reklaamkingitused, tr&uuml;kiga T-s&auml;rgid, fliisid, dressipluused, tekstiil, joped ja paljud teised logoga meened, &Auml;rikingitused sinu partnerile! Telli juba t&auml;na.\",\"potentialAction\":[{\"@type\":\"SearchAction\",\"target\":{\"@type\":\"EntryPoint\",\"urlTemplate\":\"https:\/\/kruze.ee\/et\/?s={search_term_string}\"},\"query-input\":{\"@type\":\"PropertyValueSpecification\",\"valueRequired\":true,\"valueName\":\"search_term_string\"}}],\"inLanguage\":\"et\"}]}<\/script>\n<!-- \/ Yoast SEO plugin. -->","yoast_head_json":{"title":"VINGA One Memory a Day GRS-taaskasutatud paberist p\u00e4evik-m\u00e4rkmik - Kruze.ee","robots":{"index":"index","follow":"follow","max-snippet":"max-snippet:-1","max-image-preview":"max-image-preview:large","max-video-preview":"max-video-preview:-1"},"canonical":"https:\/\/kruze.ee\/et\/toode\/vinga-one-memory-a-day-grs-taaskasutatud-paberist-paevik-markmik\/","og_locale":"et_EE","og_type":"article","og_title":"VINGA One Memory a Day GRS-taaskasutatud paberist p\u00e4evik-m\u00e4rkmik - Kruze.ee","og_description":"Alusta oma eneseavastuse teekonda juba t\u00e4na One Memory a Day p\u00e4evikuga, mis on valmistatud GRS-sertifitseeritud paberist. See ainulaadne A5 formaadis p\u00e4evik...","og_url":"https:\/\/kruze.ee\/et\/toode\/vinga-one-memory-a-day-grs-taaskasutatud-paberist-paevik-markmik\/","og_site_name":"Kruze.ee","article_modified_time":"2026-03-16T22:00:23+00:00","twitter_card":"summary_large_image","twitter_misc":{"Est. reading time":"1 minut"},"schema":{"@context":"https:\/\/schema.org","@graph":[{"@type":"WebPage","@id":"https:\/\/kruze.ee\/et\/toode\/vinga-one-memory-a-day-grs-taaskasutatud-paberist-paevik-markmik\/","url":"https:\/\/kruze.ee\/et\/toode\/vinga-one-memory-a-day-grs-taaskasutatud-paberist-paevik-markmik\/","name":"VINGA One Memory a Day GRS-taaskasutatud paberist p\u00e4evik-m\u00e4rkmik - Kruze.ee","isPartOf":{"@id":"https:\/\/kruze.ee\/et\/#website"},"datePublished":"2026-01-07T18:42:20+00:00","dateModified":"2026-03-16T22:00:23+00:00","breadcrumb":{"@id":"https:\/\/kruze.ee\/et\/toode\/vinga-one-memory-a-day-grs-taaskasutatud-paberist-paevik-markmik\/#breadcrumb"},"inLanguage":"et","potentialAction":[{"@type":"ReadAction","target":["https:\/\/kruze.ee\/et\/toode\/vinga-one-memory-a-day-grs-taaskasutatud-paberist-paevik-markmik\/"]}]},{"@type":"BreadcrumbList","@id":"https:\/\/kruze.ee\/et\/toode\/vinga-one-memory-a-day-grs-taaskasutatud-paberist-paevik-markmik\/#breadcrumb","itemListElement":[{"@type":"ListItem","position":1,"name":"Home","item":"https:\/\/kruze.ee\/et\/"},{"@type":"ListItem","position":2,"name":"Tooted","item":"https:\/\/kruze.ee\/et\/tooted\/"},{"@type":"ListItem","position":3,"name":"VINGA One Memory a Day GRS-taaskasutatud paberist p\u00e4evik-m\u00e4rkmik"}]},{"@type":"WebSite","@id":"https:\/\/kruze.ee\/et\/#website","url":"https:\/\/kruze.ee\/et\/","name":"Kruze.ee","description":"Reklaamkingitused, tr&uuml;kiga T-s&auml;rgid, fliisid, dressipluused, tekstiil, joped ja paljud teised logoga meened, &Auml;rikingitused sinu partnerile! Telli juba t&auml;na.","potentialAction":[{"@type":"SearchAction","target":{"@type":"EntryPoint","urlTemplate":"https:\/\/kruze.ee\/et\/?s={search_term_string}"},"query-input":{"@type":"PropertyValueSpecification","valueRequired":true,"valueName":"search_term_string"}}],"inLanguage":"et"}]}},"_links":{"self":[{"href":"https:\/\/kruze.ee\/et\/wp-json\/wp\/v2\/product\/1432306","targetHints":{"allow":["GET"]}}],"collection":[{"href":"https:\/\/kruze.ee\/et\/wp-json\/wp\/v2\/product"}],"about":[{"href":"https:\/\/kruze.ee\/et\/wp-json\/wp\/v2\/types\/product"}],"wp:attachment":[{"href":"https:\/\/kruze.ee\/et\/wp-json\/wp\/v2\/media?parent=1432306"}],"wp:term":[{"taxonomy":"product_brand","embeddable":true,"href":"https:\/\/kruze.ee\/et\/wp-json\/wp\/v2\/product_brand?post=1432306"},{"taxonomy":"product_cat","embeddable":true,"href":"https:\/\/kruze.ee\/et\/wp-json\/wp\/v2\/product_cat?post=1432306"},{"taxonomy":"product_tag","embeddable":true,"href":"https:\/\/kruze.ee\/et\/wp-json\/wp\/v2\/product_tag?post=1432306"}],"curies":[{"name":"wp","href":"https:\/\/api.w.org\/{rel}","templated":true}]}}