{"id":1432302,"date":"2026-01-07T21:42:10","date_gmt":"2026-01-07T18:42:10","guid":{"rendered":"https:\/\/kruze.ee\/product\/vinga-timo-pu-rcs-rpet-markmik\/"},"modified":"2026-03-17T01:00:21","modified_gmt":"2026-03-16T22:00:21","slug":"vinga-timo-pu-rcs-rpet-markmik","status":"publish","type":"product","link":"https:\/\/kruze.ee\/et\/toode\/vinga-timo-pu-rcs-rpet-markmik\/","title":{"rendered":"VINGA Timo PU RCS RPET m\u00e4rkmik"},"content":{"rendered":"<p>Koge Timo m\u00e4rkmikuga funktsionaalsuse ja stiili t\u00e4iuslikku kooslust. See on ideaalne tasakaal suuruse ja vastupidavuse vahel. M\u00e4rkmikul on PU-kate, RCS-sertifitseeritud paberlehed ning 80 lehte \/ 160 joonelist lehek\u00fclge, lisaks must paelaga j\u00e4rjehoidja. Detailne \u00f5mblus ja magnetkinnitus lisavad elegantset viimistlust, samas kui vahetatav paberisisu tagab toote pikaajalise kasutuse. Toode on RCS (Recycled Claim Standard) sertifitseeritud, mis kinnitab, et taaskasutatud materjalide kogu tarneahel on sertifitseeritud. Taaskasutatud materjali osakaal p\u00f5hineb toote kogukaalul ning see toode sisaldab 63% RCS-sertifitseeritud taaskasutatud paberit ja 15% RCS-sertifitseeritud taaskasutatud pol\u00fcestrit.<\/p>\n","protected":false},"excerpt":{"rendered":"<p>Koge Timo m\u00e4rkmikuga funktsionaalsuse ja stiili t\u00e4iuslikku kooslust. See on ideaalne tasakaal suuruse ja vastupidavuse vahel. M\u00e4rkmikul on PU-kate,&#8230;<\/p>\n","protected":false},"featured_media":0,"template":"","meta":[],"product_brand":[],"product_cat":[5406],"product_tag":[],"class_list":{"0":"post-1432302","1":"product","2":"type-product","3":"status-publish","5":"product_cat-markmikud","6":"pa_brand-vinga-2","7":"pa_color-black-2","8":"pa_color-brown-2","9":"pa_gender-uniseks","10":"pa_gender-unisex","13":"pa_material-polyesterpaper","15":"first","16":"instock","17":"taxable","18":"shipping-taxable","19":"purchasable","20":"product-type-variable"},"acf":[],"yoast_head":"<!-- This site is optimized with the Yoast SEO plugin v26.0 - https:\/\/yoast.com\/wordpress\/plugins\/seo\/ -->\n<title>VINGA Timo PU RCS RPET m\u00e4rkmik - Kruze.ee<\/title>\n<meta name=\"robots\" content=\"index, follow, max-snippet:-1, max-image-preview:large, max-video-preview:-1\" \/>\n<link rel=\"canonical\" href=\"https:\/\/kruze.ee\/et\/toode\/vinga-timo-pu-rcs-rpet-markmik\/\" \/>\n<meta property=\"og:locale\" content=\"et_EE\" \/>\n<meta property=\"og:type\" content=\"article\" \/>\n<meta property=\"og:title\" content=\"VINGA Timo PU RCS RPET m\u00e4rkmik - Kruze.ee\" \/>\n<meta property=\"og:description\" content=\"Koge Timo m\u00e4rkmikuga funktsionaalsuse ja stiili t\u00e4iuslikku kooslust. See on ideaalne tasakaal suuruse ja vastupidavuse vahel. M\u00e4rkmikul on PU-kate,...\" \/>\n<meta property=\"og:url\" content=\"https:\/\/kruze.ee\/et\/toode\/vinga-timo-pu-rcs-rpet-markmik\/\" \/>\n<meta property=\"og:site_name\" content=\"Kruze.ee\" \/>\n<meta property=\"article:modified_time\" content=\"2026-03-16T22:00:21+00:00\" \/>\n<meta name=\"twitter:card\" content=\"summary_large_image\" \/>\n<script type=\"application\/ld+json\" class=\"yoast-schema-graph\">{\"@context\":\"https:\/\/schema.org\",\"@graph\":[{\"@type\":\"WebPage\",\"@id\":\"https:\/\/kruze.ee\/et\/toode\/vinga-timo-pu-rcs-rpet-markmik\/\",\"url\":\"https:\/\/kruze.ee\/et\/toode\/vinga-timo-pu-rcs-rpet-markmik\/\",\"name\":\"VINGA Timo PU RCS RPET m\u00e4rkmik - Kruze.ee\",\"isPartOf\":{\"@id\":\"https:\/\/kruze.ee\/et\/#website\"},\"datePublished\":\"2026-01-07T18:42:10+00:00\",\"dateModified\":\"2026-03-16T22:00:21+00:00\",\"breadcrumb\":{\"@id\":\"https:\/\/kruze.ee\/et\/toode\/vinga-timo-pu-rcs-rpet-markmik\/#breadcrumb\"},\"inLanguage\":\"et\",\"potentialAction\":[{\"@type\":\"ReadAction\",\"target\":[\"https:\/\/kruze.ee\/et\/toode\/vinga-timo-pu-rcs-rpet-markmik\/\"]}]},{\"@type\":\"BreadcrumbList\",\"@id\":\"https:\/\/kruze.ee\/et\/toode\/vinga-timo-pu-rcs-rpet-markmik\/#breadcrumb\",\"itemListElement\":[{\"@type\":\"ListItem\",\"position\":1,\"name\":\"Home\",\"item\":\"https:\/\/kruze.ee\/et\/\"},{\"@type\":\"ListItem\",\"position\":2,\"name\":\"Tooted\",\"item\":\"https:\/\/kruze.ee\/et\/tooted\/\"},{\"@type\":\"ListItem\",\"position\":3,\"name\":\"VINGA Timo PU RCS RPET m\u00e4rkmik\"}]},{\"@type\":\"WebSite\",\"@id\":\"https:\/\/kruze.ee\/et\/#website\",\"url\":\"https:\/\/kruze.ee\/et\/\",\"name\":\"Kruze.ee\",\"description\":\"Reklaamkingitused, tr&uuml;kiga T-s&auml;rgid, fliisid, dressipluused, tekstiil, joped ja paljud teised logoga meened, &Auml;rikingitused sinu partnerile! Telli juba t&auml;na.\",\"potentialAction\":[{\"@type\":\"SearchAction\",\"target\":{\"@type\":\"EntryPoint\",\"urlTemplate\":\"https:\/\/kruze.ee\/et\/?s={search_term_string}\"},\"query-input\":{\"@type\":\"PropertyValueSpecification\",\"valueRequired\":true,\"valueName\":\"search_term_string\"}}],\"inLanguage\":\"et\"}]}<\/script>\n<!-- \/ Yoast SEO plugin. -->","yoast_head_json":{"title":"VINGA Timo PU RCS RPET m\u00e4rkmik - Kruze.ee","robots":{"index":"index","follow":"follow","max-snippet":"max-snippet:-1","max-image-preview":"max-image-preview:large","max-video-preview":"max-video-preview:-1"},"canonical":"https:\/\/kruze.ee\/et\/toode\/vinga-timo-pu-rcs-rpet-markmik\/","og_locale":"et_EE","og_type":"article","og_title":"VINGA Timo PU RCS RPET m\u00e4rkmik - Kruze.ee","og_description":"Koge Timo m\u00e4rkmikuga funktsionaalsuse ja stiili t\u00e4iuslikku kooslust. See on ideaalne tasakaal suuruse ja vastupidavuse vahel. M\u00e4rkmikul on PU-kate,...","og_url":"https:\/\/kruze.ee\/et\/toode\/vinga-timo-pu-rcs-rpet-markmik\/","og_site_name":"Kruze.ee","article_modified_time":"2026-03-16T22:00:21+00:00","twitter_card":"summary_large_image","schema":{"@context":"https:\/\/schema.org","@graph":[{"@type":"WebPage","@id":"https:\/\/kruze.ee\/et\/toode\/vinga-timo-pu-rcs-rpet-markmik\/","url":"https:\/\/kruze.ee\/et\/toode\/vinga-timo-pu-rcs-rpet-markmik\/","name":"VINGA Timo PU RCS RPET m\u00e4rkmik - Kruze.ee","isPartOf":{"@id":"https:\/\/kruze.ee\/et\/#website"},"datePublished":"2026-01-07T18:42:10+00:00","dateModified":"2026-03-16T22:00:21+00:00","breadcrumb":{"@id":"https:\/\/kruze.ee\/et\/toode\/vinga-timo-pu-rcs-rpet-markmik\/#breadcrumb"},"inLanguage":"et","potentialAction":[{"@type":"ReadAction","target":["https:\/\/kruze.ee\/et\/toode\/vinga-timo-pu-rcs-rpet-markmik\/"]}]},{"@type":"BreadcrumbList","@id":"https:\/\/kruze.ee\/et\/toode\/vinga-timo-pu-rcs-rpet-markmik\/#breadcrumb","itemListElement":[{"@type":"ListItem","position":1,"name":"Home","item":"https:\/\/kruze.ee\/et\/"},{"@type":"ListItem","position":2,"name":"Tooted","item":"https:\/\/kruze.ee\/et\/tooted\/"},{"@type":"ListItem","position":3,"name":"VINGA Timo PU RCS RPET m\u00e4rkmik"}]},{"@type":"WebSite","@id":"https:\/\/kruze.ee\/et\/#website","url":"https:\/\/kruze.ee\/et\/","name":"Kruze.ee","description":"Reklaamkingitused, tr&uuml;kiga T-s&auml;rgid, fliisid, dressipluused, tekstiil, joped ja paljud teised logoga meened, &Auml;rikingitused sinu partnerile! Telli juba t&auml;na.","potentialAction":[{"@type":"SearchAction","target":{"@type":"EntryPoint","urlTemplate":"https:\/\/kruze.ee\/et\/?s={search_term_string}"},"query-input":{"@type":"PropertyValueSpecification","valueRequired":true,"valueName":"search_term_string"}}],"inLanguage":"et"}]}},"_links":{"self":[{"href":"https:\/\/kruze.ee\/et\/wp-json\/wp\/v2\/product\/1432302","targetHints":{"allow":["GET"]}}],"collection":[{"href":"https:\/\/kruze.ee\/et\/wp-json\/wp\/v2\/product"}],"about":[{"href":"https:\/\/kruze.ee\/et\/wp-json\/wp\/v2\/types\/product"}],"wp:attachment":[{"href":"https:\/\/kruze.ee\/et\/wp-json\/wp\/v2\/media?parent=1432302"}],"wp:term":[{"taxonomy":"product_brand","embeddable":true,"href":"https:\/\/kruze.ee\/et\/wp-json\/wp\/v2\/product_brand?post=1432302"},{"taxonomy":"product_cat","embeddable":true,"href":"https:\/\/kruze.ee\/et\/wp-json\/wp\/v2\/product_cat?post=1432302"},{"taxonomy":"product_tag","embeddable":true,"href":"https:\/\/kruze.ee\/et\/wp-json\/wp\/v2\/product_tag?post=1432302"}],"curies":[{"name":"wp","href":"https:\/\/api.w.org\/{rel}","templated":true}]}}