{"id":1432294,"date":"2026-01-07T21:42:02","date_gmt":"2026-01-07T18:42:02","guid":{"rendered":"https:\/\/kruze.ee\/product\/vinga-baltimore-rcs-a4-mapp\/"},"modified":"2026-03-17T01:00:20","modified_gmt":"2026-03-16T22:00:20","slug":"vinga-baltimore-rcs-a4-mapp","status":"publish","type":"product","link":"https:\/\/kruze.ee\/et\/toode\/vinga-baltimore-rcs-a4-mapp\/","title":{"rendered":"VINGA Baltimore RCS A4 mapp"},"content":{"rendered":"<p>Hoia oma olulised dokumendid ja tarvikud korrastatult selle stiilse A4 formaadis portfoolioga. Portfooliol on pliiatsihoidja, paberitasku ning elastsed taskud kaartide ja telefoni jaoks, samuti m\u00e4rkmik 20 joonelise lehek\u00fcljega. Valmistatud osaliselt taaskasutatud pol\u00fcestrist ning viimistletud klassikalise Baltimore mati PU-kattega, sobib see portfoolio ideaalselt nii t\u00f6\u00f6lauale kui ka kaasa v\u00f5tmiseks. Vahetatav paberisisu tagab toote pikaajalise kasutuse. Toode on RCS (Recycled Claim Standard) sertifitseeritud, mis kinnitab, et taaskasutatud materjalide kogu tarneahel on sertifitseeritud. Taaskasutatud materjali osakaal p\u00f5hineb toote kogukaalul ning see toode sisaldab 6% RCS-sertifitseeritud taaskasutatud pol\u00fcestrit.<\/p>\n","protected":false},"excerpt":{"rendered":"<p>Hoia oma olulised dokumendid ja tarvikud korrastatult selle stiilse A4 formaadis portfoolioga. Portfooliol on pliiatsihoidja, paberitasku ning elastsed taskud&#8230;<\/p>\n","protected":false},"featured_media":0,"template":"","meta":[],"product_brand":[],"product_cat":[5405],"product_tag":[],"class_list":{"0":"post-1432294","1":"product","2":"type-product","3":"status-publish","5":"product_cat-mapid","6":"pa_brand-vinga-2","7":"pa_color-hallikasbeez","8":"pa_color-black-2","9":"pa_color-roheline","10":"pa_color-tumesinine","11":"pa_gender-uniseks","12":"pa_gender-unisex","15":"pa_material-polyester","17":"first","18":"instock","19":"taxable","20":"shipping-taxable","21":"purchasable","22":"product-type-variable"},"acf":[],"yoast_head":"<!-- This site is optimized with the Yoast SEO plugin v26.0 - https:\/\/yoast.com\/wordpress\/plugins\/seo\/ -->\n<title>VINGA Baltimore RCS A4 mapp - Kruze.ee<\/title>\n<meta name=\"robots\" content=\"index, follow, max-snippet:-1, max-image-preview:large, max-video-preview:-1\" \/>\n<link rel=\"canonical\" href=\"https:\/\/kruze.ee\/et\/toode\/vinga-baltimore-rcs-a4-mapp\/\" \/>\n<meta property=\"og:locale\" content=\"et_EE\" \/>\n<meta property=\"og:type\" content=\"article\" \/>\n<meta property=\"og:title\" content=\"VINGA Baltimore RCS A4 mapp - Kruze.ee\" \/>\n<meta property=\"og:description\" content=\"Hoia oma olulised dokumendid ja tarvikud korrastatult selle stiilse A4 formaadis portfoolioga. Portfooliol on pliiatsihoidja, paberitasku ning elastsed taskud...\" \/>\n<meta property=\"og:url\" content=\"https:\/\/kruze.ee\/et\/toode\/vinga-baltimore-rcs-a4-mapp\/\" \/>\n<meta property=\"og:site_name\" content=\"Kruze.ee\" \/>\n<meta property=\"article:modified_time\" content=\"2026-03-16T22:00:20+00:00\" \/>\n<meta name=\"twitter:card\" content=\"summary_large_image\" \/>\n<script type=\"application\/ld+json\" class=\"yoast-schema-graph\">{\"@context\":\"https:\/\/schema.org\",\"@graph\":[{\"@type\":\"WebPage\",\"@id\":\"https:\/\/kruze.ee\/et\/toode\/vinga-baltimore-rcs-a4-mapp\/\",\"url\":\"https:\/\/kruze.ee\/et\/toode\/vinga-baltimore-rcs-a4-mapp\/\",\"name\":\"VINGA Baltimore RCS A4 mapp - Kruze.ee\",\"isPartOf\":{\"@id\":\"https:\/\/kruze.ee\/et\/#website\"},\"datePublished\":\"2026-01-07T18:42:02+00:00\",\"dateModified\":\"2026-03-16T22:00:20+00:00\",\"breadcrumb\":{\"@id\":\"https:\/\/kruze.ee\/et\/toode\/vinga-baltimore-rcs-a4-mapp\/#breadcrumb\"},\"inLanguage\":\"et\",\"potentialAction\":[{\"@type\":\"ReadAction\",\"target\":[\"https:\/\/kruze.ee\/et\/toode\/vinga-baltimore-rcs-a4-mapp\/\"]}]},{\"@type\":\"BreadcrumbList\",\"@id\":\"https:\/\/kruze.ee\/et\/toode\/vinga-baltimore-rcs-a4-mapp\/#breadcrumb\",\"itemListElement\":[{\"@type\":\"ListItem\",\"position\":1,\"name\":\"Home\",\"item\":\"https:\/\/kruze.ee\/et\/\"},{\"@type\":\"ListItem\",\"position\":2,\"name\":\"Tooted\",\"item\":\"https:\/\/kruze.ee\/et\/tooted\/\"},{\"@type\":\"ListItem\",\"position\":3,\"name\":\"VINGA Baltimore RCS A4 mapp\"}]},{\"@type\":\"WebSite\",\"@id\":\"https:\/\/kruze.ee\/et\/#website\",\"url\":\"https:\/\/kruze.ee\/et\/\",\"name\":\"Kruze.ee\",\"description\":\"Reklaamkingitused, tr&uuml;kiga T-s&auml;rgid, fliisid, dressipluused, tekstiil, joped ja paljud teised logoga meened, &Auml;rikingitused sinu partnerile! Telli juba t&auml;na.\",\"potentialAction\":[{\"@type\":\"SearchAction\",\"target\":{\"@type\":\"EntryPoint\",\"urlTemplate\":\"https:\/\/kruze.ee\/et\/?s={search_term_string}\"},\"query-input\":{\"@type\":\"PropertyValueSpecification\",\"valueRequired\":true,\"valueName\":\"search_term_string\"}}],\"inLanguage\":\"et\"}]}<\/script>\n<!-- \/ Yoast SEO plugin. -->","yoast_head_json":{"title":"VINGA Baltimore RCS A4 mapp - Kruze.ee","robots":{"index":"index","follow":"follow","max-snippet":"max-snippet:-1","max-image-preview":"max-image-preview:large","max-video-preview":"max-video-preview:-1"},"canonical":"https:\/\/kruze.ee\/et\/toode\/vinga-baltimore-rcs-a4-mapp\/","og_locale":"et_EE","og_type":"article","og_title":"VINGA Baltimore RCS A4 mapp - Kruze.ee","og_description":"Hoia oma olulised dokumendid ja tarvikud korrastatult selle stiilse A4 formaadis portfoolioga. Portfooliol on pliiatsihoidja, paberitasku ning elastsed taskud...","og_url":"https:\/\/kruze.ee\/et\/toode\/vinga-baltimore-rcs-a4-mapp\/","og_site_name":"Kruze.ee","article_modified_time":"2026-03-16T22:00:20+00:00","twitter_card":"summary_large_image","schema":{"@context":"https:\/\/schema.org","@graph":[{"@type":"WebPage","@id":"https:\/\/kruze.ee\/et\/toode\/vinga-baltimore-rcs-a4-mapp\/","url":"https:\/\/kruze.ee\/et\/toode\/vinga-baltimore-rcs-a4-mapp\/","name":"VINGA Baltimore RCS A4 mapp - Kruze.ee","isPartOf":{"@id":"https:\/\/kruze.ee\/et\/#website"},"datePublished":"2026-01-07T18:42:02+00:00","dateModified":"2026-03-16T22:00:20+00:00","breadcrumb":{"@id":"https:\/\/kruze.ee\/et\/toode\/vinga-baltimore-rcs-a4-mapp\/#breadcrumb"},"inLanguage":"et","potentialAction":[{"@type":"ReadAction","target":["https:\/\/kruze.ee\/et\/toode\/vinga-baltimore-rcs-a4-mapp\/"]}]},{"@type":"BreadcrumbList","@id":"https:\/\/kruze.ee\/et\/toode\/vinga-baltimore-rcs-a4-mapp\/#breadcrumb","itemListElement":[{"@type":"ListItem","position":1,"name":"Home","item":"https:\/\/kruze.ee\/et\/"},{"@type":"ListItem","position":2,"name":"Tooted","item":"https:\/\/kruze.ee\/et\/tooted\/"},{"@type":"ListItem","position":3,"name":"VINGA Baltimore RCS A4 mapp"}]},{"@type":"WebSite","@id":"https:\/\/kruze.ee\/et\/#website","url":"https:\/\/kruze.ee\/et\/","name":"Kruze.ee","description":"Reklaamkingitused, tr&uuml;kiga T-s&auml;rgid, fliisid, dressipluused, tekstiil, joped ja paljud teised logoga meened, &Auml;rikingitused sinu partnerile! Telli juba t&auml;na.","potentialAction":[{"@type":"SearchAction","target":{"@type":"EntryPoint","urlTemplate":"https:\/\/kruze.ee\/et\/?s={search_term_string}"},"query-input":{"@type":"PropertyValueSpecification","valueRequired":true,"valueName":"search_term_string"}}],"inLanguage":"et"}]}},"_links":{"self":[{"href":"https:\/\/kruze.ee\/et\/wp-json\/wp\/v2\/product\/1432294","targetHints":{"allow":["GET"]}}],"collection":[{"href":"https:\/\/kruze.ee\/et\/wp-json\/wp\/v2\/product"}],"about":[{"href":"https:\/\/kruze.ee\/et\/wp-json\/wp\/v2\/types\/product"}],"wp:attachment":[{"href":"https:\/\/kruze.ee\/et\/wp-json\/wp\/v2\/media?parent=1432294"}],"wp:term":[{"taxonomy":"product_brand","embeddable":true,"href":"https:\/\/kruze.ee\/et\/wp-json\/wp\/v2\/product_brand?post=1432294"},{"taxonomy":"product_cat","embeddable":true,"href":"https:\/\/kruze.ee\/et\/wp-json\/wp\/v2\/product_cat?post=1432294"},{"taxonomy":"product_tag","embeddable":true,"href":"https:\/\/kruze.ee\/et\/wp-json\/wp\/v2\/product_tag?post=1432294"}],"curies":[{"name":"wp","href":"https:\/\/api.w.org\/{rel}","templated":true}]}}