{"id":1432030,"date":"2026-01-07T21:15:12","date_gmt":"2026-01-07T18:15:12","guid":{"rendered":"https:\/\/kruze.ee\/product\/elevate-life-nanaimo-naiste-t-sark\/"},"modified":"2026-03-27T13:38:15","modified_gmt":"2026-03-27T10:38:15","slug":"elevate-life-nanaimo-naiste-t-sark","status":"publish","type":"product","link":"https:\/\/kruze.ee\/et\/toode\/elevate-life-nanaimo-naiste-t-sark\/","title":{"rendered":"Elevate Life Nanaimo naiste T-s\u00e4rk"},"content":{"rendered":"<p>Nanaimo naiste l\u00fchikeste varrukatega T-s\u00e4rk, mis on valmistatud 160 g\/m\u00b2 puuvillast. Ringspun-puuvill tagab tugevama ja siledama l\u00f5nga, mille tulemusel on kangas vastupidavam ning sobib suurep\u00e4raselt kvaliteetseks br\u00e4ndinguks. S\u00e4rk on naiseliku l\u00f5ikega ning k\u00fclje\u00f5mblustega, mis tagavad hea istuvuse. Tr\u00fckitud Elevate\u2019i kaubam\u00e4rk kaeluse sees lisab kandmismugavust. Tugevdatud \u00f5la\u00f5mblused aitavad s\u00e4ilitada s\u00e4rgi kuju ka pikaajalisel kasutamisel.<\/p>\n","protected":false},"excerpt":{"rendered":"<p>Nanaimo naiste l\u00fchikeste varrukatega T-s\u00e4rk, mis on valmistatud 160 g\/m\u00b2 puuvillast. Ringspun-puuvill tagab tugevama ja siledama l\u00f5nga, mille tulemusel on&#8230;<\/p>\n","protected":false},"featured_media":0,"template":"","meta":[],"product_brand":[],"product_cat":[5374],"product_tag":[],"class_list":{"0":"post-1432030","1":"product","2":"type-product","3":"status-publish","5":"product_cat-t-sargid-topid","6":"pa_brand-elevate-life","7":"pa_color-beez","8":"pa_color-hall","9":"pa_color-kollane","10":"pa_color-purple-2","11":"pa_color-black-2","12":"pa_color-oranz","13":"pa_color-punane","14":"pa_color-roheline","15":"pa_color-roosa","16":"pa_color-blue-2","17":"pa_color-valge","18":"pa_gender-naised","19":"pa_gender-women","20":"pa_material-single-jersey-knit-of-100-bci-cotton-160-gm2","21":"pa_size-xs","22":"pa_size-s","23":"pa_size-m","24":"pa_size-l","25":"pa_size-xl","26":"pa_size-2xl","28":"first","29":"instock","30":"taxable","31":"shipping-taxable","32":"purchasable","33":"product-type-variable"},"acf":[],"yoast_head":"<!-- This site is optimized with the Yoast SEO plugin v26.0 - https:\/\/yoast.com\/wordpress\/plugins\/seo\/ -->\n<title>Elevate Life Nanaimo naiste T-s\u00e4rk - Kruze.ee<\/title>\n<meta name=\"robots\" content=\"index, follow, max-snippet:-1, max-image-preview:large, max-video-preview:-1\" \/>\n<link rel=\"canonical\" href=\"https:\/\/kruze.ee\/et\/toode\/elevate-life-nanaimo-naiste-t-sark\/\" \/>\n<meta property=\"og:locale\" content=\"et_EE\" \/>\n<meta property=\"og:type\" content=\"article\" \/>\n<meta property=\"og:title\" content=\"Elevate Life Nanaimo naiste T-s\u00e4rk - Kruze.ee\" \/>\n<meta property=\"og:description\" content=\"Nanaimo naiste l\u00fchikeste varrukatega T-s\u00e4rk, mis on valmistatud 160 g\/m\u00b2 puuvillast. Ringspun-puuvill tagab tugevama ja siledama l\u00f5nga, mille tulemusel on...\" \/>\n<meta property=\"og:url\" content=\"https:\/\/kruze.ee\/et\/toode\/elevate-life-nanaimo-naiste-t-sark\/\" \/>\n<meta property=\"og:site_name\" content=\"Kruze.ee\" \/>\n<meta property=\"article:modified_time\" content=\"2026-03-27T10:38:15+00:00\" \/>\n<meta name=\"twitter:card\" content=\"summary_large_image\" \/>\n<meta name=\"twitter:label1\" content=\"Est. reading time\" \/>\n\t<meta name=\"twitter:data1\" content=\"1 minut\" \/>\n<script type=\"application\/ld+json\" class=\"yoast-schema-graph\">{\"@context\":\"https:\/\/schema.org\",\"@graph\":[{\"@type\":\"WebPage\",\"@id\":\"https:\/\/kruze.ee\/et\/toode\/elevate-life-nanaimo-naiste-t-sark\/\",\"url\":\"https:\/\/kruze.ee\/et\/toode\/elevate-life-nanaimo-naiste-t-sark\/\",\"name\":\"Elevate Life Nanaimo naiste T-s\u00e4rk - Kruze.ee\",\"isPartOf\":{\"@id\":\"https:\/\/kruze.ee\/et\/#website\"},\"datePublished\":\"2026-01-07T18:15:12+00:00\",\"dateModified\":\"2026-03-27T10:38:15+00:00\",\"breadcrumb\":{\"@id\":\"https:\/\/kruze.ee\/et\/toode\/elevate-life-nanaimo-naiste-t-sark\/#breadcrumb\"},\"inLanguage\":\"et\",\"potentialAction\":[{\"@type\":\"ReadAction\",\"target\":[\"https:\/\/kruze.ee\/et\/toode\/elevate-life-nanaimo-naiste-t-sark\/\"]}]},{\"@type\":\"BreadcrumbList\",\"@id\":\"https:\/\/kruze.ee\/et\/toode\/elevate-life-nanaimo-naiste-t-sark\/#breadcrumb\",\"itemListElement\":[{\"@type\":\"ListItem\",\"position\":1,\"name\":\"Home\",\"item\":\"https:\/\/kruze.ee\/et\/\"},{\"@type\":\"ListItem\",\"position\":2,\"name\":\"Tooted\",\"item\":\"https:\/\/kruze.ee\/et\/tooted\/\"},{\"@type\":\"ListItem\",\"position\":3,\"name\":\"Elevate Life Nanaimo naiste T-s\u00e4rk\"}]},{\"@type\":\"WebSite\",\"@id\":\"https:\/\/kruze.ee\/et\/#website\",\"url\":\"https:\/\/kruze.ee\/et\/\",\"name\":\"Kruze.ee\",\"description\":\"Reklaamkingitused, tr&uuml;kiga T-s&auml;rgid, fliisid, dressipluused, tekstiil, joped ja paljud teised logoga meened, &Auml;rikingitused sinu partnerile! Telli juba t&auml;na.\",\"potentialAction\":[{\"@type\":\"SearchAction\",\"target\":{\"@type\":\"EntryPoint\",\"urlTemplate\":\"https:\/\/kruze.ee\/et\/?s={search_term_string}\"},\"query-input\":{\"@type\":\"PropertyValueSpecification\",\"valueRequired\":true,\"valueName\":\"search_term_string\"}}],\"inLanguage\":\"et\"}]}<\/script>\n<!-- \/ Yoast SEO plugin. -->","yoast_head_json":{"title":"Elevate Life Nanaimo naiste T-s\u00e4rk - Kruze.ee","robots":{"index":"index","follow":"follow","max-snippet":"max-snippet:-1","max-image-preview":"max-image-preview:large","max-video-preview":"max-video-preview:-1"},"canonical":"https:\/\/kruze.ee\/et\/toode\/elevate-life-nanaimo-naiste-t-sark\/","og_locale":"et_EE","og_type":"article","og_title":"Elevate Life Nanaimo naiste T-s\u00e4rk - Kruze.ee","og_description":"Nanaimo naiste l\u00fchikeste varrukatega T-s\u00e4rk, mis on valmistatud 160 g\/m\u00b2 puuvillast. Ringspun-puuvill tagab tugevama ja siledama l\u00f5nga, mille tulemusel on...","og_url":"https:\/\/kruze.ee\/et\/toode\/elevate-life-nanaimo-naiste-t-sark\/","og_site_name":"Kruze.ee","article_modified_time":"2026-03-27T10:38:15+00:00","twitter_card":"summary_large_image","twitter_misc":{"Est. reading time":"1 minut"},"schema":{"@context":"https:\/\/schema.org","@graph":[{"@type":"WebPage","@id":"https:\/\/kruze.ee\/et\/toode\/elevate-life-nanaimo-naiste-t-sark\/","url":"https:\/\/kruze.ee\/et\/toode\/elevate-life-nanaimo-naiste-t-sark\/","name":"Elevate Life Nanaimo naiste T-s\u00e4rk - Kruze.ee","isPartOf":{"@id":"https:\/\/kruze.ee\/et\/#website"},"datePublished":"2026-01-07T18:15:12+00:00","dateModified":"2026-03-27T10:38:15+00:00","breadcrumb":{"@id":"https:\/\/kruze.ee\/et\/toode\/elevate-life-nanaimo-naiste-t-sark\/#breadcrumb"},"inLanguage":"et","potentialAction":[{"@type":"ReadAction","target":["https:\/\/kruze.ee\/et\/toode\/elevate-life-nanaimo-naiste-t-sark\/"]}]},{"@type":"BreadcrumbList","@id":"https:\/\/kruze.ee\/et\/toode\/elevate-life-nanaimo-naiste-t-sark\/#breadcrumb","itemListElement":[{"@type":"ListItem","position":1,"name":"Home","item":"https:\/\/kruze.ee\/et\/"},{"@type":"ListItem","position":2,"name":"Tooted","item":"https:\/\/kruze.ee\/et\/tooted\/"},{"@type":"ListItem","position":3,"name":"Elevate Life Nanaimo naiste T-s\u00e4rk"}]},{"@type":"WebSite","@id":"https:\/\/kruze.ee\/et\/#website","url":"https:\/\/kruze.ee\/et\/","name":"Kruze.ee","description":"Reklaamkingitused, tr&uuml;kiga T-s&auml;rgid, fliisid, dressipluused, tekstiil, joped ja paljud teised logoga meened, &Auml;rikingitused sinu partnerile! Telli juba t&auml;na.","potentialAction":[{"@type":"SearchAction","target":{"@type":"EntryPoint","urlTemplate":"https:\/\/kruze.ee\/et\/?s={search_term_string}"},"query-input":{"@type":"PropertyValueSpecification","valueRequired":true,"valueName":"search_term_string"}}],"inLanguage":"et"}]}},"_links":{"self":[{"href":"https:\/\/kruze.ee\/et\/wp-json\/wp\/v2\/product\/1432030","targetHints":{"allow":["GET"]}}],"collection":[{"href":"https:\/\/kruze.ee\/et\/wp-json\/wp\/v2\/product"}],"about":[{"href":"https:\/\/kruze.ee\/et\/wp-json\/wp\/v2\/types\/product"}],"wp:attachment":[{"href":"https:\/\/kruze.ee\/et\/wp-json\/wp\/v2\/media?parent=1432030"}],"wp:term":[{"taxonomy":"product_brand","embeddable":true,"href":"https:\/\/kruze.ee\/et\/wp-json\/wp\/v2\/product_brand?post=1432030"},{"taxonomy":"product_cat","embeddable":true,"href":"https:\/\/kruze.ee\/et\/wp-json\/wp\/v2\/product_cat?post=1432030"},{"taxonomy":"product_tag","embeddable":true,"href":"https:\/\/kruze.ee\/et\/wp-json\/wp\/v2\/product_tag?post=1432030"}],"curies":[{"name":"wp","href":"https:\/\/api.w.org\/{rel}","templated":true}]}}