{"id":1431722,"date":"2026-01-07T21:12:39","date_gmt":"2026-01-07T18:12:39","guid":{"rendered":"https:\/\/kruze.ee\/product\/elevate-life-nanaimo-meeste-t-sark\/"},"modified":"2026-03-30T11:42:00","modified_gmt":"2026-03-30T08:42:00","slug":"elevate-life-nanaimo-meeste-t-sark","status":"publish","type":"product","link":"https:\/\/kruze.ee\/et\/toode\/elevate-life-nanaimo-meeste-t-sark\/","title":{"rendered":"Elevate Life Nanaimo meeste T-s\u00e4rk"},"content":{"rendered":"<p>Nanaimo meeste l\u00fchikeste varrukatega T-s\u00e4rk, valmistatud 160 g\/m\u00b2 puuvillast.. Ringspun-puuvill tagab tugevama ja siledama l\u00f5nga, mille tulemusel on kangas vastupidavam ning sobib ideaalselt kvaliteetseks br\u00e4ndinguks. K\u00fclje\u00f5mblused tagavad hea istuvuse ning tr\u00fckitud Elevate\u2019i kaubam\u00e4rk kaeluse sees muudab s\u00e4rgi kandmise eriti mugavaks. Tugevdatud \u00f5la\u00f5mblused aitavad s\u00e4ilitada hea istuvuse ka pikaajalisel kasutamisel.<\/p>\n","protected":false},"excerpt":{"rendered":"<p>Nanaimo meeste l\u00fchikeste varrukatega T-s\u00e4rk, valmistatud 160 g\/m\u00b2 puuvillast.. Ringspun-puuvill tagab tugevama ja siledama l\u00f5nga, mille tulemusel on kangas&#8230;<\/p>\n","protected":false},"featured_media":0,"template":"","meta":[],"product_brand":[],"product_cat":[5374],"product_tag":[],"class_list":{"0":"post-1431722","1":"product","2":"type-product","3":"status-publish","5":"product_cat-t-sargid-topid","6":"pa_brand-elevate-life","7":"pa_color-antratsiit","8":"pa_color-aqua","9":"pa_color-armeeroheline","10":"pa_color-hale-blue","11":"pa_color-heleroosa","12":"pa_color-helesinine","13":"pa_color-kollane","14":"pa_color-liivakivi","15":"pa_color-magenta","16":"pa_color-meleeritud-hall","17":"pa_color-metsaroheline","18":"pa_color-black-2","19":"pa_color-oranz","20":"pa_color-ounaroheline","21":"pa_color-pale-blush","22":"pa_color-ploomililla","23":"pa_color-punane","24":"pa_color-roosa","25":"pa_color-blue-2","26":"pa_color-sonajalaroheline","27":"pa_color-tumesinine","28":"pa_color-valge","29":"pa_color-veinipunane","30":"pa_gender-mehed","31":"pa_gender-men","32":"pa_material-single-jersey-knit-of-100-bci-cotton-160-gm2","33":"pa_size-xs","34":"pa_size-s","35":"pa_size-m","36":"pa_size-l","37":"pa_size-xl","38":"pa_size-2xl","39":"pa_size-3xl","41":"first","42":"instock","43":"taxable","44":"shipping-taxable","45":"purchasable","46":"product-type-variable"},"acf":[],"yoast_head":"<!-- This site is optimized with the Yoast SEO plugin v26.0 - https:\/\/yoast.com\/wordpress\/plugins\/seo\/ -->\n<title>Elevate Life Nanaimo meeste T-s\u00e4rk - Kruze.ee<\/title>\n<meta name=\"robots\" content=\"index, follow, max-snippet:-1, max-image-preview:large, max-video-preview:-1\" \/>\n<link rel=\"canonical\" href=\"https:\/\/kruze.ee\/et\/toode\/elevate-life-nanaimo-meeste-t-sark\/\" \/>\n<meta property=\"og:locale\" content=\"et_EE\" \/>\n<meta property=\"og:type\" content=\"article\" \/>\n<meta property=\"og:title\" content=\"Elevate Life Nanaimo meeste T-s\u00e4rk - Kruze.ee\" \/>\n<meta property=\"og:description\" content=\"Nanaimo meeste l\u00fchikeste varrukatega T-s\u00e4rk, valmistatud 160 g\/m\u00b2 puuvillast.. Ringspun-puuvill tagab tugevama ja siledama l\u00f5nga, mille tulemusel on kangas...\" \/>\n<meta property=\"og:url\" content=\"https:\/\/kruze.ee\/et\/toode\/elevate-life-nanaimo-meeste-t-sark\/\" \/>\n<meta property=\"og:site_name\" content=\"Kruze.ee\" \/>\n<meta property=\"article:modified_time\" content=\"2026-03-30T08:42:00+00:00\" \/>\n<meta name=\"twitter:card\" content=\"summary_large_image\" \/>\n<meta name=\"twitter:label1\" content=\"Est. reading time\" \/>\n\t<meta name=\"twitter:data1\" content=\"1 minut\" \/>\n<script type=\"application\/ld+json\" class=\"yoast-schema-graph\">{\"@context\":\"https:\/\/schema.org\",\"@graph\":[{\"@type\":\"WebPage\",\"@id\":\"https:\/\/kruze.ee\/et\/toode\/elevate-life-nanaimo-meeste-t-sark\/\",\"url\":\"https:\/\/kruze.ee\/et\/toode\/elevate-life-nanaimo-meeste-t-sark\/\",\"name\":\"Elevate Life Nanaimo meeste T-s\u00e4rk - Kruze.ee\",\"isPartOf\":{\"@id\":\"https:\/\/kruze.ee\/et\/#website\"},\"datePublished\":\"2026-01-07T18:12:39+00:00\",\"dateModified\":\"2026-03-30T08:42:00+00:00\",\"breadcrumb\":{\"@id\":\"https:\/\/kruze.ee\/et\/toode\/elevate-life-nanaimo-meeste-t-sark\/#breadcrumb\"},\"inLanguage\":\"et\",\"potentialAction\":[{\"@type\":\"ReadAction\",\"target\":[\"https:\/\/kruze.ee\/et\/toode\/elevate-life-nanaimo-meeste-t-sark\/\"]}]},{\"@type\":\"BreadcrumbList\",\"@id\":\"https:\/\/kruze.ee\/et\/toode\/elevate-life-nanaimo-meeste-t-sark\/#breadcrumb\",\"itemListElement\":[{\"@type\":\"ListItem\",\"position\":1,\"name\":\"Home\",\"item\":\"https:\/\/kruze.ee\/et\/\"},{\"@type\":\"ListItem\",\"position\":2,\"name\":\"Tooted\",\"item\":\"https:\/\/kruze.ee\/et\/tooted\/\"},{\"@type\":\"ListItem\",\"position\":3,\"name\":\"Elevate Life Nanaimo meeste T-s\u00e4rk\"}]},{\"@type\":\"WebSite\",\"@id\":\"https:\/\/kruze.ee\/et\/#website\",\"url\":\"https:\/\/kruze.ee\/et\/\",\"name\":\"Kruze.ee\",\"description\":\"Reklaamkingitused, tr&uuml;kiga T-s&auml;rgid, fliisid, dressipluused, tekstiil, joped ja paljud teised logoga meened, &Auml;rikingitused sinu partnerile! Telli juba t&auml;na.\",\"potentialAction\":[{\"@type\":\"SearchAction\",\"target\":{\"@type\":\"EntryPoint\",\"urlTemplate\":\"https:\/\/kruze.ee\/et\/?s={search_term_string}\"},\"query-input\":{\"@type\":\"PropertyValueSpecification\",\"valueRequired\":true,\"valueName\":\"search_term_string\"}}],\"inLanguage\":\"et\"}]}<\/script>\n<!-- \/ Yoast SEO plugin. -->","yoast_head_json":{"title":"Elevate Life Nanaimo meeste T-s\u00e4rk - Kruze.ee","robots":{"index":"index","follow":"follow","max-snippet":"max-snippet:-1","max-image-preview":"max-image-preview:large","max-video-preview":"max-video-preview:-1"},"canonical":"https:\/\/kruze.ee\/et\/toode\/elevate-life-nanaimo-meeste-t-sark\/","og_locale":"et_EE","og_type":"article","og_title":"Elevate Life Nanaimo meeste T-s\u00e4rk - Kruze.ee","og_description":"Nanaimo meeste l\u00fchikeste varrukatega T-s\u00e4rk, valmistatud 160 g\/m\u00b2 puuvillast.. Ringspun-puuvill tagab tugevama ja siledama l\u00f5nga, mille tulemusel on kangas...","og_url":"https:\/\/kruze.ee\/et\/toode\/elevate-life-nanaimo-meeste-t-sark\/","og_site_name":"Kruze.ee","article_modified_time":"2026-03-30T08:42:00+00:00","twitter_card":"summary_large_image","twitter_misc":{"Est. reading time":"1 minut"},"schema":{"@context":"https:\/\/schema.org","@graph":[{"@type":"WebPage","@id":"https:\/\/kruze.ee\/et\/toode\/elevate-life-nanaimo-meeste-t-sark\/","url":"https:\/\/kruze.ee\/et\/toode\/elevate-life-nanaimo-meeste-t-sark\/","name":"Elevate Life Nanaimo meeste T-s\u00e4rk - Kruze.ee","isPartOf":{"@id":"https:\/\/kruze.ee\/et\/#website"},"datePublished":"2026-01-07T18:12:39+00:00","dateModified":"2026-03-30T08:42:00+00:00","breadcrumb":{"@id":"https:\/\/kruze.ee\/et\/toode\/elevate-life-nanaimo-meeste-t-sark\/#breadcrumb"},"inLanguage":"et","potentialAction":[{"@type":"ReadAction","target":["https:\/\/kruze.ee\/et\/toode\/elevate-life-nanaimo-meeste-t-sark\/"]}]},{"@type":"BreadcrumbList","@id":"https:\/\/kruze.ee\/et\/toode\/elevate-life-nanaimo-meeste-t-sark\/#breadcrumb","itemListElement":[{"@type":"ListItem","position":1,"name":"Home","item":"https:\/\/kruze.ee\/et\/"},{"@type":"ListItem","position":2,"name":"Tooted","item":"https:\/\/kruze.ee\/et\/tooted\/"},{"@type":"ListItem","position":3,"name":"Elevate Life Nanaimo meeste T-s\u00e4rk"}]},{"@type":"WebSite","@id":"https:\/\/kruze.ee\/et\/#website","url":"https:\/\/kruze.ee\/et\/","name":"Kruze.ee","description":"Reklaamkingitused, tr&uuml;kiga T-s&auml;rgid, fliisid, dressipluused, tekstiil, joped ja paljud teised logoga meened, &Auml;rikingitused sinu partnerile! Telli juba t&auml;na.","potentialAction":[{"@type":"SearchAction","target":{"@type":"EntryPoint","urlTemplate":"https:\/\/kruze.ee\/et\/?s={search_term_string}"},"query-input":{"@type":"PropertyValueSpecification","valueRequired":true,"valueName":"search_term_string"}}],"inLanguage":"et"}]}},"_links":{"self":[{"href":"https:\/\/kruze.ee\/et\/wp-json\/wp\/v2\/product\/1431722","targetHints":{"allow":["GET"]}}],"collection":[{"href":"https:\/\/kruze.ee\/et\/wp-json\/wp\/v2\/product"}],"about":[{"href":"https:\/\/kruze.ee\/et\/wp-json\/wp\/v2\/types\/product"}],"wp:attachment":[{"href":"https:\/\/kruze.ee\/et\/wp-json\/wp\/v2\/media?parent=1431722"}],"wp:term":[{"taxonomy":"product_brand","embeddable":true,"href":"https:\/\/kruze.ee\/et\/wp-json\/wp\/v2\/product_brand?post=1431722"},{"taxonomy":"product_cat","embeddable":true,"href":"https:\/\/kruze.ee\/et\/wp-json\/wp\/v2\/product_cat?post=1431722"},{"taxonomy":"product_tag","embeddable":true,"href":"https:\/\/kruze.ee\/et\/wp-json\/wp\/v2\/product_tag?post=1431722"}],"curies":[{"name":"wp","href":"https:\/\/api.w.org\/{rel}","templated":true}]}}