{"id":1431718,"date":"2026-01-07T12:46:30","date_gmt":"2026-01-07T09:46:30","guid":{"rendered":"https:\/\/kruze.ee\/product\/unbranded-peeta-500-ml-termokruus\/"},"modified":"2026-03-17T01:25:33","modified_gmt":"2026-03-16T22:25:33","slug":"unbranded-peeta-500-ml-termokruus","status":"publish","type":"product","link":"https:\/\/kruze.ee\/et\/toode\/unbranded-peeta-500-ml-termokruus\/","title":{"rendered":"Unbranded Peeta 500 ml termokruus"},"content":{"rendered":"<p>See vastupidav termokruus sobib ideaalselt reisimiseks ning mahub enamike topsihoidjate sisse. Lekkevabal kaanel on mugav klapitav avamismehhanism. Termokruus on valmistatud kahekordse seinaga roostevabast terasest ning vasest vaakumisolatsiooniga, mis hoiab joogid kuumana kuni 8 tundi ja k\u00fclmana kuni 24 tundi. Konstruktsioon hoiab \u00e4ra ka kondensatsiooni tekkimise kruusi v\u00e4lispinnale. Mahutavus on 500 ml. Toode on pakendatud Avenue kinkekarpi.<\/p>\n","protected":false},"excerpt":{"rendered":"<p>See vastupidav termokruus sobib ideaalselt reisimiseks ning mahub enamike topsihoidjate sisse. Lekkevabal kaanel on mugav klapitav avamismehhanism. Termokruus&#8230;<\/p>\n","protected":false},"featured_media":0,"template":"","meta":[],"product_brand":[],"product_cat":[15071],"product_tag":[],"class_list":{"0":"post-1431718","1":"product","2":"type-product","3":"status-publish","5":"product_cat-termoskruusid","6":"pa_brand-unbranded","7":"pa_color-kroom","8":"pa_color-black-2","9":"pa_gender-uniseks","10":"pa_gender-unisex","13":"pa_material-stainless-steel","15":"first","16":"instock","17":"taxable","18":"shipping-taxable","19":"purchasable","20":"product-type-variable"},"acf":[],"yoast_head":"<!-- This site is optimized with the Yoast SEO plugin v26.0 - https:\/\/yoast.com\/wordpress\/plugins\/seo\/ -->\n<title>Unbranded Peeta 500 ml termokruus - Kruze.ee<\/title>\n<meta name=\"robots\" content=\"index, follow, max-snippet:-1, max-image-preview:large, max-video-preview:-1\" \/>\n<link rel=\"canonical\" href=\"https:\/\/kruze.ee\/et\/toode\/unbranded-peeta-500-ml-termokruus\/\" \/>\n<meta property=\"og:locale\" content=\"et_EE\" \/>\n<meta property=\"og:type\" content=\"article\" \/>\n<meta property=\"og:title\" content=\"Unbranded Peeta 500 ml termokruus - Kruze.ee\" \/>\n<meta property=\"og:description\" content=\"See vastupidav termokruus sobib ideaalselt reisimiseks ning mahub enamike topsihoidjate sisse. Lekkevabal kaanel on mugav klapitav avamismehhanism. Termokruus...\" \/>\n<meta property=\"og:url\" content=\"https:\/\/kruze.ee\/et\/toode\/unbranded-peeta-500-ml-termokruus\/\" \/>\n<meta property=\"og:site_name\" content=\"Kruze.ee\" \/>\n<meta property=\"article:modified_time\" content=\"2026-03-16T22:25:33+00:00\" \/>\n<meta name=\"twitter:card\" content=\"summary_large_image\" \/>\n<meta name=\"twitter:label1\" content=\"Est. reading time\" \/>\n\t<meta name=\"twitter:data1\" content=\"1 minut\" \/>\n<script type=\"application\/ld+json\" class=\"yoast-schema-graph\">{\"@context\":\"https:\/\/schema.org\",\"@graph\":[{\"@type\":\"WebPage\",\"@id\":\"https:\/\/kruze.ee\/et\/toode\/unbranded-peeta-500-ml-termokruus\/\",\"url\":\"https:\/\/kruze.ee\/et\/toode\/unbranded-peeta-500-ml-termokruus\/\",\"name\":\"Unbranded Peeta 500 ml termokruus - Kruze.ee\",\"isPartOf\":{\"@id\":\"https:\/\/kruze.ee\/et\/#website\"},\"datePublished\":\"2026-01-07T09:46:30+00:00\",\"dateModified\":\"2026-03-16T22:25:33+00:00\",\"breadcrumb\":{\"@id\":\"https:\/\/kruze.ee\/et\/toode\/unbranded-peeta-500-ml-termokruus\/#breadcrumb\"},\"inLanguage\":\"et\",\"potentialAction\":[{\"@type\":\"ReadAction\",\"target\":[\"https:\/\/kruze.ee\/et\/toode\/unbranded-peeta-500-ml-termokruus\/\"]}]},{\"@type\":\"BreadcrumbList\",\"@id\":\"https:\/\/kruze.ee\/et\/toode\/unbranded-peeta-500-ml-termokruus\/#breadcrumb\",\"itemListElement\":[{\"@type\":\"ListItem\",\"position\":1,\"name\":\"Home\",\"item\":\"https:\/\/kruze.ee\/et\/\"},{\"@type\":\"ListItem\",\"position\":2,\"name\":\"Tooted\",\"item\":\"https:\/\/kruze.ee\/et\/tooted\/\"},{\"@type\":\"ListItem\",\"position\":3,\"name\":\"Unbranded Peeta 500 ml termokruus\"}]},{\"@type\":\"WebSite\",\"@id\":\"https:\/\/kruze.ee\/et\/#website\",\"url\":\"https:\/\/kruze.ee\/et\/\",\"name\":\"Kruze.ee\",\"description\":\"Reklaamkingitused, tr&uuml;kiga T-s&auml;rgid, fliisid, dressipluused, tekstiil, joped ja paljud teised logoga meened, &Auml;rikingitused sinu partnerile! Telli juba t&auml;na.\",\"potentialAction\":[{\"@type\":\"SearchAction\",\"target\":{\"@type\":\"EntryPoint\",\"urlTemplate\":\"https:\/\/kruze.ee\/et\/?s={search_term_string}\"},\"query-input\":{\"@type\":\"PropertyValueSpecification\",\"valueRequired\":true,\"valueName\":\"search_term_string\"}}],\"inLanguage\":\"et\"}]}<\/script>\n<!-- \/ Yoast SEO plugin. -->","yoast_head_json":{"title":"Unbranded Peeta 500 ml termokruus - Kruze.ee","robots":{"index":"index","follow":"follow","max-snippet":"max-snippet:-1","max-image-preview":"max-image-preview:large","max-video-preview":"max-video-preview:-1"},"canonical":"https:\/\/kruze.ee\/et\/toode\/unbranded-peeta-500-ml-termokruus\/","og_locale":"et_EE","og_type":"article","og_title":"Unbranded Peeta 500 ml termokruus - Kruze.ee","og_description":"See vastupidav termokruus sobib ideaalselt reisimiseks ning mahub enamike topsihoidjate sisse. Lekkevabal kaanel on mugav klapitav avamismehhanism. Termokruus...","og_url":"https:\/\/kruze.ee\/et\/toode\/unbranded-peeta-500-ml-termokruus\/","og_site_name":"Kruze.ee","article_modified_time":"2026-03-16T22:25:33+00:00","twitter_card":"summary_large_image","twitter_misc":{"Est. reading time":"1 minut"},"schema":{"@context":"https:\/\/schema.org","@graph":[{"@type":"WebPage","@id":"https:\/\/kruze.ee\/et\/toode\/unbranded-peeta-500-ml-termokruus\/","url":"https:\/\/kruze.ee\/et\/toode\/unbranded-peeta-500-ml-termokruus\/","name":"Unbranded Peeta 500 ml termokruus - Kruze.ee","isPartOf":{"@id":"https:\/\/kruze.ee\/et\/#website"},"datePublished":"2026-01-07T09:46:30+00:00","dateModified":"2026-03-16T22:25:33+00:00","breadcrumb":{"@id":"https:\/\/kruze.ee\/et\/toode\/unbranded-peeta-500-ml-termokruus\/#breadcrumb"},"inLanguage":"et","potentialAction":[{"@type":"ReadAction","target":["https:\/\/kruze.ee\/et\/toode\/unbranded-peeta-500-ml-termokruus\/"]}]},{"@type":"BreadcrumbList","@id":"https:\/\/kruze.ee\/et\/toode\/unbranded-peeta-500-ml-termokruus\/#breadcrumb","itemListElement":[{"@type":"ListItem","position":1,"name":"Home","item":"https:\/\/kruze.ee\/et\/"},{"@type":"ListItem","position":2,"name":"Tooted","item":"https:\/\/kruze.ee\/et\/tooted\/"},{"@type":"ListItem","position":3,"name":"Unbranded Peeta 500 ml termokruus"}]},{"@type":"WebSite","@id":"https:\/\/kruze.ee\/et\/#website","url":"https:\/\/kruze.ee\/et\/","name":"Kruze.ee","description":"Reklaamkingitused, tr&uuml;kiga T-s&auml;rgid, fliisid, dressipluused, tekstiil, joped ja paljud teised logoga meened, &Auml;rikingitused sinu partnerile! Telli juba t&auml;na.","potentialAction":[{"@type":"SearchAction","target":{"@type":"EntryPoint","urlTemplate":"https:\/\/kruze.ee\/et\/?s={search_term_string}"},"query-input":{"@type":"PropertyValueSpecification","valueRequired":true,"valueName":"search_term_string"}}],"inLanguage":"et"}]}},"_links":{"self":[{"href":"https:\/\/kruze.ee\/et\/wp-json\/wp\/v2\/product\/1431718","targetHints":{"allow":["GET"]}}],"collection":[{"href":"https:\/\/kruze.ee\/et\/wp-json\/wp\/v2\/product"}],"about":[{"href":"https:\/\/kruze.ee\/et\/wp-json\/wp\/v2\/types\/product"}],"wp:attachment":[{"href":"https:\/\/kruze.ee\/et\/wp-json\/wp\/v2\/media?parent=1431718"}],"wp:term":[{"taxonomy":"product_brand","embeddable":true,"href":"https:\/\/kruze.ee\/et\/wp-json\/wp\/v2\/product_brand?post=1431718"},{"taxonomy":"product_cat","embeddable":true,"href":"https:\/\/kruze.ee\/et\/wp-json\/wp\/v2\/product_cat?post=1431718"},{"taxonomy":"product_tag","embeddable":true,"href":"https:\/\/kruze.ee\/et\/wp-json\/wp\/v2\/product_tag?post=1431718"}],"curies":[{"name":"wp","href":"https:\/\/api.w.org\/{rel}","templated":true}]}}