{"id":1431618,"date":"2026-01-07T11:48:52","date_gmt":"2026-01-07T08:48:52","guid":{"rendered":"https:\/\/kruze.ee\/product\/elevate-life-brossard-meeste-pika-lukuga-fliisjakk\/"},"modified":"2026-03-17T01:25:23","modified_gmt":"2026-03-16T22:25:23","slug":"elevate-life-brossard-meeste-pika-lukuga-fliisjakk","status":"publish","type":"product","link":"https:\/\/kruze.ee\/et\/toode\/elevate-life-brossard-meeste-pika-lukuga-fliisjakk\/","title":{"rendered":"Elevate Life Brossard meeste pika lukuga fliisjakk"},"content":{"rendered":"<p>Brossardi meeste t\u00e4ispikk lukuga fliisjakk \u2013 p\u00fcsi soojas stiilselt.<br \/>\nMugavust ja funktsionaalsust silmas pidades loodud jakk on varustatud esiosa spiraallugu, mis teeb selga panemise ja \u00e4ra v\u00f5tmise lihtsaks. Lukuga taskud tagavad turvalise hoiustamise. Kontrastset v\u00e4rvi elastne \u00e4\u00e4ristus lisab stiili ning aitab hoida k\u00fclma eemal. P\u00f6idlaavad pakuvad lisasoojust ja kaitset ilmastiku eest, samas kui raglaanvarrukad parandavad liikumisvabadust ja annavad modernse ilme. Sisemine tuuleliist koos l\u00f5uakaitsega pakub t\u00e4iendavat kaitset tuule vastu. Valmistatud 190 g\/m\u00b2 pol\u00fcester-mikrofliisist \u2013 ideaalne valik sooja ja mugavuse jaoks, ilma stiilis j\u00e4releandmisi tegemata.<\/p>\n","protected":false},"excerpt":{"rendered":"<p>Brossardi meeste t\u00e4ispikk lukuga fliisjakk \u2013 p\u00fcsi soojas stiilselt.<br \/>\nMugavust ja funktsionaalsust silmas pidades loodud jakk on varustatud esiosa spiraallugu,&#8230;<\/p>\n","protected":false},"featured_media":0,"template":"","meta":[],"product_brand":[],"product_cat":[5380],"product_tag":[],"class_list":{"0":"post-1431618","1":"product","2":"type-product","3":"status-publish","5":"product_cat-fliisid-tikandiga","6":"pa_brand-elevate-life","7":"pa_color-antratsiit","8":"pa_color-black-2","9":"pa_color-blue-2","10":"pa_color-tumesinine","11":"pa_gender-mehed","12":"pa_gender-men","13":"pa_material-micro-fleece-of-100-polyester-190-gm2","14":"pa_size-15469","15":"pa_size-15466","16":"pa_size-6209","17":"pa_size-6158","18":"pa_size-6160","19":"pa_size-6162","21":"first","22":"instock","23":"taxable","24":"shipping-taxable","25":"purchasable","26":"product-type-variable"},"acf":[],"yoast_head":"<!-- This site is optimized with the Yoast SEO plugin v26.0 - https:\/\/yoast.com\/wordpress\/plugins\/seo\/ -->\n<title>Elevate Life Brossard meeste pika lukuga fliisjakk - Kruze.ee<\/title>\n<meta name=\"robots\" content=\"index, follow, max-snippet:-1, max-image-preview:large, max-video-preview:-1\" \/>\n<link rel=\"canonical\" href=\"https:\/\/kruze.ee\/et\/toode\/elevate-life-brossard-meeste-pika-lukuga-fliisjakk\/\" \/>\n<meta property=\"og:locale\" content=\"et_EE\" \/>\n<meta property=\"og:type\" content=\"article\" \/>\n<meta property=\"og:title\" content=\"Elevate Life Brossard meeste pika lukuga fliisjakk - Kruze.ee\" \/>\n<meta property=\"og:description\" content=\"Brossardi meeste t\u00e4ispikk lukuga fliisjakk \u2013 p\u00fcsi soojas stiilselt. Mugavust ja funktsionaalsust silmas pidades loodud jakk on varustatud esiosa spiraallugu,...\" \/>\n<meta property=\"og:url\" content=\"https:\/\/kruze.ee\/et\/toode\/elevate-life-brossard-meeste-pika-lukuga-fliisjakk\/\" \/>\n<meta property=\"og:site_name\" content=\"Kruze.ee\" \/>\n<meta property=\"article:modified_time\" content=\"2026-03-16T22:25:23+00:00\" \/>\n<meta name=\"twitter:card\" content=\"summary_large_image\" \/>\n<meta name=\"twitter:label1\" content=\"Est. reading time\" \/>\n\t<meta name=\"twitter:data1\" content=\"1 minut\" \/>\n<script type=\"application\/ld+json\" class=\"yoast-schema-graph\">{\"@context\":\"https:\/\/schema.org\",\"@graph\":[{\"@type\":\"WebPage\",\"@id\":\"https:\/\/kruze.ee\/et\/toode\/elevate-life-brossard-meeste-pika-lukuga-fliisjakk\/\",\"url\":\"https:\/\/kruze.ee\/et\/toode\/elevate-life-brossard-meeste-pika-lukuga-fliisjakk\/\",\"name\":\"Elevate Life Brossard meeste pika lukuga fliisjakk - Kruze.ee\",\"isPartOf\":{\"@id\":\"https:\/\/kruze.ee\/et\/#website\"},\"datePublished\":\"2026-01-07T08:48:52+00:00\",\"dateModified\":\"2026-03-16T22:25:23+00:00\",\"breadcrumb\":{\"@id\":\"https:\/\/kruze.ee\/et\/toode\/elevate-life-brossard-meeste-pika-lukuga-fliisjakk\/#breadcrumb\"},\"inLanguage\":\"et\",\"potentialAction\":[{\"@type\":\"ReadAction\",\"target\":[\"https:\/\/kruze.ee\/et\/toode\/elevate-life-brossard-meeste-pika-lukuga-fliisjakk\/\"]}]},{\"@type\":\"BreadcrumbList\",\"@id\":\"https:\/\/kruze.ee\/et\/toode\/elevate-life-brossard-meeste-pika-lukuga-fliisjakk\/#breadcrumb\",\"itemListElement\":[{\"@type\":\"ListItem\",\"position\":1,\"name\":\"Home\",\"item\":\"https:\/\/kruze.ee\/et\/\"},{\"@type\":\"ListItem\",\"position\":2,\"name\":\"Tooted\",\"item\":\"https:\/\/kruze.ee\/et\/tooted\/\"},{\"@type\":\"ListItem\",\"position\":3,\"name\":\"Elevate Life Brossard meeste pika lukuga fliisjakk\"}]},{\"@type\":\"WebSite\",\"@id\":\"https:\/\/kruze.ee\/et\/#website\",\"url\":\"https:\/\/kruze.ee\/et\/\",\"name\":\"Kruze.ee\",\"description\":\"Reklaamkingitused, tr&uuml;kiga T-s&auml;rgid, fliisid, dressipluused, tekstiil, joped ja paljud teised logoga meened, &Auml;rikingitused sinu partnerile! Telli juba t&auml;na.\",\"potentialAction\":[{\"@type\":\"SearchAction\",\"target\":{\"@type\":\"EntryPoint\",\"urlTemplate\":\"https:\/\/kruze.ee\/et\/?s={search_term_string}\"},\"query-input\":{\"@type\":\"PropertyValueSpecification\",\"valueRequired\":true,\"valueName\":\"search_term_string\"}}],\"inLanguage\":\"et\"}]}<\/script>\n<!-- \/ Yoast SEO plugin. -->","yoast_head_json":{"title":"Elevate Life Brossard meeste pika lukuga fliisjakk - Kruze.ee","robots":{"index":"index","follow":"follow","max-snippet":"max-snippet:-1","max-image-preview":"max-image-preview:large","max-video-preview":"max-video-preview:-1"},"canonical":"https:\/\/kruze.ee\/et\/toode\/elevate-life-brossard-meeste-pika-lukuga-fliisjakk\/","og_locale":"et_EE","og_type":"article","og_title":"Elevate Life Brossard meeste pika lukuga fliisjakk - Kruze.ee","og_description":"Brossardi meeste t\u00e4ispikk lukuga fliisjakk \u2013 p\u00fcsi soojas stiilselt. Mugavust ja funktsionaalsust silmas pidades loodud jakk on varustatud esiosa spiraallugu,...","og_url":"https:\/\/kruze.ee\/et\/toode\/elevate-life-brossard-meeste-pika-lukuga-fliisjakk\/","og_site_name":"Kruze.ee","article_modified_time":"2026-03-16T22:25:23+00:00","twitter_card":"summary_large_image","twitter_misc":{"Est. reading time":"1 minut"},"schema":{"@context":"https:\/\/schema.org","@graph":[{"@type":"WebPage","@id":"https:\/\/kruze.ee\/et\/toode\/elevate-life-brossard-meeste-pika-lukuga-fliisjakk\/","url":"https:\/\/kruze.ee\/et\/toode\/elevate-life-brossard-meeste-pika-lukuga-fliisjakk\/","name":"Elevate Life Brossard meeste pika lukuga fliisjakk - Kruze.ee","isPartOf":{"@id":"https:\/\/kruze.ee\/et\/#website"},"datePublished":"2026-01-07T08:48:52+00:00","dateModified":"2026-03-16T22:25:23+00:00","breadcrumb":{"@id":"https:\/\/kruze.ee\/et\/toode\/elevate-life-brossard-meeste-pika-lukuga-fliisjakk\/#breadcrumb"},"inLanguage":"et","potentialAction":[{"@type":"ReadAction","target":["https:\/\/kruze.ee\/et\/toode\/elevate-life-brossard-meeste-pika-lukuga-fliisjakk\/"]}]},{"@type":"BreadcrumbList","@id":"https:\/\/kruze.ee\/et\/toode\/elevate-life-brossard-meeste-pika-lukuga-fliisjakk\/#breadcrumb","itemListElement":[{"@type":"ListItem","position":1,"name":"Home","item":"https:\/\/kruze.ee\/et\/"},{"@type":"ListItem","position":2,"name":"Tooted","item":"https:\/\/kruze.ee\/et\/tooted\/"},{"@type":"ListItem","position":3,"name":"Elevate Life Brossard meeste pika lukuga fliisjakk"}]},{"@type":"WebSite","@id":"https:\/\/kruze.ee\/et\/#website","url":"https:\/\/kruze.ee\/et\/","name":"Kruze.ee","description":"Reklaamkingitused, tr&uuml;kiga T-s&auml;rgid, fliisid, dressipluused, tekstiil, joped ja paljud teised logoga meened, &Auml;rikingitused sinu partnerile! Telli juba t&auml;na.","potentialAction":[{"@type":"SearchAction","target":{"@type":"EntryPoint","urlTemplate":"https:\/\/kruze.ee\/et\/?s={search_term_string}"},"query-input":{"@type":"PropertyValueSpecification","valueRequired":true,"valueName":"search_term_string"}}],"inLanguage":"et"}]}},"_links":{"self":[{"href":"https:\/\/kruze.ee\/et\/wp-json\/wp\/v2\/product\/1431618","targetHints":{"allow":["GET"]}}],"collection":[{"href":"https:\/\/kruze.ee\/et\/wp-json\/wp\/v2\/product"}],"about":[{"href":"https:\/\/kruze.ee\/et\/wp-json\/wp\/v2\/types\/product"}],"wp:attachment":[{"href":"https:\/\/kruze.ee\/et\/wp-json\/wp\/v2\/media?parent=1431618"}],"wp:term":[{"taxonomy":"product_brand","embeddable":true,"href":"https:\/\/kruze.ee\/et\/wp-json\/wp\/v2\/product_brand?post=1431618"},{"taxonomy":"product_cat","embeddable":true,"href":"https:\/\/kruze.ee\/et\/wp-json\/wp\/v2\/product_cat?post=1431618"},{"taxonomy":"product_tag","embeddable":true,"href":"https:\/\/kruze.ee\/et\/wp-json\/wp\/v2\/product_tag?post=1431618"}],"curies":[{"name":"wp","href":"https:\/\/api.w.org\/{rel}","templated":true}]}}