{"id":1431488,"date":"2026-01-06T09:24:43","date_gmt":"2026-01-06T06:24:43","guid":{"rendered":"https:\/\/kruze.ee\/product\/clique-kingslake-meeste-voodriga-jope\/"},"modified":"2026-03-17T01:25:05","modified_gmt":"2026-03-16T22:25:05","slug":"clique-kingslake-meeste-voodriga-jope","status":"publish","type":"product","link":"https:\/\/kruze.ee\/et\/toode\/clique-kingslake-meeste-voodriga-jope\/","title":{"rendered":"Clique Kingslake meeste voodriga jope"},"content":{"rendered":"<p>Tuule- ja veekindel voodriga jope. Jopel on 4 lukuga v\u00e4listaskut, 1 lukuga sisetasku ning 2 v\u00f5rktaskut sees. K\u00f5ik lukud on kvaliteetsed SBS-lukud. Eemaldatav kapuuts ja varjatud soonikud varrukaotstes. K\u00f5rvaklappide l\u00e4biviigu lahendus. Sobib tikkimiseks, olemas 2 tikandilukku.<\/p>\n","protected":false},"excerpt":{"rendered":"<p>Tuule- ja veekindel voodriga jope. Jopel on 4 lukuga v\u00e4listaskut, 1 lukuga sisetasku ning 2 v\u00f5rktaskut sees. K\u00f5ik lukud on kvaliteetsed SBS-lukud. Eemaldatav&#8230;<\/p>\n","protected":false},"featured_media":0,"template":"","meta":[],"product_brand":[],"product_cat":[5383],"product_tag":[],"class_list":{"0":"post-1431488","1":"product","2":"type-product","3":"status-publish","5":"product_cat-joped-logoga-funktsionaalsed-ja-vastupidavad","6":"pa_brand-clique","7":"pa_color-hall","8":"pa_color-black-2","9":"pa_color-punane","10":"pa_color-royalsinine","11":"pa_color-tumesinine","12":"pa_gender-uniseks","13":"pa_gender-unisex","16":"pa_material-shell-100-polyester-with-pu-coating-padding-100-polyester-lining-100-polyester-wp-3000mvp-3000","17":"pa_size-xs","18":"pa_size-s","19":"pa_size-m","20":"pa_size-l","21":"pa_size-xl","22":"pa_size-2xl","23":"pa_size-3xl","25":"first","26":"instock","27":"taxable","28":"shipping-taxable","29":"purchasable","30":"product-type-variable"},"acf":[],"yoast_head":"<!-- This site is optimized with the Yoast SEO plugin v26.0 - https:\/\/yoast.com\/wordpress\/plugins\/seo\/ -->\n<title>Clique Kingslake meeste voodriga jope - Kruze.ee<\/title>\n<meta name=\"robots\" content=\"index, follow, max-snippet:-1, max-image-preview:large, max-video-preview:-1\" \/>\n<link rel=\"canonical\" href=\"https:\/\/kruze.ee\/et\/toode\/clique-kingslake-meeste-voodriga-jope\/\" \/>\n<meta property=\"og:locale\" content=\"et_EE\" \/>\n<meta property=\"og:type\" content=\"article\" \/>\n<meta property=\"og:title\" content=\"Clique Kingslake meeste voodriga jope - Kruze.ee\" \/>\n<meta property=\"og:description\" content=\"Tuule- ja veekindel voodriga jope. Jopel on 4 lukuga v\u00e4listaskut, 1 lukuga sisetasku ning 2 v\u00f5rktaskut sees. K\u00f5ik lukud on kvaliteetsed SBS-lukud. Eemaldatav...\" \/>\n<meta property=\"og:url\" content=\"https:\/\/kruze.ee\/et\/toode\/clique-kingslake-meeste-voodriga-jope\/\" \/>\n<meta property=\"og:site_name\" content=\"Kruze.ee\" \/>\n<meta property=\"article:modified_time\" content=\"2026-03-16T22:25:05+00:00\" \/>\n<meta name=\"twitter:card\" content=\"summary_large_image\" \/>\n<meta name=\"twitter:label1\" content=\"Est. reading time\" \/>\n\t<meta name=\"twitter:data1\" content=\"1 minut\" \/>\n<script type=\"application\/ld+json\" class=\"yoast-schema-graph\">{\"@context\":\"https:\/\/schema.org\",\"@graph\":[{\"@type\":\"WebPage\",\"@id\":\"https:\/\/kruze.ee\/et\/toode\/clique-kingslake-meeste-voodriga-jope\/\",\"url\":\"https:\/\/kruze.ee\/et\/toode\/clique-kingslake-meeste-voodriga-jope\/\",\"name\":\"Clique Kingslake meeste voodriga jope - Kruze.ee\",\"isPartOf\":{\"@id\":\"https:\/\/kruze.ee\/et\/#website\"},\"datePublished\":\"2026-01-06T06:24:43+00:00\",\"dateModified\":\"2026-03-16T22:25:05+00:00\",\"breadcrumb\":{\"@id\":\"https:\/\/kruze.ee\/et\/toode\/clique-kingslake-meeste-voodriga-jope\/#breadcrumb\"},\"inLanguage\":\"et\",\"potentialAction\":[{\"@type\":\"ReadAction\",\"target\":[\"https:\/\/kruze.ee\/et\/toode\/clique-kingslake-meeste-voodriga-jope\/\"]}]},{\"@type\":\"BreadcrumbList\",\"@id\":\"https:\/\/kruze.ee\/et\/toode\/clique-kingslake-meeste-voodriga-jope\/#breadcrumb\",\"itemListElement\":[{\"@type\":\"ListItem\",\"position\":1,\"name\":\"Home\",\"item\":\"https:\/\/kruze.ee\/et\/\"},{\"@type\":\"ListItem\",\"position\":2,\"name\":\"Tooted\",\"item\":\"https:\/\/kruze.ee\/et\/tooted\/\"},{\"@type\":\"ListItem\",\"position\":3,\"name\":\"Clique Kingslake meeste voodriga jope\"}]},{\"@type\":\"WebSite\",\"@id\":\"https:\/\/kruze.ee\/et\/#website\",\"url\":\"https:\/\/kruze.ee\/et\/\",\"name\":\"Kruze.ee\",\"description\":\"Reklaamkingitused, tr&uuml;kiga T-s&auml;rgid, fliisid, dressipluused, tekstiil, joped ja paljud teised logoga meened, &Auml;rikingitused sinu partnerile! Telli juba t&auml;na.\",\"potentialAction\":[{\"@type\":\"SearchAction\",\"target\":{\"@type\":\"EntryPoint\",\"urlTemplate\":\"https:\/\/kruze.ee\/et\/?s={search_term_string}\"},\"query-input\":{\"@type\":\"PropertyValueSpecification\",\"valueRequired\":true,\"valueName\":\"search_term_string\"}}],\"inLanguage\":\"et\"}]}<\/script>\n<!-- \/ Yoast SEO plugin. -->","yoast_head_json":{"title":"Clique Kingslake meeste voodriga jope - Kruze.ee","robots":{"index":"index","follow":"follow","max-snippet":"max-snippet:-1","max-image-preview":"max-image-preview:large","max-video-preview":"max-video-preview:-1"},"canonical":"https:\/\/kruze.ee\/et\/toode\/clique-kingslake-meeste-voodriga-jope\/","og_locale":"et_EE","og_type":"article","og_title":"Clique Kingslake meeste voodriga jope - Kruze.ee","og_description":"Tuule- ja veekindel voodriga jope. Jopel on 4 lukuga v\u00e4listaskut, 1 lukuga sisetasku ning 2 v\u00f5rktaskut sees. K\u00f5ik lukud on kvaliteetsed SBS-lukud. Eemaldatav...","og_url":"https:\/\/kruze.ee\/et\/toode\/clique-kingslake-meeste-voodriga-jope\/","og_site_name":"Kruze.ee","article_modified_time":"2026-03-16T22:25:05+00:00","twitter_card":"summary_large_image","twitter_misc":{"Est. reading time":"1 minut"},"schema":{"@context":"https:\/\/schema.org","@graph":[{"@type":"WebPage","@id":"https:\/\/kruze.ee\/et\/toode\/clique-kingslake-meeste-voodriga-jope\/","url":"https:\/\/kruze.ee\/et\/toode\/clique-kingslake-meeste-voodriga-jope\/","name":"Clique Kingslake meeste voodriga jope - Kruze.ee","isPartOf":{"@id":"https:\/\/kruze.ee\/et\/#website"},"datePublished":"2026-01-06T06:24:43+00:00","dateModified":"2026-03-16T22:25:05+00:00","breadcrumb":{"@id":"https:\/\/kruze.ee\/et\/toode\/clique-kingslake-meeste-voodriga-jope\/#breadcrumb"},"inLanguage":"et","potentialAction":[{"@type":"ReadAction","target":["https:\/\/kruze.ee\/et\/toode\/clique-kingslake-meeste-voodriga-jope\/"]}]},{"@type":"BreadcrumbList","@id":"https:\/\/kruze.ee\/et\/toode\/clique-kingslake-meeste-voodriga-jope\/#breadcrumb","itemListElement":[{"@type":"ListItem","position":1,"name":"Home","item":"https:\/\/kruze.ee\/et\/"},{"@type":"ListItem","position":2,"name":"Tooted","item":"https:\/\/kruze.ee\/et\/tooted\/"},{"@type":"ListItem","position":3,"name":"Clique Kingslake meeste voodriga jope"}]},{"@type":"WebSite","@id":"https:\/\/kruze.ee\/et\/#website","url":"https:\/\/kruze.ee\/et\/","name":"Kruze.ee","description":"Reklaamkingitused, tr&uuml;kiga T-s&auml;rgid, fliisid, dressipluused, tekstiil, joped ja paljud teised logoga meened, &Auml;rikingitused sinu partnerile! Telli juba t&auml;na.","potentialAction":[{"@type":"SearchAction","target":{"@type":"EntryPoint","urlTemplate":"https:\/\/kruze.ee\/et\/?s={search_term_string}"},"query-input":{"@type":"PropertyValueSpecification","valueRequired":true,"valueName":"search_term_string"}}],"inLanguage":"et"}]}},"_links":{"self":[{"href":"https:\/\/kruze.ee\/et\/wp-json\/wp\/v2\/product\/1431488","targetHints":{"allow":["GET"]}}],"collection":[{"href":"https:\/\/kruze.ee\/et\/wp-json\/wp\/v2\/product"}],"about":[{"href":"https:\/\/kruze.ee\/et\/wp-json\/wp\/v2\/types\/product"}],"wp:attachment":[{"href":"https:\/\/kruze.ee\/et\/wp-json\/wp\/v2\/media?parent=1431488"}],"wp:term":[{"taxonomy":"product_brand","embeddable":true,"href":"https:\/\/kruze.ee\/et\/wp-json\/wp\/v2\/product_brand?post=1431488"},{"taxonomy":"product_cat","embeddable":true,"href":"https:\/\/kruze.ee\/et\/wp-json\/wp\/v2\/product_cat?post=1431488"},{"taxonomy":"product_tag","embeddable":true,"href":"https:\/\/kruze.ee\/et\/wp-json\/wp\/v2\/product_tag?post=1431488"}],"curies":[{"name":"wp","href":"https:\/\/api.w.org\/{rel}","templated":true}]}}