{"id":1431252,"date":"2026-01-05T23:58:19","date_gmt":"2026-01-05T20:58:19","guid":{"rendered":"https:\/\/kruze.ee\/product\/adv-unify-naiste-vest\/"},"modified":"2026-03-17T01:24:18","modified_gmt":"2026-03-16T22:24:18","slug":"adv-unify-naiste-vest","status":"publish","type":"product","link":"https:\/\/kruze.ee\/et\/toode\/adv-unify-naiste-vest\/","title":{"rendered":"ADV Unify naiste vest"},"content":{"rendered":"<p>Craft ADV Unify Mugav vest, mis on valmistatud pehmest, elastsest ja funktsionaalsest taaskasutatud pol\u00fcestrist. Vest pakub head liikumisvabadust ning sobib igap\u00e4evaseks kandmiseks nii t\u00f6\u00f6le kui vabal ajal. Kahel praktilisel taskul on piisavalt ruumi vajalike esemete jaoks. Omadused: mugav vest, pehme ja funktsionaalne taaskasutatud pol\u00fcestrist kangas, ergonoomiline ja elastne<\/p>\n","protected":false},"excerpt":{"rendered":"<p>Craft ADV Unify Mugav vest, mis on valmistatud pehmest, elastsest ja funktsionaalsest taaskasutatud pol\u00fcestrist. Vest pakub head liikumisvabadust ning sobib&#8230;<\/p>\n","protected":false},"featured_media":0,"template":"","meta":[],"product_brand":[],"product_cat":[5381],"product_tag":[],"class_list":{"0":"post-1431252","1":"product","2":"type-product","3":"status-publish","5":"product_cat-vestid-tikandiga","6":"pa_brand-craft","7":"pa_color-meleeritud-hall","8":"pa_color-black-2","9":"pa_color-tumesinine","10":"pa_gender-naised","11":"pa_gender-women","12":"pa_material-100-polyester-recycled","13":"pa_size-xs","14":"pa_size-s","15":"pa_size-m","16":"pa_size-l","17":"pa_size-xl","18":"pa_size-2xl","20":"first","21":"instock","22":"taxable","23":"shipping-taxable","24":"purchasable","25":"product-type-variable"},"acf":[],"yoast_head":"<!-- This site is optimized with the Yoast SEO plugin v26.0 - https:\/\/yoast.com\/wordpress\/plugins\/seo\/ -->\n<title>ADV Unify naiste vest - Kruze.ee<\/title>\n<meta name=\"robots\" content=\"index, follow, max-snippet:-1, max-image-preview:large, max-video-preview:-1\" \/>\n<link rel=\"canonical\" href=\"https:\/\/kruze.ee\/et\/toode\/adv-unify-naiste-vest\/\" \/>\n<meta property=\"og:locale\" content=\"et_EE\" \/>\n<meta property=\"og:type\" content=\"article\" \/>\n<meta property=\"og:title\" content=\"ADV Unify naiste vest - Kruze.ee\" \/>\n<meta property=\"og:description\" content=\"Craft ADV Unify Mugav vest, mis on valmistatud pehmest, elastsest ja funktsionaalsest taaskasutatud pol\u00fcestrist. Vest pakub head liikumisvabadust ning sobib...\" \/>\n<meta property=\"og:url\" content=\"https:\/\/kruze.ee\/et\/toode\/adv-unify-naiste-vest\/\" \/>\n<meta property=\"og:site_name\" content=\"Kruze.ee\" \/>\n<meta property=\"article:modified_time\" content=\"2026-03-16T22:24:18+00:00\" \/>\n<meta name=\"twitter:card\" content=\"summary_large_image\" \/>\n<meta name=\"twitter:label1\" content=\"Est. reading time\" \/>\n\t<meta name=\"twitter:data1\" content=\"1 minut\" \/>\n<script type=\"application\/ld+json\" class=\"yoast-schema-graph\">{\"@context\":\"https:\/\/schema.org\",\"@graph\":[{\"@type\":\"WebPage\",\"@id\":\"https:\/\/kruze.ee\/et\/toode\/adv-unify-naiste-vest\/\",\"url\":\"https:\/\/kruze.ee\/et\/toode\/adv-unify-naiste-vest\/\",\"name\":\"ADV Unify naiste vest - Kruze.ee\",\"isPartOf\":{\"@id\":\"https:\/\/kruze.ee\/et\/#website\"},\"datePublished\":\"2026-01-05T20:58:19+00:00\",\"dateModified\":\"2026-03-16T22:24:18+00:00\",\"breadcrumb\":{\"@id\":\"https:\/\/kruze.ee\/et\/toode\/adv-unify-naiste-vest\/#breadcrumb\"},\"inLanguage\":\"et\",\"potentialAction\":[{\"@type\":\"ReadAction\",\"target\":[\"https:\/\/kruze.ee\/et\/toode\/adv-unify-naiste-vest\/\"]}]},{\"@type\":\"BreadcrumbList\",\"@id\":\"https:\/\/kruze.ee\/et\/toode\/adv-unify-naiste-vest\/#breadcrumb\",\"itemListElement\":[{\"@type\":\"ListItem\",\"position\":1,\"name\":\"Home\",\"item\":\"https:\/\/kruze.ee\/et\/\"},{\"@type\":\"ListItem\",\"position\":2,\"name\":\"Tooted\",\"item\":\"https:\/\/kruze.ee\/et\/tooted\/\"},{\"@type\":\"ListItem\",\"position\":3,\"name\":\"ADV Unify naiste vest\"}]},{\"@type\":\"WebSite\",\"@id\":\"https:\/\/kruze.ee\/et\/#website\",\"url\":\"https:\/\/kruze.ee\/et\/\",\"name\":\"Kruze.ee\",\"description\":\"Reklaamkingitused, tr&uuml;kiga T-s&auml;rgid, fliisid, dressipluused, tekstiil, joped ja paljud teised logoga meened, &Auml;rikingitused sinu partnerile! Telli juba t&auml;na.\",\"potentialAction\":[{\"@type\":\"SearchAction\",\"target\":{\"@type\":\"EntryPoint\",\"urlTemplate\":\"https:\/\/kruze.ee\/et\/?s={search_term_string}\"},\"query-input\":{\"@type\":\"PropertyValueSpecification\",\"valueRequired\":true,\"valueName\":\"search_term_string\"}}],\"inLanguage\":\"et\"}]}<\/script>\n<!-- \/ Yoast SEO plugin. -->","yoast_head_json":{"title":"ADV Unify naiste vest - Kruze.ee","robots":{"index":"index","follow":"follow","max-snippet":"max-snippet:-1","max-image-preview":"max-image-preview:large","max-video-preview":"max-video-preview:-1"},"canonical":"https:\/\/kruze.ee\/et\/toode\/adv-unify-naiste-vest\/","og_locale":"et_EE","og_type":"article","og_title":"ADV Unify naiste vest - Kruze.ee","og_description":"Craft ADV Unify Mugav vest, mis on valmistatud pehmest, elastsest ja funktsionaalsest taaskasutatud pol\u00fcestrist. Vest pakub head liikumisvabadust ning sobib...","og_url":"https:\/\/kruze.ee\/et\/toode\/adv-unify-naiste-vest\/","og_site_name":"Kruze.ee","article_modified_time":"2026-03-16T22:24:18+00:00","twitter_card":"summary_large_image","twitter_misc":{"Est. reading time":"1 minut"},"schema":{"@context":"https:\/\/schema.org","@graph":[{"@type":"WebPage","@id":"https:\/\/kruze.ee\/et\/toode\/adv-unify-naiste-vest\/","url":"https:\/\/kruze.ee\/et\/toode\/adv-unify-naiste-vest\/","name":"ADV Unify naiste vest - Kruze.ee","isPartOf":{"@id":"https:\/\/kruze.ee\/et\/#website"},"datePublished":"2026-01-05T20:58:19+00:00","dateModified":"2026-03-16T22:24:18+00:00","breadcrumb":{"@id":"https:\/\/kruze.ee\/et\/toode\/adv-unify-naiste-vest\/#breadcrumb"},"inLanguage":"et","potentialAction":[{"@type":"ReadAction","target":["https:\/\/kruze.ee\/et\/toode\/adv-unify-naiste-vest\/"]}]},{"@type":"BreadcrumbList","@id":"https:\/\/kruze.ee\/et\/toode\/adv-unify-naiste-vest\/#breadcrumb","itemListElement":[{"@type":"ListItem","position":1,"name":"Home","item":"https:\/\/kruze.ee\/et\/"},{"@type":"ListItem","position":2,"name":"Tooted","item":"https:\/\/kruze.ee\/et\/tooted\/"},{"@type":"ListItem","position":3,"name":"ADV Unify naiste vest"}]},{"@type":"WebSite","@id":"https:\/\/kruze.ee\/et\/#website","url":"https:\/\/kruze.ee\/et\/","name":"Kruze.ee","description":"Reklaamkingitused, tr&uuml;kiga T-s&auml;rgid, fliisid, dressipluused, tekstiil, joped ja paljud teised logoga meened, &Auml;rikingitused sinu partnerile! Telli juba t&auml;na.","potentialAction":[{"@type":"SearchAction","target":{"@type":"EntryPoint","urlTemplate":"https:\/\/kruze.ee\/et\/?s={search_term_string}"},"query-input":{"@type":"PropertyValueSpecification","valueRequired":true,"valueName":"search_term_string"}}],"inLanguage":"et"}]}},"_links":{"self":[{"href":"https:\/\/kruze.ee\/et\/wp-json\/wp\/v2\/product\/1431252","targetHints":{"allow":["GET"]}}],"collection":[{"href":"https:\/\/kruze.ee\/et\/wp-json\/wp\/v2\/product"}],"about":[{"href":"https:\/\/kruze.ee\/et\/wp-json\/wp\/v2\/types\/product"}],"wp:attachment":[{"href":"https:\/\/kruze.ee\/et\/wp-json\/wp\/v2\/media?parent=1431252"}],"wp:term":[{"taxonomy":"product_brand","embeddable":true,"href":"https:\/\/kruze.ee\/et\/wp-json\/wp\/v2\/product_brand?post=1431252"},{"taxonomy":"product_cat","embeddable":true,"href":"https:\/\/kruze.ee\/et\/wp-json\/wp\/v2\/product_cat?post=1431252"},{"taxonomy":"product_tag","embeddable":true,"href":"https:\/\/kruze.ee\/et\/wp-json\/wp\/v2\/product_tag?post=1431252"}],"curies":[{"name":"wp","href":"https:\/\/api.w.org\/{rel}","templated":true}]}}