{"id":1431132,"date":"2026-01-05T23:08:18","date_gmt":"2026-01-05T20:08:18","guid":{"rendered":"https:\/\/kruze.ee\/product\/cutter-buck-snoqualmie-meeste-vest\/"},"modified":"2026-03-17T01:23:59","modified_gmt":"2026-03-16T22:23:59","slug":"cutter-buck-snoqualmie-meeste-vest","status":"publish","type":"product","link":"https:\/\/kruze.ee\/et\/toode\/cutter-buck-snoqualmie-meeste-vest\/","title":{"rendered":"Cutter &amp; Buck Snoqualmie meeste vest"},"content":{"rendered":"<p>Meie ikooniline Snoqualmie fliisvest ja -jope hoiavad sind mugavalt ja soojas nii jahedatel linnap\u00e4evadel kui ka golfiv\u00e4ljakul. Toode on varustatud lukustatavate YKK t\u00f5mblukkudega keskel ees ja taskutel, mis on kontrastsetes v\u00e4rvitoonides. Kiiresti kuivav ning suurep\u00e4rase venivusega fliiskangas teeb sellest ideaalse kihtriide erinevateks v\u00e4litegevusteks.<\/p>\n","protected":false},"excerpt":{"rendered":"<p>Meie ikooniline Snoqualmie fliisvest ja -jope hoiavad sind mugavalt ja soojas nii jahedatel linnap\u00e4evadel kui ka golfiv\u00e4ljakul. Toode on varustatud&#8230;<\/p>\n","protected":false},"featured_media":0,"template":"","meta":[],"product_brand":[],"product_cat":[5381],"product_tag":[],"class_list":{"0":"post-1431132","1":"product","2":"type-product","3":"status-publish","5":"product_cat-vestid-tikandiga","6":"pa_brand-cutter-buck","7":"pa_color-black-2","8":"pa_color-tumehall-2","9":"pa_color-tumesinine","10":"pa_gender-mehed","11":"pa_gender-men","12":"pa_material-92-polyester-8-elastane","13":"pa_size-s","14":"pa_size-m","15":"pa_size-l","16":"pa_size-xl","17":"pa_size-2xl","18":"pa_size-3xl","19":"pa_size-4xl","21":"first","22":"instock","23":"taxable","24":"shipping-taxable","25":"purchasable","26":"product-type-variable"},"acf":[],"yoast_head":"<!-- This site is optimized with the Yoast SEO plugin v26.0 - https:\/\/yoast.com\/wordpress\/plugins\/seo\/ -->\n<title>Cutter &amp; Buck Snoqualmie meeste vest - Kruze.ee<\/title>\n<meta name=\"robots\" content=\"index, follow, max-snippet:-1, max-image-preview:large, max-video-preview:-1\" \/>\n<link rel=\"canonical\" href=\"https:\/\/kruze.ee\/et\/toode\/cutter-buck-snoqualmie-meeste-vest\/\" \/>\n<meta property=\"og:locale\" content=\"et_EE\" \/>\n<meta property=\"og:type\" content=\"article\" \/>\n<meta property=\"og:title\" content=\"Cutter &amp; Buck Snoqualmie meeste vest - Kruze.ee\" \/>\n<meta property=\"og:description\" content=\"Meie ikooniline Snoqualmie fliisvest ja -jope hoiavad sind mugavalt ja soojas nii jahedatel linnap\u00e4evadel kui ka golfiv\u00e4ljakul. Toode on varustatud...\" \/>\n<meta property=\"og:url\" content=\"https:\/\/kruze.ee\/et\/toode\/cutter-buck-snoqualmie-meeste-vest\/\" \/>\n<meta property=\"og:site_name\" content=\"Kruze.ee\" \/>\n<meta property=\"article:modified_time\" content=\"2026-03-16T22:23:59+00:00\" \/>\n<meta name=\"twitter:card\" content=\"summary_large_image\" \/>\n<meta name=\"twitter:label1\" content=\"Est. reading time\" \/>\n\t<meta name=\"twitter:data1\" content=\"1 minut\" \/>\n<script type=\"application\/ld+json\" class=\"yoast-schema-graph\">{\"@context\":\"https:\/\/schema.org\",\"@graph\":[{\"@type\":\"WebPage\",\"@id\":\"https:\/\/kruze.ee\/et\/toode\/cutter-buck-snoqualmie-meeste-vest\/\",\"url\":\"https:\/\/kruze.ee\/et\/toode\/cutter-buck-snoqualmie-meeste-vest\/\",\"name\":\"Cutter &amp; Buck Snoqualmie meeste vest - Kruze.ee\",\"isPartOf\":{\"@id\":\"https:\/\/kruze.ee\/et\/#website\"},\"datePublished\":\"2026-01-05T20:08:18+00:00\",\"dateModified\":\"2026-03-16T22:23:59+00:00\",\"breadcrumb\":{\"@id\":\"https:\/\/kruze.ee\/et\/toode\/cutter-buck-snoqualmie-meeste-vest\/#breadcrumb\"},\"inLanguage\":\"et\",\"potentialAction\":[{\"@type\":\"ReadAction\",\"target\":[\"https:\/\/kruze.ee\/et\/toode\/cutter-buck-snoqualmie-meeste-vest\/\"]}]},{\"@type\":\"BreadcrumbList\",\"@id\":\"https:\/\/kruze.ee\/et\/toode\/cutter-buck-snoqualmie-meeste-vest\/#breadcrumb\",\"itemListElement\":[{\"@type\":\"ListItem\",\"position\":1,\"name\":\"Home\",\"item\":\"https:\/\/kruze.ee\/et\/\"},{\"@type\":\"ListItem\",\"position\":2,\"name\":\"Tooted\",\"item\":\"https:\/\/kruze.ee\/et\/tooted\/\"},{\"@type\":\"ListItem\",\"position\":3,\"name\":\"Cutter &amp; Buck Snoqualmie meeste vest\"}]},{\"@type\":\"WebSite\",\"@id\":\"https:\/\/kruze.ee\/et\/#website\",\"url\":\"https:\/\/kruze.ee\/et\/\",\"name\":\"Kruze.ee\",\"description\":\"Reklaamkingitused, tr&uuml;kiga T-s&auml;rgid, fliisid, dressipluused, tekstiil, joped ja paljud teised logoga meened, &Auml;rikingitused sinu partnerile! Telli juba t&auml;na.\",\"potentialAction\":[{\"@type\":\"SearchAction\",\"target\":{\"@type\":\"EntryPoint\",\"urlTemplate\":\"https:\/\/kruze.ee\/et\/?s={search_term_string}\"},\"query-input\":{\"@type\":\"PropertyValueSpecification\",\"valueRequired\":true,\"valueName\":\"search_term_string\"}}],\"inLanguage\":\"et\"}]}<\/script>\n<!-- \/ Yoast SEO plugin. -->","yoast_head_json":{"title":"Cutter &amp; Buck Snoqualmie meeste vest - Kruze.ee","robots":{"index":"index","follow":"follow","max-snippet":"max-snippet:-1","max-image-preview":"max-image-preview:large","max-video-preview":"max-video-preview:-1"},"canonical":"https:\/\/kruze.ee\/et\/toode\/cutter-buck-snoqualmie-meeste-vest\/","og_locale":"et_EE","og_type":"article","og_title":"Cutter &amp; Buck Snoqualmie meeste vest - Kruze.ee","og_description":"Meie ikooniline Snoqualmie fliisvest ja -jope hoiavad sind mugavalt ja soojas nii jahedatel linnap\u00e4evadel kui ka golfiv\u00e4ljakul. Toode on varustatud...","og_url":"https:\/\/kruze.ee\/et\/toode\/cutter-buck-snoqualmie-meeste-vest\/","og_site_name":"Kruze.ee","article_modified_time":"2026-03-16T22:23:59+00:00","twitter_card":"summary_large_image","twitter_misc":{"Est. reading time":"1 minut"},"schema":{"@context":"https:\/\/schema.org","@graph":[{"@type":"WebPage","@id":"https:\/\/kruze.ee\/et\/toode\/cutter-buck-snoqualmie-meeste-vest\/","url":"https:\/\/kruze.ee\/et\/toode\/cutter-buck-snoqualmie-meeste-vest\/","name":"Cutter &amp; Buck Snoqualmie meeste vest - Kruze.ee","isPartOf":{"@id":"https:\/\/kruze.ee\/et\/#website"},"datePublished":"2026-01-05T20:08:18+00:00","dateModified":"2026-03-16T22:23:59+00:00","breadcrumb":{"@id":"https:\/\/kruze.ee\/et\/toode\/cutter-buck-snoqualmie-meeste-vest\/#breadcrumb"},"inLanguage":"et","potentialAction":[{"@type":"ReadAction","target":["https:\/\/kruze.ee\/et\/toode\/cutter-buck-snoqualmie-meeste-vest\/"]}]},{"@type":"BreadcrumbList","@id":"https:\/\/kruze.ee\/et\/toode\/cutter-buck-snoqualmie-meeste-vest\/#breadcrumb","itemListElement":[{"@type":"ListItem","position":1,"name":"Home","item":"https:\/\/kruze.ee\/et\/"},{"@type":"ListItem","position":2,"name":"Tooted","item":"https:\/\/kruze.ee\/et\/tooted\/"},{"@type":"ListItem","position":3,"name":"Cutter &amp; Buck Snoqualmie meeste vest"}]},{"@type":"WebSite","@id":"https:\/\/kruze.ee\/et\/#website","url":"https:\/\/kruze.ee\/et\/","name":"Kruze.ee","description":"Reklaamkingitused, tr&uuml;kiga T-s&auml;rgid, fliisid, dressipluused, tekstiil, joped ja paljud teised logoga meened, &Auml;rikingitused sinu partnerile! Telli juba t&auml;na.","potentialAction":[{"@type":"SearchAction","target":{"@type":"EntryPoint","urlTemplate":"https:\/\/kruze.ee\/et\/?s={search_term_string}"},"query-input":{"@type":"PropertyValueSpecification","valueRequired":true,"valueName":"search_term_string"}}],"inLanguage":"et"}]}},"_links":{"self":[{"href":"https:\/\/kruze.ee\/et\/wp-json\/wp\/v2\/product\/1431132","targetHints":{"allow":["GET"]}}],"collection":[{"href":"https:\/\/kruze.ee\/et\/wp-json\/wp\/v2\/product"}],"about":[{"href":"https:\/\/kruze.ee\/et\/wp-json\/wp\/v2\/types\/product"}],"wp:attachment":[{"href":"https:\/\/kruze.ee\/et\/wp-json\/wp\/v2\/media?parent=1431132"}],"wp:term":[{"taxonomy":"product_brand","embeddable":true,"href":"https:\/\/kruze.ee\/et\/wp-json\/wp\/v2\/product_brand?post=1431132"},{"taxonomy":"product_cat","embeddable":true,"href":"https:\/\/kruze.ee\/et\/wp-json\/wp\/v2\/product_cat?post=1431132"},{"taxonomy":"product_tag","embeddable":true,"href":"https:\/\/kruze.ee\/et\/wp-json\/wp\/v2\/product_tag?post=1431132"}],"curies":[{"name":"wp","href":"https:\/\/api.w.org\/{rel}","templated":true}]}}