{"id":1431030,"date":"2026-01-05T22:35:36","date_gmt":"2026-01-05T19:35:36","guid":{"rendered":"https:\/\/kruze.ee\/product\/cutter-buck-baker-meeste-vest\/"},"modified":"2026-03-17T01:23:44","modified_gmt":"2026-03-16T22:23:44","slug":"cutter-buck-baker-meeste-vest","status":"publish","type":"product","link":"https:\/\/kruze.ee\/et\/toode\/cutter-buck-baker-meeste-vest\/","title":{"rendered":"Cutter &amp; Buck Baker meeste vest"},"content":{"rendered":"<p>Baker Vest on valmistatud k\u00f5rgtehnoloogilisest 2-suunalisest venivast kangast, mis tagab vaba liikumise ja suurep\u00e4rase kandmismugavuse. Vest on t\u00e4idetud kerge ja \u00f5hulise Sustans\u00ae by DuPont\u2122 Sorona\u00ae soojust\u00e4idisega, mis on jaotatud kuumpressitud kanalitesse, tagades \u00fchtlase soojapidavuse. Tegemist on erakordselt kerge pealisr\u00f5ivaga, mis hoiab sooja ning sobib kandmiseks nii eraldi kui ka kihina k\u00fclmematel p\u00e4evadel. Vestil on kvaliteetne YKK keskne esit\u00f5mblukk automaatlukustusega.<\/p>\n","protected":false},"excerpt":{"rendered":"<p>Baker Vest on valmistatud k\u00f5rgtehnoloogilisest 2-suunalisest venivast kangast, mis tagab vaba liikumise ja suurep\u00e4rase kandmismugavuse. Vest on t\u00e4idetud kerge&#8230;<\/p>\n","protected":false},"featured_media":0,"template":"","meta":[],"product_brand":[],"product_cat":[5381],"product_tag":[],"class_list":{"0":"post-1431030","1":"product","2":"type-product","3":"status-publish","5":"product_cat-vestid-tikandiga","6":"pa_brand-cutter-buck","7":"pa_color-ivy-roheline","8":"pa_color-khaki","9":"pa_color-black-2","10":"pa_color-tumesinine","11":"pa_gender-mehed","12":"pa_gender-men","13":"pa_material-shell-fabric-87-nylon-13-elastane-padding-100-polyester-sustans-by-dupont-sorona-lining-87-nylon-13-elastane","14":"pa_size-s","15":"pa_size-m","16":"pa_size-l","17":"pa_size-xl","18":"pa_size-2xl","19":"pa_size-3xl","20":"pa_size-4xl","22":"first","23":"instock","24":"taxable","25":"shipping-taxable","26":"purchasable","27":"product-type-variable"},"acf":[],"yoast_head":"<!-- This site is optimized with the Yoast SEO plugin v26.0 - https:\/\/yoast.com\/wordpress\/plugins\/seo\/ -->\n<title>Cutter &amp; Buck Baker meeste vest - Kruze.ee<\/title>\n<meta name=\"robots\" content=\"index, follow, max-snippet:-1, max-image-preview:large, max-video-preview:-1\" \/>\n<link rel=\"canonical\" href=\"https:\/\/kruze.ee\/et\/toode\/cutter-buck-baker-meeste-vest\/\" \/>\n<meta property=\"og:locale\" content=\"et_EE\" \/>\n<meta property=\"og:type\" content=\"article\" \/>\n<meta property=\"og:title\" content=\"Cutter &amp; Buck Baker meeste vest - Kruze.ee\" \/>\n<meta property=\"og:description\" content=\"Baker Vest on valmistatud k\u00f5rgtehnoloogilisest 2-suunalisest venivast kangast, mis tagab vaba liikumise ja suurep\u00e4rase kandmismugavuse. Vest on t\u00e4idetud kerge...\" \/>\n<meta property=\"og:url\" content=\"https:\/\/kruze.ee\/et\/toode\/cutter-buck-baker-meeste-vest\/\" \/>\n<meta property=\"og:site_name\" content=\"Kruze.ee\" \/>\n<meta property=\"article:modified_time\" content=\"2026-03-16T22:23:44+00:00\" \/>\n<meta name=\"twitter:card\" content=\"summary_large_image\" \/>\n<meta name=\"twitter:label1\" content=\"Est. reading time\" \/>\n\t<meta name=\"twitter:data1\" content=\"1 minut\" \/>\n<script type=\"application\/ld+json\" class=\"yoast-schema-graph\">{\"@context\":\"https:\/\/schema.org\",\"@graph\":[{\"@type\":\"WebPage\",\"@id\":\"https:\/\/kruze.ee\/et\/toode\/cutter-buck-baker-meeste-vest\/\",\"url\":\"https:\/\/kruze.ee\/et\/toode\/cutter-buck-baker-meeste-vest\/\",\"name\":\"Cutter &amp; Buck Baker meeste vest - Kruze.ee\",\"isPartOf\":{\"@id\":\"https:\/\/kruze.ee\/et\/#website\"},\"datePublished\":\"2026-01-05T19:35:36+00:00\",\"dateModified\":\"2026-03-16T22:23:44+00:00\",\"breadcrumb\":{\"@id\":\"https:\/\/kruze.ee\/et\/toode\/cutter-buck-baker-meeste-vest\/#breadcrumb\"},\"inLanguage\":\"et\",\"potentialAction\":[{\"@type\":\"ReadAction\",\"target\":[\"https:\/\/kruze.ee\/et\/toode\/cutter-buck-baker-meeste-vest\/\"]}]},{\"@type\":\"BreadcrumbList\",\"@id\":\"https:\/\/kruze.ee\/et\/toode\/cutter-buck-baker-meeste-vest\/#breadcrumb\",\"itemListElement\":[{\"@type\":\"ListItem\",\"position\":1,\"name\":\"Home\",\"item\":\"https:\/\/kruze.ee\/et\/\"},{\"@type\":\"ListItem\",\"position\":2,\"name\":\"Tooted\",\"item\":\"https:\/\/kruze.ee\/et\/tooted\/\"},{\"@type\":\"ListItem\",\"position\":3,\"name\":\"Cutter &amp; Buck Baker meeste vest\"}]},{\"@type\":\"WebSite\",\"@id\":\"https:\/\/kruze.ee\/et\/#website\",\"url\":\"https:\/\/kruze.ee\/et\/\",\"name\":\"Kruze.ee\",\"description\":\"Reklaamkingitused, tr&uuml;kiga T-s&auml;rgid, fliisid, dressipluused, tekstiil, joped ja paljud teised logoga meened, &Auml;rikingitused sinu partnerile! Telli juba t&auml;na.\",\"potentialAction\":[{\"@type\":\"SearchAction\",\"target\":{\"@type\":\"EntryPoint\",\"urlTemplate\":\"https:\/\/kruze.ee\/et\/?s={search_term_string}\"},\"query-input\":{\"@type\":\"PropertyValueSpecification\",\"valueRequired\":true,\"valueName\":\"search_term_string\"}}],\"inLanguage\":\"et\"}]}<\/script>\n<!-- \/ Yoast SEO plugin. -->","yoast_head_json":{"title":"Cutter &amp; Buck Baker meeste vest - Kruze.ee","robots":{"index":"index","follow":"follow","max-snippet":"max-snippet:-1","max-image-preview":"max-image-preview:large","max-video-preview":"max-video-preview:-1"},"canonical":"https:\/\/kruze.ee\/et\/toode\/cutter-buck-baker-meeste-vest\/","og_locale":"et_EE","og_type":"article","og_title":"Cutter &amp; Buck Baker meeste vest - Kruze.ee","og_description":"Baker Vest on valmistatud k\u00f5rgtehnoloogilisest 2-suunalisest venivast kangast, mis tagab vaba liikumise ja suurep\u00e4rase kandmismugavuse. Vest on t\u00e4idetud kerge...","og_url":"https:\/\/kruze.ee\/et\/toode\/cutter-buck-baker-meeste-vest\/","og_site_name":"Kruze.ee","article_modified_time":"2026-03-16T22:23:44+00:00","twitter_card":"summary_large_image","twitter_misc":{"Est. reading time":"1 minut"},"schema":{"@context":"https:\/\/schema.org","@graph":[{"@type":"WebPage","@id":"https:\/\/kruze.ee\/et\/toode\/cutter-buck-baker-meeste-vest\/","url":"https:\/\/kruze.ee\/et\/toode\/cutter-buck-baker-meeste-vest\/","name":"Cutter &amp; Buck Baker meeste vest - Kruze.ee","isPartOf":{"@id":"https:\/\/kruze.ee\/et\/#website"},"datePublished":"2026-01-05T19:35:36+00:00","dateModified":"2026-03-16T22:23:44+00:00","breadcrumb":{"@id":"https:\/\/kruze.ee\/et\/toode\/cutter-buck-baker-meeste-vest\/#breadcrumb"},"inLanguage":"et","potentialAction":[{"@type":"ReadAction","target":["https:\/\/kruze.ee\/et\/toode\/cutter-buck-baker-meeste-vest\/"]}]},{"@type":"BreadcrumbList","@id":"https:\/\/kruze.ee\/et\/toode\/cutter-buck-baker-meeste-vest\/#breadcrumb","itemListElement":[{"@type":"ListItem","position":1,"name":"Home","item":"https:\/\/kruze.ee\/et\/"},{"@type":"ListItem","position":2,"name":"Tooted","item":"https:\/\/kruze.ee\/et\/tooted\/"},{"@type":"ListItem","position":3,"name":"Cutter &amp; Buck Baker meeste vest"}]},{"@type":"WebSite","@id":"https:\/\/kruze.ee\/et\/#website","url":"https:\/\/kruze.ee\/et\/","name":"Kruze.ee","description":"Reklaamkingitused, tr&uuml;kiga T-s&auml;rgid, fliisid, dressipluused, tekstiil, joped ja paljud teised logoga meened, &Auml;rikingitused sinu partnerile! Telli juba t&auml;na.","potentialAction":[{"@type":"SearchAction","target":{"@type":"EntryPoint","urlTemplate":"https:\/\/kruze.ee\/et\/?s={search_term_string}"},"query-input":{"@type":"PropertyValueSpecification","valueRequired":true,"valueName":"search_term_string"}}],"inLanguage":"et"}]}},"_links":{"self":[{"href":"https:\/\/kruze.ee\/et\/wp-json\/wp\/v2\/product\/1431030","targetHints":{"allow":["GET"]}}],"collection":[{"href":"https:\/\/kruze.ee\/et\/wp-json\/wp\/v2\/product"}],"about":[{"href":"https:\/\/kruze.ee\/et\/wp-json\/wp\/v2\/types\/product"}],"wp:attachment":[{"href":"https:\/\/kruze.ee\/et\/wp-json\/wp\/v2\/media?parent=1431030"}],"wp:term":[{"taxonomy":"product_brand","embeddable":true,"href":"https:\/\/kruze.ee\/et\/wp-json\/wp\/v2\/product_brand?post=1431030"},{"taxonomy":"product_cat","embeddable":true,"href":"https:\/\/kruze.ee\/et\/wp-json\/wp\/v2\/product_cat?post=1431030"},{"taxonomy":"product_tag","embeddable":true,"href":"https:\/\/kruze.ee\/et\/wp-json\/wp\/v2\/product_tag?post=1431030"}],"curies":[{"name":"wp","href":"https:\/\/api.w.org\/{rel}","templated":true}]}}