{"id":1431018,"date":"2026-01-05T22:20:17","date_gmt":"2026-01-05T19:20:17","guid":{"rendered":"https:\/\/kruze.ee\/product\/orion-rcs-sertifikaadiga-taaskasutatud-alumiiniumist-5-000-mah-5w-magnetiline-akupank\/"},"modified":"2026-03-17T00:51:13","modified_gmt":"2026-03-16T21:51:13","slug":"orion-rcs-sertifikaadiga-taaskasutatud-alumiiniumist-5-000-mah-5w-magnetiline-akupank","status":"publish","type":"product","link":"https:\/\/kruze.ee\/et\/toode\/orion-rcs-sertifikaadiga-taaskasutatud-alumiiniumist-5-000-mah-5w-magnetiline-akupank\/","title":{"rendered":"Orion RCS-sertifikaadiga taaskasutatud alumiiniumist 5 000 mAh 5W magnetiline akupank"},"content":{"rendered":"<p>5.000 mAh ultra \u00f5huke powerbank 5W magnetilise juhtmevaba laadijaga, mille korpus on valmistatud RCS-sertifikaadiga ringlussev\u00f5etud alumiiniumist ja ringlussev\u00f5etud ABS-plastikust. RCS (Recycled Claim Standard) on standard, millega kontrollitakse toote ringlussev\u00f5etud materjali sisaldust kogu tarneahela ulatuses. Kogu ringlussev\u00f5etud sisu: 23 % toote kogumassist. Powerbank sisaldab pikaajalist A-klassi 5 000 mAh liitium-pol\u00fcmeerakut. Toiteindikaatorid n\u00e4itavad j\u00e4relej\u00e4\u00e4nud energiataset, et te alati teaksite, millal tuleb uuesti laadida.; Type-C sisend 5V\/2.4A; USB C v\u00e4ljund: 5V\/2A.4A Ese ja tarvikud PVC-vabad. Kaasa arvatud RCS sertifitseeritud ringlussev\u00f5etud TPE laadimiskaabel. Pakitud FSC\u00ae segapakendisse.<\/p>\n","protected":false},"excerpt":{"rendered":"<p>5.000 mAh ultra \u00f5huke powerbank 5W magnetilise juhtmevaba laadijaga, mille korpus on valmistatud RCS-sertifikaadiga ringlussev\u00f5etud alumiiniumist ja&#8230;<\/p>\n","protected":false},"featured_media":0,"template":"","meta":[],"product_brand":[],"product_cat":[5409],"product_tag":[],"class_list":{"0":"post-1431018","1":"product","2":"type-product","3":"status-publish","5":"product_cat-akupangad","6":"pa_brand-xd-collection","7":"pa_color-hobe","8":"pa_color-black-2","9":"pa_gender-uniseks","10":"pa_gender-unisex","13":"pa_material-recycled-aluminium-alloyrecycled-abs","15":"first","16":"instock","17":"taxable","18":"shipping-taxable","19":"purchasable","20":"product-type-variable"},"acf":[],"yoast_head":"<!-- This site is optimized with the Yoast SEO plugin v26.0 - https:\/\/yoast.com\/wordpress\/plugins\/seo\/ -->\n<title>Orion RCS-sertifikaadiga taaskasutatud alumiiniumist 5 000 mAh 5W magnetiline akupank - Kruze.ee<\/title>\n<meta name=\"robots\" content=\"index, follow, max-snippet:-1, max-image-preview:large, max-video-preview:-1\" \/>\n<link rel=\"canonical\" href=\"https:\/\/kruze.ee\/et\/toode\/orion-rcs-sertifikaadiga-taaskasutatud-alumiiniumist-5-000-mah-5w-magnetiline-akupank\/\" \/>\n<meta property=\"og:locale\" content=\"et_EE\" \/>\n<meta property=\"og:type\" content=\"article\" \/>\n<meta property=\"og:title\" content=\"Orion RCS-sertifikaadiga taaskasutatud alumiiniumist 5 000 mAh 5W magnetiline akupank - Kruze.ee\" \/>\n<meta property=\"og:description\" content=\"5.000 mAh ultra \u00f5huke powerbank 5W magnetilise juhtmevaba laadijaga, mille korpus on valmistatud RCS-sertifikaadiga ringlussev\u00f5etud alumiiniumist ja...\" \/>\n<meta property=\"og:url\" content=\"https:\/\/kruze.ee\/et\/toode\/orion-rcs-sertifikaadiga-taaskasutatud-alumiiniumist-5-000-mah-5w-magnetiline-akupank\/\" \/>\n<meta property=\"og:site_name\" content=\"Kruze.ee\" \/>\n<meta property=\"article:modified_time\" content=\"2026-03-16T21:51:13+00:00\" \/>\n<meta name=\"twitter:card\" content=\"summary_large_image\" \/>\n<script type=\"application\/ld+json\" class=\"yoast-schema-graph\">{\"@context\":\"https:\/\/schema.org\",\"@graph\":[{\"@type\":\"WebPage\",\"@id\":\"https:\/\/kruze.ee\/et\/toode\/orion-rcs-sertifikaadiga-taaskasutatud-alumiiniumist-5-000-mah-5w-magnetiline-akupank\/\",\"url\":\"https:\/\/kruze.ee\/et\/toode\/orion-rcs-sertifikaadiga-taaskasutatud-alumiiniumist-5-000-mah-5w-magnetiline-akupank\/\",\"name\":\"Orion RCS-sertifikaadiga taaskasutatud alumiiniumist 5 000 mAh 5W magnetiline akupank - Kruze.ee\",\"isPartOf\":{\"@id\":\"https:\/\/kruze.ee\/et\/#website\"},\"datePublished\":\"2026-01-05T19:20:17+00:00\",\"dateModified\":\"2026-03-16T21:51:13+00:00\",\"breadcrumb\":{\"@id\":\"https:\/\/kruze.ee\/et\/toode\/orion-rcs-sertifikaadiga-taaskasutatud-alumiiniumist-5-000-mah-5w-magnetiline-akupank\/#breadcrumb\"},\"inLanguage\":\"et\",\"potentialAction\":[{\"@type\":\"ReadAction\",\"target\":[\"https:\/\/kruze.ee\/et\/toode\/orion-rcs-sertifikaadiga-taaskasutatud-alumiiniumist-5-000-mah-5w-magnetiline-akupank\/\"]}]},{\"@type\":\"BreadcrumbList\",\"@id\":\"https:\/\/kruze.ee\/et\/toode\/orion-rcs-sertifikaadiga-taaskasutatud-alumiiniumist-5-000-mah-5w-magnetiline-akupank\/#breadcrumb\",\"itemListElement\":[{\"@type\":\"ListItem\",\"position\":1,\"name\":\"Home\",\"item\":\"https:\/\/kruze.ee\/et\/\"},{\"@type\":\"ListItem\",\"position\":2,\"name\":\"Tooted\",\"item\":\"https:\/\/kruze.ee\/et\/tooted\/\"},{\"@type\":\"ListItem\",\"position\":3,\"name\":\"Orion RCS-sertifikaadiga taaskasutatud alumiiniumist 5 000 mAh 5W magnetiline akupank\"}]},{\"@type\":\"WebSite\",\"@id\":\"https:\/\/kruze.ee\/et\/#website\",\"url\":\"https:\/\/kruze.ee\/et\/\",\"name\":\"Kruze.ee\",\"description\":\"Reklaamkingitused, tr&uuml;kiga T-s&auml;rgid, fliisid, dressipluused, tekstiil, joped ja paljud teised logoga meened, &Auml;rikingitused sinu partnerile! Telli juba t&auml;na.\",\"potentialAction\":[{\"@type\":\"SearchAction\",\"target\":{\"@type\":\"EntryPoint\",\"urlTemplate\":\"https:\/\/kruze.ee\/et\/?s={search_term_string}\"},\"query-input\":{\"@type\":\"PropertyValueSpecification\",\"valueRequired\":true,\"valueName\":\"search_term_string\"}}],\"inLanguage\":\"et\"}]}<\/script>\n<!-- \/ Yoast SEO plugin. -->","yoast_head_json":{"title":"Orion RCS-sertifikaadiga taaskasutatud alumiiniumist 5 000 mAh 5W magnetiline akupank - Kruze.ee","robots":{"index":"index","follow":"follow","max-snippet":"max-snippet:-1","max-image-preview":"max-image-preview:large","max-video-preview":"max-video-preview:-1"},"canonical":"https:\/\/kruze.ee\/et\/toode\/orion-rcs-sertifikaadiga-taaskasutatud-alumiiniumist-5-000-mah-5w-magnetiline-akupank\/","og_locale":"et_EE","og_type":"article","og_title":"Orion RCS-sertifikaadiga taaskasutatud alumiiniumist 5 000 mAh 5W magnetiline akupank - Kruze.ee","og_description":"5.000 mAh ultra \u00f5huke powerbank 5W magnetilise juhtmevaba laadijaga, mille korpus on valmistatud RCS-sertifikaadiga ringlussev\u00f5etud alumiiniumist ja...","og_url":"https:\/\/kruze.ee\/et\/toode\/orion-rcs-sertifikaadiga-taaskasutatud-alumiiniumist-5-000-mah-5w-magnetiline-akupank\/","og_site_name":"Kruze.ee","article_modified_time":"2026-03-16T21:51:13+00:00","twitter_card":"summary_large_image","schema":{"@context":"https:\/\/schema.org","@graph":[{"@type":"WebPage","@id":"https:\/\/kruze.ee\/et\/toode\/orion-rcs-sertifikaadiga-taaskasutatud-alumiiniumist-5-000-mah-5w-magnetiline-akupank\/","url":"https:\/\/kruze.ee\/et\/toode\/orion-rcs-sertifikaadiga-taaskasutatud-alumiiniumist-5-000-mah-5w-magnetiline-akupank\/","name":"Orion RCS-sertifikaadiga taaskasutatud alumiiniumist 5 000 mAh 5W magnetiline akupank - Kruze.ee","isPartOf":{"@id":"https:\/\/kruze.ee\/et\/#website"},"datePublished":"2026-01-05T19:20:17+00:00","dateModified":"2026-03-16T21:51:13+00:00","breadcrumb":{"@id":"https:\/\/kruze.ee\/et\/toode\/orion-rcs-sertifikaadiga-taaskasutatud-alumiiniumist-5-000-mah-5w-magnetiline-akupank\/#breadcrumb"},"inLanguage":"et","potentialAction":[{"@type":"ReadAction","target":["https:\/\/kruze.ee\/et\/toode\/orion-rcs-sertifikaadiga-taaskasutatud-alumiiniumist-5-000-mah-5w-magnetiline-akupank\/"]}]},{"@type":"BreadcrumbList","@id":"https:\/\/kruze.ee\/et\/toode\/orion-rcs-sertifikaadiga-taaskasutatud-alumiiniumist-5-000-mah-5w-magnetiline-akupank\/#breadcrumb","itemListElement":[{"@type":"ListItem","position":1,"name":"Home","item":"https:\/\/kruze.ee\/et\/"},{"@type":"ListItem","position":2,"name":"Tooted","item":"https:\/\/kruze.ee\/et\/tooted\/"},{"@type":"ListItem","position":3,"name":"Orion RCS-sertifikaadiga taaskasutatud alumiiniumist 5 000 mAh 5W magnetiline akupank"}]},{"@type":"WebSite","@id":"https:\/\/kruze.ee\/et\/#website","url":"https:\/\/kruze.ee\/et\/","name":"Kruze.ee","description":"Reklaamkingitused, tr&uuml;kiga T-s&auml;rgid, fliisid, dressipluused, tekstiil, joped ja paljud teised logoga meened, &Auml;rikingitused sinu partnerile! Telli juba t&auml;na.","potentialAction":[{"@type":"SearchAction","target":{"@type":"EntryPoint","urlTemplate":"https:\/\/kruze.ee\/et\/?s={search_term_string}"},"query-input":{"@type":"PropertyValueSpecification","valueRequired":true,"valueName":"search_term_string"}}],"inLanguage":"et"}]}},"_links":{"self":[{"href":"https:\/\/kruze.ee\/et\/wp-json\/wp\/v2\/product\/1431018","targetHints":{"allow":["GET"]}}],"collection":[{"href":"https:\/\/kruze.ee\/et\/wp-json\/wp\/v2\/product"}],"about":[{"href":"https:\/\/kruze.ee\/et\/wp-json\/wp\/v2\/types\/product"}],"wp:attachment":[{"href":"https:\/\/kruze.ee\/et\/wp-json\/wp\/v2\/media?parent=1431018"}],"wp:term":[{"taxonomy":"product_brand","embeddable":true,"href":"https:\/\/kruze.ee\/et\/wp-json\/wp\/v2\/product_brand?post=1431018"},{"taxonomy":"product_cat","embeddable":true,"href":"https:\/\/kruze.ee\/et\/wp-json\/wp\/v2\/product_cat?post=1431018"},{"taxonomy":"product_tag","embeddable":true,"href":"https:\/\/kruze.ee\/et\/wp-json\/wp\/v2\/product_tag?post=1431018"}],"curies":[{"name":"wp","href":"https:\/\/api.w.org\/{rel}","templated":true}]}}