{"id":1431002,"date":"2026-01-05T22:19:43","date_gmt":"2026-01-05T19:19:43","guid":{"rendered":"https:\/\/kruze.ee\/product\/cyclecell-5-000-mah-eemaldatava-akuga-akupank\/"},"modified":"2026-03-17T00:51:08","modified_gmt":"2026-03-16T21:51:08","slug":"cyclecell-5-000-mah-eemaldatava-akuga-akupank","status":"publish","type":"product","link":"https:\/\/kruze.ee\/et\/toode\/cyclecell-5-000-mah-eemaldatava-akuga-akupank\/","title":{"rendered":"CycleCell 5 000 mAh eemaldatava akuga akupank"},"content":{"rendered":"<p>Ainulaadse disainiga akupank, mis on loodud soodustama aku vastutustundlikku ringlussev\u00f5ttu toote eluts\u00fckli l\u00f5pus. Akupanga saab lihtsalt avada ja A-klassi aku eemaldada, et see ohutult taaskasutusse suunata. 5 000 mAh akupank on varustatud integreeritud USB-C kaabliga, mille abil saad seadme kohe laadima \u00fchendada; sama kaablit saab kasutada ka akupanga enda laadimiseks. Lisaks on olemas \u00fcks t\u00e4iendav USB-C port oma laadimiskaabli \u00fchendamiseks. Valmistatud taaskasutatud ABS-plastikust.C-t\u00fc\u00fcpi pordiga, et \u00fchendada oma laadimiskaabel. Valmistatud ringlussev\u00f5etud ABS-ist ja ringlussev\u00f5etud TPE-st. Kokku ringlussev\u00f5etud sisu: 30% toote kogukaalu alusel. RCS-sertifikaat tagab t\u00e4ielikult sertifitseeritud ringlussev\u00f5etud materjalide tarneahela. Pakendatud FSC\u00ae j\u00f5upakendisse. PVC-vaba. Sisend: 5V\/2.1A V\u00e4ljund 5V\/2.4A.<\/p>\n","protected":false},"excerpt":{"rendered":"<p>Ainulaadse disainiga akupank, mis on loodud soodustama aku vastutustundlikku ringlussev\u00f5ttu toote eluts\u00fckli l\u00f5pus. Akupanga saab lihtsalt avada ja A-klassi aku&#8230;<\/p>\n","protected":false},"featured_media":0,"template":"","meta":[],"product_brand":[],"product_cat":[5409],"product_tag":[],"class_list":{"0":"post-1431002","1":"product","2":"type-product","3":"status-publish","5":"product_cat-akupangad","6":"pa_gender-uniseks","7":"pa_gender-unisex","11":"first","12":"instock","13":"purchasable","14":"product-type-simple"},"acf":[],"yoast_head":"<!-- This site is optimized with the Yoast SEO plugin v26.0 - https:\/\/yoast.com\/wordpress\/plugins\/seo\/ -->\n<title>CycleCell 5 000 mAh eemaldatava akuga akupank - Kruze.ee<\/title>\n<meta name=\"robots\" content=\"index, follow, max-snippet:-1, max-image-preview:large, max-video-preview:-1\" \/>\n<link rel=\"canonical\" href=\"https:\/\/kruze.ee\/et\/toode\/cyclecell-5-000-mah-eemaldatava-akuga-akupank\/\" \/>\n<meta property=\"og:locale\" content=\"et_EE\" \/>\n<meta property=\"og:type\" content=\"article\" \/>\n<meta property=\"og:title\" content=\"CycleCell 5 000 mAh eemaldatava akuga akupank - Kruze.ee\" \/>\n<meta property=\"og:description\" content=\"Ainulaadse disainiga akupank, mis on loodud soodustama aku vastutustundlikku ringlussev\u00f5ttu toote eluts\u00fckli l\u00f5pus. Akupanga saab lihtsalt avada ja A-klassi aku...\" \/>\n<meta property=\"og:url\" content=\"https:\/\/kruze.ee\/et\/toode\/cyclecell-5-000-mah-eemaldatava-akuga-akupank\/\" \/>\n<meta property=\"og:site_name\" content=\"Kruze.ee\" \/>\n<meta property=\"article:modified_time\" content=\"2026-03-16T21:51:08+00:00\" \/>\n<meta name=\"twitter:card\" content=\"summary_large_image\" \/>\n<meta name=\"twitter:label1\" content=\"Est. reading time\" \/>\n\t<meta name=\"twitter:data1\" content=\"1 minut\" \/>\n<script type=\"application\/ld+json\" class=\"yoast-schema-graph\">{\"@context\":\"https:\/\/schema.org\",\"@graph\":[{\"@type\":\"WebPage\",\"@id\":\"https:\/\/kruze.ee\/et\/toode\/cyclecell-5-000-mah-eemaldatava-akuga-akupank\/\",\"url\":\"https:\/\/kruze.ee\/et\/toode\/cyclecell-5-000-mah-eemaldatava-akuga-akupank\/\",\"name\":\"CycleCell 5 000 mAh eemaldatava akuga akupank - Kruze.ee\",\"isPartOf\":{\"@id\":\"https:\/\/kruze.ee\/et\/#website\"},\"datePublished\":\"2026-01-05T19:19:43+00:00\",\"dateModified\":\"2026-03-16T21:51:08+00:00\",\"breadcrumb\":{\"@id\":\"https:\/\/kruze.ee\/et\/toode\/cyclecell-5-000-mah-eemaldatava-akuga-akupank\/#breadcrumb\"},\"inLanguage\":\"et\",\"potentialAction\":[{\"@type\":\"ReadAction\",\"target\":[\"https:\/\/kruze.ee\/et\/toode\/cyclecell-5-000-mah-eemaldatava-akuga-akupank\/\"]}]},{\"@type\":\"BreadcrumbList\",\"@id\":\"https:\/\/kruze.ee\/et\/toode\/cyclecell-5-000-mah-eemaldatava-akuga-akupank\/#breadcrumb\",\"itemListElement\":[{\"@type\":\"ListItem\",\"position\":1,\"name\":\"Home\",\"item\":\"https:\/\/kruze.ee\/et\/\"},{\"@type\":\"ListItem\",\"position\":2,\"name\":\"Tooted\",\"item\":\"https:\/\/kruze.ee\/et\/tooted\/\"},{\"@type\":\"ListItem\",\"position\":3,\"name\":\"CycleCell 5 000 mAh eemaldatava akuga akupank\"}]},{\"@type\":\"WebSite\",\"@id\":\"https:\/\/kruze.ee\/et\/#website\",\"url\":\"https:\/\/kruze.ee\/et\/\",\"name\":\"Kruze.ee\",\"description\":\"Reklaamkingitused, tr&uuml;kiga T-s&auml;rgid, fliisid, dressipluused, tekstiil, joped ja paljud teised logoga meened, &Auml;rikingitused sinu partnerile! Telli juba t&auml;na.\",\"potentialAction\":[{\"@type\":\"SearchAction\",\"target\":{\"@type\":\"EntryPoint\",\"urlTemplate\":\"https:\/\/kruze.ee\/et\/?s={search_term_string}\"},\"query-input\":{\"@type\":\"PropertyValueSpecification\",\"valueRequired\":true,\"valueName\":\"search_term_string\"}}],\"inLanguage\":\"et\"}]}<\/script>\n<!-- \/ Yoast SEO plugin. -->","yoast_head_json":{"title":"CycleCell 5 000 mAh eemaldatava akuga akupank - Kruze.ee","robots":{"index":"index","follow":"follow","max-snippet":"max-snippet:-1","max-image-preview":"max-image-preview:large","max-video-preview":"max-video-preview:-1"},"canonical":"https:\/\/kruze.ee\/et\/toode\/cyclecell-5-000-mah-eemaldatava-akuga-akupank\/","og_locale":"et_EE","og_type":"article","og_title":"CycleCell 5 000 mAh eemaldatava akuga akupank - Kruze.ee","og_description":"Ainulaadse disainiga akupank, mis on loodud soodustama aku vastutustundlikku ringlussev\u00f5ttu toote eluts\u00fckli l\u00f5pus. Akupanga saab lihtsalt avada ja A-klassi aku...","og_url":"https:\/\/kruze.ee\/et\/toode\/cyclecell-5-000-mah-eemaldatava-akuga-akupank\/","og_site_name":"Kruze.ee","article_modified_time":"2026-03-16T21:51:08+00:00","twitter_card":"summary_large_image","twitter_misc":{"Est. reading time":"1 minut"},"schema":{"@context":"https:\/\/schema.org","@graph":[{"@type":"WebPage","@id":"https:\/\/kruze.ee\/et\/toode\/cyclecell-5-000-mah-eemaldatava-akuga-akupank\/","url":"https:\/\/kruze.ee\/et\/toode\/cyclecell-5-000-mah-eemaldatava-akuga-akupank\/","name":"CycleCell 5 000 mAh eemaldatava akuga akupank - Kruze.ee","isPartOf":{"@id":"https:\/\/kruze.ee\/et\/#website"},"datePublished":"2026-01-05T19:19:43+00:00","dateModified":"2026-03-16T21:51:08+00:00","breadcrumb":{"@id":"https:\/\/kruze.ee\/et\/toode\/cyclecell-5-000-mah-eemaldatava-akuga-akupank\/#breadcrumb"},"inLanguage":"et","potentialAction":[{"@type":"ReadAction","target":["https:\/\/kruze.ee\/et\/toode\/cyclecell-5-000-mah-eemaldatava-akuga-akupank\/"]}]},{"@type":"BreadcrumbList","@id":"https:\/\/kruze.ee\/et\/toode\/cyclecell-5-000-mah-eemaldatava-akuga-akupank\/#breadcrumb","itemListElement":[{"@type":"ListItem","position":1,"name":"Home","item":"https:\/\/kruze.ee\/et\/"},{"@type":"ListItem","position":2,"name":"Tooted","item":"https:\/\/kruze.ee\/et\/tooted\/"},{"@type":"ListItem","position":3,"name":"CycleCell 5 000 mAh eemaldatava akuga akupank"}]},{"@type":"WebSite","@id":"https:\/\/kruze.ee\/et\/#website","url":"https:\/\/kruze.ee\/et\/","name":"Kruze.ee","description":"Reklaamkingitused, tr&uuml;kiga T-s&auml;rgid, fliisid, dressipluused, tekstiil, joped ja paljud teised logoga meened, &Auml;rikingitused sinu partnerile! Telli juba t&auml;na.","potentialAction":[{"@type":"SearchAction","target":{"@type":"EntryPoint","urlTemplate":"https:\/\/kruze.ee\/et\/?s={search_term_string}"},"query-input":{"@type":"PropertyValueSpecification","valueRequired":true,"valueName":"search_term_string"}}],"inLanguage":"et"}]}},"_links":{"self":[{"href":"https:\/\/kruze.ee\/et\/wp-json\/wp\/v2\/product\/1431002","targetHints":{"allow":["GET"]}}],"collection":[{"href":"https:\/\/kruze.ee\/et\/wp-json\/wp\/v2\/product"}],"about":[{"href":"https:\/\/kruze.ee\/et\/wp-json\/wp\/v2\/types\/product"}],"wp:attachment":[{"href":"https:\/\/kruze.ee\/et\/wp-json\/wp\/v2\/media?parent=1431002"}],"wp:term":[{"taxonomy":"product_brand","embeddable":true,"href":"https:\/\/kruze.ee\/et\/wp-json\/wp\/v2\/product_brand?post=1431002"},{"taxonomy":"product_cat","embeddable":true,"href":"https:\/\/kruze.ee\/et\/wp-json\/wp\/v2\/product_cat?post=1431002"},{"taxonomy":"product_tag","embeddable":true,"href":"https:\/\/kruze.ee\/et\/wp-json\/wp\/v2\/product_tag?post=1431002"}],"curies":[{"name":"wp","href":"https:\/\/api.w.org\/{rel}","templated":true}]}}