{"id":1430998,"date":"2026-01-05T22:19:35","date_gmt":"2026-01-05T19:19:35","guid":{"rendered":"https:\/\/kruze.ee\/product\/flashcharge-rcs-sertifikaadiga-taaskasutatud-plastikust-20-000-mah-kiirlaadimisega-akupank\/"},"modified":"2026-03-17T00:51:07","modified_gmt":"2026-03-16T21:51:07","slug":"flashcharge-rcs-sertifikaadiga-taaskasutatud-plastikust-20-000-mah-kiirlaadimisega-akupank","status":"publish","type":"product","link":"https:\/\/kruze.ee\/et\/toode\/flashcharge-rcs-sertifikaadiga-taaskasutatud-plastikust-20-000-mah-kiirlaadimisega-akupank\/","title":{"rendered":"FlashCharge RCS-sertifikaadiga taaskasutatud plastikust 20 000 mAh kiirlaadimisega akupank"},"content":{"rendered":"<p>20 000 mAh 20W PD akupank, mille korpus on valmistatud RCS-sertifikaadiga taaskasutatud ABS-plastikust. RCS (Recycled Claim Standard) kinnitab tootes sisalduva taaskasutatud materjali p\u00e4ritolu ja j\u00e4lgitavuse kogu tarneahela ulatuses. Taaskasutatud materjali osakaal on 15%, arvestatuna toote kogukaalu p\u00f5hjal. T\u00e4nu oma stiilsele ja ruumis\u00e4\u00e4stlikule disainile on Flashcharge akupank \u00fcllatavalt kompaktne, v\u00f5imaldades seda mugavalt k\u00f5ikjale kaasa v\u00f5tta.seadmetele. Pikki ooteaegu ei ole enam vaja; see energiapank tagab, et teie seadmed j\u00f5uavad t\u00e4isv\u00f5imsusele rekordajaga. Powerbank ise toetab 18W kiirlaadimist, seega saab powerbank laadida kiiremini kui tavaline powerbank.   Varustatud kiirlaadimise 3.0 USB-A pordi ja 20W PD Type-C pordiga, saad laadida korraga mitut seadet, ilma et laadimiskiiruses kompromisse tehtaks. J\u00e4lgi oma energiavarusid integreeritud LED-ekraani abil, et sa ei j\u00e4\u00e4ks kunagi t\u00fchja akuga h\u00e4tta, kui seda k\u00f5ige rohkem vajad.<\/p>\n","protected":false},"excerpt":{"rendered":"<p>20 000 mAh 20W PD akupank, mille korpus on valmistatud RCS-sertifikaadiga taaskasutatud ABS-plastikust. RCS (Recycled Claim Standard) kinnitab tootes sisalduva&#8230;<\/p>\n","protected":false},"featured_media":0,"template":"","meta":[],"product_brand":[],"product_cat":[5409],"product_tag":[],"class_list":{"0":"post-1430998","1":"product","2":"type-product","3":"status-publish","5":"product_cat-akupangad","6":"pa_gender-uniseks","7":"pa_gender-unisex","11":"first","12":"instock","13":"purchasable","14":"product-type-simple"},"acf":[],"yoast_head":"<!-- This site is optimized with the Yoast SEO plugin v26.0 - https:\/\/yoast.com\/wordpress\/plugins\/seo\/ -->\n<title>FlashCharge RCS-sertifikaadiga taaskasutatud plastikust 20 000 mAh kiirlaadimisega akupank - Kruze.ee<\/title>\n<meta name=\"robots\" content=\"index, follow, max-snippet:-1, max-image-preview:large, max-video-preview:-1\" \/>\n<link rel=\"canonical\" href=\"https:\/\/kruze.ee\/et\/toode\/flashcharge-rcs-sertifikaadiga-taaskasutatud-plastikust-20-000-mah-kiirlaadimisega-akupank\/\" \/>\n<meta property=\"og:locale\" content=\"et_EE\" \/>\n<meta property=\"og:type\" content=\"article\" \/>\n<meta property=\"og:title\" content=\"FlashCharge RCS-sertifikaadiga taaskasutatud plastikust 20 000 mAh kiirlaadimisega akupank - Kruze.ee\" \/>\n<meta property=\"og:description\" content=\"20 000 mAh 20W PD akupank, mille korpus on valmistatud RCS-sertifikaadiga taaskasutatud ABS-plastikust. RCS (Recycled Claim Standard) kinnitab tootes sisalduva...\" \/>\n<meta property=\"og:url\" content=\"https:\/\/kruze.ee\/et\/toode\/flashcharge-rcs-sertifikaadiga-taaskasutatud-plastikust-20-000-mah-kiirlaadimisega-akupank\/\" \/>\n<meta property=\"og:site_name\" content=\"Kruze.ee\" \/>\n<meta property=\"article:modified_time\" content=\"2026-03-16T21:51:07+00:00\" \/>\n<meta name=\"twitter:card\" content=\"summary_large_image\" \/>\n<meta name=\"twitter:label1\" content=\"Est. reading time\" \/>\n\t<meta name=\"twitter:data1\" content=\"1 minut\" \/>\n<script type=\"application\/ld+json\" class=\"yoast-schema-graph\">{\"@context\":\"https:\/\/schema.org\",\"@graph\":[{\"@type\":\"WebPage\",\"@id\":\"https:\/\/kruze.ee\/et\/toode\/flashcharge-rcs-sertifikaadiga-taaskasutatud-plastikust-20-000-mah-kiirlaadimisega-akupank\/\",\"url\":\"https:\/\/kruze.ee\/et\/toode\/flashcharge-rcs-sertifikaadiga-taaskasutatud-plastikust-20-000-mah-kiirlaadimisega-akupank\/\",\"name\":\"FlashCharge RCS-sertifikaadiga taaskasutatud plastikust 20 000 mAh kiirlaadimisega akupank - Kruze.ee\",\"isPartOf\":{\"@id\":\"https:\/\/kruze.ee\/et\/#website\"},\"datePublished\":\"2026-01-05T19:19:35+00:00\",\"dateModified\":\"2026-03-16T21:51:07+00:00\",\"breadcrumb\":{\"@id\":\"https:\/\/kruze.ee\/et\/toode\/flashcharge-rcs-sertifikaadiga-taaskasutatud-plastikust-20-000-mah-kiirlaadimisega-akupank\/#breadcrumb\"},\"inLanguage\":\"et\",\"potentialAction\":[{\"@type\":\"ReadAction\",\"target\":[\"https:\/\/kruze.ee\/et\/toode\/flashcharge-rcs-sertifikaadiga-taaskasutatud-plastikust-20-000-mah-kiirlaadimisega-akupank\/\"]}]},{\"@type\":\"BreadcrumbList\",\"@id\":\"https:\/\/kruze.ee\/et\/toode\/flashcharge-rcs-sertifikaadiga-taaskasutatud-plastikust-20-000-mah-kiirlaadimisega-akupank\/#breadcrumb\",\"itemListElement\":[{\"@type\":\"ListItem\",\"position\":1,\"name\":\"Home\",\"item\":\"https:\/\/kruze.ee\/et\/\"},{\"@type\":\"ListItem\",\"position\":2,\"name\":\"Tooted\",\"item\":\"https:\/\/kruze.ee\/et\/tooted\/\"},{\"@type\":\"ListItem\",\"position\":3,\"name\":\"FlashCharge RCS-sertifikaadiga taaskasutatud plastikust 20 000 mAh kiirlaadimisega akupank\"}]},{\"@type\":\"WebSite\",\"@id\":\"https:\/\/kruze.ee\/et\/#website\",\"url\":\"https:\/\/kruze.ee\/et\/\",\"name\":\"Kruze.ee\",\"description\":\"Reklaamkingitused, tr&uuml;kiga T-s&auml;rgid, fliisid, dressipluused, tekstiil, joped ja paljud teised logoga meened, &Auml;rikingitused sinu partnerile! Telli juba t&auml;na.\",\"potentialAction\":[{\"@type\":\"SearchAction\",\"target\":{\"@type\":\"EntryPoint\",\"urlTemplate\":\"https:\/\/kruze.ee\/et\/?s={search_term_string}\"},\"query-input\":{\"@type\":\"PropertyValueSpecification\",\"valueRequired\":true,\"valueName\":\"search_term_string\"}}],\"inLanguage\":\"et\"}]}<\/script>\n<!-- \/ Yoast SEO plugin. -->","yoast_head_json":{"title":"FlashCharge RCS-sertifikaadiga taaskasutatud plastikust 20 000 mAh kiirlaadimisega akupank - Kruze.ee","robots":{"index":"index","follow":"follow","max-snippet":"max-snippet:-1","max-image-preview":"max-image-preview:large","max-video-preview":"max-video-preview:-1"},"canonical":"https:\/\/kruze.ee\/et\/toode\/flashcharge-rcs-sertifikaadiga-taaskasutatud-plastikust-20-000-mah-kiirlaadimisega-akupank\/","og_locale":"et_EE","og_type":"article","og_title":"FlashCharge RCS-sertifikaadiga taaskasutatud plastikust 20 000 mAh kiirlaadimisega akupank - Kruze.ee","og_description":"20 000 mAh 20W PD akupank, mille korpus on valmistatud RCS-sertifikaadiga taaskasutatud ABS-plastikust. RCS (Recycled Claim Standard) kinnitab tootes sisalduva...","og_url":"https:\/\/kruze.ee\/et\/toode\/flashcharge-rcs-sertifikaadiga-taaskasutatud-plastikust-20-000-mah-kiirlaadimisega-akupank\/","og_site_name":"Kruze.ee","article_modified_time":"2026-03-16T21:51:07+00:00","twitter_card":"summary_large_image","twitter_misc":{"Est. reading time":"1 minut"},"schema":{"@context":"https:\/\/schema.org","@graph":[{"@type":"WebPage","@id":"https:\/\/kruze.ee\/et\/toode\/flashcharge-rcs-sertifikaadiga-taaskasutatud-plastikust-20-000-mah-kiirlaadimisega-akupank\/","url":"https:\/\/kruze.ee\/et\/toode\/flashcharge-rcs-sertifikaadiga-taaskasutatud-plastikust-20-000-mah-kiirlaadimisega-akupank\/","name":"FlashCharge RCS-sertifikaadiga taaskasutatud plastikust 20 000 mAh kiirlaadimisega akupank - Kruze.ee","isPartOf":{"@id":"https:\/\/kruze.ee\/et\/#website"},"datePublished":"2026-01-05T19:19:35+00:00","dateModified":"2026-03-16T21:51:07+00:00","breadcrumb":{"@id":"https:\/\/kruze.ee\/et\/toode\/flashcharge-rcs-sertifikaadiga-taaskasutatud-plastikust-20-000-mah-kiirlaadimisega-akupank\/#breadcrumb"},"inLanguage":"et","potentialAction":[{"@type":"ReadAction","target":["https:\/\/kruze.ee\/et\/toode\/flashcharge-rcs-sertifikaadiga-taaskasutatud-plastikust-20-000-mah-kiirlaadimisega-akupank\/"]}]},{"@type":"BreadcrumbList","@id":"https:\/\/kruze.ee\/et\/toode\/flashcharge-rcs-sertifikaadiga-taaskasutatud-plastikust-20-000-mah-kiirlaadimisega-akupank\/#breadcrumb","itemListElement":[{"@type":"ListItem","position":1,"name":"Home","item":"https:\/\/kruze.ee\/et\/"},{"@type":"ListItem","position":2,"name":"Tooted","item":"https:\/\/kruze.ee\/et\/tooted\/"},{"@type":"ListItem","position":3,"name":"FlashCharge RCS-sertifikaadiga taaskasutatud plastikust 20 000 mAh kiirlaadimisega akupank"}]},{"@type":"WebSite","@id":"https:\/\/kruze.ee\/et\/#website","url":"https:\/\/kruze.ee\/et\/","name":"Kruze.ee","description":"Reklaamkingitused, tr&uuml;kiga T-s&auml;rgid, fliisid, dressipluused, tekstiil, joped ja paljud teised logoga meened, &Auml;rikingitused sinu partnerile! Telli juba t&auml;na.","potentialAction":[{"@type":"SearchAction","target":{"@type":"EntryPoint","urlTemplate":"https:\/\/kruze.ee\/et\/?s={search_term_string}"},"query-input":{"@type":"PropertyValueSpecification","valueRequired":true,"valueName":"search_term_string"}}],"inLanguage":"et"}]}},"_links":{"self":[{"href":"https:\/\/kruze.ee\/et\/wp-json\/wp\/v2\/product\/1430998","targetHints":{"allow":["GET"]}}],"collection":[{"href":"https:\/\/kruze.ee\/et\/wp-json\/wp\/v2\/product"}],"about":[{"href":"https:\/\/kruze.ee\/et\/wp-json\/wp\/v2\/types\/product"}],"wp:attachment":[{"href":"https:\/\/kruze.ee\/et\/wp-json\/wp\/v2\/media?parent=1430998"}],"wp:term":[{"taxonomy":"product_brand","embeddable":true,"href":"https:\/\/kruze.ee\/et\/wp-json\/wp\/v2\/product_brand?post=1430998"},{"taxonomy":"product_cat","embeddable":true,"href":"https:\/\/kruze.ee\/et\/wp-json\/wp\/v2\/product_cat?post=1430998"},{"taxonomy":"product_tag","embeddable":true,"href":"https:\/\/kruze.ee\/et\/wp-json\/wp\/v2\/product_tag?post=1430998"}],"curies":[{"name":"wp","href":"https:\/\/api.w.org\/{rel}","templated":true}]}}