{"id":1430964,"date":"2026-01-05T22:18:32","date_gmt":"2026-01-05T19:18:32","guid":{"rendered":"https:\/\/kruze.ee\/product\/power-vault-rcs-sertifikaadiga-taaskasutatud-plastikust-21-000-mah-kaasaskantav-laadimisjaam\/"},"modified":"2026-03-17T00:50:58","modified_gmt":"2026-03-16T21:50:58","slug":"power-vault-rcs-sertifikaadiga-taaskasutatud-plastikust-21-000-mah-kaasaskantav-laadimisjaam","status":"publish","type":"product","link":"https:\/\/kruze.ee\/et\/toode\/power-vault-rcs-sertifikaadiga-taaskasutatud-plastikust-21-000-mah-kaasaskantav-laadimisjaam\/","title":{"rendered":"Power Vault RCS-sertifikaadiga taaskasutatud plastikust 21 000 mAh kaasaskantav laadimisjaam"},"content":{"rendered":"<p>21 000 mAh kaasaskantav laadimisjaam, valmistatud RCS-sertifikaadiga taaskasutatud ABS-plastikust. Taaskasutatud materjali osakaal on 25%, arvestatuna toote kogukaalu p\u00f5hjal. RCS-sertifikaat (Recycled Claim Standard) tagab, et kogu taaskasutatud materjalide tarneahel on sertifitseeritud ja j\u00e4lgitav. Power Vault sobib ideaalselt kasutamiseks v\u00e4litingimustes, reisil v\u00f5i kodus varuenergiana h\u00e4daolukordadeks. 21 000 mAh aku tagab usaldusv\u00e4\u00e4rse ja pikaajalise toite mitmete seadmete laadimiseks.<\/p>\n","protected":false},"excerpt":{"rendered":"<p>21 000 mAh kaasaskantav laadimisjaam, valmistatud RCS-sertifikaadiga taaskasutatud ABS-plastikust. Taaskasutatud materjali osakaal on 25%, arvestatuna toote&#8230;<\/p>\n","protected":false},"featured_media":0,"template":"","meta":[],"product_brand":[],"product_cat":[5409],"product_tag":[],"class_list":{"0":"post-1430964","1":"product","2":"type-product","3":"status-publish","5":"product_cat-akupangad","6":"pa_gender-uniseks","7":"pa_gender-unisex","11":"first","12":"instock","13":"purchasable","14":"product-type-simple"},"acf":[],"yoast_head":"<!-- This site is optimized with the Yoast SEO plugin v26.0 - https:\/\/yoast.com\/wordpress\/plugins\/seo\/ -->\n<title>Power Vault RCS-sertifikaadiga taaskasutatud plastikust 21 000 mAh kaasaskantav laadimisjaam - Kruze.ee<\/title>\n<meta name=\"robots\" content=\"index, follow, max-snippet:-1, max-image-preview:large, max-video-preview:-1\" \/>\n<link rel=\"canonical\" href=\"https:\/\/kruze.ee\/et\/toode\/power-vault-rcs-sertifikaadiga-taaskasutatud-plastikust-21-000-mah-kaasaskantav-laadimisjaam\/\" \/>\n<meta property=\"og:locale\" content=\"et_EE\" \/>\n<meta property=\"og:type\" content=\"article\" \/>\n<meta property=\"og:title\" content=\"Power Vault RCS-sertifikaadiga taaskasutatud plastikust 21 000 mAh kaasaskantav laadimisjaam - Kruze.ee\" \/>\n<meta property=\"og:description\" content=\"21 000 mAh kaasaskantav laadimisjaam, valmistatud RCS-sertifikaadiga taaskasutatud ABS-plastikust. Taaskasutatud materjali osakaal on 25%, arvestatuna toote...\" \/>\n<meta property=\"og:url\" content=\"https:\/\/kruze.ee\/et\/toode\/power-vault-rcs-sertifikaadiga-taaskasutatud-plastikust-21-000-mah-kaasaskantav-laadimisjaam\/\" \/>\n<meta property=\"og:site_name\" content=\"Kruze.ee\" \/>\n<meta property=\"article:modified_time\" content=\"2026-03-16T21:50:58+00:00\" \/>\n<meta name=\"twitter:card\" content=\"summary_large_image\" \/>\n<script type=\"application\/ld+json\" class=\"yoast-schema-graph\">{\"@context\":\"https:\/\/schema.org\",\"@graph\":[{\"@type\":\"WebPage\",\"@id\":\"https:\/\/kruze.ee\/et\/toode\/power-vault-rcs-sertifikaadiga-taaskasutatud-plastikust-21-000-mah-kaasaskantav-laadimisjaam\/\",\"url\":\"https:\/\/kruze.ee\/et\/toode\/power-vault-rcs-sertifikaadiga-taaskasutatud-plastikust-21-000-mah-kaasaskantav-laadimisjaam\/\",\"name\":\"Power Vault RCS-sertifikaadiga taaskasutatud plastikust 21 000 mAh kaasaskantav laadimisjaam - Kruze.ee\",\"isPartOf\":{\"@id\":\"https:\/\/kruze.ee\/et\/#website\"},\"datePublished\":\"2026-01-05T19:18:32+00:00\",\"dateModified\":\"2026-03-16T21:50:58+00:00\",\"breadcrumb\":{\"@id\":\"https:\/\/kruze.ee\/et\/toode\/power-vault-rcs-sertifikaadiga-taaskasutatud-plastikust-21-000-mah-kaasaskantav-laadimisjaam\/#breadcrumb\"},\"inLanguage\":\"et\",\"potentialAction\":[{\"@type\":\"ReadAction\",\"target\":[\"https:\/\/kruze.ee\/et\/toode\/power-vault-rcs-sertifikaadiga-taaskasutatud-plastikust-21-000-mah-kaasaskantav-laadimisjaam\/\"]}]},{\"@type\":\"BreadcrumbList\",\"@id\":\"https:\/\/kruze.ee\/et\/toode\/power-vault-rcs-sertifikaadiga-taaskasutatud-plastikust-21-000-mah-kaasaskantav-laadimisjaam\/#breadcrumb\",\"itemListElement\":[{\"@type\":\"ListItem\",\"position\":1,\"name\":\"Home\",\"item\":\"https:\/\/kruze.ee\/et\/\"},{\"@type\":\"ListItem\",\"position\":2,\"name\":\"Tooted\",\"item\":\"https:\/\/kruze.ee\/et\/tooted\/\"},{\"@type\":\"ListItem\",\"position\":3,\"name\":\"Power Vault RCS-sertifikaadiga taaskasutatud plastikust 21 000 mAh kaasaskantav laadimisjaam\"}]},{\"@type\":\"WebSite\",\"@id\":\"https:\/\/kruze.ee\/et\/#website\",\"url\":\"https:\/\/kruze.ee\/et\/\",\"name\":\"Kruze.ee\",\"description\":\"Reklaamkingitused, tr&uuml;kiga T-s&auml;rgid, fliisid, dressipluused, tekstiil, joped ja paljud teised logoga meened, &Auml;rikingitused sinu partnerile! Telli juba t&auml;na.\",\"potentialAction\":[{\"@type\":\"SearchAction\",\"target\":{\"@type\":\"EntryPoint\",\"urlTemplate\":\"https:\/\/kruze.ee\/et\/?s={search_term_string}\"},\"query-input\":{\"@type\":\"PropertyValueSpecification\",\"valueRequired\":true,\"valueName\":\"search_term_string\"}}],\"inLanguage\":\"et\"}]}<\/script>\n<!-- \/ Yoast SEO plugin. -->","yoast_head_json":{"title":"Power Vault RCS-sertifikaadiga taaskasutatud plastikust 21 000 mAh kaasaskantav laadimisjaam - Kruze.ee","robots":{"index":"index","follow":"follow","max-snippet":"max-snippet:-1","max-image-preview":"max-image-preview:large","max-video-preview":"max-video-preview:-1"},"canonical":"https:\/\/kruze.ee\/et\/toode\/power-vault-rcs-sertifikaadiga-taaskasutatud-plastikust-21-000-mah-kaasaskantav-laadimisjaam\/","og_locale":"et_EE","og_type":"article","og_title":"Power Vault RCS-sertifikaadiga taaskasutatud plastikust 21 000 mAh kaasaskantav laadimisjaam - Kruze.ee","og_description":"21 000 mAh kaasaskantav laadimisjaam, valmistatud RCS-sertifikaadiga taaskasutatud ABS-plastikust. Taaskasutatud materjali osakaal on 25%, arvestatuna toote...","og_url":"https:\/\/kruze.ee\/et\/toode\/power-vault-rcs-sertifikaadiga-taaskasutatud-plastikust-21-000-mah-kaasaskantav-laadimisjaam\/","og_site_name":"Kruze.ee","article_modified_time":"2026-03-16T21:50:58+00:00","twitter_card":"summary_large_image","schema":{"@context":"https:\/\/schema.org","@graph":[{"@type":"WebPage","@id":"https:\/\/kruze.ee\/et\/toode\/power-vault-rcs-sertifikaadiga-taaskasutatud-plastikust-21-000-mah-kaasaskantav-laadimisjaam\/","url":"https:\/\/kruze.ee\/et\/toode\/power-vault-rcs-sertifikaadiga-taaskasutatud-plastikust-21-000-mah-kaasaskantav-laadimisjaam\/","name":"Power Vault RCS-sertifikaadiga taaskasutatud plastikust 21 000 mAh kaasaskantav laadimisjaam - Kruze.ee","isPartOf":{"@id":"https:\/\/kruze.ee\/et\/#website"},"datePublished":"2026-01-05T19:18:32+00:00","dateModified":"2026-03-16T21:50:58+00:00","breadcrumb":{"@id":"https:\/\/kruze.ee\/et\/toode\/power-vault-rcs-sertifikaadiga-taaskasutatud-plastikust-21-000-mah-kaasaskantav-laadimisjaam\/#breadcrumb"},"inLanguage":"et","potentialAction":[{"@type":"ReadAction","target":["https:\/\/kruze.ee\/et\/toode\/power-vault-rcs-sertifikaadiga-taaskasutatud-plastikust-21-000-mah-kaasaskantav-laadimisjaam\/"]}]},{"@type":"BreadcrumbList","@id":"https:\/\/kruze.ee\/et\/toode\/power-vault-rcs-sertifikaadiga-taaskasutatud-plastikust-21-000-mah-kaasaskantav-laadimisjaam\/#breadcrumb","itemListElement":[{"@type":"ListItem","position":1,"name":"Home","item":"https:\/\/kruze.ee\/et\/"},{"@type":"ListItem","position":2,"name":"Tooted","item":"https:\/\/kruze.ee\/et\/tooted\/"},{"@type":"ListItem","position":3,"name":"Power Vault RCS-sertifikaadiga taaskasutatud plastikust 21 000 mAh kaasaskantav laadimisjaam"}]},{"@type":"WebSite","@id":"https:\/\/kruze.ee\/et\/#website","url":"https:\/\/kruze.ee\/et\/","name":"Kruze.ee","description":"Reklaamkingitused, tr&uuml;kiga T-s&auml;rgid, fliisid, dressipluused, tekstiil, joped ja paljud teised logoga meened, &Auml;rikingitused sinu partnerile! Telli juba t&auml;na.","potentialAction":[{"@type":"SearchAction","target":{"@type":"EntryPoint","urlTemplate":"https:\/\/kruze.ee\/et\/?s={search_term_string}"},"query-input":{"@type":"PropertyValueSpecification","valueRequired":true,"valueName":"search_term_string"}}],"inLanguage":"et"}]}},"_links":{"self":[{"href":"https:\/\/kruze.ee\/et\/wp-json\/wp\/v2\/product\/1430964","targetHints":{"allow":["GET"]}}],"collection":[{"href":"https:\/\/kruze.ee\/et\/wp-json\/wp\/v2\/product"}],"about":[{"href":"https:\/\/kruze.ee\/et\/wp-json\/wp\/v2\/types\/product"}],"wp:attachment":[{"href":"https:\/\/kruze.ee\/et\/wp-json\/wp\/v2\/media?parent=1430964"}],"wp:term":[{"taxonomy":"product_brand","embeddable":true,"href":"https:\/\/kruze.ee\/et\/wp-json\/wp\/v2\/product_brand?post=1430964"},{"taxonomy":"product_cat","embeddable":true,"href":"https:\/\/kruze.ee\/et\/wp-json\/wp\/v2\/product_cat?post=1430964"},{"taxonomy":"product_tag","embeddable":true,"href":"https:\/\/kruze.ee\/et\/wp-json\/wp\/v2\/product_tag?post=1430964"}],"curies":[{"name":"wp","href":"https:\/\/api.w.org\/{rel}","templated":true}]}}