{"id":1430954,"date":"2026-01-05T22:18:10","date_gmt":"2026-01-05T19:18:10","guid":{"rendered":"https:\/\/kruze.ee\/product\/alumiiniumist-18w-10-000-mah-pd-akupank\/"},"modified":"2026-03-17T00:50:56","modified_gmt":"2026-03-16T21:50:56","slug":"alumiiniumist-18w-10-000-mah-pd-akupank","status":"publish","type":"product","link":"https:\/\/kruze.ee\/et\/toode\/alumiiniumist-18w-10-000-mah-pd-akupank\/","title":{"rendered":"Alumiiniumist 18W 10 000 mAh PD akupank"},"content":{"rendered":"<p>Laadi k\u00f5iki oma mobiilseadmeid maksimaalse v\u00f5imaliku kiirusega. See alumiiniumkorpusega 18W PD akupank on varustatud \u00fclikiire USB-C v\u00e4ljundi ja QC 3.0 USB-A v\u00e4ljundiga. Seadmes on A-klassi 10 000 mAh liitium-pol\u00fcmeeraku, mis v\u00f5imaldab nutiseadet laadida kuni viis korda. Aku indikaatortuled n\u00e4itavad allesj\u00e4\u00e4nud energiataset, et teaksid alati, millal on aeg uuesti laadida. Sisendid: Micro-USB 5V\/2A ja USB-C 5V\/3A, 9V\/2A, 12V\/1.5A. V\u00e4ljundid: USB 5V\/2.1A, QC 3.0 5V\/3A, 9V\/2A, 12V\/1.5A, USB-C 5V\/3A, 9V\/2A, 12V\/1.5A kuni 18W (PD 3.0) ning USB-A 5V\/3A, 9V\/2A, 12V\/1.5A kuni 18W (PD 3.0). Komplektis PVC-vaba TPE-materjalist micro-USB laadimiskaabel<\/p>\n","protected":false},"excerpt":{"rendered":"<p>Laadi k\u00f5iki oma mobiilseadmeid maksimaalse v\u00f5imaliku kiirusega. See alumiiniumkorpusega 18W PD akupank on varustatud \u00fclikiire USB-C v\u00e4ljundi ja QC 3.0 USB-A&#8230;<\/p>\n","protected":false},"featured_media":0,"template":"","meta":[],"product_brand":[],"product_cat":[5409],"product_tag":[],"class_list":{"0":"post-1430954","1":"product","2":"type-product","3":"status-publish","5":"product_cat-akupangad","6":"pa_brand-xd-collection","7":"pa_color-hobe","8":"pa_color-black-2","9":"pa_gender-uniseks","10":"pa_gender-unisex","13":"pa_material-aluminiumabs","15":"first","16":"instock","17":"taxable","18":"shipping-taxable","19":"purchasable","20":"product-type-variable"},"acf":[],"yoast_head":"<!-- This site is optimized with the Yoast SEO plugin v26.0 - https:\/\/yoast.com\/wordpress\/plugins\/seo\/ -->\n<title>Alumiiniumist 18W 10 000 mAh PD akupank - Kruze.ee<\/title>\n<meta name=\"robots\" content=\"index, follow, max-snippet:-1, max-image-preview:large, max-video-preview:-1\" \/>\n<link rel=\"canonical\" href=\"https:\/\/kruze.ee\/et\/toode\/alumiiniumist-18w-10-000-mah-pd-akupank\/\" \/>\n<meta property=\"og:locale\" content=\"et_EE\" \/>\n<meta property=\"og:type\" content=\"article\" \/>\n<meta property=\"og:title\" content=\"Alumiiniumist 18W 10 000 mAh PD akupank - Kruze.ee\" \/>\n<meta property=\"og:description\" content=\"Laadi k\u00f5iki oma mobiilseadmeid maksimaalse v\u00f5imaliku kiirusega. See alumiiniumkorpusega 18W PD akupank on varustatud \u00fclikiire USB-C v\u00e4ljundi ja QC 3.0 USB-A...\" \/>\n<meta property=\"og:url\" content=\"https:\/\/kruze.ee\/et\/toode\/alumiiniumist-18w-10-000-mah-pd-akupank\/\" \/>\n<meta property=\"og:site_name\" content=\"Kruze.ee\" \/>\n<meta property=\"article:modified_time\" content=\"2026-03-16T21:50:56+00:00\" \/>\n<meta name=\"twitter:card\" content=\"summary_large_image\" \/>\n<meta name=\"twitter:label1\" content=\"Est. reading time\" \/>\n\t<meta name=\"twitter:data1\" content=\"1 minut\" \/>\n<script type=\"application\/ld+json\" class=\"yoast-schema-graph\">{\"@context\":\"https:\/\/schema.org\",\"@graph\":[{\"@type\":\"WebPage\",\"@id\":\"https:\/\/kruze.ee\/et\/toode\/alumiiniumist-18w-10-000-mah-pd-akupank\/\",\"url\":\"https:\/\/kruze.ee\/et\/toode\/alumiiniumist-18w-10-000-mah-pd-akupank\/\",\"name\":\"Alumiiniumist 18W 10 000 mAh PD akupank - Kruze.ee\",\"isPartOf\":{\"@id\":\"https:\/\/kruze.ee\/et\/#website\"},\"datePublished\":\"2026-01-05T19:18:10+00:00\",\"dateModified\":\"2026-03-16T21:50:56+00:00\",\"breadcrumb\":{\"@id\":\"https:\/\/kruze.ee\/et\/toode\/alumiiniumist-18w-10-000-mah-pd-akupank\/#breadcrumb\"},\"inLanguage\":\"et\",\"potentialAction\":[{\"@type\":\"ReadAction\",\"target\":[\"https:\/\/kruze.ee\/et\/toode\/alumiiniumist-18w-10-000-mah-pd-akupank\/\"]}]},{\"@type\":\"BreadcrumbList\",\"@id\":\"https:\/\/kruze.ee\/et\/toode\/alumiiniumist-18w-10-000-mah-pd-akupank\/#breadcrumb\",\"itemListElement\":[{\"@type\":\"ListItem\",\"position\":1,\"name\":\"Home\",\"item\":\"https:\/\/kruze.ee\/et\/\"},{\"@type\":\"ListItem\",\"position\":2,\"name\":\"Tooted\",\"item\":\"https:\/\/kruze.ee\/et\/tooted\/\"},{\"@type\":\"ListItem\",\"position\":3,\"name\":\"Alumiiniumist 18W 10 000 mAh PD akupank\"}]},{\"@type\":\"WebSite\",\"@id\":\"https:\/\/kruze.ee\/et\/#website\",\"url\":\"https:\/\/kruze.ee\/et\/\",\"name\":\"Kruze.ee\",\"description\":\"Reklaamkingitused, tr&uuml;kiga T-s&auml;rgid, fliisid, dressipluused, tekstiil, joped ja paljud teised logoga meened, &Auml;rikingitused sinu partnerile! Telli juba t&auml;na.\",\"potentialAction\":[{\"@type\":\"SearchAction\",\"target\":{\"@type\":\"EntryPoint\",\"urlTemplate\":\"https:\/\/kruze.ee\/et\/?s={search_term_string}\"},\"query-input\":{\"@type\":\"PropertyValueSpecification\",\"valueRequired\":true,\"valueName\":\"search_term_string\"}}],\"inLanguage\":\"et\"}]}<\/script>\n<!-- \/ Yoast SEO plugin. -->","yoast_head_json":{"title":"Alumiiniumist 18W 10 000 mAh PD akupank - Kruze.ee","robots":{"index":"index","follow":"follow","max-snippet":"max-snippet:-1","max-image-preview":"max-image-preview:large","max-video-preview":"max-video-preview:-1"},"canonical":"https:\/\/kruze.ee\/et\/toode\/alumiiniumist-18w-10-000-mah-pd-akupank\/","og_locale":"et_EE","og_type":"article","og_title":"Alumiiniumist 18W 10 000 mAh PD akupank - Kruze.ee","og_description":"Laadi k\u00f5iki oma mobiilseadmeid maksimaalse v\u00f5imaliku kiirusega. See alumiiniumkorpusega 18W PD akupank on varustatud \u00fclikiire USB-C v\u00e4ljundi ja QC 3.0 USB-A...","og_url":"https:\/\/kruze.ee\/et\/toode\/alumiiniumist-18w-10-000-mah-pd-akupank\/","og_site_name":"Kruze.ee","article_modified_time":"2026-03-16T21:50:56+00:00","twitter_card":"summary_large_image","twitter_misc":{"Est. reading time":"1 minut"},"schema":{"@context":"https:\/\/schema.org","@graph":[{"@type":"WebPage","@id":"https:\/\/kruze.ee\/et\/toode\/alumiiniumist-18w-10-000-mah-pd-akupank\/","url":"https:\/\/kruze.ee\/et\/toode\/alumiiniumist-18w-10-000-mah-pd-akupank\/","name":"Alumiiniumist 18W 10 000 mAh PD akupank - Kruze.ee","isPartOf":{"@id":"https:\/\/kruze.ee\/et\/#website"},"datePublished":"2026-01-05T19:18:10+00:00","dateModified":"2026-03-16T21:50:56+00:00","breadcrumb":{"@id":"https:\/\/kruze.ee\/et\/toode\/alumiiniumist-18w-10-000-mah-pd-akupank\/#breadcrumb"},"inLanguage":"et","potentialAction":[{"@type":"ReadAction","target":["https:\/\/kruze.ee\/et\/toode\/alumiiniumist-18w-10-000-mah-pd-akupank\/"]}]},{"@type":"BreadcrumbList","@id":"https:\/\/kruze.ee\/et\/toode\/alumiiniumist-18w-10-000-mah-pd-akupank\/#breadcrumb","itemListElement":[{"@type":"ListItem","position":1,"name":"Home","item":"https:\/\/kruze.ee\/et\/"},{"@type":"ListItem","position":2,"name":"Tooted","item":"https:\/\/kruze.ee\/et\/tooted\/"},{"@type":"ListItem","position":3,"name":"Alumiiniumist 18W 10 000 mAh PD akupank"}]},{"@type":"WebSite","@id":"https:\/\/kruze.ee\/et\/#website","url":"https:\/\/kruze.ee\/et\/","name":"Kruze.ee","description":"Reklaamkingitused, tr&uuml;kiga T-s&auml;rgid, fliisid, dressipluused, tekstiil, joped ja paljud teised logoga meened, &Auml;rikingitused sinu partnerile! Telli juba t&auml;na.","potentialAction":[{"@type":"SearchAction","target":{"@type":"EntryPoint","urlTemplate":"https:\/\/kruze.ee\/et\/?s={search_term_string}"},"query-input":{"@type":"PropertyValueSpecification","valueRequired":true,"valueName":"search_term_string"}}],"inLanguage":"et"}]}},"_links":{"self":[{"href":"https:\/\/kruze.ee\/et\/wp-json\/wp\/v2\/product\/1430954","targetHints":{"allow":["GET"]}}],"collection":[{"href":"https:\/\/kruze.ee\/et\/wp-json\/wp\/v2\/product"}],"about":[{"href":"https:\/\/kruze.ee\/et\/wp-json\/wp\/v2\/types\/product"}],"wp:attachment":[{"href":"https:\/\/kruze.ee\/et\/wp-json\/wp\/v2\/media?parent=1430954"}],"wp:term":[{"taxonomy":"product_brand","embeddable":true,"href":"https:\/\/kruze.ee\/et\/wp-json\/wp\/v2\/product_brand?post=1430954"},{"taxonomy":"product_cat","embeddable":true,"href":"https:\/\/kruze.ee\/et\/wp-json\/wp\/v2\/product_cat?post=1430954"},{"taxonomy":"product_tag","embeddable":true,"href":"https:\/\/kruze.ee\/et\/wp-json\/wp\/v2\/product_tag?post=1430954"}],"curies":[{"name":"wp","href":"https:\/\/api.w.org\/{rel}","templated":true}]}}