{"id":1430952,"date":"2026-01-05T22:18:05","date_gmt":"2026-01-05T19:18:05","guid":{"rendered":"https:\/\/kruze.ee\/product\/10-000-mah-kiirlaadimisega-10w-juhtmevaba-akupank-pd-toega\/"},"modified":"2026-03-17T00:50:55","modified_gmt":"2026-03-16T21:50:55","slug":"10-000-mah-kiirlaadimisega-10w-juhtmevaba-akupank-pd-toega","status":"publish","type":"product","link":"https:\/\/kruze.ee\/et\/toode\/10-000-mah-kiirlaadimisega-10w-juhtmevaba-akupank-pd-toega\/","title":{"rendered":"10 000 mAh kiirlaadimisega 10W juhtmevaba akupank PD-toega"},"content":{"rendered":"<p>Vastupidav 10 000 mAh akupank, valmistatud ABS-plastikust. Toetab 10W juhtmevaba kiirlaadimist ning on varustatud \u00fche USB-pordiga kaabliga laadimiseks ja \u00fclikiire PD USB-C v\u00e4ljundiga, mis v\u00f5imaldab laadida ka suuremaid seadmeid kuni 18W v\u00f5imsusega. T\u00e4islaetuna pakub piisavalt energiat, et laadida nutitelefoni kuni viis korda. Akupanga erip\u00e4raks on kiire sisendlaadimise tugi, mis v\u00f5imaldab akupanka ennast laadida kuni kaks korda kiiremini kui enamik turul olevaid mudeleid. Seadmes on vastupidav A-klassi 10 000 mAh suure tihedusega liitiumaku, mis tagab pika kasutusea ja usaldusv\u00e4\u00e4rse j\u00f5udluse.<\/p>\n","protected":false},"excerpt":{"rendered":"<p>Vastupidav 10 000 mAh akupank, valmistatud ABS-plastikust. Toetab 10W juhtmevaba kiirlaadimist ning on varustatud \u00fche USB-pordiga kaabliga laadimiseks ja&#8230;<\/p>\n","protected":false},"featured_media":0,"template":"","meta":[],"product_brand":[],"product_cat":[5409],"product_tag":[],"class_list":{"0":"post-1430952","1":"product","2":"type-product","3":"status-publish","5":"product_cat-akupangad","6":"pa_gender-uniseks","7":"pa_gender-unisex","11":"first","12":"instock","13":"purchasable","14":"product-type-simple"},"acf":[],"yoast_head":"<!-- This site is optimized with the Yoast SEO plugin v26.0 - https:\/\/yoast.com\/wordpress\/plugins\/seo\/ -->\n<title>10 000 mAh kiirlaadimisega 10W juhtmevaba akupank PD-toega - Kruze.ee<\/title>\n<meta name=\"robots\" content=\"index, follow, max-snippet:-1, max-image-preview:large, max-video-preview:-1\" \/>\n<link rel=\"canonical\" href=\"https:\/\/kruze.ee\/et\/toode\/10-000-mah-kiirlaadimisega-10w-juhtmevaba-akupank-pd-toega\/\" \/>\n<meta property=\"og:locale\" content=\"et_EE\" \/>\n<meta property=\"og:type\" content=\"article\" \/>\n<meta property=\"og:title\" content=\"10 000 mAh kiirlaadimisega 10W juhtmevaba akupank PD-toega - Kruze.ee\" \/>\n<meta property=\"og:description\" content=\"Vastupidav 10 000 mAh akupank, valmistatud ABS-plastikust. Toetab 10W juhtmevaba kiirlaadimist ning on varustatud \u00fche USB-pordiga kaabliga laadimiseks ja...\" \/>\n<meta property=\"og:url\" content=\"https:\/\/kruze.ee\/et\/toode\/10-000-mah-kiirlaadimisega-10w-juhtmevaba-akupank-pd-toega\/\" \/>\n<meta property=\"og:site_name\" content=\"Kruze.ee\" \/>\n<meta property=\"article:modified_time\" content=\"2026-03-16T21:50:55+00:00\" \/>\n<meta name=\"twitter:card\" content=\"summary_large_image\" \/>\n<script type=\"application\/ld+json\" class=\"yoast-schema-graph\">{\"@context\":\"https:\/\/schema.org\",\"@graph\":[{\"@type\":\"WebPage\",\"@id\":\"https:\/\/kruze.ee\/et\/toode\/10-000-mah-kiirlaadimisega-10w-juhtmevaba-akupank-pd-toega\/\",\"url\":\"https:\/\/kruze.ee\/et\/toode\/10-000-mah-kiirlaadimisega-10w-juhtmevaba-akupank-pd-toega\/\",\"name\":\"10 000 mAh kiirlaadimisega 10W juhtmevaba akupank PD-toega - Kruze.ee\",\"isPartOf\":{\"@id\":\"https:\/\/kruze.ee\/et\/#website\"},\"datePublished\":\"2026-01-05T19:18:05+00:00\",\"dateModified\":\"2026-03-16T21:50:55+00:00\",\"breadcrumb\":{\"@id\":\"https:\/\/kruze.ee\/et\/toode\/10-000-mah-kiirlaadimisega-10w-juhtmevaba-akupank-pd-toega\/#breadcrumb\"},\"inLanguage\":\"et\",\"potentialAction\":[{\"@type\":\"ReadAction\",\"target\":[\"https:\/\/kruze.ee\/et\/toode\/10-000-mah-kiirlaadimisega-10w-juhtmevaba-akupank-pd-toega\/\"]}]},{\"@type\":\"BreadcrumbList\",\"@id\":\"https:\/\/kruze.ee\/et\/toode\/10-000-mah-kiirlaadimisega-10w-juhtmevaba-akupank-pd-toega\/#breadcrumb\",\"itemListElement\":[{\"@type\":\"ListItem\",\"position\":1,\"name\":\"Home\",\"item\":\"https:\/\/kruze.ee\/et\/\"},{\"@type\":\"ListItem\",\"position\":2,\"name\":\"Tooted\",\"item\":\"https:\/\/kruze.ee\/et\/tooted\/\"},{\"@type\":\"ListItem\",\"position\":3,\"name\":\"10 000 mAh kiirlaadimisega 10W juhtmevaba akupank PD-toega\"}]},{\"@type\":\"WebSite\",\"@id\":\"https:\/\/kruze.ee\/et\/#website\",\"url\":\"https:\/\/kruze.ee\/et\/\",\"name\":\"Kruze.ee\",\"description\":\"Reklaamkingitused, tr&uuml;kiga T-s&auml;rgid, fliisid, dressipluused, tekstiil, joped ja paljud teised logoga meened, &Auml;rikingitused sinu partnerile! Telli juba t&auml;na.\",\"potentialAction\":[{\"@type\":\"SearchAction\",\"target\":{\"@type\":\"EntryPoint\",\"urlTemplate\":\"https:\/\/kruze.ee\/et\/?s={search_term_string}\"},\"query-input\":{\"@type\":\"PropertyValueSpecification\",\"valueRequired\":true,\"valueName\":\"search_term_string\"}}],\"inLanguage\":\"et\"}]}<\/script>\n<!-- \/ Yoast SEO plugin. -->","yoast_head_json":{"title":"10 000 mAh kiirlaadimisega 10W juhtmevaba akupank PD-toega - Kruze.ee","robots":{"index":"index","follow":"follow","max-snippet":"max-snippet:-1","max-image-preview":"max-image-preview:large","max-video-preview":"max-video-preview:-1"},"canonical":"https:\/\/kruze.ee\/et\/toode\/10-000-mah-kiirlaadimisega-10w-juhtmevaba-akupank-pd-toega\/","og_locale":"et_EE","og_type":"article","og_title":"10 000 mAh kiirlaadimisega 10W juhtmevaba akupank PD-toega - Kruze.ee","og_description":"Vastupidav 10 000 mAh akupank, valmistatud ABS-plastikust. Toetab 10W juhtmevaba kiirlaadimist ning on varustatud \u00fche USB-pordiga kaabliga laadimiseks ja...","og_url":"https:\/\/kruze.ee\/et\/toode\/10-000-mah-kiirlaadimisega-10w-juhtmevaba-akupank-pd-toega\/","og_site_name":"Kruze.ee","article_modified_time":"2026-03-16T21:50:55+00:00","twitter_card":"summary_large_image","schema":{"@context":"https:\/\/schema.org","@graph":[{"@type":"WebPage","@id":"https:\/\/kruze.ee\/et\/toode\/10-000-mah-kiirlaadimisega-10w-juhtmevaba-akupank-pd-toega\/","url":"https:\/\/kruze.ee\/et\/toode\/10-000-mah-kiirlaadimisega-10w-juhtmevaba-akupank-pd-toega\/","name":"10 000 mAh kiirlaadimisega 10W juhtmevaba akupank PD-toega - Kruze.ee","isPartOf":{"@id":"https:\/\/kruze.ee\/et\/#website"},"datePublished":"2026-01-05T19:18:05+00:00","dateModified":"2026-03-16T21:50:55+00:00","breadcrumb":{"@id":"https:\/\/kruze.ee\/et\/toode\/10-000-mah-kiirlaadimisega-10w-juhtmevaba-akupank-pd-toega\/#breadcrumb"},"inLanguage":"et","potentialAction":[{"@type":"ReadAction","target":["https:\/\/kruze.ee\/et\/toode\/10-000-mah-kiirlaadimisega-10w-juhtmevaba-akupank-pd-toega\/"]}]},{"@type":"BreadcrumbList","@id":"https:\/\/kruze.ee\/et\/toode\/10-000-mah-kiirlaadimisega-10w-juhtmevaba-akupank-pd-toega\/#breadcrumb","itemListElement":[{"@type":"ListItem","position":1,"name":"Home","item":"https:\/\/kruze.ee\/et\/"},{"@type":"ListItem","position":2,"name":"Tooted","item":"https:\/\/kruze.ee\/et\/tooted\/"},{"@type":"ListItem","position":3,"name":"10 000 mAh kiirlaadimisega 10W juhtmevaba akupank PD-toega"}]},{"@type":"WebSite","@id":"https:\/\/kruze.ee\/et\/#website","url":"https:\/\/kruze.ee\/et\/","name":"Kruze.ee","description":"Reklaamkingitused, tr&uuml;kiga T-s&auml;rgid, fliisid, dressipluused, tekstiil, joped ja paljud teised logoga meened, &Auml;rikingitused sinu partnerile! Telli juba t&auml;na.","potentialAction":[{"@type":"SearchAction","target":{"@type":"EntryPoint","urlTemplate":"https:\/\/kruze.ee\/et\/?s={search_term_string}"},"query-input":{"@type":"PropertyValueSpecification","valueRequired":true,"valueName":"search_term_string"}}],"inLanguage":"et"}]}},"_links":{"self":[{"href":"https:\/\/kruze.ee\/et\/wp-json\/wp\/v2\/product\/1430952","targetHints":{"allow":["GET"]}}],"collection":[{"href":"https:\/\/kruze.ee\/et\/wp-json\/wp\/v2\/product"}],"about":[{"href":"https:\/\/kruze.ee\/et\/wp-json\/wp\/v2\/types\/product"}],"wp:attachment":[{"href":"https:\/\/kruze.ee\/et\/wp-json\/wp\/v2\/media?parent=1430952"}],"wp:term":[{"taxonomy":"product_brand","embeddable":true,"href":"https:\/\/kruze.ee\/et\/wp-json\/wp\/v2\/product_brand?post=1430952"},{"taxonomy":"product_cat","embeddable":true,"href":"https:\/\/kruze.ee\/et\/wp-json\/wp\/v2\/product_cat?post=1430952"},{"taxonomy":"product_tag","embeddable":true,"href":"https:\/\/kruze.ee\/et\/wp-json\/wp\/v2\/product_tag?post=1430952"}],"curies":[{"name":"wp","href":"https:\/\/api.w.org\/{rel}","templated":true}]}}