{"id":1430948,"date":"2026-01-05T22:17:57","date_gmt":"2026-01-05T19:17:57","guid":{"rendered":"https:\/\/kruze.ee\/product\/5-000-mah-taskuformaadis-akupank-integreeritud-kaablitega\/"},"modified":"2026-03-17T00:50:54","modified_gmt":"2026-03-16T21:50:54","slug":"5-000-mah-taskuformaadis-akupank-integreeritud-kaablitega","status":"publish","type":"product","link":"https:\/\/kruze.ee\/et\/toode\/5-000-mah-taskuformaadis-akupank-integreeritud-kaablitega\/","title":{"rendered":"5 000 mAh taskuformaadis akupank integreeritud kaablitega"},"content":{"rendered":"<p>Kompaktne ja \u00f5huke 5 000 mAh akupank, valmistatud ABS-plastikust, mida on lihtne k\u00f5ikjale kaasa v\u00f5tta. 3-\u00fches integreeritud TPE-kaablid muudavad akupanga \u00fchilduvaks k\u00f5igi turul olevate mobiilseadmetega ning v\u00f5imaldavad kohest kasutamist ilma lisajuhtmeteta. T\u00e4islaetuna pakub piisavalt energiat, et laadida nutitelefoni kuni kaks korda. Akupank sisaldab vastupidavat A-klassi 5 000 mAh suure tihedusega liitium-pol\u00fcmeerakut, mis tagab usaldusv\u00e4\u00e4rse ja pikaajalise kasutuse.<\/p>\n","protected":false},"excerpt":{"rendered":"<p>Kompaktne ja \u00f5huke 5 000 mAh akupank, valmistatud ABS-plastikust, mida on lihtne k\u00f5ikjale kaasa v\u00f5tta. 3-\u00fches integreeritud TPE-kaablid muudavad akupanga&#8230;<\/p>\n","protected":false},"featured_media":0,"template":"","meta":[],"product_brand":[],"product_cat":[5409],"product_tag":[],"class_list":{"0":"post-1430948","1":"product","2":"type-product","3":"status-publish","5":"product_cat-akupangad","6":"pa_brand-xd-collection","7":"pa_color-black-2","8":"pa_color-valge","9":"pa_gender-uniseks","10":"pa_gender-unisex","13":"pa_material-absthermoplastic-elastomer-tpe","15":"first","16":"instock","17":"taxable","18":"shipping-taxable","19":"purchasable","20":"product-type-variable"},"acf":[],"yoast_head":"<!-- This site is optimized with the Yoast SEO plugin v26.0 - https:\/\/yoast.com\/wordpress\/plugins\/seo\/ -->\n<title>5 000 mAh taskuformaadis akupank integreeritud kaablitega - Kruze.ee<\/title>\n<meta name=\"robots\" content=\"index, follow, max-snippet:-1, max-image-preview:large, max-video-preview:-1\" \/>\n<link rel=\"canonical\" href=\"https:\/\/kruze.ee\/et\/toode\/5-000-mah-taskuformaadis-akupank-integreeritud-kaablitega\/\" \/>\n<meta property=\"og:locale\" content=\"et_EE\" \/>\n<meta property=\"og:type\" content=\"article\" \/>\n<meta property=\"og:title\" content=\"5 000 mAh taskuformaadis akupank integreeritud kaablitega - Kruze.ee\" \/>\n<meta property=\"og:description\" content=\"Kompaktne ja \u00f5huke 5 000 mAh akupank, valmistatud ABS-plastikust, mida on lihtne k\u00f5ikjale kaasa v\u00f5tta. 3-\u00fches integreeritud TPE-kaablid muudavad akupanga...\" \/>\n<meta property=\"og:url\" content=\"https:\/\/kruze.ee\/et\/toode\/5-000-mah-taskuformaadis-akupank-integreeritud-kaablitega\/\" \/>\n<meta property=\"og:site_name\" content=\"Kruze.ee\" \/>\n<meta property=\"article:modified_time\" content=\"2026-03-16T21:50:54+00:00\" \/>\n<meta name=\"twitter:card\" content=\"summary_large_image\" \/>\n<script type=\"application\/ld+json\" class=\"yoast-schema-graph\">{\"@context\":\"https:\/\/schema.org\",\"@graph\":[{\"@type\":\"WebPage\",\"@id\":\"https:\/\/kruze.ee\/et\/toode\/5-000-mah-taskuformaadis-akupank-integreeritud-kaablitega\/\",\"url\":\"https:\/\/kruze.ee\/et\/toode\/5-000-mah-taskuformaadis-akupank-integreeritud-kaablitega\/\",\"name\":\"5 000 mAh taskuformaadis akupank integreeritud kaablitega - Kruze.ee\",\"isPartOf\":{\"@id\":\"https:\/\/kruze.ee\/et\/#website\"},\"datePublished\":\"2026-01-05T19:17:57+00:00\",\"dateModified\":\"2026-03-16T21:50:54+00:00\",\"breadcrumb\":{\"@id\":\"https:\/\/kruze.ee\/et\/toode\/5-000-mah-taskuformaadis-akupank-integreeritud-kaablitega\/#breadcrumb\"},\"inLanguage\":\"et\",\"potentialAction\":[{\"@type\":\"ReadAction\",\"target\":[\"https:\/\/kruze.ee\/et\/toode\/5-000-mah-taskuformaadis-akupank-integreeritud-kaablitega\/\"]}]},{\"@type\":\"BreadcrumbList\",\"@id\":\"https:\/\/kruze.ee\/et\/toode\/5-000-mah-taskuformaadis-akupank-integreeritud-kaablitega\/#breadcrumb\",\"itemListElement\":[{\"@type\":\"ListItem\",\"position\":1,\"name\":\"Home\",\"item\":\"https:\/\/kruze.ee\/et\/\"},{\"@type\":\"ListItem\",\"position\":2,\"name\":\"Tooted\",\"item\":\"https:\/\/kruze.ee\/et\/tooted\/\"},{\"@type\":\"ListItem\",\"position\":3,\"name\":\"5 000 mAh taskuformaadis akupank integreeritud kaablitega\"}]},{\"@type\":\"WebSite\",\"@id\":\"https:\/\/kruze.ee\/et\/#website\",\"url\":\"https:\/\/kruze.ee\/et\/\",\"name\":\"Kruze.ee\",\"description\":\"Reklaamkingitused, tr&uuml;kiga T-s&auml;rgid, fliisid, dressipluused, tekstiil, joped ja paljud teised logoga meened, &Auml;rikingitused sinu partnerile! Telli juba t&auml;na.\",\"potentialAction\":[{\"@type\":\"SearchAction\",\"target\":{\"@type\":\"EntryPoint\",\"urlTemplate\":\"https:\/\/kruze.ee\/et\/?s={search_term_string}\"},\"query-input\":{\"@type\":\"PropertyValueSpecification\",\"valueRequired\":true,\"valueName\":\"search_term_string\"}}],\"inLanguage\":\"et\"}]}<\/script>\n<!-- \/ Yoast SEO plugin. -->","yoast_head_json":{"title":"5 000 mAh taskuformaadis akupank integreeritud kaablitega - Kruze.ee","robots":{"index":"index","follow":"follow","max-snippet":"max-snippet:-1","max-image-preview":"max-image-preview:large","max-video-preview":"max-video-preview:-1"},"canonical":"https:\/\/kruze.ee\/et\/toode\/5-000-mah-taskuformaadis-akupank-integreeritud-kaablitega\/","og_locale":"et_EE","og_type":"article","og_title":"5 000 mAh taskuformaadis akupank integreeritud kaablitega - Kruze.ee","og_description":"Kompaktne ja \u00f5huke 5 000 mAh akupank, valmistatud ABS-plastikust, mida on lihtne k\u00f5ikjale kaasa v\u00f5tta. 3-\u00fches integreeritud TPE-kaablid muudavad akupanga...","og_url":"https:\/\/kruze.ee\/et\/toode\/5-000-mah-taskuformaadis-akupank-integreeritud-kaablitega\/","og_site_name":"Kruze.ee","article_modified_time":"2026-03-16T21:50:54+00:00","twitter_card":"summary_large_image","schema":{"@context":"https:\/\/schema.org","@graph":[{"@type":"WebPage","@id":"https:\/\/kruze.ee\/et\/toode\/5-000-mah-taskuformaadis-akupank-integreeritud-kaablitega\/","url":"https:\/\/kruze.ee\/et\/toode\/5-000-mah-taskuformaadis-akupank-integreeritud-kaablitega\/","name":"5 000 mAh taskuformaadis akupank integreeritud kaablitega - Kruze.ee","isPartOf":{"@id":"https:\/\/kruze.ee\/et\/#website"},"datePublished":"2026-01-05T19:17:57+00:00","dateModified":"2026-03-16T21:50:54+00:00","breadcrumb":{"@id":"https:\/\/kruze.ee\/et\/toode\/5-000-mah-taskuformaadis-akupank-integreeritud-kaablitega\/#breadcrumb"},"inLanguage":"et","potentialAction":[{"@type":"ReadAction","target":["https:\/\/kruze.ee\/et\/toode\/5-000-mah-taskuformaadis-akupank-integreeritud-kaablitega\/"]}]},{"@type":"BreadcrumbList","@id":"https:\/\/kruze.ee\/et\/toode\/5-000-mah-taskuformaadis-akupank-integreeritud-kaablitega\/#breadcrumb","itemListElement":[{"@type":"ListItem","position":1,"name":"Home","item":"https:\/\/kruze.ee\/et\/"},{"@type":"ListItem","position":2,"name":"Tooted","item":"https:\/\/kruze.ee\/et\/tooted\/"},{"@type":"ListItem","position":3,"name":"5 000 mAh taskuformaadis akupank integreeritud kaablitega"}]},{"@type":"WebSite","@id":"https:\/\/kruze.ee\/et\/#website","url":"https:\/\/kruze.ee\/et\/","name":"Kruze.ee","description":"Reklaamkingitused, tr&uuml;kiga T-s&auml;rgid, fliisid, dressipluused, tekstiil, joped ja paljud teised logoga meened, &Auml;rikingitused sinu partnerile! Telli juba t&auml;na.","potentialAction":[{"@type":"SearchAction","target":{"@type":"EntryPoint","urlTemplate":"https:\/\/kruze.ee\/et\/?s={search_term_string}"},"query-input":{"@type":"PropertyValueSpecification","valueRequired":true,"valueName":"search_term_string"}}],"inLanguage":"et"}]}},"_links":{"self":[{"href":"https:\/\/kruze.ee\/et\/wp-json\/wp\/v2\/product\/1430948","targetHints":{"allow":["GET"]}}],"collection":[{"href":"https:\/\/kruze.ee\/et\/wp-json\/wp\/v2\/product"}],"about":[{"href":"https:\/\/kruze.ee\/et\/wp-json\/wp\/v2\/types\/product"}],"wp:attachment":[{"href":"https:\/\/kruze.ee\/et\/wp-json\/wp\/v2\/media?parent=1430948"}],"wp:term":[{"taxonomy":"product_brand","embeddable":true,"href":"https:\/\/kruze.ee\/et\/wp-json\/wp\/v2\/product_brand?post=1430948"},{"taxonomy":"product_cat","embeddable":true,"href":"https:\/\/kruze.ee\/et\/wp-json\/wp\/v2\/product_cat?post=1430948"},{"taxonomy":"product_tag","embeddable":true,"href":"https:\/\/kruze.ee\/et\/wp-json\/wp\/v2\/product_tag?post=1430948"}],"curies":[{"name":"wp","href":"https:\/\/api.w.org\/{rel}","templated":true}]}}