{"id":1430944,"date":"2026-01-05T22:17:45","date_gmt":"2026-01-05T19:17:45","guid":{"rendered":"https:\/\/kruze.ee\/product\/4-osaline-elastsete-treeningkummide-komplekt-kotis\/"},"modified":"2026-03-17T00:50:53","modified_gmt":"2026-03-16T21:50:53","slug":"4-osaline-elastsete-treeningkummide-komplekt-kotis","status":"publish","type":"product","link":"https:\/\/kruze.ee\/et\/toode\/4-osaline-elastsete-treeningkummide-komplekt-kotis\/","title":{"rendered":"4-osaline elastsete treeningkummide komplekt kotis"},"content":{"rendered":"<p>Alusta treenimist ja p\u00fcsi vormis nende kvaliteetsete vastupanu\u00adkummidega. Komplekt koosneb neljast v\u00e4rvilisest kummist, mille v\u00e4rvid t\u00e4histavad erinevat vastupanu taset heledast (kerge) tumedani (tugev vastupanu). Valmistatud vastupidavast TPE-materjalist ning komplektis on must hoiukott. Kaasas on harjutusjuhend, et saaksid treeningutega kohe alustada.<\/p>\n","protected":false},"excerpt":{"rendered":"<p>Alusta treenimist ja p\u00fcsi vormis nende kvaliteetsete vastupanu\u00adkummidega. Komplekt koosneb neljast v\u00e4rvilisest kummist, mille v\u00e4rvid t\u00e4histavad erinevat&#8230;<\/p>\n","protected":false},"featured_media":0,"template":"","meta":[],"product_brand":[],"product_cat":[5431],"product_tag":[],"class_list":{"0":"post-1430944","1":"product","2":"type-product","3":"status-publish","5":"product_cat-sporditarbed","6":"pa_gender-uniseks","7":"pa_gender-unisex","11":"first","12":"instock","13":"purchasable","14":"product-type-simple"},"acf":[],"yoast_head":"<!-- This site is optimized with the Yoast SEO plugin v26.0 - https:\/\/yoast.com\/wordpress\/plugins\/seo\/ -->\n<title>4-osaline elastsete treeningkummide komplekt kotis - Kruze.ee<\/title>\n<meta name=\"robots\" content=\"index, follow, max-snippet:-1, max-image-preview:large, max-video-preview:-1\" \/>\n<link rel=\"canonical\" href=\"https:\/\/kruze.ee\/et\/toode\/4-osaline-elastsete-treeningkummide-komplekt-kotis\/\" \/>\n<meta property=\"og:locale\" content=\"et_EE\" \/>\n<meta property=\"og:type\" content=\"article\" \/>\n<meta property=\"og:title\" content=\"4-osaline elastsete treeningkummide komplekt kotis - Kruze.ee\" \/>\n<meta property=\"og:description\" content=\"Alusta treenimist ja p\u00fcsi vormis nende kvaliteetsete vastupanu\u00adkummidega. Komplekt koosneb neljast v\u00e4rvilisest kummist, mille v\u00e4rvid t\u00e4histavad erinevat...\" \/>\n<meta property=\"og:url\" content=\"https:\/\/kruze.ee\/et\/toode\/4-osaline-elastsete-treeningkummide-komplekt-kotis\/\" \/>\n<meta property=\"og:site_name\" content=\"Kruze.ee\" \/>\n<meta property=\"article:modified_time\" content=\"2026-03-16T21:50:53+00:00\" \/>\n<meta name=\"twitter:card\" content=\"summary_large_image\" \/>\n<script type=\"application\/ld+json\" class=\"yoast-schema-graph\">{\"@context\":\"https:\/\/schema.org\",\"@graph\":[{\"@type\":\"WebPage\",\"@id\":\"https:\/\/kruze.ee\/et\/toode\/4-osaline-elastsete-treeningkummide-komplekt-kotis\/\",\"url\":\"https:\/\/kruze.ee\/et\/toode\/4-osaline-elastsete-treeningkummide-komplekt-kotis\/\",\"name\":\"4-osaline elastsete treeningkummide komplekt kotis - Kruze.ee\",\"isPartOf\":{\"@id\":\"https:\/\/kruze.ee\/et\/#website\"},\"datePublished\":\"2026-01-05T19:17:45+00:00\",\"dateModified\":\"2026-03-16T21:50:53+00:00\",\"breadcrumb\":{\"@id\":\"https:\/\/kruze.ee\/et\/toode\/4-osaline-elastsete-treeningkummide-komplekt-kotis\/#breadcrumb\"},\"inLanguage\":\"et\",\"potentialAction\":[{\"@type\":\"ReadAction\",\"target\":[\"https:\/\/kruze.ee\/et\/toode\/4-osaline-elastsete-treeningkummide-komplekt-kotis\/\"]}]},{\"@type\":\"BreadcrumbList\",\"@id\":\"https:\/\/kruze.ee\/et\/toode\/4-osaline-elastsete-treeningkummide-komplekt-kotis\/#breadcrumb\",\"itemListElement\":[{\"@type\":\"ListItem\",\"position\":1,\"name\":\"Home\",\"item\":\"https:\/\/kruze.ee\/et\/\"},{\"@type\":\"ListItem\",\"position\":2,\"name\":\"Tooted\",\"item\":\"https:\/\/kruze.ee\/et\/tooted\/\"},{\"@type\":\"ListItem\",\"position\":3,\"name\":\"4-osaline elastsete treeningkummide komplekt kotis\"}]},{\"@type\":\"WebSite\",\"@id\":\"https:\/\/kruze.ee\/et\/#website\",\"url\":\"https:\/\/kruze.ee\/et\/\",\"name\":\"Kruze.ee\",\"description\":\"Reklaamkingitused, tr&uuml;kiga T-s&auml;rgid, fliisid, dressipluused, tekstiil, joped ja paljud teised logoga meened, &Auml;rikingitused sinu partnerile! Telli juba t&auml;na.\",\"potentialAction\":[{\"@type\":\"SearchAction\",\"target\":{\"@type\":\"EntryPoint\",\"urlTemplate\":\"https:\/\/kruze.ee\/et\/?s={search_term_string}\"},\"query-input\":{\"@type\":\"PropertyValueSpecification\",\"valueRequired\":true,\"valueName\":\"search_term_string\"}}],\"inLanguage\":\"et\"}]}<\/script>\n<!-- \/ Yoast SEO plugin. -->","yoast_head_json":{"title":"4-osaline elastsete treeningkummide komplekt kotis - Kruze.ee","robots":{"index":"index","follow":"follow","max-snippet":"max-snippet:-1","max-image-preview":"max-image-preview:large","max-video-preview":"max-video-preview:-1"},"canonical":"https:\/\/kruze.ee\/et\/toode\/4-osaline-elastsete-treeningkummide-komplekt-kotis\/","og_locale":"et_EE","og_type":"article","og_title":"4-osaline elastsete treeningkummide komplekt kotis - Kruze.ee","og_description":"Alusta treenimist ja p\u00fcsi vormis nende kvaliteetsete vastupanu\u00adkummidega. Komplekt koosneb neljast v\u00e4rvilisest kummist, mille v\u00e4rvid t\u00e4histavad erinevat...","og_url":"https:\/\/kruze.ee\/et\/toode\/4-osaline-elastsete-treeningkummide-komplekt-kotis\/","og_site_name":"Kruze.ee","article_modified_time":"2026-03-16T21:50:53+00:00","twitter_card":"summary_large_image","schema":{"@context":"https:\/\/schema.org","@graph":[{"@type":"WebPage","@id":"https:\/\/kruze.ee\/et\/toode\/4-osaline-elastsete-treeningkummide-komplekt-kotis\/","url":"https:\/\/kruze.ee\/et\/toode\/4-osaline-elastsete-treeningkummide-komplekt-kotis\/","name":"4-osaline elastsete treeningkummide komplekt kotis - Kruze.ee","isPartOf":{"@id":"https:\/\/kruze.ee\/et\/#website"},"datePublished":"2026-01-05T19:17:45+00:00","dateModified":"2026-03-16T21:50:53+00:00","breadcrumb":{"@id":"https:\/\/kruze.ee\/et\/toode\/4-osaline-elastsete-treeningkummide-komplekt-kotis\/#breadcrumb"},"inLanguage":"et","potentialAction":[{"@type":"ReadAction","target":["https:\/\/kruze.ee\/et\/toode\/4-osaline-elastsete-treeningkummide-komplekt-kotis\/"]}]},{"@type":"BreadcrumbList","@id":"https:\/\/kruze.ee\/et\/toode\/4-osaline-elastsete-treeningkummide-komplekt-kotis\/#breadcrumb","itemListElement":[{"@type":"ListItem","position":1,"name":"Home","item":"https:\/\/kruze.ee\/et\/"},{"@type":"ListItem","position":2,"name":"Tooted","item":"https:\/\/kruze.ee\/et\/tooted\/"},{"@type":"ListItem","position":3,"name":"4-osaline elastsete treeningkummide komplekt kotis"}]},{"@type":"WebSite","@id":"https:\/\/kruze.ee\/et\/#website","url":"https:\/\/kruze.ee\/et\/","name":"Kruze.ee","description":"Reklaamkingitused, tr&uuml;kiga T-s&auml;rgid, fliisid, dressipluused, tekstiil, joped ja paljud teised logoga meened, &Auml;rikingitused sinu partnerile! Telli juba t&auml;na.","potentialAction":[{"@type":"SearchAction","target":{"@type":"EntryPoint","urlTemplate":"https:\/\/kruze.ee\/et\/?s={search_term_string}"},"query-input":{"@type":"PropertyValueSpecification","valueRequired":true,"valueName":"search_term_string"}}],"inLanguage":"et"}]}},"_links":{"self":[{"href":"https:\/\/kruze.ee\/et\/wp-json\/wp\/v2\/product\/1430944","targetHints":{"allow":["GET"]}}],"collection":[{"href":"https:\/\/kruze.ee\/et\/wp-json\/wp\/v2\/product"}],"about":[{"href":"https:\/\/kruze.ee\/et\/wp-json\/wp\/v2\/types\/product"}],"wp:attachment":[{"href":"https:\/\/kruze.ee\/et\/wp-json\/wp\/v2\/media?parent=1430944"}],"wp:term":[{"taxonomy":"product_brand","embeddable":true,"href":"https:\/\/kruze.ee\/et\/wp-json\/wp\/v2\/product_brand?post=1430944"},{"taxonomy":"product_cat","embeddable":true,"href":"https:\/\/kruze.ee\/et\/wp-json\/wp\/v2\/product_cat?post=1430944"},{"taxonomy":"product_tag","embeddable":true,"href":"https:\/\/kruze.ee\/et\/wp-json\/wp\/v2\/product_tag?post=1430944"}],"curies":[{"name":"wp","href":"https:\/\/api.w.org\/{rel}","templated":true}]}}