{"id":1430942,"date":"2026-01-05T22:17:40","date_gmt":"2026-01-05T19:17:40","guid":{"rendered":"https:\/\/kruze.ee\/product\/magpulse-rcs-sertifikaadiga-taaskasutatud-plastikust-3w-kolar-magnetilise-hoidikuga\/"},"modified":"2026-03-17T00:50:52","modified_gmt":"2026-03-16T21:50:52","slug":"magpulse-rcs-sertifikaadiga-taaskasutatud-plastikust-3w-kolar-magnetilise-hoidikuga","status":"publish","type":"product","link":"https:\/\/kruze.ee\/et\/toode\/magpulse-rcs-sertifikaadiga-taaskasutatud-plastikust-3w-kolar-magnetilise-hoidikuga\/","title":{"rendered":"Magpulse RCS-sertifikaadiga taaskasutatud plastikust 3W k\u00f5lar magnetilise hoidikuga"},"content":{"rendered":"<p>Magpulse RCS-sertifikaadiga taaskasutatud plastikust 3W k\u00f5lar \u00fchendab selge heli ja praktilise funktsionaalsuse kompaktses ning stiilses disainis. Magnetilise hoidikuga k\u00f5lar toimib \u00fchtlasi mugava telefonialusena, sobides ideaalselt k\u00e4ed-vabad k\u00f5nedeks v\u00f5i lemmiksisu vaatamiseks. 3W k\u00f5lar pakub rikkalikku heli t\u00e4nu integreeritud bassielemendile ning Bluetooth 5.4 tagab sujuva automaatse sidumise seadmetega kuni 10 meetri kauguselt. 400 mAh laetav aku v\u00f5imaldab kuni 3 tundi kuulamisaega.<\/p>\n","protected":false},"excerpt":{"rendered":"<p>Magpulse RCS-sertifikaadiga taaskasutatud plastikust 3W k\u00f5lar \u00fchendab selge heli ja praktilise funktsionaalsuse kompaktses ning stiilses disainis. Magnetilise&#8230;<\/p>\n","protected":false},"featured_media":0,"template":"","meta":[],"product_brand":[],"product_cat":[5412],"product_tag":[],"class_list":{"0":"post-1430942","1":"product","2":"type-product","3":"status-publish","5":"product_cat-kolarid","6":"pa_gender-naised","7":"pa_gender-women","9":"first","10":"instock","11":"purchasable","12":"product-type-simple"},"acf":[],"yoast_head":"<!-- This site is optimized with the Yoast SEO plugin v26.0 - https:\/\/yoast.com\/wordpress\/plugins\/seo\/ -->\n<title>Magpulse RCS-sertifikaadiga taaskasutatud plastikust 3W k\u00f5lar magnetilise hoidikuga - Kruze.ee<\/title>\n<meta name=\"robots\" content=\"index, follow, max-snippet:-1, max-image-preview:large, max-video-preview:-1\" \/>\n<link rel=\"canonical\" href=\"https:\/\/kruze.ee\/et\/toode\/magpulse-rcs-sertifikaadiga-taaskasutatud-plastikust-3w-kolar-magnetilise-hoidikuga\/\" \/>\n<meta property=\"og:locale\" content=\"et_EE\" \/>\n<meta property=\"og:type\" content=\"article\" \/>\n<meta property=\"og:title\" content=\"Magpulse RCS-sertifikaadiga taaskasutatud plastikust 3W k\u00f5lar magnetilise hoidikuga - Kruze.ee\" \/>\n<meta property=\"og:description\" content=\"Magpulse RCS-sertifikaadiga taaskasutatud plastikust 3W k\u00f5lar \u00fchendab selge heli ja praktilise funktsionaalsuse kompaktses ning stiilses disainis. Magnetilise...\" \/>\n<meta property=\"og:url\" content=\"https:\/\/kruze.ee\/et\/toode\/magpulse-rcs-sertifikaadiga-taaskasutatud-plastikust-3w-kolar-magnetilise-hoidikuga\/\" \/>\n<meta property=\"og:site_name\" content=\"Kruze.ee\" \/>\n<meta property=\"article:modified_time\" content=\"2026-03-16T21:50:52+00:00\" \/>\n<meta name=\"twitter:card\" content=\"summary_large_image\" \/>\n<script type=\"application\/ld+json\" class=\"yoast-schema-graph\">{\"@context\":\"https:\/\/schema.org\",\"@graph\":[{\"@type\":\"WebPage\",\"@id\":\"https:\/\/kruze.ee\/et\/toode\/magpulse-rcs-sertifikaadiga-taaskasutatud-plastikust-3w-kolar-magnetilise-hoidikuga\/\",\"url\":\"https:\/\/kruze.ee\/et\/toode\/magpulse-rcs-sertifikaadiga-taaskasutatud-plastikust-3w-kolar-magnetilise-hoidikuga\/\",\"name\":\"Magpulse RCS-sertifikaadiga taaskasutatud plastikust 3W k\u00f5lar magnetilise hoidikuga - Kruze.ee\",\"isPartOf\":{\"@id\":\"https:\/\/kruze.ee\/et\/#website\"},\"datePublished\":\"2026-01-05T19:17:40+00:00\",\"dateModified\":\"2026-03-16T21:50:52+00:00\",\"breadcrumb\":{\"@id\":\"https:\/\/kruze.ee\/et\/toode\/magpulse-rcs-sertifikaadiga-taaskasutatud-plastikust-3w-kolar-magnetilise-hoidikuga\/#breadcrumb\"},\"inLanguage\":\"et\",\"potentialAction\":[{\"@type\":\"ReadAction\",\"target\":[\"https:\/\/kruze.ee\/et\/toode\/magpulse-rcs-sertifikaadiga-taaskasutatud-plastikust-3w-kolar-magnetilise-hoidikuga\/\"]}]},{\"@type\":\"BreadcrumbList\",\"@id\":\"https:\/\/kruze.ee\/et\/toode\/magpulse-rcs-sertifikaadiga-taaskasutatud-plastikust-3w-kolar-magnetilise-hoidikuga\/#breadcrumb\",\"itemListElement\":[{\"@type\":\"ListItem\",\"position\":1,\"name\":\"Home\",\"item\":\"https:\/\/kruze.ee\/et\/\"},{\"@type\":\"ListItem\",\"position\":2,\"name\":\"Tooted\",\"item\":\"https:\/\/kruze.ee\/et\/tooted\/\"},{\"@type\":\"ListItem\",\"position\":3,\"name\":\"Magpulse RCS-sertifikaadiga taaskasutatud plastikust 3W k\u00f5lar magnetilise hoidikuga\"}]},{\"@type\":\"WebSite\",\"@id\":\"https:\/\/kruze.ee\/et\/#website\",\"url\":\"https:\/\/kruze.ee\/et\/\",\"name\":\"Kruze.ee\",\"description\":\"Reklaamkingitused, tr&uuml;kiga T-s&auml;rgid, fliisid, dressipluused, tekstiil, joped ja paljud teised logoga meened, &Auml;rikingitused sinu partnerile! Telli juba t&auml;na.\",\"potentialAction\":[{\"@type\":\"SearchAction\",\"target\":{\"@type\":\"EntryPoint\",\"urlTemplate\":\"https:\/\/kruze.ee\/et\/?s={search_term_string}\"},\"query-input\":{\"@type\":\"PropertyValueSpecification\",\"valueRequired\":true,\"valueName\":\"search_term_string\"}}],\"inLanguage\":\"et\"}]}<\/script>\n<!-- \/ Yoast SEO plugin. -->","yoast_head_json":{"title":"Magpulse RCS-sertifikaadiga taaskasutatud plastikust 3W k\u00f5lar magnetilise hoidikuga - Kruze.ee","robots":{"index":"index","follow":"follow","max-snippet":"max-snippet:-1","max-image-preview":"max-image-preview:large","max-video-preview":"max-video-preview:-1"},"canonical":"https:\/\/kruze.ee\/et\/toode\/magpulse-rcs-sertifikaadiga-taaskasutatud-plastikust-3w-kolar-magnetilise-hoidikuga\/","og_locale":"et_EE","og_type":"article","og_title":"Magpulse RCS-sertifikaadiga taaskasutatud plastikust 3W k\u00f5lar magnetilise hoidikuga - Kruze.ee","og_description":"Magpulse RCS-sertifikaadiga taaskasutatud plastikust 3W k\u00f5lar \u00fchendab selge heli ja praktilise funktsionaalsuse kompaktses ning stiilses disainis. Magnetilise...","og_url":"https:\/\/kruze.ee\/et\/toode\/magpulse-rcs-sertifikaadiga-taaskasutatud-plastikust-3w-kolar-magnetilise-hoidikuga\/","og_site_name":"Kruze.ee","article_modified_time":"2026-03-16T21:50:52+00:00","twitter_card":"summary_large_image","schema":{"@context":"https:\/\/schema.org","@graph":[{"@type":"WebPage","@id":"https:\/\/kruze.ee\/et\/toode\/magpulse-rcs-sertifikaadiga-taaskasutatud-plastikust-3w-kolar-magnetilise-hoidikuga\/","url":"https:\/\/kruze.ee\/et\/toode\/magpulse-rcs-sertifikaadiga-taaskasutatud-plastikust-3w-kolar-magnetilise-hoidikuga\/","name":"Magpulse RCS-sertifikaadiga taaskasutatud plastikust 3W k\u00f5lar magnetilise hoidikuga - Kruze.ee","isPartOf":{"@id":"https:\/\/kruze.ee\/et\/#website"},"datePublished":"2026-01-05T19:17:40+00:00","dateModified":"2026-03-16T21:50:52+00:00","breadcrumb":{"@id":"https:\/\/kruze.ee\/et\/toode\/magpulse-rcs-sertifikaadiga-taaskasutatud-plastikust-3w-kolar-magnetilise-hoidikuga\/#breadcrumb"},"inLanguage":"et","potentialAction":[{"@type":"ReadAction","target":["https:\/\/kruze.ee\/et\/toode\/magpulse-rcs-sertifikaadiga-taaskasutatud-plastikust-3w-kolar-magnetilise-hoidikuga\/"]}]},{"@type":"BreadcrumbList","@id":"https:\/\/kruze.ee\/et\/toode\/magpulse-rcs-sertifikaadiga-taaskasutatud-plastikust-3w-kolar-magnetilise-hoidikuga\/#breadcrumb","itemListElement":[{"@type":"ListItem","position":1,"name":"Home","item":"https:\/\/kruze.ee\/et\/"},{"@type":"ListItem","position":2,"name":"Tooted","item":"https:\/\/kruze.ee\/et\/tooted\/"},{"@type":"ListItem","position":3,"name":"Magpulse RCS-sertifikaadiga taaskasutatud plastikust 3W k\u00f5lar magnetilise hoidikuga"}]},{"@type":"WebSite","@id":"https:\/\/kruze.ee\/et\/#website","url":"https:\/\/kruze.ee\/et\/","name":"Kruze.ee","description":"Reklaamkingitused, tr&uuml;kiga T-s&auml;rgid, fliisid, dressipluused, tekstiil, joped ja paljud teised logoga meened, &Auml;rikingitused sinu partnerile! Telli juba t&auml;na.","potentialAction":[{"@type":"SearchAction","target":{"@type":"EntryPoint","urlTemplate":"https:\/\/kruze.ee\/et\/?s={search_term_string}"},"query-input":{"@type":"PropertyValueSpecification","valueRequired":true,"valueName":"search_term_string"}}],"inLanguage":"et"}]}},"_links":{"self":[{"href":"https:\/\/kruze.ee\/et\/wp-json\/wp\/v2\/product\/1430942","targetHints":{"allow":["GET"]}}],"collection":[{"href":"https:\/\/kruze.ee\/et\/wp-json\/wp\/v2\/product"}],"about":[{"href":"https:\/\/kruze.ee\/et\/wp-json\/wp\/v2\/types\/product"}],"wp:attachment":[{"href":"https:\/\/kruze.ee\/et\/wp-json\/wp\/v2\/media?parent=1430942"}],"wp:term":[{"taxonomy":"product_brand","embeddable":true,"href":"https:\/\/kruze.ee\/et\/wp-json\/wp\/v2\/product_brand?post=1430942"},{"taxonomy":"product_cat","embeddable":true,"href":"https:\/\/kruze.ee\/et\/wp-json\/wp\/v2\/product_cat?post=1430942"},{"taxonomy":"product_tag","embeddable":true,"href":"https:\/\/kruze.ee\/et\/wp-json\/wp\/v2\/product_tag?post=1430942"}],"curies":[{"name":"wp","href":"https:\/\/api.w.org\/{rel}","templated":true}]}}