{"id":1430940,"date":"2026-01-05T22:17:35","date_gmt":"2026-01-05T19:17:35","guid":{"rendered":"https:\/\/kruze.ee\/product\/tunevo-rcs-sertifikaadiga-taaskasutatud-plastikust-juhtmevabad-korvaklapid\/"},"modified":"2026-03-17T00:50:52","modified_gmt":"2026-03-16T21:50:52","slug":"tunevo-rcs-sertifikaadiga-taaskasutatud-plastikust-juhtmevabad-korvaklapid","status":"publish","type":"product","link":"https:\/\/kruze.ee\/et\/toode\/tunevo-rcs-sertifikaadiga-taaskasutatud-plastikust-juhtmevabad-korvaklapid\/","title":{"rendered":"Tunevo RCS-sertifikaadiga taaskasutatud plastikust juhtmevabad k\u00f5rvaklapid"},"content":{"rendered":"<p>Tunevo RCS-sertifikaadiga juhtmevabad k\u00f5rvaklapid pakuvad sujuvat kuulamiskogemust, keskendudes esmaklassilisele disainile ja mugavusele. K\u00f5rvaklappidel on kvaliteetne magnetilise sulguriga laadimiskarp, mis tagab turvalise hoiustamise ja lihtsa kaasaskantavuse. Mugava istuvusega disain sobib ideaalselt pikemaks kasutamiseks ning Bluetooth 6.0 tagab kiire ja usaldusv\u00e4\u00e4rse \u00fchenduse sinu seadmetega. Sisseehitatud mikrofon ja k\u00f5ne vastuv\u00f5tmise funktsioon v\u00f5imaldavad mugavaid k\u00e4ed-vabad k\u00f5nesid. Nii k\u00f5rvaklapid kui ka karp on valmistatud RCS-sertifikaadiga taaskasutatud ABS-plastikust. RCS (Recycled Claim Standard) on standard, mis kinnitab tootes sisalduva taaskasutatud materjali olemasolu ja j\u00e4lgitavuse kogu tarneahela ulatuses.<\/p>\n","protected":false},"excerpt":{"rendered":"<p>Tunevo RCS-sertifikaadiga juhtmevabad k\u00f5rvaklapid pakuvad sujuvat kuulamiskogemust, keskendudes esmaklassilisele disainile ja mugavusele. K\u00f5rvaklappidel on&#8230;<\/p>\n","protected":false},"featured_media":0,"template":"","meta":[],"product_brand":[],"product_cat":[5410],"product_tag":[],"class_list":{"0":"post-1430940","1":"product","2":"type-product","3":"status-publish","5":"product_cat-korvaklapid","6":"pa_gender-uniseks","7":"pa_gender-unisex","11":"first","12":"instock","13":"purchasable","14":"product-type-simple"},"acf":[],"yoast_head":"<!-- This site is optimized with the Yoast SEO plugin v26.0 - https:\/\/yoast.com\/wordpress\/plugins\/seo\/ -->\n<title>Tunevo RCS-sertifikaadiga taaskasutatud plastikust juhtmevabad k\u00f5rvaklapid - Kruze.ee<\/title>\n<meta name=\"robots\" content=\"index, follow, max-snippet:-1, max-image-preview:large, max-video-preview:-1\" \/>\n<link rel=\"canonical\" href=\"https:\/\/kruze.ee\/et\/toode\/tunevo-rcs-sertifikaadiga-taaskasutatud-plastikust-juhtmevabad-korvaklapid\/\" \/>\n<meta property=\"og:locale\" content=\"et_EE\" \/>\n<meta property=\"og:type\" content=\"article\" \/>\n<meta property=\"og:title\" content=\"Tunevo RCS-sertifikaadiga taaskasutatud plastikust juhtmevabad k\u00f5rvaklapid - Kruze.ee\" \/>\n<meta property=\"og:description\" content=\"Tunevo RCS-sertifikaadiga juhtmevabad k\u00f5rvaklapid pakuvad sujuvat kuulamiskogemust, keskendudes esmaklassilisele disainile ja mugavusele. K\u00f5rvaklappidel on...\" \/>\n<meta property=\"og:url\" content=\"https:\/\/kruze.ee\/et\/toode\/tunevo-rcs-sertifikaadiga-taaskasutatud-plastikust-juhtmevabad-korvaklapid\/\" \/>\n<meta property=\"og:site_name\" content=\"Kruze.ee\" \/>\n<meta property=\"article:modified_time\" content=\"2026-03-16T21:50:52+00:00\" \/>\n<meta name=\"twitter:card\" content=\"summary_large_image\" \/>\n<script type=\"application\/ld+json\" class=\"yoast-schema-graph\">{\"@context\":\"https:\/\/schema.org\",\"@graph\":[{\"@type\":\"WebPage\",\"@id\":\"https:\/\/kruze.ee\/et\/toode\/tunevo-rcs-sertifikaadiga-taaskasutatud-plastikust-juhtmevabad-korvaklapid\/\",\"url\":\"https:\/\/kruze.ee\/et\/toode\/tunevo-rcs-sertifikaadiga-taaskasutatud-plastikust-juhtmevabad-korvaklapid\/\",\"name\":\"Tunevo RCS-sertifikaadiga taaskasutatud plastikust juhtmevabad k\u00f5rvaklapid - Kruze.ee\",\"isPartOf\":{\"@id\":\"https:\/\/kruze.ee\/et\/#website\"},\"datePublished\":\"2026-01-05T19:17:35+00:00\",\"dateModified\":\"2026-03-16T21:50:52+00:00\",\"breadcrumb\":{\"@id\":\"https:\/\/kruze.ee\/et\/toode\/tunevo-rcs-sertifikaadiga-taaskasutatud-plastikust-juhtmevabad-korvaklapid\/#breadcrumb\"},\"inLanguage\":\"et\",\"potentialAction\":[{\"@type\":\"ReadAction\",\"target\":[\"https:\/\/kruze.ee\/et\/toode\/tunevo-rcs-sertifikaadiga-taaskasutatud-plastikust-juhtmevabad-korvaklapid\/\"]}]},{\"@type\":\"BreadcrumbList\",\"@id\":\"https:\/\/kruze.ee\/et\/toode\/tunevo-rcs-sertifikaadiga-taaskasutatud-plastikust-juhtmevabad-korvaklapid\/#breadcrumb\",\"itemListElement\":[{\"@type\":\"ListItem\",\"position\":1,\"name\":\"Home\",\"item\":\"https:\/\/kruze.ee\/et\/\"},{\"@type\":\"ListItem\",\"position\":2,\"name\":\"Tooted\",\"item\":\"https:\/\/kruze.ee\/et\/tooted\/\"},{\"@type\":\"ListItem\",\"position\":3,\"name\":\"Tunevo RCS-sertifikaadiga taaskasutatud plastikust juhtmevabad k\u00f5rvaklapid\"}]},{\"@type\":\"WebSite\",\"@id\":\"https:\/\/kruze.ee\/et\/#website\",\"url\":\"https:\/\/kruze.ee\/et\/\",\"name\":\"Kruze.ee\",\"description\":\"Reklaamkingitused, tr&uuml;kiga T-s&auml;rgid, fliisid, dressipluused, tekstiil, joped ja paljud teised logoga meened, &Auml;rikingitused sinu partnerile! Telli juba t&auml;na.\",\"potentialAction\":[{\"@type\":\"SearchAction\",\"target\":{\"@type\":\"EntryPoint\",\"urlTemplate\":\"https:\/\/kruze.ee\/et\/?s={search_term_string}\"},\"query-input\":{\"@type\":\"PropertyValueSpecification\",\"valueRequired\":true,\"valueName\":\"search_term_string\"}}],\"inLanguage\":\"et\"}]}<\/script>\n<!-- \/ Yoast SEO plugin. -->","yoast_head_json":{"title":"Tunevo RCS-sertifikaadiga taaskasutatud plastikust juhtmevabad k\u00f5rvaklapid - Kruze.ee","robots":{"index":"index","follow":"follow","max-snippet":"max-snippet:-1","max-image-preview":"max-image-preview:large","max-video-preview":"max-video-preview:-1"},"canonical":"https:\/\/kruze.ee\/et\/toode\/tunevo-rcs-sertifikaadiga-taaskasutatud-plastikust-juhtmevabad-korvaklapid\/","og_locale":"et_EE","og_type":"article","og_title":"Tunevo RCS-sertifikaadiga taaskasutatud plastikust juhtmevabad k\u00f5rvaklapid - Kruze.ee","og_description":"Tunevo RCS-sertifikaadiga juhtmevabad k\u00f5rvaklapid pakuvad sujuvat kuulamiskogemust, keskendudes esmaklassilisele disainile ja mugavusele. K\u00f5rvaklappidel on...","og_url":"https:\/\/kruze.ee\/et\/toode\/tunevo-rcs-sertifikaadiga-taaskasutatud-plastikust-juhtmevabad-korvaklapid\/","og_site_name":"Kruze.ee","article_modified_time":"2026-03-16T21:50:52+00:00","twitter_card":"summary_large_image","schema":{"@context":"https:\/\/schema.org","@graph":[{"@type":"WebPage","@id":"https:\/\/kruze.ee\/et\/toode\/tunevo-rcs-sertifikaadiga-taaskasutatud-plastikust-juhtmevabad-korvaklapid\/","url":"https:\/\/kruze.ee\/et\/toode\/tunevo-rcs-sertifikaadiga-taaskasutatud-plastikust-juhtmevabad-korvaklapid\/","name":"Tunevo RCS-sertifikaadiga taaskasutatud plastikust juhtmevabad k\u00f5rvaklapid - Kruze.ee","isPartOf":{"@id":"https:\/\/kruze.ee\/et\/#website"},"datePublished":"2026-01-05T19:17:35+00:00","dateModified":"2026-03-16T21:50:52+00:00","breadcrumb":{"@id":"https:\/\/kruze.ee\/et\/toode\/tunevo-rcs-sertifikaadiga-taaskasutatud-plastikust-juhtmevabad-korvaklapid\/#breadcrumb"},"inLanguage":"et","potentialAction":[{"@type":"ReadAction","target":["https:\/\/kruze.ee\/et\/toode\/tunevo-rcs-sertifikaadiga-taaskasutatud-plastikust-juhtmevabad-korvaklapid\/"]}]},{"@type":"BreadcrumbList","@id":"https:\/\/kruze.ee\/et\/toode\/tunevo-rcs-sertifikaadiga-taaskasutatud-plastikust-juhtmevabad-korvaklapid\/#breadcrumb","itemListElement":[{"@type":"ListItem","position":1,"name":"Home","item":"https:\/\/kruze.ee\/et\/"},{"@type":"ListItem","position":2,"name":"Tooted","item":"https:\/\/kruze.ee\/et\/tooted\/"},{"@type":"ListItem","position":3,"name":"Tunevo RCS-sertifikaadiga taaskasutatud plastikust juhtmevabad k\u00f5rvaklapid"}]},{"@type":"WebSite","@id":"https:\/\/kruze.ee\/et\/#website","url":"https:\/\/kruze.ee\/et\/","name":"Kruze.ee","description":"Reklaamkingitused, tr&uuml;kiga T-s&auml;rgid, fliisid, dressipluused, tekstiil, joped ja paljud teised logoga meened, &Auml;rikingitused sinu partnerile! Telli juba t&auml;na.","potentialAction":[{"@type":"SearchAction","target":{"@type":"EntryPoint","urlTemplate":"https:\/\/kruze.ee\/et\/?s={search_term_string}"},"query-input":{"@type":"PropertyValueSpecification","valueRequired":true,"valueName":"search_term_string"}}],"inLanguage":"et"}]}},"_links":{"self":[{"href":"https:\/\/kruze.ee\/et\/wp-json\/wp\/v2\/product\/1430940","targetHints":{"allow":["GET"]}}],"collection":[{"href":"https:\/\/kruze.ee\/et\/wp-json\/wp\/v2\/product"}],"about":[{"href":"https:\/\/kruze.ee\/et\/wp-json\/wp\/v2\/types\/product"}],"wp:attachment":[{"href":"https:\/\/kruze.ee\/et\/wp-json\/wp\/v2\/media?parent=1430940"}],"wp:term":[{"taxonomy":"product_brand","embeddable":true,"href":"https:\/\/kruze.ee\/et\/wp-json\/wp\/v2\/product_brand?post=1430940"},{"taxonomy":"product_cat","embeddable":true,"href":"https:\/\/kruze.ee\/et\/wp-json\/wp\/v2\/product_cat?post=1430940"},{"taxonomy":"product_tag","embeddable":true,"href":"https:\/\/kruze.ee\/et\/wp-json\/wp\/v2\/product_tag?post=1430940"}],"curies":[{"name":"wp","href":"https:\/\/api.w.org\/{rel}","templated":true}]}}