{"id":1430938,"date":"2026-01-05T22:17:31","date_gmt":"2026-01-05T19:17:31","guid":{"rendered":"https:\/\/kruze.ee\/product\/urban-vitamin-sacramento-105-w-gan-laadija-koos-rullkaablitega\/"},"modified":"2026-03-17T00:50:51","modified_gmt":"2026-03-16T21:50:51","slug":"urban-vitamin-sacramento-105-w-gan-laadija-koos-rullkaablitega","status":"publish","type":"product","link":"https:\/\/kruze.ee\/et\/toode\/urban-vitamin-sacramento-105-w-gan-laadija-koos-rullkaablitega\/","title":{"rendered":"Urban Vitamin Sacramento 105 W GaN laadija koos rullkaablitega"},"content":{"rendered":"<p>K\u00f5ik-\u00fches toitelahendus, mida oled oodanud. Sacramento on 105W GaN-laadimisjaam, mis \u00fchendab maksimaalse v\u00f5imsuse ja nutika mugavuse. Seadmel on kaks integreeritud rullitavat 65W USB-C kaablit, nii et kiire laadimine on alati k\u00e4ep\u00e4rast \u2013 eraldi kaableid pole vaja. Vajad rohkem v\u00f5imalusi? Sacramento sisaldab lisaks USB-A ja USB-C pesa, pakkudes kokku nelja v\u00e4ljundit, et laadida samaaegselt s\u00fclearvuteid, tahvelarvuteid, nutitelefone ja muid seadmeid. Juhtmevabade seadmete jaoks on lahendus samuti olemas, tagades tervikliku ja korrastatud laadimiskogemuse nii kodus, kontoris kui ka reisil.<\/p>\n","protected":false},"excerpt":{"rendered":"<p>K\u00f5ik-\u00fches toitelahendus, mida oled oodanud. Sacramento on 105W GaN-laadimisjaam, mis \u00fchendab maksimaalse v\u00f5imsuse ja nutika mugavuse. Seadmel on kaks&#8230;<\/p>\n","protected":false},"featured_media":0,"template":"","meta":[],"product_brand":[],"product_cat":[5418],"product_tag":[],"class_list":{"0":"post-1430938","1":"product","2":"type-product","3":"status-publish","5":"product_cat-nutiseadmete-lisatarvikud","6":"pa_gender-uniseks","7":"pa_gender-unisex","11":"first","12":"instock","13":"purchasable","14":"product-type-simple"},"acf":[],"yoast_head":"<!-- This site is optimized with the Yoast SEO plugin v26.0 - https:\/\/yoast.com\/wordpress\/plugins\/seo\/ -->\n<title>Urban Vitamin Sacramento 105 W GaN laadija koos rullkaablitega - Kruze.ee<\/title>\n<meta name=\"robots\" content=\"index, follow, max-snippet:-1, max-image-preview:large, max-video-preview:-1\" \/>\n<link rel=\"canonical\" href=\"https:\/\/kruze.ee\/et\/toode\/urban-vitamin-sacramento-105-w-gan-laadija-koos-rullkaablitega\/\" \/>\n<meta property=\"og:locale\" content=\"et_EE\" \/>\n<meta property=\"og:type\" content=\"article\" \/>\n<meta property=\"og:title\" content=\"Urban Vitamin Sacramento 105 W GaN laadija koos rullkaablitega - Kruze.ee\" \/>\n<meta property=\"og:description\" content=\"K\u00f5ik-\u00fches toitelahendus, mida oled oodanud. Sacramento on 105W GaN-laadimisjaam, mis \u00fchendab maksimaalse v\u00f5imsuse ja nutika mugavuse. Seadmel on kaks...\" \/>\n<meta property=\"og:url\" content=\"https:\/\/kruze.ee\/et\/toode\/urban-vitamin-sacramento-105-w-gan-laadija-koos-rullkaablitega\/\" \/>\n<meta property=\"og:site_name\" content=\"Kruze.ee\" \/>\n<meta property=\"article:modified_time\" content=\"2026-03-16T21:50:51+00:00\" \/>\n<meta name=\"twitter:card\" content=\"summary_large_image\" \/>\n<script type=\"application\/ld+json\" class=\"yoast-schema-graph\">{\"@context\":\"https:\/\/schema.org\",\"@graph\":[{\"@type\":\"WebPage\",\"@id\":\"https:\/\/kruze.ee\/et\/toode\/urban-vitamin-sacramento-105-w-gan-laadija-koos-rullkaablitega\/\",\"url\":\"https:\/\/kruze.ee\/et\/toode\/urban-vitamin-sacramento-105-w-gan-laadija-koos-rullkaablitega\/\",\"name\":\"Urban Vitamin Sacramento 105 W GaN laadija koos rullkaablitega - Kruze.ee\",\"isPartOf\":{\"@id\":\"https:\/\/kruze.ee\/et\/#website\"},\"datePublished\":\"2026-01-05T19:17:31+00:00\",\"dateModified\":\"2026-03-16T21:50:51+00:00\",\"breadcrumb\":{\"@id\":\"https:\/\/kruze.ee\/et\/toode\/urban-vitamin-sacramento-105-w-gan-laadija-koos-rullkaablitega\/#breadcrumb\"},\"inLanguage\":\"et\",\"potentialAction\":[{\"@type\":\"ReadAction\",\"target\":[\"https:\/\/kruze.ee\/et\/toode\/urban-vitamin-sacramento-105-w-gan-laadija-koos-rullkaablitega\/\"]}]},{\"@type\":\"BreadcrumbList\",\"@id\":\"https:\/\/kruze.ee\/et\/toode\/urban-vitamin-sacramento-105-w-gan-laadija-koos-rullkaablitega\/#breadcrumb\",\"itemListElement\":[{\"@type\":\"ListItem\",\"position\":1,\"name\":\"Home\",\"item\":\"https:\/\/kruze.ee\/et\/\"},{\"@type\":\"ListItem\",\"position\":2,\"name\":\"Tooted\",\"item\":\"https:\/\/kruze.ee\/et\/tooted\/\"},{\"@type\":\"ListItem\",\"position\":3,\"name\":\"Urban Vitamin Sacramento 105 W GaN laadija koos rullkaablitega\"}]},{\"@type\":\"WebSite\",\"@id\":\"https:\/\/kruze.ee\/et\/#website\",\"url\":\"https:\/\/kruze.ee\/et\/\",\"name\":\"Kruze.ee\",\"description\":\"Reklaamkingitused, tr&uuml;kiga T-s&auml;rgid, fliisid, dressipluused, tekstiil, joped ja paljud teised logoga meened, &Auml;rikingitused sinu partnerile! Telli juba t&auml;na.\",\"potentialAction\":[{\"@type\":\"SearchAction\",\"target\":{\"@type\":\"EntryPoint\",\"urlTemplate\":\"https:\/\/kruze.ee\/et\/?s={search_term_string}\"},\"query-input\":{\"@type\":\"PropertyValueSpecification\",\"valueRequired\":true,\"valueName\":\"search_term_string\"}}],\"inLanguage\":\"et\"}]}<\/script>\n<!-- \/ Yoast SEO plugin. -->","yoast_head_json":{"title":"Urban Vitamin Sacramento 105 W GaN laadija koos rullkaablitega - Kruze.ee","robots":{"index":"index","follow":"follow","max-snippet":"max-snippet:-1","max-image-preview":"max-image-preview:large","max-video-preview":"max-video-preview:-1"},"canonical":"https:\/\/kruze.ee\/et\/toode\/urban-vitamin-sacramento-105-w-gan-laadija-koos-rullkaablitega\/","og_locale":"et_EE","og_type":"article","og_title":"Urban Vitamin Sacramento 105 W GaN laadija koos rullkaablitega - Kruze.ee","og_description":"K\u00f5ik-\u00fches toitelahendus, mida oled oodanud. Sacramento on 105W GaN-laadimisjaam, mis \u00fchendab maksimaalse v\u00f5imsuse ja nutika mugavuse. Seadmel on kaks...","og_url":"https:\/\/kruze.ee\/et\/toode\/urban-vitamin-sacramento-105-w-gan-laadija-koos-rullkaablitega\/","og_site_name":"Kruze.ee","article_modified_time":"2026-03-16T21:50:51+00:00","twitter_card":"summary_large_image","schema":{"@context":"https:\/\/schema.org","@graph":[{"@type":"WebPage","@id":"https:\/\/kruze.ee\/et\/toode\/urban-vitamin-sacramento-105-w-gan-laadija-koos-rullkaablitega\/","url":"https:\/\/kruze.ee\/et\/toode\/urban-vitamin-sacramento-105-w-gan-laadija-koos-rullkaablitega\/","name":"Urban Vitamin Sacramento 105 W GaN laadija koos rullkaablitega - Kruze.ee","isPartOf":{"@id":"https:\/\/kruze.ee\/et\/#website"},"datePublished":"2026-01-05T19:17:31+00:00","dateModified":"2026-03-16T21:50:51+00:00","breadcrumb":{"@id":"https:\/\/kruze.ee\/et\/toode\/urban-vitamin-sacramento-105-w-gan-laadija-koos-rullkaablitega\/#breadcrumb"},"inLanguage":"et","potentialAction":[{"@type":"ReadAction","target":["https:\/\/kruze.ee\/et\/toode\/urban-vitamin-sacramento-105-w-gan-laadija-koos-rullkaablitega\/"]}]},{"@type":"BreadcrumbList","@id":"https:\/\/kruze.ee\/et\/toode\/urban-vitamin-sacramento-105-w-gan-laadija-koos-rullkaablitega\/#breadcrumb","itemListElement":[{"@type":"ListItem","position":1,"name":"Home","item":"https:\/\/kruze.ee\/et\/"},{"@type":"ListItem","position":2,"name":"Tooted","item":"https:\/\/kruze.ee\/et\/tooted\/"},{"@type":"ListItem","position":3,"name":"Urban Vitamin Sacramento 105 W GaN laadija koos rullkaablitega"}]},{"@type":"WebSite","@id":"https:\/\/kruze.ee\/et\/#website","url":"https:\/\/kruze.ee\/et\/","name":"Kruze.ee","description":"Reklaamkingitused, tr&uuml;kiga T-s&auml;rgid, fliisid, dressipluused, tekstiil, joped ja paljud teised logoga meened, &Auml;rikingitused sinu partnerile! Telli juba t&auml;na.","potentialAction":[{"@type":"SearchAction","target":{"@type":"EntryPoint","urlTemplate":"https:\/\/kruze.ee\/et\/?s={search_term_string}"},"query-input":{"@type":"PropertyValueSpecification","valueRequired":true,"valueName":"search_term_string"}}],"inLanguage":"et"}]}},"_links":{"self":[{"href":"https:\/\/kruze.ee\/et\/wp-json\/wp\/v2\/product\/1430938","targetHints":{"allow":["GET"]}}],"collection":[{"href":"https:\/\/kruze.ee\/et\/wp-json\/wp\/v2\/product"}],"about":[{"href":"https:\/\/kruze.ee\/et\/wp-json\/wp\/v2\/types\/product"}],"wp:attachment":[{"href":"https:\/\/kruze.ee\/et\/wp-json\/wp\/v2\/media?parent=1430938"}],"wp:term":[{"taxonomy":"product_brand","embeddable":true,"href":"https:\/\/kruze.ee\/et\/wp-json\/wp\/v2\/product_brand?post=1430938"},{"taxonomy":"product_cat","embeddable":true,"href":"https:\/\/kruze.ee\/et\/wp-json\/wp\/v2\/product_cat?post=1430938"},{"taxonomy":"product_tag","embeddable":true,"href":"https:\/\/kruze.ee\/et\/wp-json\/wp\/v2\/product_tag?post=1430938"}],"curies":[{"name":"wp","href":"https:\/\/api.w.org\/{rel}","templated":true}]}}