{"id":1430936,"date":"2026-01-05T22:17:27","date_gmt":"2026-01-05T19:17:27","guid":{"rendered":"https:\/\/kruze.ee\/product\/urban-vitamin-goleta-2-in-1-15w-magnetiline-juhtmevaba-laadija\/"},"modified":"2026-03-17T00:50:50","modified_gmt":"2026-03-16T21:50:50","slug":"urban-vitamin-goleta-2-in-1-15w-magnetiline-juhtmevaba-laadija","status":"publish","type":"product","link":"https:\/\/kruze.ee\/et\/toode\/urban-vitamin-goleta-2-in-1-15w-magnetiline-juhtmevaba-laadija\/","title":{"rendered":"Urban Vitamin Goleta 2-in-1 15W magnetiline juhtmevaba laadija"},"content":{"rendered":"<p>K\u00f5ik-\u00fches laadimisv\u00f5imsus elegantses disainis. Urban Vitamin Goleta on 2-\u00fches 15W magnetiline juhtmevaba laadija, millel on sisset\u00f5mmatav 65 cm USB-C kaabel, \u00fchendades juhtmevaba laadimise ja kaabliga mugavuse \u00fches kompaktses ja kaasaskantavas lahenduses. Olenemata sellest, kas laed telefoni, iWatchi v\u00f5i m\u00f5lemat korraga, pakub Goleta vajalikku paindlikkust ja t\u00f5husust. \u00dclitugeva magnetilise kinnitusega disain hoiab telefoni kindlalt paigal ning tagab juhtmevaba laadimise kuni 15W v\u00f5imsusega telefonidele, pakkudes vastavalt seadmele mitut v\u00e4ljundit (10W, 7,5W, 5W). 2,5W juhtmevaba v\u00e4ljund iWatchile hoolitseb selle eest, et ka nutikell p\u00fcsiks laetuna. Sisset\u00f5mmatav RTPE-kaabel tagab sasipuntravaba ja lihtsa hoiustamise laadimise ajal, muutes Goleta ideaalseks lahenduseks nii koju, kontorisse kui ka reisile.<\/p>\n","protected":false},"excerpt":{"rendered":"<p>K\u00f5ik-\u00fches laadimisv\u00f5imsus elegantses disainis. Urban Vitamin Goleta on 2-\u00fches 15W magnetiline juhtmevaba laadija, millel on sisset\u00f5mmatav 65 cm USB-C kaabel,&#8230;<\/p>\n","protected":false},"featured_media":0,"template":"","meta":[],"product_brand":[],"product_cat":[5418],"product_tag":[],"class_list":{"0":"post-1430936","1":"product","2":"type-product","3":"status-publish","5":"product_cat-nutiseadmete-lisatarvikud","6":"pa_gender-uniseks","7":"pa_gender-unisex","11":"first","12":"instock","13":"purchasable","14":"product-type-simple"},"acf":[],"yoast_head":"<!-- This site is optimized with the Yoast SEO plugin v26.0 - https:\/\/yoast.com\/wordpress\/plugins\/seo\/ -->\n<title>Urban Vitamin Goleta 2-in-1 15W magnetiline juhtmevaba laadija - Kruze.ee<\/title>\n<meta name=\"robots\" content=\"index, follow, max-snippet:-1, max-image-preview:large, max-video-preview:-1\" \/>\n<link rel=\"canonical\" href=\"https:\/\/kruze.ee\/et\/toode\/urban-vitamin-goleta-2-in-1-15w-magnetiline-juhtmevaba-laadija\/\" \/>\n<meta property=\"og:locale\" content=\"et_EE\" \/>\n<meta property=\"og:type\" content=\"article\" \/>\n<meta property=\"og:title\" content=\"Urban Vitamin Goleta 2-in-1 15W magnetiline juhtmevaba laadija - Kruze.ee\" \/>\n<meta property=\"og:description\" content=\"K\u00f5ik-\u00fches laadimisv\u00f5imsus elegantses disainis. Urban Vitamin Goleta on 2-\u00fches 15W magnetiline juhtmevaba laadija, millel on sisset\u00f5mmatav 65 cm USB-C kaabel,...\" \/>\n<meta property=\"og:url\" content=\"https:\/\/kruze.ee\/et\/toode\/urban-vitamin-goleta-2-in-1-15w-magnetiline-juhtmevaba-laadija\/\" \/>\n<meta property=\"og:site_name\" content=\"Kruze.ee\" \/>\n<meta property=\"article:modified_time\" content=\"2026-03-16T21:50:50+00:00\" \/>\n<meta name=\"twitter:card\" content=\"summary_large_image\" \/>\n<meta name=\"twitter:label1\" content=\"Est. reading time\" \/>\n\t<meta name=\"twitter:data1\" content=\"1 minut\" \/>\n<script type=\"application\/ld+json\" class=\"yoast-schema-graph\">{\"@context\":\"https:\/\/schema.org\",\"@graph\":[{\"@type\":\"WebPage\",\"@id\":\"https:\/\/kruze.ee\/et\/toode\/urban-vitamin-goleta-2-in-1-15w-magnetiline-juhtmevaba-laadija\/\",\"url\":\"https:\/\/kruze.ee\/et\/toode\/urban-vitamin-goleta-2-in-1-15w-magnetiline-juhtmevaba-laadija\/\",\"name\":\"Urban Vitamin Goleta 2-in-1 15W magnetiline juhtmevaba laadija - Kruze.ee\",\"isPartOf\":{\"@id\":\"https:\/\/kruze.ee\/et\/#website\"},\"datePublished\":\"2026-01-05T19:17:27+00:00\",\"dateModified\":\"2026-03-16T21:50:50+00:00\",\"breadcrumb\":{\"@id\":\"https:\/\/kruze.ee\/et\/toode\/urban-vitamin-goleta-2-in-1-15w-magnetiline-juhtmevaba-laadija\/#breadcrumb\"},\"inLanguage\":\"et\",\"potentialAction\":[{\"@type\":\"ReadAction\",\"target\":[\"https:\/\/kruze.ee\/et\/toode\/urban-vitamin-goleta-2-in-1-15w-magnetiline-juhtmevaba-laadija\/\"]}]},{\"@type\":\"BreadcrumbList\",\"@id\":\"https:\/\/kruze.ee\/et\/toode\/urban-vitamin-goleta-2-in-1-15w-magnetiline-juhtmevaba-laadija\/#breadcrumb\",\"itemListElement\":[{\"@type\":\"ListItem\",\"position\":1,\"name\":\"Home\",\"item\":\"https:\/\/kruze.ee\/et\/\"},{\"@type\":\"ListItem\",\"position\":2,\"name\":\"Tooted\",\"item\":\"https:\/\/kruze.ee\/et\/tooted\/\"},{\"@type\":\"ListItem\",\"position\":3,\"name\":\"Urban Vitamin Goleta 2-in-1 15W magnetiline juhtmevaba laadija\"}]},{\"@type\":\"WebSite\",\"@id\":\"https:\/\/kruze.ee\/et\/#website\",\"url\":\"https:\/\/kruze.ee\/et\/\",\"name\":\"Kruze.ee\",\"description\":\"Reklaamkingitused, tr&uuml;kiga T-s&auml;rgid, fliisid, dressipluused, tekstiil, joped ja paljud teised logoga meened, &Auml;rikingitused sinu partnerile! Telli juba t&auml;na.\",\"potentialAction\":[{\"@type\":\"SearchAction\",\"target\":{\"@type\":\"EntryPoint\",\"urlTemplate\":\"https:\/\/kruze.ee\/et\/?s={search_term_string}\"},\"query-input\":{\"@type\":\"PropertyValueSpecification\",\"valueRequired\":true,\"valueName\":\"search_term_string\"}}],\"inLanguage\":\"et\"}]}<\/script>\n<!-- \/ Yoast SEO plugin. -->","yoast_head_json":{"title":"Urban Vitamin Goleta 2-in-1 15W magnetiline juhtmevaba laadija - Kruze.ee","robots":{"index":"index","follow":"follow","max-snippet":"max-snippet:-1","max-image-preview":"max-image-preview:large","max-video-preview":"max-video-preview:-1"},"canonical":"https:\/\/kruze.ee\/et\/toode\/urban-vitamin-goleta-2-in-1-15w-magnetiline-juhtmevaba-laadija\/","og_locale":"et_EE","og_type":"article","og_title":"Urban Vitamin Goleta 2-in-1 15W magnetiline juhtmevaba laadija - Kruze.ee","og_description":"K\u00f5ik-\u00fches laadimisv\u00f5imsus elegantses disainis. Urban Vitamin Goleta on 2-\u00fches 15W magnetiline juhtmevaba laadija, millel on sisset\u00f5mmatav 65 cm USB-C kaabel,...","og_url":"https:\/\/kruze.ee\/et\/toode\/urban-vitamin-goleta-2-in-1-15w-magnetiline-juhtmevaba-laadija\/","og_site_name":"Kruze.ee","article_modified_time":"2026-03-16T21:50:50+00:00","twitter_card":"summary_large_image","twitter_misc":{"Est. reading time":"1 minut"},"schema":{"@context":"https:\/\/schema.org","@graph":[{"@type":"WebPage","@id":"https:\/\/kruze.ee\/et\/toode\/urban-vitamin-goleta-2-in-1-15w-magnetiline-juhtmevaba-laadija\/","url":"https:\/\/kruze.ee\/et\/toode\/urban-vitamin-goleta-2-in-1-15w-magnetiline-juhtmevaba-laadija\/","name":"Urban Vitamin Goleta 2-in-1 15W magnetiline juhtmevaba laadija - Kruze.ee","isPartOf":{"@id":"https:\/\/kruze.ee\/et\/#website"},"datePublished":"2026-01-05T19:17:27+00:00","dateModified":"2026-03-16T21:50:50+00:00","breadcrumb":{"@id":"https:\/\/kruze.ee\/et\/toode\/urban-vitamin-goleta-2-in-1-15w-magnetiline-juhtmevaba-laadija\/#breadcrumb"},"inLanguage":"et","potentialAction":[{"@type":"ReadAction","target":["https:\/\/kruze.ee\/et\/toode\/urban-vitamin-goleta-2-in-1-15w-magnetiline-juhtmevaba-laadija\/"]}]},{"@type":"BreadcrumbList","@id":"https:\/\/kruze.ee\/et\/toode\/urban-vitamin-goleta-2-in-1-15w-magnetiline-juhtmevaba-laadija\/#breadcrumb","itemListElement":[{"@type":"ListItem","position":1,"name":"Home","item":"https:\/\/kruze.ee\/et\/"},{"@type":"ListItem","position":2,"name":"Tooted","item":"https:\/\/kruze.ee\/et\/tooted\/"},{"@type":"ListItem","position":3,"name":"Urban Vitamin Goleta 2-in-1 15W magnetiline juhtmevaba laadija"}]},{"@type":"WebSite","@id":"https:\/\/kruze.ee\/et\/#website","url":"https:\/\/kruze.ee\/et\/","name":"Kruze.ee","description":"Reklaamkingitused, tr&uuml;kiga T-s&auml;rgid, fliisid, dressipluused, tekstiil, joped ja paljud teised logoga meened, &Auml;rikingitused sinu partnerile! Telli juba t&auml;na.","potentialAction":[{"@type":"SearchAction","target":{"@type":"EntryPoint","urlTemplate":"https:\/\/kruze.ee\/et\/?s={search_term_string}"},"query-input":{"@type":"PropertyValueSpecification","valueRequired":true,"valueName":"search_term_string"}}],"inLanguage":"et"}]}},"_links":{"self":[{"href":"https:\/\/kruze.ee\/et\/wp-json\/wp\/v2\/product\/1430936","targetHints":{"allow":["GET"]}}],"collection":[{"href":"https:\/\/kruze.ee\/et\/wp-json\/wp\/v2\/product"}],"about":[{"href":"https:\/\/kruze.ee\/et\/wp-json\/wp\/v2\/types\/product"}],"wp:attachment":[{"href":"https:\/\/kruze.ee\/et\/wp-json\/wp\/v2\/media?parent=1430936"}],"wp:term":[{"taxonomy":"product_brand","embeddable":true,"href":"https:\/\/kruze.ee\/et\/wp-json\/wp\/v2\/product_brand?post=1430936"},{"taxonomy":"product_cat","embeddable":true,"href":"https:\/\/kruze.ee\/et\/wp-json\/wp\/v2\/product_cat?post=1430936"},{"taxonomy":"product_tag","embeddable":true,"href":"https:\/\/kruze.ee\/et\/wp-json\/wp\/v2\/product_tag?post=1430936"}],"curies":[{"name":"wp","href":"https:\/\/api.w.org\/{rel}","templated":true}]}}