{"id":1430934,"date":"2026-01-05T22:17:22","date_gmt":"2026-01-05T19:17:22","guid":{"rendered":"https:\/\/kruze.ee\/product\/urban-vitamin-arcadia-rcs-sertifikaadiga-taaskasutatud-plastikust-15w-3-uhes-magnetiline-laadija\/"},"modified":"2026-03-17T00:50:50","modified_gmt":"2026-03-16T21:50:50","slug":"urban-vitamin-arcadia-rcs-sertifikaadiga-taaskasutatud-plastikust-15w-3-uhes-magnetiline-laadija","status":"publish","type":"product","link":"https:\/\/kruze.ee\/et\/toode\/urban-vitamin-arcadia-rcs-sertifikaadiga-taaskasutatud-plastikust-15w-3-uhes-magnetiline-laadija\/","title":{"rendered":"Urban Vitamin Arcadia RCS-sertifikaadiga taaskasutatud plastikust 15W 3-\u00fches magnetiline laadija"},"content":{"rendered":"<p>Vajad k\u00f5igi oma seadmete samaaegset ja maksimaalse kiirusega laadimist? Arcadia katab selle vajaduse oma \u00fclikiire 15W magnetilise laadijaga. See kompaktne juhtmevaba laadija sobib kasutamiseks nii t\u00f6\u00f6laual kui ka \u00f6\u00f6kapil ning on h\u00f5lpsasti kokkupandav, et seda oleks mugav reisile kaasa v\u00f5tta. Kasuta seda alusena magnetilise laadimisega telefonide laadimiseks. Tagak\u00fcljel asuv 5W laadimisala v\u00f5imaldab laadida samaaegselt ka teist telefoni v\u00f5i m\u00f5nda muud \u00fchilduvat seadet.<\/p>\n","protected":false},"excerpt":{"rendered":"<p>Vajad k\u00f5igi oma seadmete samaaegset ja maksimaalse kiirusega laadimist? Arcadia katab selle vajaduse oma \u00fclikiire 15W magnetilise laadijaga. See kompaktne&#8230;<\/p>\n","protected":false},"featured_media":0,"template":"","meta":[],"product_brand":[],"product_cat":[5418],"product_tag":[],"class_list":{"0":"post-1430934","1":"product","2":"type-product","3":"status-publish","5":"product_cat-nutiseadmete-lisatarvikud","6":"pa_gender-uniseks","7":"pa_gender-unisex","11":"first","12":"instock","13":"purchasable","14":"product-type-simple"},"acf":[],"yoast_head":"<!-- This site is optimized with the Yoast SEO plugin v26.0 - https:\/\/yoast.com\/wordpress\/plugins\/seo\/ -->\n<title>Urban Vitamin Arcadia RCS-sertifikaadiga taaskasutatud plastikust 15W 3-\u00fches magnetiline laadija - Kruze.ee<\/title>\n<meta name=\"robots\" content=\"index, follow, max-snippet:-1, max-image-preview:large, max-video-preview:-1\" \/>\n<link rel=\"canonical\" href=\"https:\/\/kruze.ee\/et\/toode\/urban-vitamin-arcadia-rcs-sertifikaadiga-taaskasutatud-plastikust-15w-3-uhes-magnetiline-laadija\/\" \/>\n<meta property=\"og:locale\" content=\"et_EE\" \/>\n<meta property=\"og:type\" content=\"article\" \/>\n<meta property=\"og:title\" content=\"Urban Vitamin Arcadia RCS-sertifikaadiga taaskasutatud plastikust 15W 3-\u00fches magnetiline laadija - Kruze.ee\" \/>\n<meta property=\"og:description\" content=\"Vajad k\u00f5igi oma seadmete samaaegset ja maksimaalse kiirusega laadimist? Arcadia katab selle vajaduse oma \u00fclikiire 15W magnetilise laadijaga. See kompaktne...\" \/>\n<meta property=\"og:url\" content=\"https:\/\/kruze.ee\/et\/toode\/urban-vitamin-arcadia-rcs-sertifikaadiga-taaskasutatud-plastikust-15w-3-uhes-magnetiline-laadija\/\" \/>\n<meta property=\"og:site_name\" content=\"Kruze.ee\" \/>\n<meta property=\"article:modified_time\" content=\"2026-03-16T21:50:50+00:00\" \/>\n<meta name=\"twitter:card\" content=\"summary_large_image\" \/>\n<script type=\"application\/ld+json\" class=\"yoast-schema-graph\">{\"@context\":\"https:\/\/schema.org\",\"@graph\":[{\"@type\":\"WebPage\",\"@id\":\"https:\/\/kruze.ee\/et\/toode\/urban-vitamin-arcadia-rcs-sertifikaadiga-taaskasutatud-plastikust-15w-3-uhes-magnetiline-laadija\/\",\"url\":\"https:\/\/kruze.ee\/et\/toode\/urban-vitamin-arcadia-rcs-sertifikaadiga-taaskasutatud-plastikust-15w-3-uhes-magnetiline-laadija\/\",\"name\":\"Urban Vitamin Arcadia RCS-sertifikaadiga taaskasutatud plastikust 15W 3-\u00fches magnetiline laadija - Kruze.ee\",\"isPartOf\":{\"@id\":\"https:\/\/kruze.ee\/et\/#website\"},\"datePublished\":\"2026-01-05T19:17:22+00:00\",\"dateModified\":\"2026-03-16T21:50:50+00:00\",\"breadcrumb\":{\"@id\":\"https:\/\/kruze.ee\/et\/toode\/urban-vitamin-arcadia-rcs-sertifikaadiga-taaskasutatud-plastikust-15w-3-uhes-magnetiline-laadija\/#breadcrumb\"},\"inLanguage\":\"et\",\"potentialAction\":[{\"@type\":\"ReadAction\",\"target\":[\"https:\/\/kruze.ee\/et\/toode\/urban-vitamin-arcadia-rcs-sertifikaadiga-taaskasutatud-plastikust-15w-3-uhes-magnetiline-laadija\/\"]}]},{\"@type\":\"BreadcrumbList\",\"@id\":\"https:\/\/kruze.ee\/et\/toode\/urban-vitamin-arcadia-rcs-sertifikaadiga-taaskasutatud-plastikust-15w-3-uhes-magnetiline-laadija\/#breadcrumb\",\"itemListElement\":[{\"@type\":\"ListItem\",\"position\":1,\"name\":\"Home\",\"item\":\"https:\/\/kruze.ee\/et\/\"},{\"@type\":\"ListItem\",\"position\":2,\"name\":\"Tooted\",\"item\":\"https:\/\/kruze.ee\/et\/tooted\/\"},{\"@type\":\"ListItem\",\"position\":3,\"name\":\"Urban Vitamin Arcadia RCS-sertifikaadiga taaskasutatud plastikust 15W 3-\u00fches magnetiline laadija\"}]},{\"@type\":\"WebSite\",\"@id\":\"https:\/\/kruze.ee\/et\/#website\",\"url\":\"https:\/\/kruze.ee\/et\/\",\"name\":\"Kruze.ee\",\"description\":\"Reklaamkingitused, tr&uuml;kiga T-s&auml;rgid, fliisid, dressipluused, tekstiil, joped ja paljud teised logoga meened, &Auml;rikingitused sinu partnerile! Telli juba t&auml;na.\",\"potentialAction\":[{\"@type\":\"SearchAction\",\"target\":{\"@type\":\"EntryPoint\",\"urlTemplate\":\"https:\/\/kruze.ee\/et\/?s={search_term_string}\"},\"query-input\":{\"@type\":\"PropertyValueSpecification\",\"valueRequired\":true,\"valueName\":\"search_term_string\"}}],\"inLanguage\":\"et\"}]}<\/script>\n<!-- \/ Yoast SEO plugin. -->","yoast_head_json":{"title":"Urban Vitamin Arcadia RCS-sertifikaadiga taaskasutatud plastikust 15W 3-\u00fches magnetiline laadija - Kruze.ee","robots":{"index":"index","follow":"follow","max-snippet":"max-snippet:-1","max-image-preview":"max-image-preview:large","max-video-preview":"max-video-preview:-1"},"canonical":"https:\/\/kruze.ee\/et\/toode\/urban-vitamin-arcadia-rcs-sertifikaadiga-taaskasutatud-plastikust-15w-3-uhes-magnetiline-laadija\/","og_locale":"et_EE","og_type":"article","og_title":"Urban Vitamin Arcadia RCS-sertifikaadiga taaskasutatud plastikust 15W 3-\u00fches magnetiline laadija - Kruze.ee","og_description":"Vajad k\u00f5igi oma seadmete samaaegset ja maksimaalse kiirusega laadimist? Arcadia katab selle vajaduse oma \u00fclikiire 15W magnetilise laadijaga. See kompaktne...","og_url":"https:\/\/kruze.ee\/et\/toode\/urban-vitamin-arcadia-rcs-sertifikaadiga-taaskasutatud-plastikust-15w-3-uhes-magnetiline-laadija\/","og_site_name":"Kruze.ee","article_modified_time":"2026-03-16T21:50:50+00:00","twitter_card":"summary_large_image","schema":{"@context":"https:\/\/schema.org","@graph":[{"@type":"WebPage","@id":"https:\/\/kruze.ee\/et\/toode\/urban-vitamin-arcadia-rcs-sertifikaadiga-taaskasutatud-plastikust-15w-3-uhes-magnetiline-laadija\/","url":"https:\/\/kruze.ee\/et\/toode\/urban-vitamin-arcadia-rcs-sertifikaadiga-taaskasutatud-plastikust-15w-3-uhes-magnetiline-laadija\/","name":"Urban Vitamin Arcadia RCS-sertifikaadiga taaskasutatud plastikust 15W 3-\u00fches magnetiline laadija - Kruze.ee","isPartOf":{"@id":"https:\/\/kruze.ee\/et\/#website"},"datePublished":"2026-01-05T19:17:22+00:00","dateModified":"2026-03-16T21:50:50+00:00","breadcrumb":{"@id":"https:\/\/kruze.ee\/et\/toode\/urban-vitamin-arcadia-rcs-sertifikaadiga-taaskasutatud-plastikust-15w-3-uhes-magnetiline-laadija\/#breadcrumb"},"inLanguage":"et","potentialAction":[{"@type":"ReadAction","target":["https:\/\/kruze.ee\/et\/toode\/urban-vitamin-arcadia-rcs-sertifikaadiga-taaskasutatud-plastikust-15w-3-uhes-magnetiline-laadija\/"]}]},{"@type":"BreadcrumbList","@id":"https:\/\/kruze.ee\/et\/toode\/urban-vitamin-arcadia-rcs-sertifikaadiga-taaskasutatud-plastikust-15w-3-uhes-magnetiline-laadija\/#breadcrumb","itemListElement":[{"@type":"ListItem","position":1,"name":"Home","item":"https:\/\/kruze.ee\/et\/"},{"@type":"ListItem","position":2,"name":"Tooted","item":"https:\/\/kruze.ee\/et\/tooted\/"},{"@type":"ListItem","position":3,"name":"Urban Vitamin Arcadia RCS-sertifikaadiga taaskasutatud plastikust 15W 3-\u00fches magnetiline laadija"}]},{"@type":"WebSite","@id":"https:\/\/kruze.ee\/et\/#website","url":"https:\/\/kruze.ee\/et\/","name":"Kruze.ee","description":"Reklaamkingitused, tr&uuml;kiga T-s&auml;rgid, fliisid, dressipluused, tekstiil, joped ja paljud teised logoga meened, &Auml;rikingitused sinu partnerile! Telli juba t&auml;na.","potentialAction":[{"@type":"SearchAction","target":{"@type":"EntryPoint","urlTemplate":"https:\/\/kruze.ee\/et\/?s={search_term_string}"},"query-input":{"@type":"PropertyValueSpecification","valueRequired":true,"valueName":"search_term_string"}}],"inLanguage":"et"}]}},"_links":{"self":[{"href":"https:\/\/kruze.ee\/et\/wp-json\/wp\/v2\/product\/1430934","targetHints":{"allow":["GET"]}}],"collection":[{"href":"https:\/\/kruze.ee\/et\/wp-json\/wp\/v2\/product"}],"about":[{"href":"https:\/\/kruze.ee\/et\/wp-json\/wp\/v2\/types\/product"}],"wp:attachment":[{"href":"https:\/\/kruze.ee\/et\/wp-json\/wp\/v2\/media?parent=1430934"}],"wp:term":[{"taxonomy":"product_brand","embeddable":true,"href":"https:\/\/kruze.ee\/et\/wp-json\/wp\/v2\/product_brand?post=1430934"},{"taxonomy":"product_cat","embeddable":true,"href":"https:\/\/kruze.ee\/et\/wp-json\/wp\/v2\/product_cat?post=1430934"},{"taxonomy":"product_tag","embeddable":true,"href":"https:\/\/kruze.ee\/et\/wp-json\/wp\/v2\/product_tag?post=1430934"}],"curies":[{"name":"wp","href":"https:\/\/api.w.org\/{rel}","templated":true}]}}