{"id":1430932,"date":"2026-01-05T22:17:17","date_gmt":"2026-01-05T19:17:17","guid":{"rendered":"https:\/\/kruze.ee\/product\/urban-vitamin-torrance-rcs-sertifikaadiga-3-uhes-magnetiline-15w-laadija\/"},"modified":"2026-03-17T00:50:49","modified_gmt":"2026-03-16T21:50:49","slug":"urban-vitamin-torrance-rcs-sertifikaadiga-3-uhes-magnetiline-15w-laadija","status":"publish","type":"product","link":"https:\/\/kruze.ee\/et\/toode\/urban-vitamin-torrance-rcs-sertifikaadiga-3-uhes-magnetiline-15w-laadija\/","title":{"rendered":"Urban Vitamin Torrance RCS-sertifikaadiga 3-\u00fches magnetiline 15W laadija"},"content":{"rendered":"<p>Vajad k\u00f5igi oma seadmete samaaegset ja maksimaalse kiirusega laadimist? Torrance pakub selleks lahenduse oma \u00fclikiire 15W magnetilise laadijaga. Juhtmevaba laadijat saab kasutada nii alusena kui ka tasapinnaliselt: kasuta seda alusena magnetilise laadimisega telefonide jaoks v\u00f5i aseta tasapinnale teiste juhtmevabade telefonide laadimiseks. Keskmine 5W laadimisala v\u00f5imaldab laadida teist telefoni v\u00f5i juhtmevabu k\u00f5rvaklappe ning lisaks on olemas nutikella laadija, mis sobib uusimatele iWatchi mudelitele. Torrance on varustatud 120 cm taaskasutatud TPE-kaabliga, mis teeb paigaldamise mugavaks nii t\u00f6\u00f6laual kui ka \u00f6\u00f6kapil. Lihtsalt \u00fchenda see kiirlaadimist toetava toiteallikaga.<\/p>\n","protected":false},"excerpt":{"rendered":"<p>Vajad k\u00f5igi oma seadmete samaaegset ja maksimaalse kiirusega laadimist? Torrance pakub selleks lahenduse oma \u00fclikiire 15W magnetilise laadijaga. Juhtmevaba&#8230;<\/p>\n","protected":false},"featured_media":0,"template":"","meta":[],"product_brand":[],"product_cat":[5418],"product_tag":[],"class_list":{"0":"post-1430932","1":"product","2":"type-product","3":"status-publish","5":"product_cat-nutiseadmete-lisatarvikud","6":"pa_gender-uniseks","7":"pa_gender-unisex","11":"first","12":"instock","13":"purchasable","14":"product-type-simple"},"acf":[],"yoast_head":"<!-- This site is optimized with the Yoast SEO plugin v26.0 - https:\/\/yoast.com\/wordpress\/plugins\/seo\/ -->\n<title>Urban Vitamin Torrance RCS-sertifikaadiga 3-\u00fches magnetiline 15W laadija - Kruze.ee<\/title>\n<meta name=\"robots\" content=\"index, follow, max-snippet:-1, max-image-preview:large, max-video-preview:-1\" \/>\n<link rel=\"canonical\" href=\"https:\/\/kruze.ee\/et\/toode\/urban-vitamin-torrance-rcs-sertifikaadiga-3-uhes-magnetiline-15w-laadija\/\" \/>\n<meta property=\"og:locale\" content=\"et_EE\" \/>\n<meta property=\"og:type\" content=\"article\" \/>\n<meta property=\"og:title\" content=\"Urban Vitamin Torrance RCS-sertifikaadiga 3-\u00fches magnetiline 15W laadija - Kruze.ee\" \/>\n<meta property=\"og:description\" content=\"Vajad k\u00f5igi oma seadmete samaaegset ja maksimaalse kiirusega laadimist? Torrance pakub selleks lahenduse oma \u00fclikiire 15W magnetilise laadijaga. Juhtmevaba...\" \/>\n<meta property=\"og:url\" content=\"https:\/\/kruze.ee\/et\/toode\/urban-vitamin-torrance-rcs-sertifikaadiga-3-uhes-magnetiline-15w-laadija\/\" \/>\n<meta property=\"og:site_name\" content=\"Kruze.ee\" \/>\n<meta property=\"article:modified_time\" content=\"2026-03-16T21:50:49+00:00\" \/>\n<meta name=\"twitter:card\" content=\"summary_large_image\" \/>\n<script type=\"application\/ld+json\" class=\"yoast-schema-graph\">{\"@context\":\"https:\/\/schema.org\",\"@graph\":[{\"@type\":\"WebPage\",\"@id\":\"https:\/\/kruze.ee\/et\/toode\/urban-vitamin-torrance-rcs-sertifikaadiga-3-uhes-magnetiline-15w-laadija\/\",\"url\":\"https:\/\/kruze.ee\/et\/toode\/urban-vitamin-torrance-rcs-sertifikaadiga-3-uhes-magnetiline-15w-laadija\/\",\"name\":\"Urban Vitamin Torrance RCS-sertifikaadiga 3-\u00fches magnetiline 15W laadija - Kruze.ee\",\"isPartOf\":{\"@id\":\"https:\/\/kruze.ee\/et\/#website\"},\"datePublished\":\"2026-01-05T19:17:17+00:00\",\"dateModified\":\"2026-03-16T21:50:49+00:00\",\"breadcrumb\":{\"@id\":\"https:\/\/kruze.ee\/et\/toode\/urban-vitamin-torrance-rcs-sertifikaadiga-3-uhes-magnetiline-15w-laadija\/#breadcrumb\"},\"inLanguage\":\"et\",\"potentialAction\":[{\"@type\":\"ReadAction\",\"target\":[\"https:\/\/kruze.ee\/et\/toode\/urban-vitamin-torrance-rcs-sertifikaadiga-3-uhes-magnetiline-15w-laadija\/\"]}]},{\"@type\":\"BreadcrumbList\",\"@id\":\"https:\/\/kruze.ee\/et\/toode\/urban-vitamin-torrance-rcs-sertifikaadiga-3-uhes-magnetiline-15w-laadija\/#breadcrumb\",\"itemListElement\":[{\"@type\":\"ListItem\",\"position\":1,\"name\":\"Home\",\"item\":\"https:\/\/kruze.ee\/et\/\"},{\"@type\":\"ListItem\",\"position\":2,\"name\":\"Tooted\",\"item\":\"https:\/\/kruze.ee\/et\/tooted\/\"},{\"@type\":\"ListItem\",\"position\":3,\"name\":\"Urban Vitamin Torrance RCS-sertifikaadiga 3-\u00fches magnetiline 15W laadija\"}]},{\"@type\":\"WebSite\",\"@id\":\"https:\/\/kruze.ee\/et\/#website\",\"url\":\"https:\/\/kruze.ee\/et\/\",\"name\":\"Kruze.ee\",\"description\":\"Reklaamkingitused, tr&uuml;kiga T-s&auml;rgid, fliisid, dressipluused, tekstiil, joped ja paljud teised logoga meened, &Auml;rikingitused sinu partnerile! Telli juba t&auml;na.\",\"potentialAction\":[{\"@type\":\"SearchAction\",\"target\":{\"@type\":\"EntryPoint\",\"urlTemplate\":\"https:\/\/kruze.ee\/et\/?s={search_term_string}\"},\"query-input\":{\"@type\":\"PropertyValueSpecification\",\"valueRequired\":true,\"valueName\":\"search_term_string\"}}],\"inLanguage\":\"et\"}]}<\/script>\n<!-- \/ Yoast SEO plugin. -->","yoast_head_json":{"title":"Urban Vitamin Torrance RCS-sertifikaadiga 3-\u00fches magnetiline 15W laadija - Kruze.ee","robots":{"index":"index","follow":"follow","max-snippet":"max-snippet:-1","max-image-preview":"max-image-preview:large","max-video-preview":"max-video-preview:-1"},"canonical":"https:\/\/kruze.ee\/et\/toode\/urban-vitamin-torrance-rcs-sertifikaadiga-3-uhes-magnetiline-15w-laadija\/","og_locale":"et_EE","og_type":"article","og_title":"Urban Vitamin Torrance RCS-sertifikaadiga 3-\u00fches magnetiline 15W laadija - Kruze.ee","og_description":"Vajad k\u00f5igi oma seadmete samaaegset ja maksimaalse kiirusega laadimist? Torrance pakub selleks lahenduse oma \u00fclikiire 15W magnetilise laadijaga. Juhtmevaba...","og_url":"https:\/\/kruze.ee\/et\/toode\/urban-vitamin-torrance-rcs-sertifikaadiga-3-uhes-magnetiline-15w-laadija\/","og_site_name":"Kruze.ee","article_modified_time":"2026-03-16T21:50:49+00:00","twitter_card":"summary_large_image","schema":{"@context":"https:\/\/schema.org","@graph":[{"@type":"WebPage","@id":"https:\/\/kruze.ee\/et\/toode\/urban-vitamin-torrance-rcs-sertifikaadiga-3-uhes-magnetiline-15w-laadija\/","url":"https:\/\/kruze.ee\/et\/toode\/urban-vitamin-torrance-rcs-sertifikaadiga-3-uhes-magnetiline-15w-laadija\/","name":"Urban Vitamin Torrance RCS-sertifikaadiga 3-\u00fches magnetiline 15W laadija - Kruze.ee","isPartOf":{"@id":"https:\/\/kruze.ee\/et\/#website"},"datePublished":"2026-01-05T19:17:17+00:00","dateModified":"2026-03-16T21:50:49+00:00","breadcrumb":{"@id":"https:\/\/kruze.ee\/et\/toode\/urban-vitamin-torrance-rcs-sertifikaadiga-3-uhes-magnetiline-15w-laadija\/#breadcrumb"},"inLanguage":"et","potentialAction":[{"@type":"ReadAction","target":["https:\/\/kruze.ee\/et\/toode\/urban-vitamin-torrance-rcs-sertifikaadiga-3-uhes-magnetiline-15w-laadija\/"]}]},{"@type":"BreadcrumbList","@id":"https:\/\/kruze.ee\/et\/toode\/urban-vitamin-torrance-rcs-sertifikaadiga-3-uhes-magnetiline-15w-laadija\/#breadcrumb","itemListElement":[{"@type":"ListItem","position":1,"name":"Home","item":"https:\/\/kruze.ee\/et\/"},{"@type":"ListItem","position":2,"name":"Tooted","item":"https:\/\/kruze.ee\/et\/tooted\/"},{"@type":"ListItem","position":3,"name":"Urban Vitamin Torrance RCS-sertifikaadiga 3-\u00fches magnetiline 15W laadija"}]},{"@type":"WebSite","@id":"https:\/\/kruze.ee\/et\/#website","url":"https:\/\/kruze.ee\/et\/","name":"Kruze.ee","description":"Reklaamkingitused, tr&uuml;kiga T-s&auml;rgid, fliisid, dressipluused, tekstiil, joped ja paljud teised logoga meened, &Auml;rikingitused sinu partnerile! Telli juba t&auml;na.","potentialAction":[{"@type":"SearchAction","target":{"@type":"EntryPoint","urlTemplate":"https:\/\/kruze.ee\/et\/?s={search_term_string}"},"query-input":{"@type":"PropertyValueSpecification","valueRequired":true,"valueName":"search_term_string"}}],"inLanguage":"et"}]}},"_links":{"self":[{"href":"https:\/\/kruze.ee\/et\/wp-json\/wp\/v2\/product\/1430932","targetHints":{"allow":["GET"]}}],"collection":[{"href":"https:\/\/kruze.ee\/et\/wp-json\/wp\/v2\/product"}],"about":[{"href":"https:\/\/kruze.ee\/et\/wp-json\/wp\/v2\/types\/product"}],"wp:attachment":[{"href":"https:\/\/kruze.ee\/et\/wp-json\/wp\/v2\/media?parent=1430932"}],"wp:term":[{"taxonomy":"product_brand","embeddable":true,"href":"https:\/\/kruze.ee\/et\/wp-json\/wp\/v2\/product_brand?post=1430932"},{"taxonomy":"product_cat","embeddable":true,"href":"https:\/\/kruze.ee\/et\/wp-json\/wp\/v2\/product_cat?post=1430932"},{"taxonomy":"product_tag","embeddable":true,"href":"https:\/\/kruze.ee\/et\/wp-json\/wp\/v2\/product_tag?post=1430932"}],"curies":[{"name":"wp","href":"https:\/\/api.w.org\/{rel}","templated":true}]}}