{"id":1430928,"date":"2026-01-05T22:17:09","date_gmt":"2026-01-05T19:17:09","guid":{"rendered":"https:\/\/kruze.ee\/product\/terra-alumiiniumist-15w-magnetiline-juhtmevaba-laadimisega-telefonialus\/"},"modified":"2026-03-17T00:50:48","modified_gmt":"2026-03-16T21:50:48","slug":"terra-alumiiniumist-15w-magnetiline-juhtmevaba-laadimisega-telefonialus","status":"publish","type":"product","link":"https:\/\/kruze.ee\/et\/toode\/terra-alumiiniumist-15w-magnetiline-juhtmevaba-laadimisega-telefonialus\/","title":{"rendered":"Terra alumiiniumist 15W magnetiline juhtmevaba laadimisega telefonialus"},"content":{"rendered":"<p>Terra Aluminium 15W magnetiline juhtmevaba laadimisega telefonialus m\u00e4\u00e4ratleb uuesti elegantsi ja j\u00f5udluse. V\u00f5imas 15W v\u00e4ljund ning t\u00e4iustatud magnetiline s\u00fcsteem tagavad seadme kindla hoidmise. 15 t\u00e4psusmagnetit tagavad laitmatu joondamise ja t\u00f5husa laadimise nii horisontaalses kui ka vertikaalses asendis. Silikoonist aluspadjad suurendavad stabiilsust ning sisseehitatud laadimisindikaator lisab diskreetset elegantsi. Valmistatud vastupidavast alumiiniumist, sobides ideaalselt kasutamiseks t\u00f6\u00f6laual v\u00f5i \u00f6\u00f6kapil.<\/p>\n","protected":false},"excerpt":{"rendered":"<p>Terra Aluminium 15W magnetiline juhtmevaba laadimisega telefonialus m\u00e4\u00e4ratleb uuesti elegantsi ja j\u00f5udluse. V\u00f5imas 15W v\u00e4ljund ning t\u00e4iustatud magnetiline&#8230;<\/p>\n","protected":false},"featured_media":0,"template":"","meta":[],"product_brand":[],"product_cat":[5418],"product_tag":[],"class_list":{"0":"post-1430928","1":"product","2":"type-product","3":"status-publish","5":"product_cat-nutiseadmete-lisatarvikud","6":"pa_gender-uniseks","7":"pa_gender-unisex","11":"first","12":"instock","13":"purchasable","14":"product-type-simple"},"acf":[],"yoast_head":"<!-- This site is optimized with the Yoast SEO plugin v26.0 - https:\/\/yoast.com\/wordpress\/plugins\/seo\/ -->\n<title>Terra alumiiniumist 15W magnetiline juhtmevaba laadimisega telefonialus - Kruze.ee<\/title>\n<meta name=\"robots\" content=\"index, follow, max-snippet:-1, max-image-preview:large, max-video-preview:-1\" \/>\n<link rel=\"canonical\" href=\"https:\/\/kruze.ee\/et\/toode\/terra-alumiiniumist-15w-magnetiline-juhtmevaba-laadimisega-telefonialus\/\" \/>\n<meta property=\"og:locale\" content=\"et_EE\" \/>\n<meta property=\"og:type\" content=\"article\" \/>\n<meta property=\"og:title\" content=\"Terra alumiiniumist 15W magnetiline juhtmevaba laadimisega telefonialus - Kruze.ee\" \/>\n<meta property=\"og:description\" content=\"Terra Aluminium 15W magnetiline juhtmevaba laadimisega telefonialus m\u00e4\u00e4ratleb uuesti elegantsi ja j\u00f5udluse. V\u00f5imas 15W v\u00e4ljund ning t\u00e4iustatud magnetiline...\" \/>\n<meta property=\"og:url\" content=\"https:\/\/kruze.ee\/et\/toode\/terra-alumiiniumist-15w-magnetiline-juhtmevaba-laadimisega-telefonialus\/\" \/>\n<meta property=\"og:site_name\" content=\"Kruze.ee\" \/>\n<meta property=\"article:modified_time\" content=\"2026-03-16T21:50:48+00:00\" \/>\n<meta name=\"twitter:card\" content=\"summary_large_image\" \/>\n<script type=\"application\/ld+json\" class=\"yoast-schema-graph\">{\"@context\":\"https:\/\/schema.org\",\"@graph\":[{\"@type\":\"WebPage\",\"@id\":\"https:\/\/kruze.ee\/et\/toode\/terra-alumiiniumist-15w-magnetiline-juhtmevaba-laadimisega-telefonialus\/\",\"url\":\"https:\/\/kruze.ee\/et\/toode\/terra-alumiiniumist-15w-magnetiline-juhtmevaba-laadimisega-telefonialus\/\",\"name\":\"Terra alumiiniumist 15W magnetiline juhtmevaba laadimisega telefonialus - Kruze.ee\",\"isPartOf\":{\"@id\":\"https:\/\/kruze.ee\/et\/#website\"},\"datePublished\":\"2026-01-05T19:17:09+00:00\",\"dateModified\":\"2026-03-16T21:50:48+00:00\",\"breadcrumb\":{\"@id\":\"https:\/\/kruze.ee\/et\/toode\/terra-alumiiniumist-15w-magnetiline-juhtmevaba-laadimisega-telefonialus\/#breadcrumb\"},\"inLanguage\":\"et\",\"potentialAction\":[{\"@type\":\"ReadAction\",\"target\":[\"https:\/\/kruze.ee\/et\/toode\/terra-alumiiniumist-15w-magnetiline-juhtmevaba-laadimisega-telefonialus\/\"]}]},{\"@type\":\"BreadcrumbList\",\"@id\":\"https:\/\/kruze.ee\/et\/toode\/terra-alumiiniumist-15w-magnetiline-juhtmevaba-laadimisega-telefonialus\/#breadcrumb\",\"itemListElement\":[{\"@type\":\"ListItem\",\"position\":1,\"name\":\"Home\",\"item\":\"https:\/\/kruze.ee\/et\/\"},{\"@type\":\"ListItem\",\"position\":2,\"name\":\"Tooted\",\"item\":\"https:\/\/kruze.ee\/et\/tooted\/\"},{\"@type\":\"ListItem\",\"position\":3,\"name\":\"Terra alumiiniumist 15W magnetiline juhtmevaba laadimisega telefonialus\"}]},{\"@type\":\"WebSite\",\"@id\":\"https:\/\/kruze.ee\/et\/#website\",\"url\":\"https:\/\/kruze.ee\/et\/\",\"name\":\"Kruze.ee\",\"description\":\"Reklaamkingitused, tr&uuml;kiga T-s&auml;rgid, fliisid, dressipluused, tekstiil, joped ja paljud teised logoga meened, &Auml;rikingitused sinu partnerile! Telli juba t&auml;na.\",\"potentialAction\":[{\"@type\":\"SearchAction\",\"target\":{\"@type\":\"EntryPoint\",\"urlTemplate\":\"https:\/\/kruze.ee\/et\/?s={search_term_string}\"},\"query-input\":{\"@type\":\"PropertyValueSpecification\",\"valueRequired\":true,\"valueName\":\"search_term_string\"}}],\"inLanguage\":\"et\"}]}<\/script>\n<!-- \/ Yoast SEO plugin. -->","yoast_head_json":{"title":"Terra alumiiniumist 15W magnetiline juhtmevaba laadimisega telefonialus - Kruze.ee","robots":{"index":"index","follow":"follow","max-snippet":"max-snippet:-1","max-image-preview":"max-image-preview:large","max-video-preview":"max-video-preview:-1"},"canonical":"https:\/\/kruze.ee\/et\/toode\/terra-alumiiniumist-15w-magnetiline-juhtmevaba-laadimisega-telefonialus\/","og_locale":"et_EE","og_type":"article","og_title":"Terra alumiiniumist 15W magnetiline juhtmevaba laadimisega telefonialus - Kruze.ee","og_description":"Terra Aluminium 15W magnetiline juhtmevaba laadimisega telefonialus m\u00e4\u00e4ratleb uuesti elegantsi ja j\u00f5udluse. V\u00f5imas 15W v\u00e4ljund ning t\u00e4iustatud magnetiline...","og_url":"https:\/\/kruze.ee\/et\/toode\/terra-alumiiniumist-15w-magnetiline-juhtmevaba-laadimisega-telefonialus\/","og_site_name":"Kruze.ee","article_modified_time":"2026-03-16T21:50:48+00:00","twitter_card":"summary_large_image","schema":{"@context":"https:\/\/schema.org","@graph":[{"@type":"WebPage","@id":"https:\/\/kruze.ee\/et\/toode\/terra-alumiiniumist-15w-magnetiline-juhtmevaba-laadimisega-telefonialus\/","url":"https:\/\/kruze.ee\/et\/toode\/terra-alumiiniumist-15w-magnetiline-juhtmevaba-laadimisega-telefonialus\/","name":"Terra alumiiniumist 15W magnetiline juhtmevaba laadimisega telefonialus - Kruze.ee","isPartOf":{"@id":"https:\/\/kruze.ee\/et\/#website"},"datePublished":"2026-01-05T19:17:09+00:00","dateModified":"2026-03-16T21:50:48+00:00","breadcrumb":{"@id":"https:\/\/kruze.ee\/et\/toode\/terra-alumiiniumist-15w-magnetiline-juhtmevaba-laadimisega-telefonialus\/#breadcrumb"},"inLanguage":"et","potentialAction":[{"@type":"ReadAction","target":["https:\/\/kruze.ee\/et\/toode\/terra-alumiiniumist-15w-magnetiline-juhtmevaba-laadimisega-telefonialus\/"]}]},{"@type":"BreadcrumbList","@id":"https:\/\/kruze.ee\/et\/toode\/terra-alumiiniumist-15w-magnetiline-juhtmevaba-laadimisega-telefonialus\/#breadcrumb","itemListElement":[{"@type":"ListItem","position":1,"name":"Home","item":"https:\/\/kruze.ee\/et\/"},{"@type":"ListItem","position":2,"name":"Tooted","item":"https:\/\/kruze.ee\/et\/tooted\/"},{"@type":"ListItem","position":3,"name":"Terra alumiiniumist 15W magnetiline juhtmevaba laadimisega telefonialus"}]},{"@type":"WebSite","@id":"https:\/\/kruze.ee\/et\/#website","url":"https:\/\/kruze.ee\/et\/","name":"Kruze.ee","description":"Reklaamkingitused, tr&uuml;kiga T-s&auml;rgid, fliisid, dressipluused, tekstiil, joped ja paljud teised logoga meened, &Auml;rikingitused sinu partnerile! Telli juba t&auml;na.","potentialAction":[{"@type":"SearchAction","target":{"@type":"EntryPoint","urlTemplate":"https:\/\/kruze.ee\/et\/?s={search_term_string}"},"query-input":{"@type":"PropertyValueSpecification","valueRequired":true,"valueName":"search_term_string"}}],"inLanguage":"et"}]}},"_links":{"self":[{"href":"https:\/\/kruze.ee\/et\/wp-json\/wp\/v2\/product\/1430928","targetHints":{"allow":["GET"]}}],"collection":[{"href":"https:\/\/kruze.ee\/et\/wp-json\/wp\/v2\/product"}],"about":[{"href":"https:\/\/kruze.ee\/et\/wp-json\/wp\/v2\/types\/product"}],"wp:attachment":[{"href":"https:\/\/kruze.ee\/et\/wp-json\/wp\/v2\/media?parent=1430928"}],"wp:term":[{"taxonomy":"product_brand","embeddable":true,"href":"https:\/\/kruze.ee\/et\/wp-json\/wp\/v2\/product_brand?post=1430928"},{"taxonomy":"product_cat","embeddable":true,"href":"https:\/\/kruze.ee\/et\/wp-json\/wp\/v2\/product_cat?post=1430928"},{"taxonomy":"product_tag","embeddable":true,"href":"https:\/\/kruze.ee\/et\/wp-json\/wp\/v2\/product_tag?post=1430928"}],"curies":[{"name":"wp","href":"https:\/\/api.w.org\/{rel}","templated":true}]}}