{"id":1430926,"date":"2026-01-05T22:17:04","date_gmt":"2026-01-05T19:17:04","guid":{"rendered":"https:\/\/kruze.ee\/product\/voltperch-rcs-sertifikaadiga-taaskasutatud-plastikust-15w-magnetiline-juhtmevaba-laadija\/"},"modified":"2026-03-17T00:50:47","modified_gmt":"2026-03-16T21:50:47","slug":"voltperch-rcs-sertifikaadiga-taaskasutatud-plastikust-15w-magnetiline-juhtmevaba-laadija","status":"publish","type":"product","link":"https:\/\/kruze.ee\/et\/toode\/voltperch-rcs-sertifikaadiga-taaskasutatud-plastikust-15w-magnetiline-juhtmevaba-laadija\/","title":{"rendered":"VoltPerch RCS-sertifikaadiga taaskasutatud plastikust 15W magnetiline juhtmevaba laadija"},"content":{"rendered":"<p>VoltPerch 15W magnetiline juhtmevaba laadimisega telefonialus pakub sujuvat laadimist v\u00f5imsa 15W v\u00e4ljundi ja kindla magnetilise hoidmisega mobiilseadmetele. 15 kvaliteetset magnetit tagavad t\u00e4iusliku joondamise ja t\u00f5husa laadimise nii horisontaalses kui ka vertikaalses asendis. Alusel olevad silikoonpadjad tagavad stabiilsuse igal pinnal ning sisseehitatud laadimisindikaator hoiab sind laadimisolekuga kursis. Korpus on valmistatud RCS-sertifikaadiga taaskasutatud ABS-plastikust. RCS (Recycled Claim Standard) on standard, mis kinnitab tootes sisalduva taaskasutatud materjali p\u00e4ritolu ja j\u00e4lgitavuse kogu tarneahela ulatuses.<\/p>\n","protected":false},"excerpt":{"rendered":"<p>VoltPerch 15W magnetiline juhtmevaba laadimisega telefonialus pakub sujuvat laadimist v\u00f5imsa 15W v\u00e4ljundi ja kindla magnetilise hoidmisega mobiilseadmetele. 15&#8230;<\/p>\n","protected":false},"featured_media":0,"template":"","meta":[],"product_brand":[],"product_cat":[5418],"product_tag":[],"class_list":{"0":"post-1430926","1":"product","2":"type-product","3":"status-publish","5":"product_cat-nutiseadmete-lisatarvikud","6":"pa_gender-uniseks","7":"pa_gender-unisex","11":"first","12":"instock","13":"purchasable","14":"product-type-simple"},"acf":[],"yoast_head":"<!-- This site is optimized with the Yoast SEO plugin v26.0 - https:\/\/yoast.com\/wordpress\/plugins\/seo\/ -->\n<title>VoltPerch RCS-sertifikaadiga taaskasutatud plastikust 15W magnetiline juhtmevaba laadija - Kruze.ee<\/title>\n<meta name=\"robots\" content=\"index, follow, max-snippet:-1, max-image-preview:large, max-video-preview:-1\" \/>\n<link rel=\"canonical\" href=\"https:\/\/kruze.ee\/et\/toode\/voltperch-rcs-sertifikaadiga-taaskasutatud-plastikust-15w-magnetiline-juhtmevaba-laadija\/\" \/>\n<meta property=\"og:locale\" content=\"et_EE\" \/>\n<meta property=\"og:type\" content=\"article\" \/>\n<meta property=\"og:title\" content=\"VoltPerch RCS-sertifikaadiga taaskasutatud plastikust 15W magnetiline juhtmevaba laadija - Kruze.ee\" \/>\n<meta property=\"og:description\" content=\"VoltPerch 15W magnetiline juhtmevaba laadimisega telefonialus pakub sujuvat laadimist v\u00f5imsa 15W v\u00e4ljundi ja kindla magnetilise hoidmisega mobiilseadmetele. 15...\" \/>\n<meta property=\"og:url\" content=\"https:\/\/kruze.ee\/et\/toode\/voltperch-rcs-sertifikaadiga-taaskasutatud-plastikust-15w-magnetiline-juhtmevaba-laadija\/\" \/>\n<meta property=\"og:site_name\" content=\"Kruze.ee\" \/>\n<meta property=\"article:modified_time\" content=\"2026-03-16T21:50:47+00:00\" \/>\n<meta name=\"twitter:card\" content=\"summary_large_image\" \/>\n<script type=\"application\/ld+json\" class=\"yoast-schema-graph\">{\"@context\":\"https:\/\/schema.org\",\"@graph\":[{\"@type\":\"WebPage\",\"@id\":\"https:\/\/kruze.ee\/et\/toode\/voltperch-rcs-sertifikaadiga-taaskasutatud-plastikust-15w-magnetiline-juhtmevaba-laadija\/\",\"url\":\"https:\/\/kruze.ee\/et\/toode\/voltperch-rcs-sertifikaadiga-taaskasutatud-plastikust-15w-magnetiline-juhtmevaba-laadija\/\",\"name\":\"VoltPerch RCS-sertifikaadiga taaskasutatud plastikust 15W magnetiline juhtmevaba laadija - Kruze.ee\",\"isPartOf\":{\"@id\":\"https:\/\/kruze.ee\/et\/#website\"},\"datePublished\":\"2026-01-05T19:17:04+00:00\",\"dateModified\":\"2026-03-16T21:50:47+00:00\",\"breadcrumb\":{\"@id\":\"https:\/\/kruze.ee\/et\/toode\/voltperch-rcs-sertifikaadiga-taaskasutatud-plastikust-15w-magnetiline-juhtmevaba-laadija\/#breadcrumb\"},\"inLanguage\":\"et\",\"potentialAction\":[{\"@type\":\"ReadAction\",\"target\":[\"https:\/\/kruze.ee\/et\/toode\/voltperch-rcs-sertifikaadiga-taaskasutatud-plastikust-15w-magnetiline-juhtmevaba-laadija\/\"]}]},{\"@type\":\"BreadcrumbList\",\"@id\":\"https:\/\/kruze.ee\/et\/toode\/voltperch-rcs-sertifikaadiga-taaskasutatud-plastikust-15w-magnetiline-juhtmevaba-laadija\/#breadcrumb\",\"itemListElement\":[{\"@type\":\"ListItem\",\"position\":1,\"name\":\"Home\",\"item\":\"https:\/\/kruze.ee\/et\/\"},{\"@type\":\"ListItem\",\"position\":2,\"name\":\"Tooted\",\"item\":\"https:\/\/kruze.ee\/et\/tooted\/\"},{\"@type\":\"ListItem\",\"position\":3,\"name\":\"VoltPerch RCS-sertifikaadiga taaskasutatud plastikust 15W magnetiline juhtmevaba laadija\"}]},{\"@type\":\"WebSite\",\"@id\":\"https:\/\/kruze.ee\/et\/#website\",\"url\":\"https:\/\/kruze.ee\/et\/\",\"name\":\"Kruze.ee\",\"description\":\"Reklaamkingitused, tr&uuml;kiga T-s&auml;rgid, fliisid, dressipluused, tekstiil, joped ja paljud teised logoga meened, &Auml;rikingitused sinu partnerile! Telli juba t&auml;na.\",\"potentialAction\":[{\"@type\":\"SearchAction\",\"target\":{\"@type\":\"EntryPoint\",\"urlTemplate\":\"https:\/\/kruze.ee\/et\/?s={search_term_string}\"},\"query-input\":{\"@type\":\"PropertyValueSpecification\",\"valueRequired\":true,\"valueName\":\"search_term_string\"}}],\"inLanguage\":\"et\"}]}<\/script>\n<!-- \/ Yoast SEO plugin. -->","yoast_head_json":{"title":"VoltPerch RCS-sertifikaadiga taaskasutatud plastikust 15W magnetiline juhtmevaba laadija - Kruze.ee","robots":{"index":"index","follow":"follow","max-snippet":"max-snippet:-1","max-image-preview":"max-image-preview:large","max-video-preview":"max-video-preview:-1"},"canonical":"https:\/\/kruze.ee\/et\/toode\/voltperch-rcs-sertifikaadiga-taaskasutatud-plastikust-15w-magnetiline-juhtmevaba-laadija\/","og_locale":"et_EE","og_type":"article","og_title":"VoltPerch RCS-sertifikaadiga taaskasutatud plastikust 15W magnetiline juhtmevaba laadija - Kruze.ee","og_description":"VoltPerch 15W magnetiline juhtmevaba laadimisega telefonialus pakub sujuvat laadimist v\u00f5imsa 15W v\u00e4ljundi ja kindla magnetilise hoidmisega mobiilseadmetele. 15...","og_url":"https:\/\/kruze.ee\/et\/toode\/voltperch-rcs-sertifikaadiga-taaskasutatud-plastikust-15w-magnetiline-juhtmevaba-laadija\/","og_site_name":"Kruze.ee","article_modified_time":"2026-03-16T21:50:47+00:00","twitter_card":"summary_large_image","schema":{"@context":"https:\/\/schema.org","@graph":[{"@type":"WebPage","@id":"https:\/\/kruze.ee\/et\/toode\/voltperch-rcs-sertifikaadiga-taaskasutatud-plastikust-15w-magnetiline-juhtmevaba-laadija\/","url":"https:\/\/kruze.ee\/et\/toode\/voltperch-rcs-sertifikaadiga-taaskasutatud-plastikust-15w-magnetiline-juhtmevaba-laadija\/","name":"VoltPerch RCS-sertifikaadiga taaskasutatud plastikust 15W magnetiline juhtmevaba laadija - Kruze.ee","isPartOf":{"@id":"https:\/\/kruze.ee\/et\/#website"},"datePublished":"2026-01-05T19:17:04+00:00","dateModified":"2026-03-16T21:50:47+00:00","breadcrumb":{"@id":"https:\/\/kruze.ee\/et\/toode\/voltperch-rcs-sertifikaadiga-taaskasutatud-plastikust-15w-magnetiline-juhtmevaba-laadija\/#breadcrumb"},"inLanguage":"et","potentialAction":[{"@type":"ReadAction","target":["https:\/\/kruze.ee\/et\/toode\/voltperch-rcs-sertifikaadiga-taaskasutatud-plastikust-15w-magnetiline-juhtmevaba-laadija\/"]}]},{"@type":"BreadcrumbList","@id":"https:\/\/kruze.ee\/et\/toode\/voltperch-rcs-sertifikaadiga-taaskasutatud-plastikust-15w-magnetiline-juhtmevaba-laadija\/#breadcrumb","itemListElement":[{"@type":"ListItem","position":1,"name":"Home","item":"https:\/\/kruze.ee\/et\/"},{"@type":"ListItem","position":2,"name":"Tooted","item":"https:\/\/kruze.ee\/et\/tooted\/"},{"@type":"ListItem","position":3,"name":"VoltPerch RCS-sertifikaadiga taaskasutatud plastikust 15W magnetiline juhtmevaba laadija"}]},{"@type":"WebSite","@id":"https:\/\/kruze.ee\/et\/#website","url":"https:\/\/kruze.ee\/et\/","name":"Kruze.ee","description":"Reklaamkingitused, tr&uuml;kiga T-s&auml;rgid, fliisid, dressipluused, tekstiil, joped ja paljud teised logoga meened, &Auml;rikingitused sinu partnerile! Telli juba t&auml;na.","potentialAction":[{"@type":"SearchAction","target":{"@type":"EntryPoint","urlTemplate":"https:\/\/kruze.ee\/et\/?s={search_term_string}"},"query-input":{"@type":"PropertyValueSpecification","valueRequired":true,"valueName":"search_term_string"}}],"inLanguage":"et"}]}},"_links":{"self":[{"href":"https:\/\/kruze.ee\/et\/wp-json\/wp\/v2\/product\/1430926","targetHints":{"allow":["GET"]}}],"collection":[{"href":"https:\/\/kruze.ee\/et\/wp-json\/wp\/v2\/product"}],"about":[{"href":"https:\/\/kruze.ee\/et\/wp-json\/wp\/v2\/types\/product"}],"wp:attachment":[{"href":"https:\/\/kruze.ee\/et\/wp-json\/wp\/v2\/media?parent=1430926"}],"wp:term":[{"taxonomy":"product_brand","embeddable":true,"href":"https:\/\/kruze.ee\/et\/wp-json\/wp\/v2\/product_brand?post=1430926"},{"taxonomy":"product_cat","embeddable":true,"href":"https:\/\/kruze.ee\/et\/wp-json\/wp\/v2\/product_cat?post=1430926"},{"taxonomy":"product_tag","embeddable":true,"href":"https:\/\/kruze.ee\/et\/wp-json\/wp\/v2\/product_tag?post=1430926"}],"curies":[{"name":"wp","href":"https:\/\/api.w.org\/{rel}","templated":true}]}}