{"id":1430924,"date":"2026-01-05T22:16:59","date_gmt":"2026-01-05T19:16:59","guid":{"rendered":"https:\/\/kruze.ee\/product\/magcharge-15w-magnetiline-juhtmevaba-laadimisalus\/"},"modified":"2026-03-17T00:50:47","modified_gmt":"2026-03-16T21:50:47","slug":"magcharge-15w-magnetiline-juhtmevaba-laadimisalus","status":"publish","type":"product","link":"https:\/\/kruze.ee\/et\/toode\/magcharge-15w-magnetiline-juhtmevaba-laadimisalus\/","title":{"rendered":"Magcharge 15W magnetiline juhtmevaba laadimisalus"},"content":{"rendered":"<p>Laadi oma telefoni mugavalt 15W juhtmevaba laadimisalusega, mis on loodud k\u00f5ikidele magnetilist juhtmevaba laadimist toetavatele telefonidele. V\u00f5imsad magnetid hoiavad telefoni kindlalt paigal nii vertikaalses kui ka horisontaalses asendis \u2013 ideaalne k\u00f5nedeks, sirvimiseks v\u00f5i videote vaatamiseks. Kvaliteetsest akr\u00fc\u00fclist valmistatud alus pole ainult funktsionaalne, vaid ka silmapaistev dekoratiivne disainielement.<\/p>\n","protected":false},"excerpt":{"rendered":"<p>Laadi oma telefoni mugavalt 15W juhtmevaba laadimisalusega, mis on loodud k\u00f5ikidele magnetilist juhtmevaba laadimist toetavatele telefonidele. V\u00f5imsad magnetid&#8230;<\/p>\n","protected":false},"featured_media":0,"template":"","meta":[],"product_brand":[],"product_cat":[5418],"product_tag":[],"class_list":{"0":"post-1430924","1":"product","2":"type-product","3":"status-publish","5":"product_cat-nutiseadmete-lisatarvikud","6":"pa_gender-uniseks","7":"pa_gender-unisex","11":"first","12":"instock","13":"purchasable","14":"product-type-simple"},"acf":[],"yoast_head":"<!-- This site is optimized with the Yoast SEO plugin v26.0 - https:\/\/yoast.com\/wordpress\/plugins\/seo\/ -->\n<title>Magcharge 15W magnetiline juhtmevaba laadimisalus - Kruze.ee<\/title>\n<meta name=\"robots\" content=\"index, follow, max-snippet:-1, max-image-preview:large, max-video-preview:-1\" \/>\n<link rel=\"canonical\" href=\"https:\/\/kruze.ee\/et\/toode\/magcharge-15w-magnetiline-juhtmevaba-laadimisalus\/\" \/>\n<meta property=\"og:locale\" content=\"et_EE\" \/>\n<meta property=\"og:type\" content=\"article\" \/>\n<meta property=\"og:title\" content=\"Magcharge 15W magnetiline juhtmevaba laadimisalus - Kruze.ee\" \/>\n<meta property=\"og:description\" content=\"Laadi oma telefoni mugavalt 15W juhtmevaba laadimisalusega, mis on loodud k\u00f5ikidele magnetilist juhtmevaba laadimist toetavatele telefonidele. V\u00f5imsad magnetid...\" \/>\n<meta property=\"og:url\" content=\"https:\/\/kruze.ee\/et\/toode\/magcharge-15w-magnetiline-juhtmevaba-laadimisalus\/\" \/>\n<meta property=\"og:site_name\" content=\"Kruze.ee\" \/>\n<meta property=\"article:modified_time\" content=\"2026-03-16T21:50:47+00:00\" \/>\n<meta name=\"twitter:card\" content=\"summary_large_image\" \/>\n<script type=\"application\/ld+json\" class=\"yoast-schema-graph\">{\"@context\":\"https:\/\/schema.org\",\"@graph\":[{\"@type\":\"WebPage\",\"@id\":\"https:\/\/kruze.ee\/et\/toode\/magcharge-15w-magnetiline-juhtmevaba-laadimisalus\/\",\"url\":\"https:\/\/kruze.ee\/et\/toode\/magcharge-15w-magnetiline-juhtmevaba-laadimisalus\/\",\"name\":\"Magcharge 15W magnetiline juhtmevaba laadimisalus - Kruze.ee\",\"isPartOf\":{\"@id\":\"https:\/\/kruze.ee\/et\/#website\"},\"datePublished\":\"2026-01-05T19:16:59+00:00\",\"dateModified\":\"2026-03-16T21:50:47+00:00\",\"breadcrumb\":{\"@id\":\"https:\/\/kruze.ee\/et\/toode\/magcharge-15w-magnetiline-juhtmevaba-laadimisalus\/#breadcrumb\"},\"inLanguage\":\"et\",\"potentialAction\":[{\"@type\":\"ReadAction\",\"target\":[\"https:\/\/kruze.ee\/et\/toode\/magcharge-15w-magnetiline-juhtmevaba-laadimisalus\/\"]}]},{\"@type\":\"BreadcrumbList\",\"@id\":\"https:\/\/kruze.ee\/et\/toode\/magcharge-15w-magnetiline-juhtmevaba-laadimisalus\/#breadcrumb\",\"itemListElement\":[{\"@type\":\"ListItem\",\"position\":1,\"name\":\"Home\",\"item\":\"https:\/\/kruze.ee\/et\/\"},{\"@type\":\"ListItem\",\"position\":2,\"name\":\"Tooted\",\"item\":\"https:\/\/kruze.ee\/et\/tooted\/\"},{\"@type\":\"ListItem\",\"position\":3,\"name\":\"Magcharge 15W magnetiline juhtmevaba laadimisalus\"}]},{\"@type\":\"WebSite\",\"@id\":\"https:\/\/kruze.ee\/et\/#website\",\"url\":\"https:\/\/kruze.ee\/et\/\",\"name\":\"Kruze.ee\",\"description\":\"Reklaamkingitused, tr&uuml;kiga T-s&auml;rgid, fliisid, dressipluused, tekstiil, joped ja paljud teised logoga meened, &Auml;rikingitused sinu partnerile! Telli juba t&auml;na.\",\"potentialAction\":[{\"@type\":\"SearchAction\",\"target\":{\"@type\":\"EntryPoint\",\"urlTemplate\":\"https:\/\/kruze.ee\/et\/?s={search_term_string}\"},\"query-input\":{\"@type\":\"PropertyValueSpecification\",\"valueRequired\":true,\"valueName\":\"search_term_string\"}}],\"inLanguage\":\"et\"}]}<\/script>\n<!-- \/ Yoast SEO plugin. -->","yoast_head_json":{"title":"Magcharge 15W magnetiline juhtmevaba laadimisalus - Kruze.ee","robots":{"index":"index","follow":"follow","max-snippet":"max-snippet:-1","max-image-preview":"max-image-preview:large","max-video-preview":"max-video-preview:-1"},"canonical":"https:\/\/kruze.ee\/et\/toode\/magcharge-15w-magnetiline-juhtmevaba-laadimisalus\/","og_locale":"et_EE","og_type":"article","og_title":"Magcharge 15W magnetiline juhtmevaba laadimisalus - Kruze.ee","og_description":"Laadi oma telefoni mugavalt 15W juhtmevaba laadimisalusega, mis on loodud k\u00f5ikidele magnetilist juhtmevaba laadimist toetavatele telefonidele. V\u00f5imsad magnetid...","og_url":"https:\/\/kruze.ee\/et\/toode\/magcharge-15w-magnetiline-juhtmevaba-laadimisalus\/","og_site_name":"Kruze.ee","article_modified_time":"2026-03-16T21:50:47+00:00","twitter_card":"summary_large_image","schema":{"@context":"https:\/\/schema.org","@graph":[{"@type":"WebPage","@id":"https:\/\/kruze.ee\/et\/toode\/magcharge-15w-magnetiline-juhtmevaba-laadimisalus\/","url":"https:\/\/kruze.ee\/et\/toode\/magcharge-15w-magnetiline-juhtmevaba-laadimisalus\/","name":"Magcharge 15W magnetiline juhtmevaba laadimisalus - Kruze.ee","isPartOf":{"@id":"https:\/\/kruze.ee\/et\/#website"},"datePublished":"2026-01-05T19:16:59+00:00","dateModified":"2026-03-16T21:50:47+00:00","breadcrumb":{"@id":"https:\/\/kruze.ee\/et\/toode\/magcharge-15w-magnetiline-juhtmevaba-laadimisalus\/#breadcrumb"},"inLanguage":"et","potentialAction":[{"@type":"ReadAction","target":["https:\/\/kruze.ee\/et\/toode\/magcharge-15w-magnetiline-juhtmevaba-laadimisalus\/"]}]},{"@type":"BreadcrumbList","@id":"https:\/\/kruze.ee\/et\/toode\/magcharge-15w-magnetiline-juhtmevaba-laadimisalus\/#breadcrumb","itemListElement":[{"@type":"ListItem","position":1,"name":"Home","item":"https:\/\/kruze.ee\/et\/"},{"@type":"ListItem","position":2,"name":"Tooted","item":"https:\/\/kruze.ee\/et\/tooted\/"},{"@type":"ListItem","position":3,"name":"Magcharge 15W magnetiline juhtmevaba laadimisalus"}]},{"@type":"WebSite","@id":"https:\/\/kruze.ee\/et\/#website","url":"https:\/\/kruze.ee\/et\/","name":"Kruze.ee","description":"Reklaamkingitused, tr&uuml;kiga T-s&auml;rgid, fliisid, dressipluused, tekstiil, joped ja paljud teised logoga meened, &Auml;rikingitused sinu partnerile! Telli juba t&auml;na.","potentialAction":[{"@type":"SearchAction","target":{"@type":"EntryPoint","urlTemplate":"https:\/\/kruze.ee\/et\/?s={search_term_string}"},"query-input":{"@type":"PropertyValueSpecification","valueRequired":true,"valueName":"search_term_string"}}],"inLanguage":"et"}]}},"_links":{"self":[{"href":"https:\/\/kruze.ee\/et\/wp-json\/wp\/v2\/product\/1430924","targetHints":{"allow":["GET"]}}],"collection":[{"href":"https:\/\/kruze.ee\/et\/wp-json\/wp\/v2\/product"}],"about":[{"href":"https:\/\/kruze.ee\/et\/wp-json\/wp\/v2\/types\/product"}],"wp:attachment":[{"href":"https:\/\/kruze.ee\/et\/wp-json\/wp\/v2\/media?parent=1430924"}],"wp:term":[{"taxonomy":"product_brand","embeddable":true,"href":"https:\/\/kruze.ee\/et\/wp-json\/wp\/v2\/product_brand?post=1430924"},{"taxonomy":"product_cat","embeddable":true,"href":"https:\/\/kruze.ee\/et\/wp-json\/wp\/v2\/product_cat?post=1430924"},{"taxonomy":"product_tag","embeddable":true,"href":"https:\/\/kruze.ee\/et\/wp-json\/wp\/v2\/product_tag?post=1430924"}],"curies":[{"name":"wp","href":"https:\/\/api.w.org\/{rel}","templated":true}]}}