{"id":1430922,"date":"2026-01-05T22:16:55","date_gmt":"2026-01-05T19:16:55","guid":{"rendered":"https:\/\/kruze.ee\/product\/swiss-peak-15w-magnetilise-laadimisega-sulearvutiumbris-14-156%e2%80%b3\/"},"modified":"2026-03-17T00:50:46","modified_gmt":"2026-03-16T21:50:46","slug":"swiss-peak-15w-magnetilise-laadimisega-sulearvutiumbris-14-156%e2%80%b3","status":"publish","type":"product","link":"https:\/\/kruze.ee\/et\/toode\/swiss-peak-15w-magnetilise-laadimisega-sulearvutiumbris-14-156%e2%80%b3\/","title":{"rendered":"Swiss Peak 15W magnetilise laadimisega s\u00fclearvuti\u00fcmbris 14\u201315,6\u2033"},"content":{"rendered":"<p>Swiss Peak RCS-sertifikaadiga taaskasutatud pol\u00fcestrist 15W magnetilise laadimisega s\u00fclearvuti\u00fcmbris sobib 14\u201315,6-tollistele s\u00fclearvutitele ning \u00fchendab stiili, funktsionaalsuse ja j\u00e4tkusuutlikkuse. Kasuta seda s\u00fclearvuti mugavaks kaasaskandmiseks k\u00f5ikjal ning sihtkohta j\u00f5udes muuda see hetkega t\u00f6\u00f6jaamaks. \u00dcmbris on valmistatud RCS (Recycled Claim Standard) sertifikaadiga taaskasutatud pol\u00fcestrist; taaskasutatud materjali osakaal on 6%, arvestatuna toote kogukaalu p\u00f5hjal. Elegantne \u00fcmbris on varustatud magnetilise sulguriga ning pakub 15W magnetilist juhtmevaba laadimist, et hoida seadmed liikvel olles laetuna. See pakub ideaalset tasakaalu kaitse ja kaasaskantavuse vahel.<\/p>\n","protected":false},"excerpt":{"rendered":"<p>Swiss Peak RCS-sertifikaadiga taaskasutatud pol\u00fcestrist 15W magnetilise laadimisega s\u00fclearvuti\u00fcmbris sobib 14\u201315,6-tollistele s\u00fclearvutitele ning \u00fchendab&#8230;<\/p>\n","protected":false},"featured_media":0,"template":"","meta":[],"product_brand":[],"product_cat":[5398],"product_tag":[],"class_list":{"0":"post-1430922","1":"product","2":"type-product","3":"status-publish","5":"product_cat-sulearvutikotid-kotid","6":"pa_gender-uniseks","7":"pa_gender-unisex","11":"first","12":"instock","13":"purchasable","14":"product-type-simple"},"acf":[],"yoast_head":"<!-- This site is optimized with the Yoast SEO plugin v26.0 - https:\/\/yoast.com\/wordpress\/plugins\/seo\/ -->\n<title>Swiss Peak 15W magnetilise laadimisega s\u00fclearvuti\u00fcmbris 14\u201315,6\u2033 - Kruze.ee<\/title>\n<meta name=\"robots\" content=\"index, follow, max-snippet:-1, max-image-preview:large, max-video-preview:-1\" \/>\n<link rel=\"canonical\" href=\"https:\/\/kruze.ee\/et\/toode\/swiss-peak-15w-magnetilise-laadimisega-sulearvutiumbris-14-156\u2033\/\" \/>\n<meta property=\"og:locale\" content=\"et_EE\" \/>\n<meta property=\"og:type\" content=\"article\" \/>\n<meta property=\"og:title\" content=\"Swiss Peak 15W magnetilise laadimisega s\u00fclearvuti\u00fcmbris 14\u201315,6\u2033 - Kruze.ee\" \/>\n<meta property=\"og:description\" content=\"Swiss Peak RCS-sertifikaadiga taaskasutatud pol\u00fcestrist 15W magnetilise laadimisega s\u00fclearvuti\u00fcmbris sobib 14\u201315,6-tollistele s\u00fclearvutitele ning \u00fchendab...\" \/>\n<meta property=\"og:url\" content=\"https:\/\/kruze.ee\/et\/toode\/swiss-peak-15w-magnetilise-laadimisega-sulearvutiumbris-14-156\u2033\/\" \/>\n<meta property=\"og:site_name\" content=\"Kruze.ee\" \/>\n<meta property=\"article:modified_time\" content=\"2026-03-16T21:50:46+00:00\" \/>\n<meta name=\"twitter:card\" content=\"summary_large_image\" \/>\n<script type=\"application\/ld+json\" class=\"yoast-schema-graph\">{\"@context\":\"https:\/\/schema.org\",\"@graph\":[{\"@type\":\"WebPage\",\"@id\":\"https:\/\/kruze.ee\/et\/toode\/swiss-peak-15w-magnetilise-laadimisega-sulearvutiumbris-14-156%e2%80%b3\/\",\"url\":\"https:\/\/kruze.ee\/et\/toode\/swiss-peak-15w-magnetilise-laadimisega-sulearvutiumbris-14-156%e2%80%b3\/\",\"name\":\"Swiss Peak 15W magnetilise laadimisega s\u00fclearvuti\u00fcmbris 14\u201315,6\u2033 - Kruze.ee\",\"isPartOf\":{\"@id\":\"https:\/\/kruze.ee\/et\/#website\"},\"datePublished\":\"2026-01-05T19:16:55+00:00\",\"dateModified\":\"2026-03-16T21:50:46+00:00\",\"breadcrumb\":{\"@id\":\"https:\/\/kruze.ee\/et\/toode\/swiss-peak-15w-magnetilise-laadimisega-sulearvutiumbris-14-156%e2%80%b3\/#breadcrumb\"},\"inLanguage\":\"et\",\"potentialAction\":[{\"@type\":\"ReadAction\",\"target\":[\"https:\/\/kruze.ee\/et\/toode\/swiss-peak-15w-magnetilise-laadimisega-sulearvutiumbris-14-156%e2%80%b3\/\"]}]},{\"@type\":\"BreadcrumbList\",\"@id\":\"https:\/\/kruze.ee\/et\/toode\/swiss-peak-15w-magnetilise-laadimisega-sulearvutiumbris-14-156%e2%80%b3\/#breadcrumb\",\"itemListElement\":[{\"@type\":\"ListItem\",\"position\":1,\"name\":\"Home\",\"item\":\"https:\/\/kruze.ee\/et\/\"},{\"@type\":\"ListItem\",\"position\":2,\"name\":\"Tooted\",\"item\":\"https:\/\/kruze.ee\/et\/tooted\/\"},{\"@type\":\"ListItem\",\"position\":3,\"name\":\"Swiss Peak 15W magnetilise laadimisega s\u00fclearvuti\u00fcmbris 14\u201315,6\u2033\"}]},{\"@type\":\"WebSite\",\"@id\":\"https:\/\/kruze.ee\/et\/#website\",\"url\":\"https:\/\/kruze.ee\/et\/\",\"name\":\"Kruze.ee\",\"description\":\"Reklaamkingitused, tr&uuml;kiga T-s&auml;rgid, fliisid, dressipluused, tekstiil, joped ja paljud teised logoga meened, &Auml;rikingitused sinu partnerile! Telli juba t&auml;na.\",\"potentialAction\":[{\"@type\":\"SearchAction\",\"target\":{\"@type\":\"EntryPoint\",\"urlTemplate\":\"https:\/\/kruze.ee\/et\/?s={search_term_string}\"},\"query-input\":{\"@type\":\"PropertyValueSpecification\",\"valueRequired\":true,\"valueName\":\"search_term_string\"}}],\"inLanguage\":\"et\"}]}<\/script>\n<!-- \/ Yoast SEO plugin. -->","yoast_head_json":{"title":"Swiss Peak 15W magnetilise laadimisega s\u00fclearvuti\u00fcmbris 14\u201315,6\u2033 - Kruze.ee","robots":{"index":"index","follow":"follow","max-snippet":"max-snippet:-1","max-image-preview":"max-image-preview:large","max-video-preview":"max-video-preview:-1"},"canonical":"https:\/\/kruze.ee\/et\/toode\/swiss-peak-15w-magnetilise-laadimisega-sulearvutiumbris-14-156\u2033\/","og_locale":"et_EE","og_type":"article","og_title":"Swiss Peak 15W magnetilise laadimisega s\u00fclearvuti\u00fcmbris 14\u201315,6\u2033 - Kruze.ee","og_description":"Swiss Peak RCS-sertifikaadiga taaskasutatud pol\u00fcestrist 15W magnetilise laadimisega s\u00fclearvuti\u00fcmbris sobib 14\u201315,6-tollistele s\u00fclearvutitele ning \u00fchendab...","og_url":"https:\/\/kruze.ee\/et\/toode\/swiss-peak-15w-magnetilise-laadimisega-sulearvutiumbris-14-156\u2033\/","og_site_name":"Kruze.ee","article_modified_time":"2026-03-16T21:50:46+00:00","twitter_card":"summary_large_image","schema":{"@context":"https:\/\/schema.org","@graph":[{"@type":"WebPage","@id":"https:\/\/kruze.ee\/et\/toode\/swiss-peak-15w-magnetilise-laadimisega-sulearvutiumbris-14-156%e2%80%b3\/","url":"https:\/\/kruze.ee\/et\/toode\/swiss-peak-15w-magnetilise-laadimisega-sulearvutiumbris-14-156%e2%80%b3\/","name":"Swiss Peak 15W magnetilise laadimisega s\u00fclearvuti\u00fcmbris 14\u201315,6\u2033 - Kruze.ee","isPartOf":{"@id":"https:\/\/kruze.ee\/et\/#website"},"datePublished":"2026-01-05T19:16:55+00:00","dateModified":"2026-03-16T21:50:46+00:00","breadcrumb":{"@id":"https:\/\/kruze.ee\/et\/toode\/swiss-peak-15w-magnetilise-laadimisega-sulearvutiumbris-14-156%e2%80%b3\/#breadcrumb"},"inLanguage":"et","potentialAction":[{"@type":"ReadAction","target":["https:\/\/kruze.ee\/et\/toode\/swiss-peak-15w-magnetilise-laadimisega-sulearvutiumbris-14-156%e2%80%b3\/"]}]},{"@type":"BreadcrumbList","@id":"https:\/\/kruze.ee\/et\/toode\/swiss-peak-15w-magnetilise-laadimisega-sulearvutiumbris-14-156%e2%80%b3\/#breadcrumb","itemListElement":[{"@type":"ListItem","position":1,"name":"Home","item":"https:\/\/kruze.ee\/et\/"},{"@type":"ListItem","position":2,"name":"Tooted","item":"https:\/\/kruze.ee\/et\/tooted\/"},{"@type":"ListItem","position":3,"name":"Swiss Peak 15W magnetilise laadimisega s\u00fclearvuti\u00fcmbris 14\u201315,6\u2033"}]},{"@type":"WebSite","@id":"https:\/\/kruze.ee\/et\/#website","url":"https:\/\/kruze.ee\/et\/","name":"Kruze.ee","description":"Reklaamkingitused, tr&uuml;kiga T-s&auml;rgid, fliisid, dressipluused, tekstiil, joped ja paljud teised logoga meened, &Auml;rikingitused sinu partnerile! Telli juba t&auml;na.","potentialAction":[{"@type":"SearchAction","target":{"@type":"EntryPoint","urlTemplate":"https:\/\/kruze.ee\/et\/?s={search_term_string}"},"query-input":{"@type":"PropertyValueSpecification","valueRequired":true,"valueName":"search_term_string"}}],"inLanguage":"et"}]}},"_links":{"self":[{"href":"https:\/\/kruze.ee\/et\/wp-json\/wp\/v2\/product\/1430922","targetHints":{"allow":["GET"]}}],"collection":[{"href":"https:\/\/kruze.ee\/et\/wp-json\/wp\/v2\/product"}],"about":[{"href":"https:\/\/kruze.ee\/et\/wp-json\/wp\/v2\/types\/product"}],"wp:attachment":[{"href":"https:\/\/kruze.ee\/et\/wp-json\/wp\/v2\/media?parent=1430922"}],"wp:term":[{"taxonomy":"product_brand","embeddable":true,"href":"https:\/\/kruze.ee\/et\/wp-json\/wp\/v2\/product_brand?post=1430922"},{"taxonomy":"product_cat","embeddable":true,"href":"https:\/\/kruze.ee\/et\/wp-json\/wp\/v2\/product_cat?post=1430922"},{"taxonomy":"product_tag","embeddable":true,"href":"https:\/\/kruze.ee\/et\/wp-json\/wp\/v2\/product_tag?post=1430922"}],"curies":[{"name":"wp","href":"https:\/\/api.w.org\/{rel}","templated":true}]}}