{"id":1430920,"date":"2026-01-05T22:16:51","date_gmt":"2026-01-05T19:16:51","guid":{"rendered":"https:\/\/kruze.ee\/product\/powerpal-3-uhes-rcs-sertifikaadiga-taaskasutatud-plastikust-15w-laadija\/"},"modified":"2026-03-17T00:50:46","modified_gmt":"2026-03-16T21:50:46","slug":"powerpal-3-uhes-rcs-sertifikaadiga-taaskasutatud-plastikust-15w-laadija","status":"publish","type":"product","link":"https:\/\/kruze.ee\/et\/toode\/powerpal-3-uhes-rcs-sertifikaadiga-taaskasutatud-plastikust-15w-laadija\/","title":{"rendered":"Powerpal 3-\u00fches RCS-sertifikaadiga taaskasutatud plastikust 15W laadija"},"content":{"rendered":"<p>3-\u00fches juhtmevaba laadimisalus, valmistatud RCS-sertifikaadiga taaskasutatud ABS-plastikust. Taaskasutatud materjali osakaal on 51%, arvestatuna toote kogukaalu p\u00f5hjal, ning RCS-sertifikaat (Recycled Claim Standard) tagab taaskasutatud materjalide t\u00e4ielikult sertifitseeritud ja j\u00e4lgitava tarneahela. Laadimisalus on varustatud 15W juhtmevaba laadijaga, lisaks 5W juhtmevaba laadimisalaga k\u00f5rvaklappide karpidele v\u00f5i muudele v\u00e4iksematele juhtmevaba laadimist toetavatele seadmetele ning 2,5W juhtmevaba laadijaga nutikelladele (ainult Apple Watch). Kokkupandav disain teeb selle lihtsasti kaasav\u00f5etavaks. Komplektis on RCS-sertifikaadiga 120 cm taaskasutatud TPE-kaabel. Pakendatud FSC\u00ae Mix kraftpakendisse. Toode ja tarvikud on 100% PVC-vabad.<\/p>\n","protected":false},"excerpt":{"rendered":"<p>3-\u00fches juhtmevaba laadimisalus, valmistatud RCS-sertifikaadiga taaskasutatud ABS-plastikust. Taaskasutatud materjali osakaal on 51%, arvestatuna toote&#8230;<\/p>\n","protected":false},"featured_media":0,"template":"","meta":[],"product_brand":[],"product_cat":[5418],"product_tag":[],"class_list":{"0":"post-1430920","1":"product","2":"type-product","3":"status-publish","5":"product_cat-nutiseadmete-lisatarvikud","6":"pa_gender-uniseks","7":"pa_gender-unisex","11":"first","12":"instock","13":"purchasable","14":"product-type-simple"},"acf":[],"yoast_head":"<!-- This site is optimized with the Yoast SEO plugin v26.0 - https:\/\/yoast.com\/wordpress\/plugins\/seo\/ -->\n<title>Powerpal 3-\u00fches RCS-sertifikaadiga taaskasutatud plastikust 15W laadija - Kruze.ee<\/title>\n<meta name=\"robots\" content=\"index, follow, max-snippet:-1, max-image-preview:large, max-video-preview:-1\" \/>\n<link rel=\"canonical\" href=\"https:\/\/kruze.ee\/et\/toode\/powerpal-3-uhes-rcs-sertifikaadiga-taaskasutatud-plastikust-15w-laadija\/\" \/>\n<meta property=\"og:locale\" content=\"et_EE\" \/>\n<meta property=\"og:type\" content=\"article\" \/>\n<meta property=\"og:title\" content=\"Powerpal 3-\u00fches RCS-sertifikaadiga taaskasutatud plastikust 15W laadija - Kruze.ee\" \/>\n<meta property=\"og:description\" content=\"3-\u00fches juhtmevaba laadimisalus, valmistatud RCS-sertifikaadiga taaskasutatud ABS-plastikust. Taaskasutatud materjali osakaal on 51%, arvestatuna toote...\" \/>\n<meta property=\"og:url\" content=\"https:\/\/kruze.ee\/et\/toode\/powerpal-3-uhes-rcs-sertifikaadiga-taaskasutatud-plastikust-15w-laadija\/\" \/>\n<meta property=\"og:site_name\" content=\"Kruze.ee\" \/>\n<meta property=\"article:modified_time\" content=\"2026-03-16T21:50:46+00:00\" \/>\n<meta name=\"twitter:card\" content=\"summary_large_image\" \/>\n<script type=\"application\/ld+json\" class=\"yoast-schema-graph\">{\"@context\":\"https:\/\/schema.org\",\"@graph\":[{\"@type\":\"WebPage\",\"@id\":\"https:\/\/kruze.ee\/et\/toode\/powerpal-3-uhes-rcs-sertifikaadiga-taaskasutatud-plastikust-15w-laadija\/\",\"url\":\"https:\/\/kruze.ee\/et\/toode\/powerpal-3-uhes-rcs-sertifikaadiga-taaskasutatud-plastikust-15w-laadija\/\",\"name\":\"Powerpal 3-\u00fches RCS-sertifikaadiga taaskasutatud plastikust 15W laadija - Kruze.ee\",\"isPartOf\":{\"@id\":\"https:\/\/kruze.ee\/et\/#website\"},\"datePublished\":\"2026-01-05T19:16:51+00:00\",\"dateModified\":\"2026-03-16T21:50:46+00:00\",\"breadcrumb\":{\"@id\":\"https:\/\/kruze.ee\/et\/toode\/powerpal-3-uhes-rcs-sertifikaadiga-taaskasutatud-plastikust-15w-laadija\/#breadcrumb\"},\"inLanguage\":\"et\",\"potentialAction\":[{\"@type\":\"ReadAction\",\"target\":[\"https:\/\/kruze.ee\/et\/toode\/powerpal-3-uhes-rcs-sertifikaadiga-taaskasutatud-plastikust-15w-laadija\/\"]}]},{\"@type\":\"BreadcrumbList\",\"@id\":\"https:\/\/kruze.ee\/et\/toode\/powerpal-3-uhes-rcs-sertifikaadiga-taaskasutatud-plastikust-15w-laadija\/#breadcrumb\",\"itemListElement\":[{\"@type\":\"ListItem\",\"position\":1,\"name\":\"Home\",\"item\":\"https:\/\/kruze.ee\/et\/\"},{\"@type\":\"ListItem\",\"position\":2,\"name\":\"Tooted\",\"item\":\"https:\/\/kruze.ee\/et\/tooted\/\"},{\"@type\":\"ListItem\",\"position\":3,\"name\":\"Powerpal 3-\u00fches RCS-sertifikaadiga taaskasutatud plastikust 15W laadija\"}]},{\"@type\":\"WebSite\",\"@id\":\"https:\/\/kruze.ee\/et\/#website\",\"url\":\"https:\/\/kruze.ee\/et\/\",\"name\":\"Kruze.ee\",\"description\":\"Reklaamkingitused, tr&uuml;kiga T-s&auml;rgid, fliisid, dressipluused, tekstiil, joped ja paljud teised logoga meened, &Auml;rikingitused sinu partnerile! Telli juba t&auml;na.\",\"potentialAction\":[{\"@type\":\"SearchAction\",\"target\":{\"@type\":\"EntryPoint\",\"urlTemplate\":\"https:\/\/kruze.ee\/et\/?s={search_term_string}\"},\"query-input\":{\"@type\":\"PropertyValueSpecification\",\"valueRequired\":true,\"valueName\":\"search_term_string\"}}],\"inLanguage\":\"et\"}]}<\/script>\n<!-- \/ Yoast SEO plugin. -->","yoast_head_json":{"title":"Powerpal 3-\u00fches RCS-sertifikaadiga taaskasutatud plastikust 15W laadija - Kruze.ee","robots":{"index":"index","follow":"follow","max-snippet":"max-snippet:-1","max-image-preview":"max-image-preview:large","max-video-preview":"max-video-preview:-1"},"canonical":"https:\/\/kruze.ee\/et\/toode\/powerpal-3-uhes-rcs-sertifikaadiga-taaskasutatud-plastikust-15w-laadija\/","og_locale":"et_EE","og_type":"article","og_title":"Powerpal 3-\u00fches RCS-sertifikaadiga taaskasutatud plastikust 15W laadija - Kruze.ee","og_description":"3-\u00fches juhtmevaba laadimisalus, valmistatud RCS-sertifikaadiga taaskasutatud ABS-plastikust. Taaskasutatud materjali osakaal on 51%, arvestatuna toote...","og_url":"https:\/\/kruze.ee\/et\/toode\/powerpal-3-uhes-rcs-sertifikaadiga-taaskasutatud-plastikust-15w-laadija\/","og_site_name":"Kruze.ee","article_modified_time":"2026-03-16T21:50:46+00:00","twitter_card":"summary_large_image","schema":{"@context":"https:\/\/schema.org","@graph":[{"@type":"WebPage","@id":"https:\/\/kruze.ee\/et\/toode\/powerpal-3-uhes-rcs-sertifikaadiga-taaskasutatud-plastikust-15w-laadija\/","url":"https:\/\/kruze.ee\/et\/toode\/powerpal-3-uhes-rcs-sertifikaadiga-taaskasutatud-plastikust-15w-laadija\/","name":"Powerpal 3-\u00fches RCS-sertifikaadiga taaskasutatud plastikust 15W laadija - Kruze.ee","isPartOf":{"@id":"https:\/\/kruze.ee\/et\/#website"},"datePublished":"2026-01-05T19:16:51+00:00","dateModified":"2026-03-16T21:50:46+00:00","breadcrumb":{"@id":"https:\/\/kruze.ee\/et\/toode\/powerpal-3-uhes-rcs-sertifikaadiga-taaskasutatud-plastikust-15w-laadija\/#breadcrumb"},"inLanguage":"et","potentialAction":[{"@type":"ReadAction","target":["https:\/\/kruze.ee\/et\/toode\/powerpal-3-uhes-rcs-sertifikaadiga-taaskasutatud-plastikust-15w-laadija\/"]}]},{"@type":"BreadcrumbList","@id":"https:\/\/kruze.ee\/et\/toode\/powerpal-3-uhes-rcs-sertifikaadiga-taaskasutatud-plastikust-15w-laadija\/#breadcrumb","itemListElement":[{"@type":"ListItem","position":1,"name":"Home","item":"https:\/\/kruze.ee\/et\/"},{"@type":"ListItem","position":2,"name":"Tooted","item":"https:\/\/kruze.ee\/et\/tooted\/"},{"@type":"ListItem","position":3,"name":"Powerpal 3-\u00fches RCS-sertifikaadiga taaskasutatud plastikust 15W laadija"}]},{"@type":"WebSite","@id":"https:\/\/kruze.ee\/et\/#website","url":"https:\/\/kruze.ee\/et\/","name":"Kruze.ee","description":"Reklaamkingitused, tr&uuml;kiga T-s&auml;rgid, fliisid, dressipluused, tekstiil, joped ja paljud teised logoga meened, &Auml;rikingitused sinu partnerile! Telli juba t&auml;na.","potentialAction":[{"@type":"SearchAction","target":{"@type":"EntryPoint","urlTemplate":"https:\/\/kruze.ee\/et\/?s={search_term_string}"},"query-input":{"@type":"PropertyValueSpecification","valueRequired":true,"valueName":"search_term_string"}}],"inLanguage":"et"}]}},"_links":{"self":[{"href":"https:\/\/kruze.ee\/et\/wp-json\/wp\/v2\/product\/1430920","targetHints":{"allow":["GET"]}}],"collection":[{"href":"https:\/\/kruze.ee\/et\/wp-json\/wp\/v2\/product"}],"about":[{"href":"https:\/\/kruze.ee\/et\/wp-json\/wp\/v2\/types\/product"}],"wp:attachment":[{"href":"https:\/\/kruze.ee\/et\/wp-json\/wp\/v2\/media?parent=1430920"}],"wp:term":[{"taxonomy":"product_brand","embeddable":true,"href":"https:\/\/kruze.ee\/et\/wp-json\/wp\/v2\/product_brand?post=1430920"},{"taxonomy":"product_cat","embeddable":true,"href":"https:\/\/kruze.ee\/et\/wp-json\/wp\/v2\/product_cat?post=1430920"},{"taxonomy":"product_tag","embeddable":true,"href":"https:\/\/kruze.ee\/et\/wp-json\/wp\/v2\/product_tag?post=1430920"}],"curies":[{"name":"wp","href":"https:\/\/api.w.org\/{rel}","templated":true}]}}