{"id":1430918,"date":"2026-01-05T22:16:47","date_gmt":"2026-01-05T19:16:47","guid":{"rendered":"https:\/\/kruze.ee\/product\/swiss-peak-rcs-sertifikaadiga-taaskasutatud-reisikotike-koos-3-uhes-laadijaga\/"},"modified":"2026-03-17T00:50:45","modified_gmt":"2026-03-16T21:50:45","slug":"swiss-peak-rcs-sertifikaadiga-taaskasutatud-reisikotike-koos-3-uhes-laadijaga","status":"publish","type":"product","link":"https:\/\/kruze.ee\/et\/toode\/swiss-peak-rcs-sertifikaadiga-taaskasutatud-reisikotike-koos-3-uhes-laadijaga\/","title":{"rendered":"Swiss Peak RCS-sertifikaadiga taaskasutatud reisikotike koos 3-\u00fches laadijaga"},"content":{"rendered":"<p>K\u00f5vakestaline reisikott integreeritud 3-\u00fches juhtmevaba laadijaga, valmistatud RCS-sertifikaadiga taaskasutatud PU-materjalist. Taaskasutatud materjali osakaal on 5%, arvestatuna toote kogukaalu p\u00f5hjal, ning RCS-sertifikaat (Recycled Claim Standard) tagab taaskasutatud materjalide t\u00e4ielikult sertifitseeritud ja j\u00e4lgitava tarneahela. Reisikotil on hoiuruum passile, mitmele kaardile ning integreeritud kaablihoidik. Kott on varustatud 15W magnetilise juhtmevaba laadijaga, lisaks 5W juhtmevaba laadimisalaga k\u00f5rvaklappide karpidele v\u00f5i teistele v\u00e4iksematele juhtmevaba laadimist toetavatele seadmetele ning 2,5W juhtmevaba laadijaga nutikelladele (ainult Apple Watch). Ideaalne lahendus k\u00f5igi v\u00e4\u00e4rtasjade kaasaskandmiseks ja seadmete laadimiseks liikvel olles. Sees asub ka v\u00e4ike magnetiline kinnitusdetail lisamugavuseks.<\/p>\n","protected":false},"excerpt":{"rendered":"<p>K\u00f5vakestaline reisikott integreeritud 3-\u00fches juhtmevaba laadijaga, valmistatud RCS-sertifikaadiga taaskasutatud PU-materjalist. Taaskasutatud materjali osakaal&#8230;<\/p>\n","protected":false},"featured_media":0,"template":"","meta":[],"product_brand":[],"product_cat":[5403,5418],"product_tag":[],"class_list":{"0":"post-1430918","1":"product","2":"type-product","3":"status-publish","5":"product_cat-muud-reisitarbed-kotid","6":"product_cat-nutiseadmete-lisatarvikud","7":"pa_gender-uniseks","8":"pa_gender-unisex","12":"first","13":"instock","14":"purchasable","15":"product-type-simple"},"acf":[],"yoast_head":"<!-- This site is optimized with the Yoast SEO plugin v26.0 - https:\/\/yoast.com\/wordpress\/plugins\/seo\/ -->\n<title>Swiss Peak RCS-sertifikaadiga taaskasutatud reisikotike koos 3-\u00fches laadijaga - Kruze.ee<\/title>\n<meta name=\"robots\" content=\"index, follow, max-snippet:-1, max-image-preview:large, max-video-preview:-1\" \/>\n<link rel=\"canonical\" href=\"https:\/\/kruze.ee\/et\/toode\/swiss-peak-rcs-sertifikaadiga-taaskasutatud-reisikotike-koos-3-uhes-laadijaga\/\" \/>\n<meta property=\"og:locale\" content=\"et_EE\" \/>\n<meta property=\"og:type\" content=\"article\" \/>\n<meta property=\"og:title\" content=\"Swiss Peak RCS-sertifikaadiga taaskasutatud reisikotike koos 3-\u00fches laadijaga - Kruze.ee\" \/>\n<meta property=\"og:description\" content=\"K\u00f5vakestaline reisikott integreeritud 3-\u00fches juhtmevaba laadijaga, valmistatud RCS-sertifikaadiga taaskasutatud PU-materjalist. Taaskasutatud materjali osakaal...\" \/>\n<meta property=\"og:url\" content=\"https:\/\/kruze.ee\/et\/toode\/swiss-peak-rcs-sertifikaadiga-taaskasutatud-reisikotike-koos-3-uhes-laadijaga\/\" \/>\n<meta property=\"og:site_name\" content=\"Kruze.ee\" \/>\n<meta property=\"article:modified_time\" content=\"2026-03-16T21:50:45+00:00\" \/>\n<meta name=\"twitter:card\" content=\"summary_large_image\" \/>\n<meta name=\"twitter:label1\" content=\"Est. reading time\" \/>\n\t<meta name=\"twitter:data1\" content=\"1 minut\" \/>\n<script type=\"application\/ld+json\" class=\"yoast-schema-graph\">{\"@context\":\"https:\/\/schema.org\",\"@graph\":[{\"@type\":\"WebPage\",\"@id\":\"https:\/\/kruze.ee\/et\/toode\/swiss-peak-rcs-sertifikaadiga-taaskasutatud-reisikotike-koos-3-uhes-laadijaga\/\",\"url\":\"https:\/\/kruze.ee\/et\/toode\/swiss-peak-rcs-sertifikaadiga-taaskasutatud-reisikotike-koos-3-uhes-laadijaga\/\",\"name\":\"Swiss Peak RCS-sertifikaadiga taaskasutatud reisikotike koos 3-\u00fches laadijaga - Kruze.ee\",\"isPartOf\":{\"@id\":\"https:\/\/kruze.ee\/et\/#website\"},\"datePublished\":\"2026-01-05T19:16:47+00:00\",\"dateModified\":\"2026-03-16T21:50:45+00:00\",\"breadcrumb\":{\"@id\":\"https:\/\/kruze.ee\/et\/toode\/swiss-peak-rcs-sertifikaadiga-taaskasutatud-reisikotike-koos-3-uhes-laadijaga\/#breadcrumb\"},\"inLanguage\":\"et\",\"potentialAction\":[{\"@type\":\"ReadAction\",\"target\":[\"https:\/\/kruze.ee\/et\/toode\/swiss-peak-rcs-sertifikaadiga-taaskasutatud-reisikotike-koos-3-uhes-laadijaga\/\"]}]},{\"@type\":\"BreadcrumbList\",\"@id\":\"https:\/\/kruze.ee\/et\/toode\/swiss-peak-rcs-sertifikaadiga-taaskasutatud-reisikotike-koos-3-uhes-laadijaga\/#breadcrumb\",\"itemListElement\":[{\"@type\":\"ListItem\",\"position\":1,\"name\":\"Home\",\"item\":\"https:\/\/kruze.ee\/et\/\"},{\"@type\":\"ListItem\",\"position\":2,\"name\":\"Tooted\",\"item\":\"https:\/\/kruze.ee\/et\/tooted\/\"},{\"@type\":\"ListItem\",\"position\":3,\"name\":\"Swiss Peak RCS-sertifikaadiga taaskasutatud reisikotike koos 3-\u00fches laadijaga\"}]},{\"@type\":\"WebSite\",\"@id\":\"https:\/\/kruze.ee\/et\/#website\",\"url\":\"https:\/\/kruze.ee\/et\/\",\"name\":\"Kruze.ee\",\"description\":\"Reklaamkingitused, tr&uuml;kiga T-s&auml;rgid, fliisid, dressipluused, tekstiil, joped ja paljud teised logoga meened, &Auml;rikingitused sinu partnerile! Telli juba t&auml;na.\",\"potentialAction\":[{\"@type\":\"SearchAction\",\"target\":{\"@type\":\"EntryPoint\",\"urlTemplate\":\"https:\/\/kruze.ee\/et\/?s={search_term_string}\"},\"query-input\":{\"@type\":\"PropertyValueSpecification\",\"valueRequired\":true,\"valueName\":\"search_term_string\"}}],\"inLanguage\":\"et\"}]}<\/script>\n<!-- \/ Yoast SEO plugin. -->","yoast_head_json":{"title":"Swiss Peak RCS-sertifikaadiga taaskasutatud reisikotike koos 3-\u00fches laadijaga - Kruze.ee","robots":{"index":"index","follow":"follow","max-snippet":"max-snippet:-1","max-image-preview":"max-image-preview:large","max-video-preview":"max-video-preview:-1"},"canonical":"https:\/\/kruze.ee\/et\/toode\/swiss-peak-rcs-sertifikaadiga-taaskasutatud-reisikotike-koos-3-uhes-laadijaga\/","og_locale":"et_EE","og_type":"article","og_title":"Swiss Peak RCS-sertifikaadiga taaskasutatud reisikotike koos 3-\u00fches laadijaga - Kruze.ee","og_description":"K\u00f5vakestaline reisikott integreeritud 3-\u00fches juhtmevaba laadijaga, valmistatud RCS-sertifikaadiga taaskasutatud PU-materjalist. Taaskasutatud materjali osakaal...","og_url":"https:\/\/kruze.ee\/et\/toode\/swiss-peak-rcs-sertifikaadiga-taaskasutatud-reisikotike-koos-3-uhes-laadijaga\/","og_site_name":"Kruze.ee","article_modified_time":"2026-03-16T21:50:45+00:00","twitter_card":"summary_large_image","twitter_misc":{"Est. reading time":"1 minut"},"schema":{"@context":"https:\/\/schema.org","@graph":[{"@type":"WebPage","@id":"https:\/\/kruze.ee\/et\/toode\/swiss-peak-rcs-sertifikaadiga-taaskasutatud-reisikotike-koos-3-uhes-laadijaga\/","url":"https:\/\/kruze.ee\/et\/toode\/swiss-peak-rcs-sertifikaadiga-taaskasutatud-reisikotike-koos-3-uhes-laadijaga\/","name":"Swiss Peak RCS-sertifikaadiga taaskasutatud reisikotike koos 3-\u00fches laadijaga - Kruze.ee","isPartOf":{"@id":"https:\/\/kruze.ee\/et\/#website"},"datePublished":"2026-01-05T19:16:47+00:00","dateModified":"2026-03-16T21:50:45+00:00","breadcrumb":{"@id":"https:\/\/kruze.ee\/et\/toode\/swiss-peak-rcs-sertifikaadiga-taaskasutatud-reisikotike-koos-3-uhes-laadijaga\/#breadcrumb"},"inLanguage":"et","potentialAction":[{"@type":"ReadAction","target":["https:\/\/kruze.ee\/et\/toode\/swiss-peak-rcs-sertifikaadiga-taaskasutatud-reisikotike-koos-3-uhes-laadijaga\/"]}]},{"@type":"BreadcrumbList","@id":"https:\/\/kruze.ee\/et\/toode\/swiss-peak-rcs-sertifikaadiga-taaskasutatud-reisikotike-koos-3-uhes-laadijaga\/#breadcrumb","itemListElement":[{"@type":"ListItem","position":1,"name":"Home","item":"https:\/\/kruze.ee\/et\/"},{"@type":"ListItem","position":2,"name":"Tooted","item":"https:\/\/kruze.ee\/et\/tooted\/"},{"@type":"ListItem","position":3,"name":"Swiss Peak RCS-sertifikaadiga taaskasutatud reisikotike koos 3-\u00fches laadijaga"}]},{"@type":"WebSite","@id":"https:\/\/kruze.ee\/et\/#website","url":"https:\/\/kruze.ee\/et\/","name":"Kruze.ee","description":"Reklaamkingitused, tr&uuml;kiga T-s&auml;rgid, fliisid, dressipluused, tekstiil, joped ja paljud teised logoga meened, &Auml;rikingitused sinu partnerile! Telli juba t&auml;na.","potentialAction":[{"@type":"SearchAction","target":{"@type":"EntryPoint","urlTemplate":"https:\/\/kruze.ee\/et\/?s={search_term_string}"},"query-input":{"@type":"PropertyValueSpecification","valueRequired":true,"valueName":"search_term_string"}}],"inLanguage":"et"}]}},"_links":{"self":[{"href":"https:\/\/kruze.ee\/et\/wp-json\/wp\/v2\/product\/1430918","targetHints":{"allow":["GET"]}}],"collection":[{"href":"https:\/\/kruze.ee\/et\/wp-json\/wp\/v2\/product"}],"about":[{"href":"https:\/\/kruze.ee\/et\/wp-json\/wp\/v2\/types\/product"}],"wp:attachment":[{"href":"https:\/\/kruze.ee\/et\/wp-json\/wp\/v2\/media?parent=1430918"}],"wp:term":[{"taxonomy":"product_brand","embeddable":true,"href":"https:\/\/kruze.ee\/et\/wp-json\/wp\/v2\/product_brand?post=1430918"},{"taxonomy":"product_cat","embeddable":true,"href":"https:\/\/kruze.ee\/et\/wp-json\/wp\/v2\/product_cat?post=1430918"},{"taxonomy":"product_tag","embeddable":true,"href":"https:\/\/kruze.ee\/et\/wp-json\/wp\/v2\/product_tag?post=1430918"}],"curies":[{"name":"wp","href":"https:\/\/api.w.org\/{rel}","templated":true}]}}