{"id":1430916,"date":"2026-01-05T22:16:43","date_gmt":"2026-01-05T19:16:43","guid":{"rendered":"https:\/\/kruze.ee\/product\/swiss-peak-3-uhes-rcs-sertifikaadiga-taaskasutatud-pu-juhtmevaba-laadija-lauahoidik\/"},"modified":"2026-03-17T00:50:45","modified_gmt":"2026-03-16T21:50:45","slug":"swiss-peak-3-uhes-rcs-sertifikaadiga-taaskasutatud-pu-juhtmevaba-laadija-lauahoidik","status":"publish","type":"product","link":"https:\/\/kruze.ee\/et\/toode\/swiss-peak-3-uhes-rcs-sertifikaadiga-taaskasutatud-pu-juhtmevaba-laadija-lauahoidik\/","title":{"rendered":"Swiss Peak 3-\u00fches RCS-sertifikaadiga taaskasutatud PU juhtmevaba laadija lauahoidik"},"content":{"rendered":"<p>Luksuslik ja kokkupandav 3-\u00fches juhtmevaba laadija lauasahtliga, valmistatud RCS-sertifikaadiga taaskasutatud PU-materjalist. Taaskasutatud materjali osakaal on 5%, arvestatuna toote kogukaalu p\u00f5hjal, ning RCS (Recycled Claim Standard) tagab taaskasutatud materjalide t\u00e4ielikult sertifitseeritud ja j\u00e4lgitava tarneahela. Laadija on varustatud 15W magnetilise juhtmevaba laadijaga, lisaks 5W juhtmevaba laadimisalaga k\u00f5rvaklappide karpidele v\u00f5i teistele v\u00e4iksematele juhtmevaba laadimist toetavatele seadmetele ning 2,5W juhtmevaba laadijaga nutikelladele (ainult Apple Watch). Komplektis 120 cm TPE-kaabel. Pakendatud FSC\u00ae Mix pakendisse. Toode ja tarvikud on 100% PVC-vabad. Minimaalne sisend optimaalseks kasutuseks: 9V\/3A. V\u00e4ljund: telefon 9V\/1.1A v\u00f5i 9V\/1.67A (15W).<\/p>\n","protected":false},"excerpt":{"rendered":"<p>Luksuslik ja kokkupandav 3-\u00fches juhtmevaba laadija lauasahtliga, valmistatud RCS-sertifikaadiga taaskasutatud PU-materjalist. Taaskasutatud materjali osakaal&#8230;<\/p>\n","protected":false},"featured_media":0,"template":"","meta":[],"product_brand":[],"product_cat":[5418],"product_tag":[],"class_list":{"0":"post-1430916","1":"product","2":"type-product","3":"status-publish","5":"product_cat-nutiseadmete-lisatarvikud","6":"pa_gender-uniseks","7":"pa_gender-unisex","11":"first","12":"instock","13":"purchasable","14":"product-type-simple"},"acf":[],"yoast_head":"<!-- This site is optimized with the Yoast SEO plugin v26.0 - https:\/\/yoast.com\/wordpress\/plugins\/seo\/ -->\n<title>Swiss Peak 3-\u00fches RCS-sertifikaadiga taaskasutatud PU juhtmevaba laadija lauahoidik - Kruze.ee<\/title>\n<meta name=\"robots\" content=\"index, follow, max-snippet:-1, max-image-preview:large, max-video-preview:-1\" \/>\n<link rel=\"canonical\" href=\"https:\/\/kruze.ee\/et\/toode\/swiss-peak-3-uhes-rcs-sertifikaadiga-taaskasutatud-pu-juhtmevaba-laadija-lauahoidik\/\" \/>\n<meta property=\"og:locale\" content=\"et_EE\" \/>\n<meta property=\"og:type\" content=\"article\" \/>\n<meta property=\"og:title\" content=\"Swiss Peak 3-\u00fches RCS-sertifikaadiga taaskasutatud PU juhtmevaba laadija lauahoidik - Kruze.ee\" \/>\n<meta property=\"og:description\" content=\"Luksuslik ja kokkupandav 3-\u00fches juhtmevaba laadija lauasahtliga, valmistatud RCS-sertifikaadiga taaskasutatud PU-materjalist. Taaskasutatud materjali osakaal...\" \/>\n<meta property=\"og:url\" content=\"https:\/\/kruze.ee\/et\/toode\/swiss-peak-3-uhes-rcs-sertifikaadiga-taaskasutatud-pu-juhtmevaba-laadija-lauahoidik\/\" \/>\n<meta property=\"og:site_name\" content=\"Kruze.ee\" \/>\n<meta property=\"article:modified_time\" content=\"2026-03-16T21:50:45+00:00\" \/>\n<meta name=\"twitter:card\" content=\"summary_large_image\" \/>\n<script type=\"application\/ld+json\" class=\"yoast-schema-graph\">{\"@context\":\"https:\/\/schema.org\",\"@graph\":[{\"@type\":\"WebPage\",\"@id\":\"https:\/\/kruze.ee\/et\/toode\/swiss-peak-3-uhes-rcs-sertifikaadiga-taaskasutatud-pu-juhtmevaba-laadija-lauahoidik\/\",\"url\":\"https:\/\/kruze.ee\/et\/toode\/swiss-peak-3-uhes-rcs-sertifikaadiga-taaskasutatud-pu-juhtmevaba-laadija-lauahoidik\/\",\"name\":\"Swiss Peak 3-\u00fches RCS-sertifikaadiga taaskasutatud PU juhtmevaba laadija lauahoidik - Kruze.ee\",\"isPartOf\":{\"@id\":\"https:\/\/kruze.ee\/et\/#website\"},\"datePublished\":\"2026-01-05T19:16:43+00:00\",\"dateModified\":\"2026-03-16T21:50:45+00:00\",\"breadcrumb\":{\"@id\":\"https:\/\/kruze.ee\/et\/toode\/swiss-peak-3-uhes-rcs-sertifikaadiga-taaskasutatud-pu-juhtmevaba-laadija-lauahoidik\/#breadcrumb\"},\"inLanguage\":\"et\",\"potentialAction\":[{\"@type\":\"ReadAction\",\"target\":[\"https:\/\/kruze.ee\/et\/toode\/swiss-peak-3-uhes-rcs-sertifikaadiga-taaskasutatud-pu-juhtmevaba-laadija-lauahoidik\/\"]}]},{\"@type\":\"BreadcrumbList\",\"@id\":\"https:\/\/kruze.ee\/et\/toode\/swiss-peak-3-uhes-rcs-sertifikaadiga-taaskasutatud-pu-juhtmevaba-laadija-lauahoidik\/#breadcrumb\",\"itemListElement\":[{\"@type\":\"ListItem\",\"position\":1,\"name\":\"Home\",\"item\":\"https:\/\/kruze.ee\/et\/\"},{\"@type\":\"ListItem\",\"position\":2,\"name\":\"Tooted\",\"item\":\"https:\/\/kruze.ee\/et\/tooted\/\"},{\"@type\":\"ListItem\",\"position\":3,\"name\":\"Swiss Peak 3-\u00fches RCS-sertifikaadiga taaskasutatud PU juhtmevaba laadija lauahoidik\"}]},{\"@type\":\"WebSite\",\"@id\":\"https:\/\/kruze.ee\/et\/#website\",\"url\":\"https:\/\/kruze.ee\/et\/\",\"name\":\"Kruze.ee\",\"description\":\"Reklaamkingitused, tr&uuml;kiga T-s&auml;rgid, fliisid, dressipluused, tekstiil, joped ja paljud teised logoga meened, &Auml;rikingitused sinu partnerile! Telli juba t&auml;na.\",\"potentialAction\":[{\"@type\":\"SearchAction\",\"target\":{\"@type\":\"EntryPoint\",\"urlTemplate\":\"https:\/\/kruze.ee\/et\/?s={search_term_string}\"},\"query-input\":{\"@type\":\"PropertyValueSpecification\",\"valueRequired\":true,\"valueName\":\"search_term_string\"}}],\"inLanguage\":\"et\"}]}<\/script>\n<!-- \/ Yoast SEO plugin. -->","yoast_head_json":{"title":"Swiss Peak 3-\u00fches RCS-sertifikaadiga taaskasutatud PU juhtmevaba laadija lauahoidik - Kruze.ee","robots":{"index":"index","follow":"follow","max-snippet":"max-snippet:-1","max-image-preview":"max-image-preview:large","max-video-preview":"max-video-preview:-1"},"canonical":"https:\/\/kruze.ee\/et\/toode\/swiss-peak-3-uhes-rcs-sertifikaadiga-taaskasutatud-pu-juhtmevaba-laadija-lauahoidik\/","og_locale":"et_EE","og_type":"article","og_title":"Swiss Peak 3-\u00fches RCS-sertifikaadiga taaskasutatud PU juhtmevaba laadija lauahoidik - Kruze.ee","og_description":"Luksuslik ja kokkupandav 3-\u00fches juhtmevaba laadija lauasahtliga, valmistatud RCS-sertifikaadiga taaskasutatud PU-materjalist. Taaskasutatud materjali osakaal...","og_url":"https:\/\/kruze.ee\/et\/toode\/swiss-peak-3-uhes-rcs-sertifikaadiga-taaskasutatud-pu-juhtmevaba-laadija-lauahoidik\/","og_site_name":"Kruze.ee","article_modified_time":"2026-03-16T21:50:45+00:00","twitter_card":"summary_large_image","schema":{"@context":"https:\/\/schema.org","@graph":[{"@type":"WebPage","@id":"https:\/\/kruze.ee\/et\/toode\/swiss-peak-3-uhes-rcs-sertifikaadiga-taaskasutatud-pu-juhtmevaba-laadija-lauahoidik\/","url":"https:\/\/kruze.ee\/et\/toode\/swiss-peak-3-uhes-rcs-sertifikaadiga-taaskasutatud-pu-juhtmevaba-laadija-lauahoidik\/","name":"Swiss Peak 3-\u00fches RCS-sertifikaadiga taaskasutatud PU juhtmevaba laadija lauahoidik - Kruze.ee","isPartOf":{"@id":"https:\/\/kruze.ee\/et\/#website"},"datePublished":"2026-01-05T19:16:43+00:00","dateModified":"2026-03-16T21:50:45+00:00","breadcrumb":{"@id":"https:\/\/kruze.ee\/et\/toode\/swiss-peak-3-uhes-rcs-sertifikaadiga-taaskasutatud-pu-juhtmevaba-laadija-lauahoidik\/#breadcrumb"},"inLanguage":"et","potentialAction":[{"@type":"ReadAction","target":["https:\/\/kruze.ee\/et\/toode\/swiss-peak-3-uhes-rcs-sertifikaadiga-taaskasutatud-pu-juhtmevaba-laadija-lauahoidik\/"]}]},{"@type":"BreadcrumbList","@id":"https:\/\/kruze.ee\/et\/toode\/swiss-peak-3-uhes-rcs-sertifikaadiga-taaskasutatud-pu-juhtmevaba-laadija-lauahoidik\/#breadcrumb","itemListElement":[{"@type":"ListItem","position":1,"name":"Home","item":"https:\/\/kruze.ee\/et\/"},{"@type":"ListItem","position":2,"name":"Tooted","item":"https:\/\/kruze.ee\/et\/tooted\/"},{"@type":"ListItem","position":3,"name":"Swiss Peak 3-\u00fches RCS-sertifikaadiga taaskasutatud PU juhtmevaba laadija lauahoidik"}]},{"@type":"WebSite","@id":"https:\/\/kruze.ee\/et\/#website","url":"https:\/\/kruze.ee\/et\/","name":"Kruze.ee","description":"Reklaamkingitused, tr&uuml;kiga T-s&auml;rgid, fliisid, dressipluused, tekstiil, joped ja paljud teised logoga meened, &Auml;rikingitused sinu partnerile! Telli juba t&auml;na.","potentialAction":[{"@type":"SearchAction","target":{"@type":"EntryPoint","urlTemplate":"https:\/\/kruze.ee\/et\/?s={search_term_string}"},"query-input":{"@type":"PropertyValueSpecification","valueRequired":true,"valueName":"search_term_string"}}],"inLanguage":"et"}]}},"_links":{"self":[{"href":"https:\/\/kruze.ee\/et\/wp-json\/wp\/v2\/product\/1430916","targetHints":{"allow":["GET"]}}],"collection":[{"href":"https:\/\/kruze.ee\/et\/wp-json\/wp\/v2\/product"}],"about":[{"href":"https:\/\/kruze.ee\/et\/wp-json\/wp\/v2\/types\/product"}],"wp:attachment":[{"href":"https:\/\/kruze.ee\/et\/wp-json\/wp\/v2\/media?parent=1430916"}],"wp:term":[{"taxonomy":"product_brand","embeddable":true,"href":"https:\/\/kruze.ee\/et\/wp-json\/wp\/v2\/product_brand?post=1430916"},{"taxonomy":"product_cat","embeddable":true,"href":"https:\/\/kruze.ee\/et\/wp-json\/wp\/v2\/product_cat?post=1430916"},{"taxonomy":"product_tag","embeddable":true,"href":"https:\/\/kruze.ee\/et\/wp-json\/wp\/v2\/product_tag?post=1430916"}],"curies":[{"name":"wp","href":"https:\/\/api.w.org\/{rel}","templated":true}]}}