{"id":1430914,"date":"2026-01-05T22:16:39","date_gmt":"2026-01-05T19:16:39","guid":{"rendered":"https:\/\/kruze.ee\/product\/swiss-peak-rcs-sertifikaadiga-taaskasutatud-pu-15w-3-uhes-laadimisega-hiirematt\/"},"modified":"2026-03-17T00:50:44","modified_gmt":"2026-03-16T21:50:44","slug":"swiss-peak-rcs-sertifikaadiga-taaskasutatud-pu-15w-3-uhes-laadimisega-hiirematt","status":"publish","type":"product","link":"https:\/\/kruze.ee\/et\/toode\/swiss-peak-rcs-sertifikaadiga-taaskasutatud-pu-15w-3-uhes-laadimisega-hiirematt\/","title":{"rendered":"Swiss Peak RCS-sertifikaadiga taaskasutatud PU 15W 3-\u00fches laadimisega hiirematt"},"content":{"rendered":"<p>Luksuslik 3-\u00fches juhtmevaba laadimisega hiirematt, valmistatud RCS-sertifikaadiga taaskasutatud PU-materjalist. Taaskasutatud materjali osakaal on 5%, arvestatuna toote kogukaalu p\u00f5hjal, ning RCS (Recycled Claim Standard) tagab taaskasutatud materjalide t\u00e4ielikult sertifitseeritud ja j\u00e4lgitava tarneahela. Hiirematt on varustatud 15W magnetilise juhtmevaba laadijaga, lisaks 5W juhtmevaba laadimisalaga k\u00f5rvaklappide karpidele v\u00f5i teistele v\u00e4iksematele juhtmevaba laadimist toetavatele seadmetele ning 2,5W juhtmevaba laadijaga nutikelladele (ainult Apple Watch). Komplektis RCS-sertifikaadiga 120 cm taaskasutatud TPE-kaabel. Pakendatud FSC\u00ae Mix pakendisse. Toode ja tarvikud on 100% PVC-vabad. Sisend: 9V\/3A (optimaalseks kasutuseks). V\u00e4ljundid: telefon 9V\/1.1A v\u00f5i 9V\/1.67A (15W), k\u00f5rvaklapid 5V\/1A (5W), nutikell 5V\/0.5A.<\/p>\n","protected":false},"excerpt":{"rendered":"<p>Luksuslik 3-\u00fches juhtmevaba laadimisega hiirematt, valmistatud RCS-sertifikaadiga taaskasutatud PU-materjalist. Taaskasutatud materjali osakaal on 5%,&#8230;<\/p>\n","protected":false},"featured_media":0,"template":"","meta":[],"product_brand":[],"product_cat":[5418],"product_tag":[],"class_list":{"0":"post-1430914","1":"product","2":"type-product","3":"status-publish","5":"product_cat-nutiseadmete-lisatarvikud","6":"pa_gender-uniseks","7":"pa_gender-unisex","11":"first","12":"instock","13":"purchasable","14":"product-type-simple"},"acf":[],"yoast_head":"<!-- This site is optimized with the Yoast SEO plugin v26.0 - https:\/\/yoast.com\/wordpress\/plugins\/seo\/ -->\n<title>Swiss Peak RCS-sertifikaadiga taaskasutatud PU 15W 3-\u00fches laadimisega hiirematt - Kruze.ee<\/title>\n<meta name=\"robots\" content=\"index, follow, max-snippet:-1, max-image-preview:large, max-video-preview:-1\" \/>\n<link rel=\"canonical\" href=\"https:\/\/kruze.ee\/et\/toode\/swiss-peak-rcs-sertifikaadiga-taaskasutatud-pu-15w-3-uhes-laadimisega-hiirematt\/\" \/>\n<meta property=\"og:locale\" content=\"et_EE\" \/>\n<meta property=\"og:type\" content=\"article\" \/>\n<meta property=\"og:title\" content=\"Swiss Peak RCS-sertifikaadiga taaskasutatud PU 15W 3-\u00fches laadimisega hiirematt - Kruze.ee\" \/>\n<meta property=\"og:description\" content=\"Luksuslik 3-\u00fches juhtmevaba laadimisega hiirematt, valmistatud RCS-sertifikaadiga taaskasutatud PU-materjalist. Taaskasutatud materjali osakaal on 5%,...\" \/>\n<meta property=\"og:url\" content=\"https:\/\/kruze.ee\/et\/toode\/swiss-peak-rcs-sertifikaadiga-taaskasutatud-pu-15w-3-uhes-laadimisega-hiirematt\/\" \/>\n<meta property=\"og:site_name\" content=\"Kruze.ee\" \/>\n<meta property=\"article:modified_time\" content=\"2026-03-16T21:50:44+00:00\" \/>\n<meta name=\"twitter:card\" content=\"summary_large_image\" \/>\n<meta name=\"twitter:label1\" content=\"Est. reading time\" \/>\n\t<meta name=\"twitter:data1\" content=\"1 minut\" \/>\n<script type=\"application\/ld+json\" class=\"yoast-schema-graph\">{\"@context\":\"https:\/\/schema.org\",\"@graph\":[{\"@type\":\"WebPage\",\"@id\":\"https:\/\/kruze.ee\/et\/toode\/swiss-peak-rcs-sertifikaadiga-taaskasutatud-pu-15w-3-uhes-laadimisega-hiirematt\/\",\"url\":\"https:\/\/kruze.ee\/et\/toode\/swiss-peak-rcs-sertifikaadiga-taaskasutatud-pu-15w-3-uhes-laadimisega-hiirematt\/\",\"name\":\"Swiss Peak RCS-sertifikaadiga taaskasutatud PU 15W 3-\u00fches laadimisega hiirematt - Kruze.ee\",\"isPartOf\":{\"@id\":\"https:\/\/kruze.ee\/et\/#website\"},\"datePublished\":\"2026-01-05T19:16:39+00:00\",\"dateModified\":\"2026-03-16T21:50:44+00:00\",\"breadcrumb\":{\"@id\":\"https:\/\/kruze.ee\/et\/toode\/swiss-peak-rcs-sertifikaadiga-taaskasutatud-pu-15w-3-uhes-laadimisega-hiirematt\/#breadcrumb\"},\"inLanguage\":\"et\",\"potentialAction\":[{\"@type\":\"ReadAction\",\"target\":[\"https:\/\/kruze.ee\/et\/toode\/swiss-peak-rcs-sertifikaadiga-taaskasutatud-pu-15w-3-uhes-laadimisega-hiirematt\/\"]}]},{\"@type\":\"BreadcrumbList\",\"@id\":\"https:\/\/kruze.ee\/et\/toode\/swiss-peak-rcs-sertifikaadiga-taaskasutatud-pu-15w-3-uhes-laadimisega-hiirematt\/#breadcrumb\",\"itemListElement\":[{\"@type\":\"ListItem\",\"position\":1,\"name\":\"Home\",\"item\":\"https:\/\/kruze.ee\/et\/\"},{\"@type\":\"ListItem\",\"position\":2,\"name\":\"Tooted\",\"item\":\"https:\/\/kruze.ee\/et\/tooted\/\"},{\"@type\":\"ListItem\",\"position\":3,\"name\":\"Swiss Peak RCS-sertifikaadiga taaskasutatud PU 15W 3-\u00fches laadimisega hiirematt\"}]},{\"@type\":\"WebSite\",\"@id\":\"https:\/\/kruze.ee\/et\/#website\",\"url\":\"https:\/\/kruze.ee\/et\/\",\"name\":\"Kruze.ee\",\"description\":\"Reklaamkingitused, tr&uuml;kiga T-s&auml;rgid, fliisid, dressipluused, tekstiil, joped ja paljud teised logoga meened, &Auml;rikingitused sinu partnerile! Telli juba t&auml;na.\",\"potentialAction\":[{\"@type\":\"SearchAction\",\"target\":{\"@type\":\"EntryPoint\",\"urlTemplate\":\"https:\/\/kruze.ee\/et\/?s={search_term_string}\"},\"query-input\":{\"@type\":\"PropertyValueSpecification\",\"valueRequired\":true,\"valueName\":\"search_term_string\"}}],\"inLanguage\":\"et\"}]}<\/script>\n<!-- \/ Yoast SEO plugin. -->","yoast_head_json":{"title":"Swiss Peak RCS-sertifikaadiga taaskasutatud PU 15W 3-\u00fches laadimisega hiirematt - Kruze.ee","robots":{"index":"index","follow":"follow","max-snippet":"max-snippet:-1","max-image-preview":"max-image-preview:large","max-video-preview":"max-video-preview:-1"},"canonical":"https:\/\/kruze.ee\/et\/toode\/swiss-peak-rcs-sertifikaadiga-taaskasutatud-pu-15w-3-uhes-laadimisega-hiirematt\/","og_locale":"et_EE","og_type":"article","og_title":"Swiss Peak RCS-sertifikaadiga taaskasutatud PU 15W 3-\u00fches laadimisega hiirematt - Kruze.ee","og_description":"Luksuslik 3-\u00fches juhtmevaba laadimisega hiirematt, valmistatud RCS-sertifikaadiga taaskasutatud PU-materjalist. Taaskasutatud materjali osakaal on 5%,...","og_url":"https:\/\/kruze.ee\/et\/toode\/swiss-peak-rcs-sertifikaadiga-taaskasutatud-pu-15w-3-uhes-laadimisega-hiirematt\/","og_site_name":"Kruze.ee","article_modified_time":"2026-03-16T21:50:44+00:00","twitter_card":"summary_large_image","twitter_misc":{"Est. reading time":"1 minut"},"schema":{"@context":"https:\/\/schema.org","@graph":[{"@type":"WebPage","@id":"https:\/\/kruze.ee\/et\/toode\/swiss-peak-rcs-sertifikaadiga-taaskasutatud-pu-15w-3-uhes-laadimisega-hiirematt\/","url":"https:\/\/kruze.ee\/et\/toode\/swiss-peak-rcs-sertifikaadiga-taaskasutatud-pu-15w-3-uhes-laadimisega-hiirematt\/","name":"Swiss Peak RCS-sertifikaadiga taaskasutatud PU 15W 3-\u00fches laadimisega hiirematt - Kruze.ee","isPartOf":{"@id":"https:\/\/kruze.ee\/et\/#website"},"datePublished":"2026-01-05T19:16:39+00:00","dateModified":"2026-03-16T21:50:44+00:00","breadcrumb":{"@id":"https:\/\/kruze.ee\/et\/toode\/swiss-peak-rcs-sertifikaadiga-taaskasutatud-pu-15w-3-uhes-laadimisega-hiirematt\/#breadcrumb"},"inLanguage":"et","potentialAction":[{"@type":"ReadAction","target":["https:\/\/kruze.ee\/et\/toode\/swiss-peak-rcs-sertifikaadiga-taaskasutatud-pu-15w-3-uhes-laadimisega-hiirematt\/"]}]},{"@type":"BreadcrumbList","@id":"https:\/\/kruze.ee\/et\/toode\/swiss-peak-rcs-sertifikaadiga-taaskasutatud-pu-15w-3-uhes-laadimisega-hiirematt\/#breadcrumb","itemListElement":[{"@type":"ListItem","position":1,"name":"Home","item":"https:\/\/kruze.ee\/et\/"},{"@type":"ListItem","position":2,"name":"Tooted","item":"https:\/\/kruze.ee\/et\/tooted\/"},{"@type":"ListItem","position":3,"name":"Swiss Peak RCS-sertifikaadiga taaskasutatud PU 15W 3-\u00fches laadimisega hiirematt"}]},{"@type":"WebSite","@id":"https:\/\/kruze.ee\/et\/#website","url":"https:\/\/kruze.ee\/et\/","name":"Kruze.ee","description":"Reklaamkingitused, tr&uuml;kiga T-s&auml;rgid, fliisid, dressipluused, tekstiil, joped ja paljud teised logoga meened, &Auml;rikingitused sinu partnerile! Telli juba t&auml;na.","potentialAction":[{"@type":"SearchAction","target":{"@type":"EntryPoint","urlTemplate":"https:\/\/kruze.ee\/et\/?s={search_term_string}"},"query-input":{"@type":"PropertyValueSpecification","valueRequired":true,"valueName":"search_term_string"}}],"inLanguage":"et"}]}},"_links":{"self":[{"href":"https:\/\/kruze.ee\/et\/wp-json\/wp\/v2\/product\/1430914","targetHints":{"allow":["GET"]}}],"collection":[{"href":"https:\/\/kruze.ee\/et\/wp-json\/wp\/v2\/product"}],"about":[{"href":"https:\/\/kruze.ee\/et\/wp-json\/wp\/v2\/types\/product"}],"wp:attachment":[{"href":"https:\/\/kruze.ee\/et\/wp-json\/wp\/v2\/media?parent=1430914"}],"wp:term":[{"taxonomy":"product_brand","embeddable":true,"href":"https:\/\/kruze.ee\/et\/wp-json\/wp\/v2\/product_brand?post=1430914"},{"taxonomy":"product_cat","embeddable":true,"href":"https:\/\/kruze.ee\/et\/wp-json\/wp\/v2\/product_cat?post=1430914"},{"taxonomy":"product_tag","embeddable":true,"href":"https:\/\/kruze.ee\/et\/wp-json\/wp\/v2\/product_tag?post=1430914"}],"curies":[{"name":"wp","href":"https:\/\/api.w.org\/{rel}","templated":true}]}}