{"id":1430912,"date":"2026-01-05T22:16:35","date_gmt":"2026-01-05T19:16:35","guid":{"rendered":"https:\/\/kruze.ee\/product\/powerbase-rcs-sertifikaadiga-taaskasutatud-plastikust-3-uhes-laadija-akupangaga\/"},"modified":"2026-03-17T00:50:43","modified_gmt":"2026-03-16T21:50:43","slug":"powerbase-rcs-sertifikaadiga-taaskasutatud-plastikust-3-uhes-laadija-akupangaga","status":"publish","type":"product","link":"https:\/\/kruze.ee\/et\/toode\/powerbase-rcs-sertifikaadiga-taaskasutatud-plastikust-3-uhes-laadija-akupangaga\/","title":{"rendered":"Powerbase RCS-sertifikaadiga taaskasutatud plastikust 3-\u00fches laadija akupangaga"},"content":{"rendered":"<p>3-\u00fches juhtmevaba laadija akupanga dokiga, valmistatud RCS-sertifikaadiga ABS-ist ja RCS-sertifikaadiga taaskasutatud PC-materjalist. Kodus v\u00f5i t\u00f6\u00f6l kasuta alust mobiilseadmete laadimiseks; liikvele minnes v\u00f5ta magnetiline akupank dokist v\u00e4lja ja kinnita see mugavalt telefoni k\u00fclge. Taaskasutatud materjali osakaal on 59%, arvestatuna toote kogukaalu p\u00f5hjal. RCS (Recycled Claim Standard) tagab, et kogu taaskasutatud materjalide tarneahel on t\u00e4ielikult sertifitseeritud ja j\u00e4lgitav. Laadimislahendus on varustatud 5W magnetilise juhtmevaba laadijaga ning lisaks 5W juhtmevaba laadimisalaga k\u00f5rvaklappide karpidele v\u00f5i muudele v\u00e4iksematele juhtmevaba laadimist toetavatele seadmetele.<\/p>\n","protected":false},"excerpt":{"rendered":"<p>3-\u00fches juhtmevaba laadija akupanga dokiga, valmistatud RCS-sertifikaadiga ABS-ist ja RCS-sertifikaadiga taaskasutatud PC-materjalist. Kodus v\u00f5i t\u00f6\u00f6l kasuta&#8230;<\/p>\n","protected":false},"featured_media":0,"template":"","meta":[],"product_brand":[],"product_cat":[5418],"product_tag":[],"class_list":{"0":"post-1430912","1":"product","2":"type-product","3":"status-publish","5":"product_cat-nutiseadmete-lisatarvikud","6":"pa_gender-uniseks","7":"pa_gender-unisex","11":"first","12":"instock","13":"purchasable","14":"product-type-simple"},"acf":[],"yoast_head":"<!-- This site is optimized with the Yoast SEO plugin v26.0 - https:\/\/yoast.com\/wordpress\/plugins\/seo\/ -->\n<title>Powerbase RCS-sertifikaadiga taaskasutatud plastikust 3-\u00fches laadija akupangaga - Kruze.ee<\/title>\n<meta name=\"robots\" content=\"index, follow, max-snippet:-1, max-image-preview:large, max-video-preview:-1\" \/>\n<link rel=\"canonical\" href=\"https:\/\/kruze.ee\/et\/toode\/powerbase-rcs-sertifikaadiga-taaskasutatud-plastikust-3-uhes-laadija-akupangaga\/\" \/>\n<meta property=\"og:locale\" content=\"et_EE\" \/>\n<meta property=\"og:type\" content=\"article\" \/>\n<meta property=\"og:title\" content=\"Powerbase RCS-sertifikaadiga taaskasutatud plastikust 3-\u00fches laadija akupangaga - Kruze.ee\" \/>\n<meta property=\"og:description\" content=\"3-\u00fches juhtmevaba laadija akupanga dokiga, valmistatud RCS-sertifikaadiga ABS-ist ja RCS-sertifikaadiga taaskasutatud PC-materjalist. Kodus v\u00f5i t\u00f6\u00f6l kasuta...\" \/>\n<meta property=\"og:url\" content=\"https:\/\/kruze.ee\/et\/toode\/powerbase-rcs-sertifikaadiga-taaskasutatud-plastikust-3-uhes-laadija-akupangaga\/\" \/>\n<meta property=\"og:site_name\" content=\"Kruze.ee\" \/>\n<meta property=\"article:modified_time\" content=\"2026-03-16T21:50:43+00:00\" \/>\n<meta name=\"twitter:card\" content=\"summary_large_image\" \/>\n<script type=\"application\/ld+json\" class=\"yoast-schema-graph\">{\"@context\":\"https:\/\/schema.org\",\"@graph\":[{\"@type\":\"WebPage\",\"@id\":\"https:\/\/kruze.ee\/et\/toode\/powerbase-rcs-sertifikaadiga-taaskasutatud-plastikust-3-uhes-laadija-akupangaga\/\",\"url\":\"https:\/\/kruze.ee\/et\/toode\/powerbase-rcs-sertifikaadiga-taaskasutatud-plastikust-3-uhes-laadija-akupangaga\/\",\"name\":\"Powerbase RCS-sertifikaadiga taaskasutatud plastikust 3-\u00fches laadija akupangaga - Kruze.ee\",\"isPartOf\":{\"@id\":\"https:\/\/kruze.ee\/et\/#website\"},\"datePublished\":\"2026-01-05T19:16:35+00:00\",\"dateModified\":\"2026-03-16T21:50:43+00:00\",\"breadcrumb\":{\"@id\":\"https:\/\/kruze.ee\/et\/toode\/powerbase-rcs-sertifikaadiga-taaskasutatud-plastikust-3-uhes-laadija-akupangaga\/#breadcrumb\"},\"inLanguage\":\"et\",\"potentialAction\":[{\"@type\":\"ReadAction\",\"target\":[\"https:\/\/kruze.ee\/et\/toode\/powerbase-rcs-sertifikaadiga-taaskasutatud-plastikust-3-uhes-laadija-akupangaga\/\"]}]},{\"@type\":\"BreadcrumbList\",\"@id\":\"https:\/\/kruze.ee\/et\/toode\/powerbase-rcs-sertifikaadiga-taaskasutatud-plastikust-3-uhes-laadija-akupangaga\/#breadcrumb\",\"itemListElement\":[{\"@type\":\"ListItem\",\"position\":1,\"name\":\"Home\",\"item\":\"https:\/\/kruze.ee\/et\/\"},{\"@type\":\"ListItem\",\"position\":2,\"name\":\"Tooted\",\"item\":\"https:\/\/kruze.ee\/et\/tooted\/\"},{\"@type\":\"ListItem\",\"position\":3,\"name\":\"Powerbase RCS-sertifikaadiga taaskasutatud plastikust 3-\u00fches laadija akupangaga\"}]},{\"@type\":\"WebSite\",\"@id\":\"https:\/\/kruze.ee\/et\/#website\",\"url\":\"https:\/\/kruze.ee\/et\/\",\"name\":\"Kruze.ee\",\"description\":\"Reklaamkingitused, tr&uuml;kiga T-s&auml;rgid, fliisid, dressipluused, tekstiil, joped ja paljud teised logoga meened, &Auml;rikingitused sinu partnerile! Telli juba t&auml;na.\",\"potentialAction\":[{\"@type\":\"SearchAction\",\"target\":{\"@type\":\"EntryPoint\",\"urlTemplate\":\"https:\/\/kruze.ee\/et\/?s={search_term_string}\"},\"query-input\":{\"@type\":\"PropertyValueSpecification\",\"valueRequired\":true,\"valueName\":\"search_term_string\"}}],\"inLanguage\":\"et\"}]}<\/script>\n<!-- \/ Yoast SEO plugin. -->","yoast_head_json":{"title":"Powerbase RCS-sertifikaadiga taaskasutatud plastikust 3-\u00fches laadija akupangaga - Kruze.ee","robots":{"index":"index","follow":"follow","max-snippet":"max-snippet:-1","max-image-preview":"max-image-preview:large","max-video-preview":"max-video-preview:-1"},"canonical":"https:\/\/kruze.ee\/et\/toode\/powerbase-rcs-sertifikaadiga-taaskasutatud-plastikust-3-uhes-laadija-akupangaga\/","og_locale":"et_EE","og_type":"article","og_title":"Powerbase RCS-sertifikaadiga taaskasutatud plastikust 3-\u00fches laadija akupangaga - Kruze.ee","og_description":"3-\u00fches juhtmevaba laadija akupanga dokiga, valmistatud RCS-sertifikaadiga ABS-ist ja RCS-sertifikaadiga taaskasutatud PC-materjalist. Kodus v\u00f5i t\u00f6\u00f6l kasuta...","og_url":"https:\/\/kruze.ee\/et\/toode\/powerbase-rcs-sertifikaadiga-taaskasutatud-plastikust-3-uhes-laadija-akupangaga\/","og_site_name":"Kruze.ee","article_modified_time":"2026-03-16T21:50:43+00:00","twitter_card":"summary_large_image","schema":{"@context":"https:\/\/schema.org","@graph":[{"@type":"WebPage","@id":"https:\/\/kruze.ee\/et\/toode\/powerbase-rcs-sertifikaadiga-taaskasutatud-plastikust-3-uhes-laadija-akupangaga\/","url":"https:\/\/kruze.ee\/et\/toode\/powerbase-rcs-sertifikaadiga-taaskasutatud-plastikust-3-uhes-laadija-akupangaga\/","name":"Powerbase RCS-sertifikaadiga taaskasutatud plastikust 3-\u00fches laadija akupangaga - Kruze.ee","isPartOf":{"@id":"https:\/\/kruze.ee\/et\/#website"},"datePublished":"2026-01-05T19:16:35+00:00","dateModified":"2026-03-16T21:50:43+00:00","breadcrumb":{"@id":"https:\/\/kruze.ee\/et\/toode\/powerbase-rcs-sertifikaadiga-taaskasutatud-plastikust-3-uhes-laadija-akupangaga\/#breadcrumb"},"inLanguage":"et","potentialAction":[{"@type":"ReadAction","target":["https:\/\/kruze.ee\/et\/toode\/powerbase-rcs-sertifikaadiga-taaskasutatud-plastikust-3-uhes-laadija-akupangaga\/"]}]},{"@type":"BreadcrumbList","@id":"https:\/\/kruze.ee\/et\/toode\/powerbase-rcs-sertifikaadiga-taaskasutatud-plastikust-3-uhes-laadija-akupangaga\/#breadcrumb","itemListElement":[{"@type":"ListItem","position":1,"name":"Home","item":"https:\/\/kruze.ee\/et\/"},{"@type":"ListItem","position":2,"name":"Tooted","item":"https:\/\/kruze.ee\/et\/tooted\/"},{"@type":"ListItem","position":3,"name":"Powerbase RCS-sertifikaadiga taaskasutatud plastikust 3-\u00fches laadija akupangaga"}]},{"@type":"WebSite","@id":"https:\/\/kruze.ee\/et\/#website","url":"https:\/\/kruze.ee\/et\/","name":"Kruze.ee","description":"Reklaamkingitused, tr&uuml;kiga T-s&auml;rgid, fliisid, dressipluused, tekstiil, joped ja paljud teised logoga meened, &Auml;rikingitused sinu partnerile! Telli juba t&auml;na.","potentialAction":[{"@type":"SearchAction","target":{"@type":"EntryPoint","urlTemplate":"https:\/\/kruze.ee\/et\/?s={search_term_string}"},"query-input":{"@type":"PropertyValueSpecification","valueRequired":true,"valueName":"search_term_string"}}],"inLanguage":"et"}]}},"_links":{"self":[{"href":"https:\/\/kruze.ee\/et\/wp-json\/wp\/v2\/product\/1430912","targetHints":{"allow":["GET"]}}],"collection":[{"href":"https:\/\/kruze.ee\/et\/wp-json\/wp\/v2\/product"}],"about":[{"href":"https:\/\/kruze.ee\/et\/wp-json\/wp\/v2\/types\/product"}],"wp:attachment":[{"href":"https:\/\/kruze.ee\/et\/wp-json\/wp\/v2\/media?parent=1430912"}],"wp:term":[{"taxonomy":"product_brand","embeddable":true,"href":"https:\/\/kruze.ee\/et\/wp-json\/wp\/v2\/product_brand?post=1430912"},{"taxonomy":"product_cat","embeddable":true,"href":"https:\/\/kruze.ee\/et\/wp-json\/wp\/v2\/product_cat?post=1430912"},{"taxonomy":"product_tag","embeddable":true,"href":"https:\/\/kruze.ee\/et\/wp-json\/wp\/v2\/product_tag?post=1430912"}],"curies":[{"name":"wp","href":"https:\/\/api.w.org\/{rel}","templated":true}]}}