{"id":1430908,"date":"2026-01-05T22:16:29","date_gmt":"2026-01-05T19:16:29","guid":{"rendered":"https:\/\/kruze.ee\/product\/magnapad-15w-rcs-sertifikaadiga-taaskasutatud-plastikust-magnetiline-3-uhes-laadimisalus\/"},"modified":"2026-03-17T00:50:43","modified_gmt":"2026-03-16T21:50:43","slug":"magnapad-15w-rcs-sertifikaadiga-taaskasutatud-plastikust-magnetiline-3-uhes-laadimisalus","status":"publish","type":"product","link":"https:\/\/kruze.ee\/et\/toode\/magnapad-15w-rcs-sertifikaadiga-taaskasutatud-plastikust-magnetiline-3-uhes-laadimisalus\/","title":{"rendered":"Magnapad 15W RCS-sertifikaadiga taaskasutatud plastikust magnetiline 3-\u00fches laadimisalus"},"content":{"rendered":"<p>Ainulaadse disainiga 15W magnetiline juhtmevaba laadija, mis v\u00f5imaldab laadida nutitelefoni, k\u00f5rvaklappe v\u00f5i iWatchi. Kinnita seade magnetiliselt ja alusta laadimist. Valmistatud taaskasutatud ABS-ist ja taaskasutatud TPE-st. Taaskasutatud materjali osakaal on 35%, arvestatuna toote kogukaalu p\u00f5hjal. RCS (Recycled Claim Standard) tagab, et kogu taaskasutatud materjalide tarneahel on t\u00e4ielikult sertifitseeritud ja j\u00e4lgitav. Komplektis 120 cm USB-A\u2013USB-C laadimiskaabel, mis on valmistatud RCS-sertifikaadiga taaskasutatud TPE-st. Pakendatud FSC\u00ae pakendisse. PVC-vaba. Sisend: 9V\/3A. V\u00e4ljund: telefon 9V\/2.2A, nutikell 9V\/0.4A, k\u00f5rvaklapid 9V\/0.5A.<\/p>\n","protected":false},"excerpt":{"rendered":"<p>Ainulaadse disainiga 15W magnetiline juhtmevaba laadija, mis v\u00f5imaldab laadida nutitelefoni, k\u00f5rvaklappe v\u00f5i iWatchi. Kinnita seade magnetiliselt ja alusta&#8230;<\/p>\n","protected":false},"featured_media":0,"template":"","meta":[],"product_brand":[],"product_cat":[5418],"product_tag":[],"class_list":{"0":"post-1430908","1":"product","2":"type-product","3":"status-publish","5":"product_cat-nutiseadmete-lisatarvikud","6":"pa_brand-xd-collection","7":"pa_color-black-2","8":"pa_color-valge","9":"pa_gender-uniseks","10":"pa_gender-unisex","13":"pa_material-recycled-abs","15":"first","16":"instock","17":"taxable","18":"shipping-taxable","19":"purchasable","20":"product-type-variable"},"acf":[],"yoast_head":"<!-- This site is optimized with the Yoast SEO plugin v26.0 - https:\/\/yoast.com\/wordpress\/plugins\/seo\/ -->\n<title>Magnapad 15W RCS-sertifikaadiga taaskasutatud plastikust magnetiline 3-\u00fches laadimisalus - Kruze.ee<\/title>\n<meta name=\"robots\" content=\"index, follow, max-snippet:-1, max-image-preview:large, max-video-preview:-1\" \/>\n<link rel=\"canonical\" href=\"https:\/\/kruze.ee\/et\/toode\/magnapad-15w-rcs-sertifikaadiga-taaskasutatud-plastikust-magnetiline-3-uhes-laadimisalus\/\" \/>\n<meta property=\"og:locale\" content=\"et_EE\" \/>\n<meta property=\"og:type\" content=\"article\" \/>\n<meta property=\"og:title\" content=\"Magnapad 15W RCS-sertifikaadiga taaskasutatud plastikust magnetiline 3-\u00fches laadimisalus - Kruze.ee\" \/>\n<meta property=\"og:description\" content=\"Ainulaadse disainiga 15W magnetiline juhtmevaba laadija, mis v\u00f5imaldab laadida nutitelefoni, k\u00f5rvaklappe v\u00f5i iWatchi. Kinnita seade magnetiliselt ja alusta...\" \/>\n<meta property=\"og:url\" content=\"https:\/\/kruze.ee\/et\/toode\/magnapad-15w-rcs-sertifikaadiga-taaskasutatud-plastikust-magnetiline-3-uhes-laadimisalus\/\" \/>\n<meta property=\"og:site_name\" content=\"Kruze.ee\" \/>\n<meta property=\"article:modified_time\" content=\"2026-03-16T21:50:43+00:00\" \/>\n<meta name=\"twitter:card\" content=\"summary_large_image\" \/>\n<script type=\"application\/ld+json\" class=\"yoast-schema-graph\">{\"@context\":\"https:\/\/schema.org\",\"@graph\":[{\"@type\":\"WebPage\",\"@id\":\"https:\/\/kruze.ee\/et\/toode\/magnapad-15w-rcs-sertifikaadiga-taaskasutatud-plastikust-magnetiline-3-uhes-laadimisalus\/\",\"url\":\"https:\/\/kruze.ee\/et\/toode\/magnapad-15w-rcs-sertifikaadiga-taaskasutatud-plastikust-magnetiline-3-uhes-laadimisalus\/\",\"name\":\"Magnapad 15W RCS-sertifikaadiga taaskasutatud plastikust magnetiline 3-\u00fches laadimisalus - Kruze.ee\",\"isPartOf\":{\"@id\":\"https:\/\/kruze.ee\/et\/#website\"},\"datePublished\":\"2026-01-05T19:16:29+00:00\",\"dateModified\":\"2026-03-16T21:50:43+00:00\",\"breadcrumb\":{\"@id\":\"https:\/\/kruze.ee\/et\/toode\/magnapad-15w-rcs-sertifikaadiga-taaskasutatud-plastikust-magnetiline-3-uhes-laadimisalus\/#breadcrumb\"},\"inLanguage\":\"et\",\"potentialAction\":[{\"@type\":\"ReadAction\",\"target\":[\"https:\/\/kruze.ee\/et\/toode\/magnapad-15w-rcs-sertifikaadiga-taaskasutatud-plastikust-magnetiline-3-uhes-laadimisalus\/\"]}]},{\"@type\":\"BreadcrumbList\",\"@id\":\"https:\/\/kruze.ee\/et\/toode\/magnapad-15w-rcs-sertifikaadiga-taaskasutatud-plastikust-magnetiline-3-uhes-laadimisalus\/#breadcrumb\",\"itemListElement\":[{\"@type\":\"ListItem\",\"position\":1,\"name\":\"Home\",\"item\":\"https:\/\/kruze.ee\/et\/\"},{\"@type\":\"ListItem\",\"position\":2,\"name\":\"Tooted\",\"item\":\"https:\/\/kruze.ee\/et\/tooted\/\"},{\"@type\":\"ListItem\",\"position\":3,\"name\":\"Magnapad 15W RCS-sertifikaadiga taaskasutatud plastikust magnetiline 3-\u00fches laadimisalus\"}]},{\"@type\":\"WebSite\",\"@id\":\"https:\/\/kruze.ee\/et\/#website\",\"url\":\"https:\/\/kruze.ee\/et\/\",\"name\":\"Kruze.ee\",\"description\":\"Reklaamkingitused, tr&uuml;kiga T-s&auml;rgid, fliisid, dressipluused, tekstiil, joped ja paljud teised logoga meened, &Auml;rikingitused sinu partnerile! Telli juba t&auml;na.\",\"potentialAction\":[{\"@type\":\"SearchAction\",\"target\":{\"@type\":\"EntryPoint\",\"urlTemplate\":\"https:\/\/kruze.ee\/et\/?s={search_term_string}\"},\"query-input\":{\"@type\":\"PropertyValueSpecification\",\"valueRequired\":true,\"valueName\":\"search_term_string\"}}],\"inLanguage\":\"et\"}]}<\/script>\n<!-- \/ Yoast SEO plugin. -->","yoast_head_json":{"title":"Magnapad 15W RCS-sertifikaadiga taaskasutatud plastikust magnetiline 3-\u00fches laadimisalus - Kruze.ee","robots":{"index":"index","follow":"follow","max-snippet":"max-snippet:-1","max-image-preview":"max-image-preview:large","max-video-preview":"max-video-preview:-1"},"canonical":"https:\/\/kruze.ee\/et\/toode\/magnapad-15w-rcs-sertifikaadiga-taaskasutatud-plastikust-magnetiline-3-uhes-laadimisalus\/","og_locale":"et_EE","og_type":"article","og_title":"Magnapad 15W RCS-sertifikaadiga taaskasutatud plastikust magnetiline 3-\u00fches laadimisalus - Kruze.ee","og_description":"Ainulaadse disainiga 15W magnetiline juhtmevaba laadija, mis v\u00f5imaldab laadida nutitelefoni, k\u00f5rvaklappe v\u00f5i iWatchi. Kinnita seade magnetiliselt ja alusta...","og_url":"https:\/\/kruze.ee\/et\/toode\/magnapad-15w-rcs-sertifikaadiga-taaskasutatud-plastikust-magnetiline-3-uhes-laadimisalus\/","og_site_name":"Kruze.ee","article_modified_time":"2026-03-16T21:50:43+00:00","twitter_card":"summary_large_image","schema":{"@context":"https:\/\/schema.org","@graph":[{"@type":"WebPage","@id":"https:\/\/kruze.ee\/et\/toode\/magnapad-15w-rcs-sertifikaadiga-taaskasutatud-plastikust-magnetiline-3-uhes-laadimisalus\/","url":"https:\/\/kruze.ee\/et\/toode\/magnapad-15w-rcs-sertifikaadiga-taaskasutatud-plastikust-magnetiline-3-uhes-laadimisalus\/","name":"Magnapad 15W RCS-sertifikaadiga taaskasutatud plastikust magnetiline 3-\u00fches laadimisalus - Kruze.ee","isPartOf":{"@id":"https:\/\/kruze.ee\/et\/#website"},"datePublished":"2026-01-05T19:16:29+00:00","dateModified":"2026-03-16T21:50:43+00:00","breadcrumb":{"@id":"https:\/\/kruze.ee\/et\/toode\/magnapad-15w-rcs-sertifikaadiga-taaskasutatud-plastikust-magnetiline-3-uhes-laadimisalus\/#breadcrumb"},"inLanguage":"et","potentialAction":[{"@type":"ReadAction","target":["https:\/\/kruze.ee\/et\/toode\/magnapad-15w-rcs-sertifikaadiga-taaskasutatud-plastikust-magnetiline-3-uhes-laadimisalus\/"]}]},{"@type":"BreadcrumbList","@id":"https:\/\/kruze.ee\/et\/toode\/magnapad-15w-rcs-sertifikaadiga-taaskasutatud-plastikust-magnetiline-3-uhes-laadimisalus\/#breadcrumb","itemListElement":[{"@type":"ListItem","position":1,"name":"Home","item":"https:\/\/kruze.ee\/et\/"},{"@type":"ListItem","position":2,"name":"Tooted","item":"https:\/\/kruze.ee\/et\/tooted\/"},{"@type":"ListItem","position":3,"name":"Magnapad 15W RCS-sertifikaadiga taaskasutatud plastikust magnetiline 3-\u00fches laadimisalus"}]},{"@type":"WebSite","@id":"https:\/\/kruze.ee\/et\/#website","url":"https:\/\/kruze.ee\/et\/","name":"Kruze.ee","description":"Reklaamkingitused, tr&uuml;kiga T-s&auml;rgid, fliisid, dressipluused, tekstiil, joped ja paljud teised logoga meened, &Auml;rikingitused sinu partnerile! Telli juba t&auml;na.","potentialAction":[{"@type":"SearchAction","target":{"@type":"EntryPoint","urlTemplate":"https:\/\/kruze.ee\/et\/?s={search_term_string}"},"query-input":{"@type":"PropertyValueSpecification","valueRequired":true,"valueName":"search_term_string"}}],"inLanguage":"et"}]}},"_links":{"self":[{"href":"https:\/\/kruze.ee\/et\/wp-json\/wp\/v2\/product\/1430908","targetHints":{"allow":["GET"]}}],"collection":[{"href":"https:\/\/kruze.ee\/et\/wp-json\/wp\/v2\/product"}],"about":[{"href":"https:\/\/kruze.ee\/et\/wp-json\/wp\/v2\/types\/product"}],"wp:attachment":[{"href":"https:\/\/kruze.ee\/et\/wp-json\/wp\/v2\/media?parent=1430908"}],"wp:term":[{"taxonomy":"product_brand","embeddable":true,"href":"https:\/\/kruze.ee\/et\/wp-json\/wp\/v2\/product_brand?post=1430908"},{"taxonomy":"product_cat","embeddable":true,"href":"https:\/\/kruze.ee\/et\/wp-json\/wp\/v2\/product_cat?post=1430908"},{"taxonomy":"product_tag","embeddable":true,"href":"https:\/\/kruze.ee\/et\/wp-json\/wp\/v2\/product_tag?post=1430908"}],"curies":[{"name":"wp","href":"https:\/\/api.w.org\/{rel}","templated":true}]}}