{"id":1430902,"date":"2026-01-05T21:26:22","date_gmt":"2026-01-05T18:26:22","guid":{"rendered":"https:\/\/kruze.ee\/product\/vinga-harper-hommikumantel-s-m\/"},"modified":"2026-03-17T00:48:43","modified_gmt":"2026-03-16T21:48:43","slug":"vinga-harper-hommikumantel-s-m","status":"publish","type":"product","link":"https:\/\/kruze.ee\/et\/toode\/vinga-harper-hommikumantel-s-m\/","title":{"rendered":"VINGA Harper hommikumantel S\/M"},"content":{"rendered":"<p>Luksuslik hommikumantel 100% puuvillast.<br \/>\nHommikumantel on klassikalise l\u00f5ikega, eriti laia krae ja v\u00f6\u00f6kohal seotava v\u00f6\u00f6ga. Mantlit t\u00e4iendavad kaunid detailid, nagu peidetud \u00f5mblused ja kontrastne kant krael. Valmistatud pikkadest puuvillakiududest keerutamata l\u00f5ngadest, mille tulemuseks on uskumatult pehme hommikumantel, mida ei taha enam seljast v\u00f5tta.<\/p>\n","protected":false},"excerpt":{"rendered":"<p>Luksuslik hommikumantel 100% puuvillast.<br \/>\nHommikumantel on klassikalise l\u00f5ikega, eriti laia krae ja v\u00f6\u00f6kohal seotava v\u00f6\u00f6ga. Mantlit t\u00e4iendavad kaunid detailid,&#8230;<\/p>\n","protected":false},"featured_media":0,"template":"","meta":[],"product_brand":[],"product_cat":[5435],"product_tag":[],"class_list":{"0":"post-1430902","1":"product","2":"type-product","3":"status-publish","5":"product_cat-ratikud-ja-hommikumantlid","6":"pa_brand-vinga-2","7":"pa_color-hall","8":"pa_color-valge","9":"pa_gender-mehed","10":"pa_gender-men","11":"pa_material-cotton","13":"first","14":"instock","15":"taxable","16":"shipping-taxable","17":"purchasable","18":"product-type-variable"},"acf":[],"yoast_head":"<!-- This site is optimized with the Yoast SEO plugin v26.0 - https:\/\/yoast.com\/wordpress\/plugins\/seo\/ -->\n<title>VINGA Harper hommikumantel S\/M - Kruze.ee<\/title>\n<meta name=\"robots\" content=\"index, follow, max-snippet:-1, max-image-preview:large, max-video-preview:-1\" \/>\n<link rel=\"canonical\" href=\"https:\/\/kruze.ee\/et\/toode\/vinga-harper-hommikumantel-s-m\/\" \/>\n<meta property=\"og:locale\" content=\"et_EE\" \/>\n<meta property=\"og:type\" content=\"article\" \/>\n<meta property=\"og:title\" content=\"VINGA Harper hommikumantel S\/M - Kruze.ee\" \/>\n<meta property=\"og:description\" content=\"Luksuslik hommikumantel 100% puuvillast. Hommikumantel on klassikalise l\u00f5ikega, eriti laia krae ja v\u00f6\u00f6kohal seotava v\u00f6\u00f6ga. Mantlit t\u00e4iendavad kaunid detailid,...\" \/>\n<meta property=\"og:url\" content=\"https:\/\/kruze.ee\/et\/toode\/vinga-harper-hommikumantel-s-m\/\" \/>\n<meta property=\"og:site_name\" content=\"Kruze.ee\" \/>\n<meta property=\"article:modified_time\" content=\"2026-03-16T21:48:43+00:00\" \/>\n<meta name=\"twitter:card\" content=\"summary_large_image\" \/>\n<script type=\"application\/ld+json\" class=\"yoast-schema-graph\">{\"@context\":\"https:\/\/schema.org\",\"@graph\":[{\"@type\":\"WebPage\",\"@id\":\"https:\/\/kruze.ee\/et\/toode\/vinga-harper-hommikumantel-s-m\/\",\"url\":\"https:\/\/kruze.ee\/et\/toode\/vinga-harper-hommikumantel-s-m\/\",\"name\":\"VINGA Harper hommikumantel S\/M - Kruze.ee\",\"isPartOf\":{\"@id\":\"https:\/\/kruze.ee\/et\/#website\"},\"datePublished\":\"2026-01-05T18:26:22+00:00\",\"dateModified\":\"2026-03-16T21:48:43+00:00\",\"breadcrumb\":{\"@id\":\"https:\/\/kruze.ee\/et\/toode\/vinga-harper-hommikumantel-s-m\/#breadcrumb\"},\"inLanguage\":\"et\",\"potentialAction\":[{\"@type\":\"ReadAction\",\"target\":[\"https:\/\/kruze.ee\/et\/toode\/vinga-harper-hommikumantel-s-m\/\"]}]},{\"@type\":\"BreadcrumbList\",\"@id\":\"https:\/\/kruze.ee\/et\/toode\/vinga-harper-hommikumantel-s-m\/#breadcrumb\",\"itemListElement\":[{\"@type\":\"ListItem\",\"position\":1,\"name\":\"Home\",\"item\":\"https:\/\/kruze.ee\/et\/\"},{\"@type\":\"ListItem\",\"position\":2,\"name\":\"Tooted\",\"item\":\"https:\/\/kruze.ee\/et\/tooted\/\"},{\"@type\":\"ListItem\",\"position\":3,\"name\":\"VINGA Harper hommikumantel S\/M\"}]},{\"@type\":\"WebSite\",\"@id\":\"https:\/\/kruze.ee\/et\/#website\",\"url\":\"https:\/\/kruze.ee\/et\/\",\"name\":\"Kruze.ee\",\"description\":\"Reklaamkingitused, tr&uuml;kiga T-s&auml;rgid, fliisid, dressipluused, tekstiil, joped ja paljud teised logoga meened, &Auml;rikingitused sinu partnerile! Telli juba t&auml;na.\",\"potentialAction\":[{\"@type\":\"SearchAction\",\"target\":{\"@type\":\"EntryPoint\",\"urlTemplate\":\"https:\/\/kruze.ee\/et\/?s={search_term_string}\"},\"query-input\":{\"@type\":\"PropertyValueSpecification\",\"valueRequired\":true,\"valueName\":\"search_term_string\"}}],\"inLanguage\":\"et\"}]}<\/script>\n<!-- \/ Yoast SEO plugin. -->","yoast_head_json":{"title":"VINGA Harper hommikumantel S\/M - Kruze.ee","robots":{"index":"index","follow":"follow","max-snippet":"max-snippet:-1","max-image-preview":"max-image-preview:large","max-video-preview":"max-video-preview:-1"},"canonical":"https:\/\/kruze.ee\/et\/toode\/vinga-harper-hommikumantel-s-m\/","og_locale":"et_EE","og_type":"article","og_title":"VINGA Harper hommikumantel S\/M - Kruze.ee","og_description":"Luksuslik hommikumantel 100% puuvillast. Hommikumantel on klassikalise l\u00f5ikega, eriti laia krae ja v\u00f6\u00f6kohal seotava v\u00f6\u00f6ga. Mantlit t\u00e4iendavad kaunid detailid,...","og_url":"https:\/\/kruze.ee\/et\/toode\/vinga-harper-hommikumantel-s-m\/","og_site_name":"Kruze.ee","article_modified_time":"2026-03-16T21:48:43+00:00","twitter_card":"summary_large_image","schema":{"@context":"https:\/\/schema.org","@graph":[{"@type":"WebPage","@id":"https:\/\/kruze.ee\/et\/toode\/vinga-harper-hommikumantel-s-m\/","url":"https:\/\/kruze.ee\/et\/toode\/vinga-harper-hommikumantel-s-m\/","name":"VINGA Harper hommikumantel S\/M - Kruze.ee","isPartOf":{"@id":"https:\/\/kruze.ee\/et\/#website"},"datePublished":"2026-01-05T18:26:22+00:00","dateModified":"2026-03-16T21:48:43+00:00","breadcrumb":{"@id":"https:\/\/kruze.ee\/et\/toode\/vinga-harper-hommikumantel-s-m\/#breadcrumb"},"inLanguage":"et","potentialAction":[{"@type":"ReadAction","target":["https:\/\/kruze.ee\/et\/toode\/vinga-harper-hommikumantel-s-m\/"]}]},{"@type":"BreadcrumbList","@id":"https:\/\/kruze.ee\/et\/toode\/vinga-harper-hommikumantel-s-m\/#breadcrumb","itemListElement":[{"@type":"ListItem","position":1,"name":"Home","item":"https:\/\/kruze.ee\/et\/"},{"@type":"ListItem","position":2,"name":"Tooted","item":"https:\/\/kruze.ee\/et\/tooted\/"},{"@type":"ListItem","position":3,"name":"VINGA Harper hommikumantel S\/M"}]},{"@type":"WebSite","@id":"https:\/\/kruze.ee\/et\/#website","url":"https:\/\/kruze.ee\/et\/","name":"Kruze.ee","description":"Reklaamkingitused, tr&uuml;kiga T-s&auml;rgid, fliisid, dressipluused, tekstiil, joped ja paljud teised logoga meened, &Auml;rikingitused sinu partnerile! Telli juba t&auml;na.","potentialAction":[{"@type":"SearchAction","target":{"@type":"EntryPoint","urlTemplate":"https:\/\/kruze.ee\/et\/?s={search_term_string}"},"query-input":{"@type":"PropertyValueSpecification","valueRequired":true,"valueName":"search_term_string"}}],"inLanguage":"et"}]}},"_links":{"self":[{"href":"https:\/\/kruze.ee\/et\/wp-json\/wp\/v2\/product\/1430902","targetHints":{"allow":["GET"]}}],"collection":[{"href":"https:\/\/kruze.ee\/et\/wp-json\/wp\/v2\/product"}],"about":[{"href":"https:\/\/kruze.ee\/et\/wp-json\/wp\/v2\/types\/product"}],"wp:attachment":[{"href":"https:\/\/kruze.ee\/et\/wp-json\/wp\/v2\/media?parent=1430902"}],"wp:term":[{"taxonomy":"product_brand","embeddable":true,"href":"https:\/\/kruze.ee\/et\/wp-json\/wp\/v2\/product_brand?post=1430902"},{"taxonomy":"product_cat","embeddable":true,"href":"https:\/\/kruze.ee\/et\/wp-json\/wp\/v2\/product_cat?post=1430902"},{"taxonomy":"product_tag","embeddable":true,"href":"https:\/\/kruze.ee\/et\/wp-json\/wp\/v2\/product_tag?post=1430902"}],"curies":[{"name":"wp","href":"https:\/\/api.w.org\/{rel}","templated":true}]}}