{"id":1430892,"date":"2026-01-05T21:24:12","date_gmt":"2026-01-05T18:24:12","guid":{"rendered":"https:\/\/kruze.ee\/product\/vinga-tome-grs-umbertoodeldud-kangast-poll\/"},"modified":"2026-03-17T00:48:38","modified_gmt":"2026-03-16T21:48:38","slug":"vinga-tome-grs-umbertoodeldud-kangast-poll","status":"publish","type":"product","link":"https:\/\/kruze.ee\/et\/toode\/vinga-tome-grs-umbertoodeldud-kangast-poll\/","title":{"rendered":"VINGA Tome GRS \u00fcmbert\u00f6\u00f6deldud kangast p\u00f5ll"},"content":{"rendered":"<p>Stiilne ja praktiline p\u00f5ll, mis on valmistatud 87% ulatuses kontrollitud taaskasutatud materjalist. Kauni disainiga k\u00f6\u00f6gitarvik sobib ideaalselt igap\u00e4evaseks toiduvalmistamiseks. Ees asuv tasku ning aasad k\u00f6\u00f6giriistade v\u00f5i r\u00e4tiku riputamiseks hoiavad k\u00f5ik vajaliku mugavalt k\u00e4ep\u00e4rast. Pehme ja reguleeritav kaelarihm tagab suurema kandmismugavuse. P\u00f5ll on valmistatud GRS-sertifikaadiga (Global Recycled Standard) materjalidest, mis kinnitab taaskasutatud materjalide p\u00e4ritolu ja tarneahela j\u00e4lgitavust.<\/p>\n","protected":false},"excerpt":{"rendered":"<p>Stiilne ja praktiline p\u00f5ll, mis on valmistatud 87% ulatuses kontrollitud taaskasutatud materjalist. Kauni disainiga k\u00f6\u00f6gitarvik sobib ideaalselt igap\u00e4evaseks&#8230;<\/p>\n","protected":false},"featured_media":0,"template":"","meta":[],"product_brand":[],"product_cat":[5385],"product_tag":[],"class_list":{"0":"post-1430892","1":"product","2":"type-product","3":"status-publish","5":"product_cat-polled-logoga","6":"pa_brand-vinga-2","7":"pa_color-black-2","8":"pa_color-roheline","9":"pa_color-blue-2","10":"pa_gender-uniseks","11":"pa_gender-unisex","14":"pa_material-recycled-canvas","16":"first","17":"instock","18":"taxable","19":"shipping-taxable","20":"purchasable","21":"product-type-variable"},"acf":[],"yoast_head":"<!-- This site is optimized with the Yoast SEO plugin v26.0 - https:\/\/yoast.com\/wordpress\/plugins\/seo\/ -->\n<title>VINGA Tome GRS \u00fcmbert\u00f6\u00f6deldud kangast p\u00f5ll - Kruze.ee<\/title>\n<meta name=\"robots\" content=\"index, follow, max-snippet:-1, max-image-preview:large, max-video-preview:-1\" \/>\n<link rel=\"canonical\" href=\"https:\/\/kruze.ee\/et\/toode\/vinga-tome-grs-umbertoodeldud-kangast-poll\/\" \/>\n<meta property=\"og:locale\" content=\"et_EE\" \/>\n<meta property=\"og:type\" content=\"article\" \/>\n<meta property=\"og:title\" content=\"VINGA Tome GRS \u00fcmbert\u00f6\u00f6deldud kangast p\u00f5ll - Kruze.ee\" \/>\n<meta property=\"og:description\" content=\"Stiilne ja praktiline p\u00f5ll, mis on valmistatud 87% ulatuses kontrollitud taaskasutatud materjalist. Kauni disainiga k\u00f6\u00f6gitarvik sobib ideaalselt igap\u00e4evaseks...\" \/>\n<meta property=\"og:url\" content=\"https:\/\/kruze.ee\/et\/toode\/vinga-tome-grs-umbertoodeldud-kangast-poll\/\" \/>\n<meta property=\"og:site_name\" content=\"Kruze.ee\" \/>\n<meta property=\"article:modified_time\" content=\"2026-03-16T21:48:38+00:00\" \/>\n<meta name=\"twitter:card\" content=\"summary_large_image\" \/>\n<script type=\"application\/ld+json\" class=\"yoast-schema-graph\">{\"@context\":\"https:\/\/schema.org\",\"@graph\":[{\"@type\":\"WebPage\",\"@id\":\"https:\/\/kruze.ee\/et\/toode\/vinga-tome-grs-umbertoodeldud-kangast-poll\/\",\"url\":\"https:\/\/kruze.ee\/et\/toode\/vinga-tome-grs-umbertoodeldud-kangast-poll\/\",\"name\":\"VINGA Tome GRS \u00fcmbert\u00f6\u00f6deldud kangast p\u00f5ll - Kruze.ee\",\"isPartOf\":{\"@id\":\"https:\/\/kruze.ee\/et\/#website\"},\"datePublished\":\"2026-01-05T18:24:12+00:00\",\"dateModified\":\"2026-03-16T21:48:38+00:00\",\"breadcrumb\":{\"@id\":\"https:\/\/kruze.ee\/et\/toode\/vinga-tome-grs-umbertoodeldud-kangast-poll\/#breadcrumb\"},\"inLanguage\":\"et\",\"potentialAction\":[{\"@type\":\"ReadAction\",\"target\":[\"https:\/\/kruze.ee\/et\/toode\/vinga-tome-grs-umbertoodeldud-kangast-poll\/\"]}]},{\"@type\":\"BreadcrumbList\",\"@id\":\"https:\/\/kruze.ee\/et\/toode\/vinga-tome-grs-umbertoodeldud-kangast-poll\/#breadcrumb\",\"itemListElement\":[{\"@type\":\"ListItem\",\"position\":1,\"name\":\"Home\",\"item\":\"https:\/\/kruze.ee\/et\/\"},{\"@type\":\"ListItem\",\"position\":2,\"name\":\"Tooted\",\"item\":\"https:\/\/kruze.ee\/et\/tooted\/\"},{\"@type\":\"ListItem\",\"position\":3,\"name\":\"VINGA Tome GRS \u00fcmbert\u00f6\u00f6deldud kangast p\u00f5ll\"}]},{\"@type\":\"WebSite\",\"@id\":\"https:\/\/kruze.ee\/et\/#website\",\"url\":\"https:\/\/kruze.ee\/et\/\",\"name\":\"Kruze.ee\",\"description\":\"Reklaamkingitused, tr&uuml;kiga T-s&auml;rgid, fliisid, dressipluused, tekstiil, joped ja paljud teised logoga meened, &Auml;rikingitused sinu partnerile! Telli juba t&auml;na.\",\"potentialAction\":[{\"@type\":\"SearchAction\",\"target\":{\"@type\":\"EntryPoint\",\"urlTemplate\":\"https:\/\/kruze.ee\/et\/?s={search_term_string}\"},\"query-input\":{\"@type\":\"PropertyValueSpecification\",\"valueRequired\":true,\"valueName\":\"search_term_string\"}}],\"inLanguage\":\"et\"}]}<\/script>\n<!-- \/ Yoast SEO plugin. -->","yoast_head_json":{"title":"VINGA Tome GRS \u00fcmbert\u00f6\u00f6deldud kangast p\u00f5ll - Kruze.ee","robots":{"index":"index","follow":"follow","max-snippet":"max-snippet:-1","max-image-preview":"max-image-preview:large","max-video-preview":"max-video-preview:-1"},"canonical":"https:\/\/kruze.ee\/et\/toode\/vinga-tome-grs-umbertoodeldud-kangast-poll\/","og_locale":"et_EE","og_type":"article","og_title":"VINGA Tome GRS \u00fcmbert\u00f6\u00f6deldud kangast p\u00f5ll - Kruze.ee","og_description":"Stiilne ja praktiline p\u00f5ll, mis on valmistatud 87% ulatuses kontrollitud taaskasutatud materjalist. Kauni disainiga k\u00f6\u00f6gitarvik sobib ideaalselt igap\u00e4evaseks...","og_url":"https:\/\/kruze.ee\/et\/toode\/vinga-tome-grs-umbertoodeldud-kangast-poll\/","og_site_name":"Kruze.ee","article_modified_time":"2026-03-16T21:48:38+00:00","twitter_card":"summary_large_image","schema":{"@context":"https:\/\/schema.org","@graph":[{"@type":"WebPage","@id":"https:\/\/kruze.ee\/et\/toode\/vinga-tome-grs-umbertoodeldud-kangast-poll\/","url":"https:\/\/kruze.ee\/et\/toode\/vinga-tome-grs-umbertoodeldud-kangast-poll\/","name":"VINGA Tome GRS \u00fcmbert\u00f6\u00f6deldud kangast p\u00f5ll - Kruze.ee","isPartOf":{"@id":"https:\/\/kruze.ee\/et\/#website"},"datePublished":"2026-01-05T18:24:12+00:00","dateModified":"2026-03-16T21:48:38+00:00","breadcrumb":{"@id":"https:\/\/kruze.ee\/et\/toode\/vinga-tome-grs-umbertoodeldud-kangast-poll\/#breadcrumb"},"inLanguage":"et","potentialAction":[{"@type":"ReadAction","target":["https:\/\/kruze.ee\/et\/toode\/vinga-tome-grs-umbertoodeldud-kangast-poll\/"]}]},{"@type":"BreadcrumbList","@id":"https:\/\/kruze.ee\/et\/toode\/vinga-tome-grs-umbertoodeldud-kangast-poll\/#breadcrumb","itemListElement":[{"@type":"ListItem","position":1,"name":"Home","item":"https:\/\/kruze.ee\/et\/"},{"@type":"ListItem","position":2,"name":"Tooted","item":"https:\/\/kruze.ee\/et\/tooted\/"},{"@type":"ListItem","position":3,"name":"VINGA Tome GRS \u00fcmbert\u00f6\u00f6deldud kangast p\u00f5ll"}]},{"@type":"WebSite","@id":"https:\/\/kruze.ee\/et\/#website","url":"https:\/\/kruze.ee\/et\/","name":"Kruze.ee","description":"Reklaamkingitused, tr&uuml;kiga T-s&auml;rgid, fliisid, dressipluused, tekstiil, joped ja paljud teised logoga meened, &Auml;rikingitused sinu partnerile! Telli juba t&auml;na.","potentialAction":[{"@type":"SearchAction","target":{"@type":"EntryPoint","urlTemplate":"https:\/\/kruze.ee\/et\/?s={search_term_string}"},"query-input":{"@type":"PropertyValueSpecification","valueRequired":true,"valueName":"search_term_string"}}],"inLanguage":"et"}]}},"_links":{"self":[{"href":"https:\/\/kruze.ee\/et\/wp-json\/wp\/v2\/product\/1430892","targetHints":{"allow":["GET"]}}],"collection":[{"href":"https:\/\/kruze.ee\/et\/wp-json\/wp\/v2\/product"}],"about":[{"href":"https:\/\/kruze.ee\/et\/wp-json\/wp\/v2\/types\/product"}],"wp:attachment":[{"href":"https:\/\/kruze.ee\/et\/wp-json\/wp\/v2\/media?parent=1430892"}],"wp:term":[{"taxonomy":"product_brand","embeddable":true,"href":"https:\/\/kruze.ee\/et\/wp-json\/wp\/v2\/product_brand?post=1430892"},{"taxonomy":"product_cat","embeddable":true,"href":"https:\/\/kruze.ee\/et\/wp-json\/wp\/v2\/product_cat?post=1430892"},{"taxonomy":"product_tag","embeddable":true,"href":"https:\/\/kruze.ee\/et\/wp-json\/wp\/v2\/product_tag?post=1430892"}],"curies":[{"name":"wp","href":"https:\/\/api.w.org\/{rel}","templated":true}]}}