{"id":1430882,"date":"2026-01-05T21:23:57","date_gmt":"2026-01-05T18:23:57","guid":{"rendered":"https:\/\/kruze.ee\/product\/vinga-sovano-poll\/"},"modified":"2026-03-17T00:48:35","modified_gmt":"2026-03-16T21:48:35","slug":"vinga-sovano-poll","status":"publish","type":"product","link":"https:\/\/kruze.ee\/et\/toode\/vinga-sovano-poll\/","title":{"rendered":"VINGA Sovano p\u00f5ll"},"content":{"rendered":"<p>P\u00f5ll, mis on valmistatud 70% ulatuses sertifitseeritud taaskasutatud puuvillast, mis p\u00e4rineb tarnijate puuvillaj\u00e4\u00e4tmetest. Tavaliselt kasutusk\u00f5lbmatuks peetavad kiud on sobiva tootmisprotsessi abil saanud soovitud omadused. Eriti lai l\u00f5ige pakub maksimaalset kaitset. Ees paiknevad kaks suurt taskut ning aas k\u00f6\u00f6giriistade v\u00f5i k\u00f6\u00f6gir\u00e4tiku riputamiseks tagavad praktilise kasutuse.<\/p>\n","protected":false},"excerpt":{"rendered":"<p>P\u00f5ll, mis on valmistatud 70% ulatuses sertifitseeritud taaskasutatud puuvillast, mis p\u00e4rineb tarnijate puuvillaj\u00e4\u00e4tmetest. Tavaliselt kasutusk\u00f5lbmatuks&#8230;<\/p>\n","protected":false},"featured_media":0,"template":"","meta":[],"product_brand":[],"product_cat":[5385],"product_tag":[],"class_list":{"0":"post-1430882","1":"product","2":"type-product","3":"status-publish","5":"product_cat-polled-logoga","6":"pa_brand-vinga-2","7":"pa_color-hall","8":"pa_color-black-2","9":"pa_gender-uniseks","10":"pa_gender-unisex","13":"pa_material-recycled-cotton","15":"first","16":"instock","17":"taxable","18":"shipping-taxable","19":"purchasable","20":"product-type-variable"},"acf":[],"yoast_head":"<!-- This site is optimized with the Yoast SEO plugin v26.0 - https:\/\/yoast.com\/wordpress\/plugins\/seo\/ -->\n<title>VINGA Sovano p\u00f5ll - Kruze.ee<\/title>\n<meta name=\"robots\" content=\"index, follow, max-snippet:-1, max-image-preview:large, max-video-preview:-1\" \/>\n<link rel=\"canonical\" href=\"https:\/\/kruze.ee\/et\/toode\/vinga-sovano-poll\/\" \/>\n<meta property=\"og:locale\" content=\"et_EE\" \/>\n<meta property=\"og:type\" content=\"article\" \/>\n<meta property=\"og:title\" content=\"VINGA Sovano p\u00f5ll - Kruze.ee\" \/>\n<meta property=\"og:description\" content=\"P\u00f5ll, mis on valmistatud 70% ulatuses sertifitseeritud taaskasutatud puuvillast, mis p\u00e4rineb tarnijate puuvillaj\u00e4\u00e4tmetest. Tavaliselt kasutusk\u00f5lbmatuks...\" \/>\n<meta property=\"og:url\" content=\"https:\/\/kruze.ee\/et\/toode\/vinga-sovano-poll\/\" \/>\n<meta property=\"og:site_name\" content=\"Kruze.ee\" \/>\n<meta property=\"article:modified_time\" content=\"2026-03-16T21:48:35+00:00\" \/>\n<meta name=\"twitter:card\" content=\"summary_large_image\" \/>\n<script type=\"application\/ld+json\" class=\"yoast-schema-graph\">{\"@context\":\"https:\/\/schema.org\",\"@graph\":[{\"@type\":\"WebPage\",\"@id\":\"https:\/\/kruze.ee\/et\/toode\/vinga-sovano-poll\/\",\"url\":\"https:\/\/kruze.ee\/et\/toode\/vinga-sovano-poll\/\",\"name\":\"VINGA Sovano p\u00f5ll - Kruze.ee\",\"isPartOf\":{\"@id\":\"https:\/\/kruze.ee\/et\/#website\"},\"datePublished\":\"2026-01-05T18:23:57+00:00\",\"dateModified\":\"2026-03-16T21:48:35+00:00\",\"breadcrumb\":{\"@id\":\"https:\/\/kruze.ee\/et\/toode\/vinga-sovano-poll\/#breadcrumb\"},\"inLanguage\":\"et\",\"potentialAction\":[{\"@type\":\"ReadAction\",\"target\":[\"https:\/\/kruze.ee\/et\/toode\/vinga-sovano-poll\/\"]}]},{\"@type\":\"BreadcrumbList\",\"@id\":\"https:\/\/kruze.ee\/et\/toode\/vinga-sovano-poll\/#breadcrumb\",\"itemListElement\":[{\"@type\":\"ListItem\",\"position\":1,\"name\":\"Home\",\"item\":\"https:\/\/kruze.ee\/et\/\"},{\"@type\":\"ListItem\",\"position\":2,\"name\":\"Tooted\",\"item\":\"https:\/\/kruze.ee\/et\/tooted\/\"},{\"@type\":\"ListItem\",\"position\":3,\"name\":\"VINGA Sovano p\u00f5ll\"}]},{\"@type\":\"WebSite\",\"@id\":\"https:\/\/kruze.ee\/et\/#website\",\"url\":\"https:\/\/kruze.ee\/et\/\",\"name\":\"Kruze.ee\",\"description\":\"Reklaamkingitused, tr&uuml;kiga T-s&auml;rgid, fliisid, dressipluused, tekstiil, joped ja paljud teised logoga meened, &Auml;rikingitused sinu partnerile! Telli juba t&auml;na.\",\"potentialAction\":[{\"@type\":\"SearchAction\",\"target\":{\"@type\":\"EntryPoint\",\"urlTemplate\":\"https:\/\/kruze.ee\/et\/?s={search_term_string}\"},\"query-input\":{\"@type\":\"PropertyValueSpecification\",\"valueRequired\":true,\"valueName\":\"search_term_string\"}}],\"inLanguage\":\"et\"}]}<\/script>\n<!-- \/ Yoast SEO plugin. -->","yoast_head_json":{"title":"VINGA Sovano p\u00f5ll - Kruze.ee","robots":{"index":"index","follow":"follow","max-snippet":"max-snippet:-1","max-image-preview":"max-image-preview:large","max-video-preview":"max-video-preview:-1"},"canonical":"https:\/\/kruze.ee\/et\/toode\/vinga-sovano-poll\/","og_locale":"et_EE","og_type":"article","og_title":"VINGA Sovano p\u00f5ll - Kruze.ee","og_description":"P\u00f5ll, mis on valmistatud 70% ulatuses sertifitseeritud taaskasutatud puuvillast, mis p\u00e4rineb tarnijate puuvillaj\u00e4\u00e4tmetest. Tavaliselt kasutusk\u00f5lbmatuks...","og_url":"https:\/\/kruze.ee\/et\/toode\/vinga-sovano-poll\/","og_site_name":"Kruze.ee","article_modified_time":"2026-03-16T21:48:35+00:00","twitter_card":"summary_large_image","schema":{"@context":"https:\/\/schema.org","@graph":[{"@type":"WebPage","@id":"https:\/\/kruze.ee\/et\/toode\/vinga-sovano-poll\/","url":"https:\/\/kruze.ee\/et\/toode\/vinga-sovano-poll\/","name":"VINGA Sovano p\u00f5ll - Kruze.ee","isPartOf":{"@id":"https:\/\/kruze.ee\/et\/#website"},"datePublished":"2026-01-05T18:23:57+00:00","dateModified":"2026-03-16T21:48:35+00:00","breadcrumb":{"@id":"https:\/\/kruze.ee\/et\/toode\/vinga-sovano-poll\/#breadcrumb"},"inLanguage":"et","potentialAction":[{"@type":"ReadAction","target":["https:\/\/kruze.ee\/et\/toode\/vinga-sovano-poll\/"]}]},{"@type":"BreadcrumbList","@id":"https:\/\/kruze.ee\/et\/toode\/vinga-sovano-poll\/#breadcrumb","itemListElement":[{"@type":"ListItem","position":1,"name":"Home","item":"https:\/\/kruze.ee\/et\/"},{"@type":"ListItem","position":2,"name":"Tooted","item":"https:\/\/kruze.ee\/et\/tooted\/"},{"@type":"ListItem","position":3,"name":"VINGA Sovano p\u00f5ll"}]},{"@type":"WebSite","@id":"https:\/\/kruze.ee\/et\/#website","url":"https:\/\/kruze.ee\/et\/","name":"Kruze.ee","description":"Reklaamkingitused, tr&uuml;kiga T-s&auml;rgid, fliisid, dressipluused, tekstiil, joped ja paljud teised logoga meened, &Auml;rikingitused sinu partnerile! Telli juba t&auml;na.","potentialAction":[{"@type":"SearchAction","target":{"@type":"EntryPoint","urlTemplate":"https:\/\/kruze.ee\/et\/?s={search_term_string}"},"query-input":{"@type":"PropertyValueSpecification","valueRequired":true,"valueName":"search_term_string"}}],"inLanguage":"et"}]}},"_links":{"self":[{"href":"https:\/\/kruze.ee\/et\/wp-json\/wp\/v2\/product\/1430882","targetHints":{"allow":["GET"]}}],"collection":[{"href":"https:\/\/kruze.ee\/et\/wp-json\/wp\/v2\/product"}],"about":[{"href":"https:\/\/kruze.ee\/et\/wp-json\/wp\/v2\/types\/product"}],"wp:attachment":[{"href":"https:\/\/kruze.ee\/et\/wp-json\/wp\/v2\/media?parent=1430882"}],"wp:term":[{"taxonomy":"product_brand","embeddable":true,"href":"https:\/\/kruze.ee\/et\/wp-json\/wp\/v2\/product_brand?post=1430882"},{"taxonomy":"product_cat","embeddable":true,"href":"https:\/\/kruze.ee\/et\/wp-json\/wp\/v2\/product_cat?post=1430882"},{"taxonomy":"product_tag","embeddable":true,"href":"https:\/\/kruze.ee\/et\/wp-json\/wp\/v2\/product_tag?post=1430882"}],"curies":[{"name":"wp","href":"https:\/\/api.w.org\/{rel}","templated":true}]}}