{"id":1430874,"date":"2026-01-05T21:13:49","date_gmt":"2026-01-05T18:13:49","guid":{"rendered":"https:\/\/kruze.ee\/product\/aviana-rowan-rcs-umbertoodeldud-termokruus-500-ml\/"},"modified":"2026-03-17T00:48:29","modified_gmt":"2026-03-16T21:48:29","slug":"aviana-rowan-rcs-umbertoodeldud-termokruus-500-ml","status":"publish","type":"product","link":"https:\/\/kruze.ee\/et\/toode\/aviana-rowan-rcs-umbertoodeldud-termokruus-500-ml\/","title":{"rendered":"Aviana\u2122 Rowan RCS \u00fcmbert\u00f6\u00f6deldud termokruus 500 ML"},"content":{"rendered":"<p>Topeltseinaga vaakumisolatsiooniga termotops hoiab joogid kauem kuumana v\u00f5i k\u00fclmana. Valmistatud kvaliteetsest taaskasutatud 18\/8 roostevabast terasest ning varustatud higistamisvastase disainiga. Sobib ideaalselt \u00fche portsjoni kohvi jaoks, et nautida t\u00e4iuslikku tassit\u00e4it iga kord. Toode on saadaval m\u00f5lemal pool Atlandi ookeani ning seda pakub USA ja Kanada klientidele ka Gemline.<\/p>\n","protected":false},"excerpt":{"rendered":"<p>Topeltseinaga vaakumisolatsiooniga termotops hoiab joogid kauem kuumana v\u00f5i k\u00fclmana. Valmistatud kvaliteetsest taaskasutatud 18\/8 roostevabast terasest ning&#8230;<\/p>\n","protected":false},"featured_media":0,"template":"","meta":[],"product_brand":[],"product_cat":[15071],"product_tag":[],"class_list":{"0":"post-1430874","1":"product","2":"type-product","3":"status-publish","5":"product_cat-termoskruusid","6":"pa_brand-aviana","7":"pa_color-black-2","8":"pa_color-valge","9":"pa_gender-uniseks","10":"pa_gender-unisex","13":"pa_material-recycled-stainless-steelpolypropylene","15":"first","16":"instock","17":"taxable","18":"shipping-taxable","19":"purchasable","20":"product-type-variable"},"acf":[],"yoast_head":"<!-- This site is optimized with the Yoast SEO plugin v26.0 - https:\/\/yoast.com\/wordpress\/plugins\/seo\/ -->\n<title>Aviana\u2122 Rowan RCS \u00fcmbert\u00f6\u00f6deldud termokruus 500 ML - Kruze.ee<\/title>\n<meta name=\"robots\" content=\"index, follow, max-snippet:-1, max-image-preview:large, max-video-preview:-1\" \/>\n<link rel=\"canonical\" href=\"https:\/\/kruze.ee\/et\/toode\/aviana-rowan-rcs-umbertoodeldud-termokruus-500-ml\/\" \/>\n<meta property=\"og:locale\" content=\"et_EE\" \/>\n<meta property=\"og:type\" content=\"article\" \/>\n<meta property=\"og:title\" content=\"Aviana\u2122 Rowan RCS \u00fcmbert\u00f6\u00f6deldud termokruus 500 ML - Kruze.ee\" \/>\n<meta property=\"og:description\" content=\"Topeltseinaga vaakumisolatsiooniga termotops hoiab joogid kauem kuumana v\u00f5i k\u00fclmana. Valmistatud kvaliteetsest taaskasutatud 18\/8 roostevabast terasest ning...\" \/>\n<meta property=\"og:url\" content=\"https:\/\/kruze.ee\/et\/toode\/aviana-rowan-rcs-umbertoodeldud-termokruus-500-ml\/\" \/>\n<meta property=\"og:site_name\" content=\"Kruze.ee\" \/>\n<meta property=\"article:modified_time\" content=\"2026-03-16T21:48:29+00:00\" \/>\n<meta name=\"twitter:card\" content=\"summary_large_image\" \/>\n<script type=\"application\/ld+json\" class=\"yoast-schema-graph\">{\"@context\":\"https:\/\/schema.org\",\"@graph\":[{\"@type\":\"WebPage\",\"@id\":\"https:\/\/kruze.ee\/et\/toode\/aviana-rowan-rcs-umbertoodeldud-termokruus-500-ml\/\",\"url\":\"https:\/\/kruze.ee\/et\/toode\/aviana-rowan-rcs-umbertoodeldud-termokruus-500-ml\/\",\"name\":\"Aviana\u2122 Rowan RCS \u00fcmbert\u00f6\u00f6deldud termokruus 500 ML - Kruze.ee\",\"isPartOf\":{\"@id\":\"https:\/\/kruze.ee\/et\/#website\"},\"datePublished\":\"2026-01-05T18:13:49+00:00\",\"dateModified\":\"2026-03-16T21:48:29+00:00\",\"breadcrumb\":{\"@id\":\"https:\/\/kruze.ee\/et\/toode\/aviana-rowan-rcs-umbertoodeldud-termokruus-500-ml\/#breadcrumb\"},\"inLanguage\":\"et\",\"potentialAction\":[{\"@type\":\"ReadAction\",\"target\":[\"https:\/\/kruze.ee\/et\/toode\/aviana-rowan-rcs-umbertoodeldud-termokruus-500-ml\/\"]}]},{\"@type\":\"BreadcrumbList\",\"@id\":\"https:\/\/kruze.ee\/et\/toode\/aviana-rowan-rcs-umbertoodeldud-termokruus-500-ml\/#breadcrumb\",\"itemListElement\":[{\"@type\":\"ListItem\",\"position\":1,\"name\":\"Home\",\"item\":\"https:\/\/kruze.ee\/et\/\"},{\"@type\":\"ListItem\",\"position\":2,\"name\":\"Tooted\",\"item\":\"https:\/\/kruze.ee\/et\/tooted\/\"},{\"@type\":\"ListItem\",\"position\":3,\"name\":\"Aviana\u2122 Rowan RCS \u00fcmbert\u00f6\u00f6deldud termokruus 500 ML\"}]},{\"@type\":\"WebSite\",\"@id\":\"https:\/\/kruze.ee\/et\/#website\",\"url\":\"https:\/\/kruze.ee\/et\/\",\"name\":\"Kruze.ee\",\"description\":\"Reklaamkingitused, tr&uuml;kiga T-s&auml;rgid, fliisid, dressipluused, tekstiil, joped ja paljud teised logoga meened, &Auml;rikingitused sinu partnerile! Telli juba t&auml;na.\",\"potentialAction\":[{\"@type\":\"SearchAction\",\"target\":{\"@type\":\"EntryPoint\",\"urlTemplate\":\"https:\/\/kruze.ee\/et\/?s={search_term_string}\"},\"query-input\":{\"@type\":\"PropertyValueSpecification\",\"valueRequired\":true,\"valueName\":\"search_term_string\"}}],\"inLanguage\":\"et\"}]}<\/script>\n<!-- \/ Yoast SEO plugin. -->","yoast_head_json":{"title":"Aviana\u2122 Rowan RCS \u00fcmbert\u00f6\u00f6deldud termokruus 500 ML - Kruze.ee","robots":{"index":"index","follow":"follow","max-snippet":"max-snippet:-1","max-image-preview":"max-image-preview:large","max-video-preview":"max-video-preview:-1"},"canonical":"https:\/\/kruze.ee\/et\/toode\/aviana-rowan-rcs-umbertoodeldud-termokruus-500-ml\/","og_locale":"et_EE","og_type":"article","og_title":"Aviana\u2122 Rowan RCS \u00fcmbert\u00f6\u00f6deldud termokruus 500 ML - Kruze.ee","og_description":"Topeltseinaga vaakumisolatsiooniga termotops hoiab joogid kauem kuumana v\u00f5i k\u00fclmana. Valmistatud kvaliteetsest taaskasutatud 18\/8 roostevabast terasest ning...","og_url":"https:\/\/kruze.ee\/et\/toode\/aviana-rowan-rcs-umbertoodeldud-termokruus-500-ml\/","og_site_name":"Kruze.ee","article_modified_time":"2026-03-16T21:48:29+00:00","twitter_card":"summary_large_image","schema":{"@context":"https:\/\/schema.org","@graph":[{"@type":"WebPage","@id":"https:\/\/kruze.ee\/et\/toode\/aviana-rowan-rcs-umbertoodeldud-termokruus-500-ml\/","url":"https:\/\/kruze.ee\/et\/toode\/aviana-rowan-rcs-umbertoodeldud-termokruus-500-ml\/","name":"Aviana\u2122 Rowan RCS \u00fcmbert\u00f6\u00f6deldud termokruus 500 ML - Kruze.ee","isPartOf":{"@id":"https:\/\/kruze.ee\/et\/#website"},"datePublished":"2026-01-05T18:13:49+00:00","dateModified":"2026-03-16T21:48:29+00:00","breadcrumb":{"@id":"https:\/\/kruze.ee\/et\/toode\/aviana-rowan-rcs-umbertoodeldud-termokruus-500-ml\/#breadcrumb"},"inLanguage":"et","potentialAction":[{"@type":"ReadAction","target":["https:\/\/kruze.ee\/et\/toode\/aviana-rowan-rcs-umbertoodeldud-termokruus-500-ml\/"]}]},{"@type":"BreadcrumbList","@id":"https:\/\/kruze.ee\/et\/toode\/aviana-rowan-rcs-umbertoodeldud-termokruus-500-ml\/#breadcrumb","itemListElement":[{"@type":"ListItem","position":1,"name":"Home","item":"https:\/\/kruze.ee\/et\/"},{"@type":"ListItem","position":2,"name":"Tooted","item":"https:\/\/kruze.ee\/et\/tooted\/"},{"@type":"ListItem","position":3,"name":"Aviana\u2122 Rowan RCS \u00fcmbert\u00f6\u00f6deldud termokruus 500 ML"}]},{"@type":"WebSite","@id":"https:\/\/kruze.ee\/et\/#website","url":"https:\/\/kruze.ee\/et\/","name":"Kruze.ee","description":"Reklaamkingitused, tr&uuml;kiga T-s&auml;rgid, fliisid, dressipluused, tekstiil, joped ja paljud teised logoga meened, &Auml;rikingitused sinu partnerile! Telli juba t&auml;na.","potentialAction":[{"@type":"SearchAction","target":{"@type":"EntryPoint","urlTemplate":"https:\/\/kruze.ee\/et\/?s={search_term_string}"},"query-input":{"@type":"PropertyValueSpecification","valueRequired":true,"valueName":"search_term_string"}}],"inLanguage":"et"}]}},"_links":{"self":[{"href":"https:\/\/kruze.ee\/et\/wp-json\/wp\/v2\/product\/1430874","targetHints":{"allow":["GET"]}}],"collection":[{"href":"https:\/\/kruze.ee\/et\/wp-json\/wp\/v2\/product"}],"about":[{"href":"https:\/\/kruze.ee\/et\/wp-json\/wp\/v2\/types\/product"}],"wp:attachment":[{"href":"https:\/\/kruze.ee\/et\/wp-json\/wp\/v2\/media?parent=1430874"}],"wp:term":[{"taxonomy":"product_brand","embeddable":true,"href":"https:\/\/kruze.ee\/et\/wp-json\/wp\/v2\/product_brand?post=1430874"},{"taxonomy":"product_cat","embeddable":true,"href":"https:\/\/kruze.ee\/et\/wp-json\/wp\/v2\/product_cat?post=1430874"},{"taxonomy":"product_tag","embeddable":true,"href":"https:\/\/kruze.ee\/et\/wp-json\/wp\/v2\/product_tag?post=1430874"}],"curies":[{"name":"wp","href":"https:\/\/api.w.org\/{rel}","templated":true}]}}