{"id":1430870,"date":"2026-01-05T21:13:44","date_gmt":"2026-01-05T18:13:44","guid":{"rendered":"https:\/\/kruze.ee\/product\/renew-aware-rpet-3-osaline-pakkimiskottide-komplekt\/"},"modified":"2026-03-17T00:48:27","modified_gmt":"2026-03-16T21:48:27","slug":"renew-aware-rpet-3-osaline-pakkimiskottide-komplekt","status":"publish","type":"product","link":"https:\/\/kruze.ee\/et\/toode\/renew-aware-rpet-3-osaline-pakkimiskottide-komplekt\/","title":{"rendered":"Renew AWARE\u2122 rPET 3-osaline pakkimiskottide komplekt"},"content":{"rendered":"<p>Kaasaegne ja j\u00e4tkusuutlik lahendus reisikottide organiseerimiseks, valmistatud taaskasutatud kangast ja plastikpudelitest p\u00e4rit taaskasutatud rihmadest. Kolmest pakkimiskotist koosnev komplekt aitab hoida asjad reisil korras. Igal kotil on pealmine kandek\u00e4epide mugavaks k\u00e4sitsemiseks. Pakkimiskotid mahuvad \u00fcksteise sisse, mis teeb hoiustamise lihtsaks, kui neid parasjagu ei kasutata. Suur kott: 15 L (k\u00f5rgus 12, laius 3,5). Keskmine kott: 12,375 L (k\u00f5rgus 5,5, laius 6). V\u00e4ike kott: 6,75 L (k\u00f5rgus 11, laius 2,5). Komplekt sisaldab AWARE\u2122 virtuaalset ID-d ja tootepassi, mis v\u00f5imaldab taaskasutatud materjalide p\u00e4ritolu ja m\u00f5ju l\u00e4bipaistvalt j\u00e4lgida.<\/p>\n","protected":false},"excerpt":{"rendered":"<p>Kaasaegne ja j\u00e4tkusuutlik lahendus reisikottide organiseerimiseks, valmistatud taaskasutatud kangast ja plastikpudelitest p\u00e4rit taaskasutatud rihmadest&#8230;.<\/p>\n","protected":false},"featured_media":0,"template":"","meta":[],"product_brand":[],"product_cat":[5393],"product_tag":[],"class_list":{"0":"post-1430870","1":"product","2":"type-product","3":"status-publish","5":"product_cat-spordi-ja-reisikotid","6":"pa_brand-xd-collection","7":"pa_color-black-2","8":"pa_color-blue-2","9":"pa_gender-uniseks","10":"pa_gender-unisex","13":"pa_material-rpet","15":"first","16":"instock","17":"taxable","18":"shipping-taxable","19":"purchasable","20":"product-type-variable"},"acf":[],"yoast_head":"<!-- This site is optimized with the Yoast SEO plugin v26.0 - https:\/\/yoast.com\/wordpress\/plugins\/seo\/ -->\n<title>Renew AWARE\u2122 rPET 3-osaline pakkimiskottide komplekt - Kruze.ee<\/title>\n<meta name=\"robots\" content=\"index, follow, max-snippet:-1, max-image-preview:large, max-video-preview:-1\" \/>\n<link rel=\"canonical\" href=\"https:\/\/kruze.ee\/et\/toode\/renew-aware-rpet-3-osaline-pakkimiskottide-komplekt\/\" \/>\n<meta property=\"og:locale\" content=\"et_EE\" \/>\n<meta property=\"og:type\" content=\"article\" \/>\n<meta property=\"og:title\" content=\"Renew AWARE\u2122 rPET 3-osaline pakkimiskottide komplekt - Kruze.ee\" \/>\n<meta property=\"og:description\" content=\"Kaasaegne ja j\u00e4tkusuutlik lahendus reisikottide organiseerimiseks, valmistatud taaskasutatud kangast ja plastikpudelitest p\u00e4rit taaskasutatud rihmadest....\" \/>\n<meta property=\"og:url\" content=\"https:\/\/kruze.ee\/et\/toode\/renew-aware-rpet-3-osaline-pakkimiskottide-komplekt\/\" \/>\n<meta property=\"og:site_name\" content=\"Kruze.ee\" \/>\n<meta property=\"article:modified_time\" content=\"2026-03-16T21:48:27+00:00\" \/>\n<meta name=\"twitter:card\" content=\"summary_large_image\" \/>\n<meta name=\"twitter:label1\" content=\"Est. reading time\" \/>\n\t<meta name=\"twitter:data1\" content=\"1 minut\" \/>\n<script type=\"application\/ld+json\" class=\"yoast-schema-graph\">{\"@context\":\"https:\/\/schema.org\",\"@graph\":[{\"@type\":\"WebPage\",\"@id\":\"https:\/\/kruze.ee\/et\/toode\/renew-aware-rpet-3-osaline-pakkimiskottide-komplekt\/\",\"url\":\"https:\/\/kruze.ee\/et\/toode\/renew-aware-rpet-3-osaline-pakkimiskottide-komplekt\/\",\"name\":\"Renew AWARE\u2122 rPET 3-osaline pakkimiskottide komplekt - Kruze.ee\",\"isPartOf\":{\"@id\":\"https:\/\/kruze.ee\/et\/#website\"},\"datePublished\":\"2026-01-05T18:13:44+00:00\",\"dateModified\":\"2026-03-16T21:48:27+00:00\",\"breadcrumb\":{\"@id\":\"https:\/\/kruze.ee\/et\/toode\/renew-aware-rpet-3-osaline-pakkimiskottide-komplekt\/#breadcrumb\"},\"inLanguage\":\"et\",\"potentialAction\":[{\"@type\":\"ReadAction\",\"target\":[\"https:\/\/kruze.ee\/et\/toode\/renew-aware-rpet-3-osaline-pakkimiskottide-komplekt\/\"]}]},{\"@type\":\"BreadcrumbList\",\"@id\":\"https:\/\/kruze.ee\/et\/toode\/renew-aware-rpet-3-osaline-pakkimiskottide-komplekt\/#breadcrumb\",\"itemListElement\":[{\"@type\":\"ListItem\",\"position\":1,\"name\":\"Home\",\"item\":\"https:\/\/kruze.ee\/et\/\"},{\"@type\":\"ListItem\",\"position\":2,\"name\":\"Tooted\",\"item\":\"https:\/\/kruze.ee\/et\/tooted\/\"},{\"@type\":\"ListItem\",\"position\":3,\"name\":\"Renew AWARE\u2122 rPET 3-osaline pakkimiskottide komplekt\"}]},{\"@type\":\"WebSite\",\"@id\":\"https:\/\/kruze.ee\/et\/#website\",\"url\":\"https:\/\/kruze.ee\/et\/\",\"name\":\"Kruze.ee\",\"description\":\"Reklaamkingitused, tr&uuml;kiga T-s&auml;rgid, fliisid, dressipluused, tekstiil, joped ja paljud teised logoga meened, &Auml;rikingitused sinu partnerile! Telli juba t&auml;na.\",\"potentialAction\":[{\"@type\":\"SearchAction\",\"target\":{\"@type\":\"EntryPoint\",\"urlTemplate\":\"https:\/\/kruze.ee\/et\/?s={search_term_string}\"},\"query-input\":{\"@type\":\"PropertyValueSpecification\",\"valueRequired\":true,\"valueName\":\"search_term_string\"}}],\"inLanguage\":\"et\"}]}<\/script>\n<!-- \/ Yoast SEO plugin. -->","yoast_head_json":{"title":"Renew AWARE\u2122 rPET 3-osaline pakkimiskottide komplekt - Kruze.ee","robots":{"index":"index","follow":"follow","max-snippet":"max-snippet:-1","max-image-preview":"max-image-preview:large","max-video-preview":"max-video-preview:-1"},"canonical":"https:\/\/kruze.ee\/et\/toode\/renew-aware-rpet-3-osaline-pakkimiskottide-komplekt\/","og_locale":"et_EE","og_type":"article","og_title":"Renew AWARE\u2122 rPET 3-osaline pakkimiskottide komplekt - Kruze.ee","og_description":"Kaasaegne ja j\u00e4tkusuutlik lahendus reisikottide organiseerimiseks, valmistatud taaskasutatud kangast ja plastikpudelitest p\u00e4rit taaskasutatud rihmadest....","og_url":"https:\/\/kruze.ee\/et\/toode\/renew-aware-rpet-3-osaline-pakkimiskottide-komplekt\/","og_site_name":"Kruze.ee","article_modified_time":"2026-03-16T21:48:27+00:00","twitter_card":"summary_large_image","twitter_misc":{"Est. reading time":"1 minut"},"schema":{"@context":"https:\/\/schema.org","@graph":[{"@type":"WebPage","@id":"https:\/\/kruze.ee\/et\/toode\/renew-aware-rpet-3-osaline-pakkimiskottide-komplekt\/","url":"https:\/\/kruze.ee\/et\/toode\/renew-aware-rpet-3-osaline-pakkimiskottide-komplekt\/","name":"Renew AWARE\u2122 rPET 3-osaline pakkimiskottide komplekt - Kruze.ee","isPartOf":{"@id":"https:\/\/kruze.ee\/et\/#website"},"datePublished":"2026-01-05T18:13:44+00:00","dateModified":"2026-03-16T21:48:27+00:00","breadcrumb":{"@id":"https:\/\/kruze.ee\/et\/toode\/renew-aware-rpet-3-osaline-pakkimiskottide-komplekt\/#breadcrumb"},"inLanguage":"et","potentialAction":[{"@type":"ReadAction","target":["https:\/\/kruze.ee\/et\/toode\/renew-aware-rpet-3-osaline-pakkimiskottide-komplekt\/"]}]},{"@type":"BreadcrumbList","@id":"https:\/\/kruze.ee\/et\/toode\/renew-aware-rpet-3-osaline-pakkimiskottide-komplekt\/#breadcrumb","itemListElement":[{"@type":"ListItem","position":1,"name":"Home","item":"https:\/\/kruze.ee\/et\/"},{"@type":"ListItem","position":2,"name":"Tooted","item":"https:\/\/kruze.ee\/et\/tooted\/"},{"@type":"ListItem","position":3,"name":"Renew AWARE\u2122 rPET 3-osaline pakkimiskottide komplekt"}]},{"@type":"WebSite","@id":"https:\/\/kruze.ee\/et\/#website","url":"https:\/\/kruze.ee\/et\/","name":"Kruze.ee","description":"Reklaamkingitused, tr&uuml;kiga T-s&auml;rgid, fliisid, dressipluused, tekstiil, joped ja paljud teised logoga meened, &Auml;rikingitused sinu partnerile! Telli juba t&auml;na.","potentialAction":[{"@type":"SearchAction","target":{"@type":"EntryPoint","urlTemplate":"https:\/\/kruze.ee\/et\/?s={search_term_string}"},"query-input":{"@type":"PropertyValueSpecification","valueRequired":true,"valueName":"search_term_string"}}],"inLanguage":"et"}]}},"_links":{"self":[{"href":"https:\/\/kruze.ee\/et\/wp-json\/wp\/v2\/product\/1430870","targetHints":{"allow":["GET"]}}],"collection":[{"href":"https:\/\/kruze.ee\/et\/wp-json\/wp\/v2\/product"}],"about":[{"href":"https:\/\/kruze.ee\/et\/wp-json\/wp\/v2\/types\/product"}],"wp:attachment":[{"href":"https:\/\/kruze.ee\/et\/wp-json\/wp\/v2\/media?parent=1430870"}],"wp:term":[{"taxonomy":"product_brand","embeddable":true,"href":"https:\/\/kruze.ee\/et\/wp-json\/wp\/v2\/product_brand?post=1430870"},{"taxonomy":"product_cat","embeddable":true,"href":"https:\/\/kruze.ee\/et\/wp-json\/wp\/v2\/product_cat?post=1430870"},{"taxonomy":"product_tag","embeddable":true,"href":"https:\/\/kruze.ee\/et\/wp-json\/wp\/v2\/product_tag?post=1430870"}],"curies":[{"name":"wp","href":"https:\/\/api.w.org\/{rel}","templated":true}]}}